{"id":229468,"date":"2022-07-12T20:37:04","date_gmt":"2022-07-12T20:37:04","guid":{"rendered":"https:\/\/flsportscoast.com\/?page_id=229468"},"modified":"2024-09-05T13:10:46","modified_gmt":"2024-09-05T17:10:46","slug":"giveaway-terms-conditions","status":"publish","type":"page","link":"https:\/\/flsportscoast.com\/nl\/giveaway-terms-conditions\/","title":{"rendered":"Algemene voorwaarden voor winacties"},"content":{"rendered":"<div class=\"wp-block-cover\" style=\"padding-top:0;padding-bottom:0;min-height:600px;aspect-ratio:unset;\"><span aria-hidden=\"true\" class=\"wp-block-cover__background has-background-dim\" style=\"background-color:#415045\"><\/span><img loading=\"lazy\" decoding=\"async\" width=\"1920\" height=\"1079\" class=\"wp-block-cover__image-background wp-image-232285\" alt=\"\" src=\"https:\/\/flsportscoast.com\/wp-content\/uploads\/Pasco-Scalloping-0136-2-scaled.jpg\" data-object-fit=\"cover\" srcset=\"https:\/\/flsportscoast.com\/wp-content\/uploads\/Pasco-Scalloping-0136-2-scaled.jpg 1920w, https:\/\/flsportscoast.com\/wp-content\/uploads\/Pasco-Scalloping-0136-2-300x169.jpg 300w, https:\/\/flsportscoast.com\/wp-content\/uploads\/Pasco-Scalloping-0136-2-1024x575.jpg 1024w, https:\/\/flsportscoast.com\/wp-content\/uploads\/Pasco-Scalloping-0136-2-768x432.jpg 768w, https:\/\/flsportscoast.com\/wp-content\/uploads\/Pasco-Scalloping-0136-2-1536x863.jpg 1536w, https:\/\/flsportscoast.com\/wp-content\/uploads\/Pasco-Scalloping-0136-2-2048x1151.jpg 2048w, https:\/\/flsportscoast.com\/wp-content\/uploads\/Pasco-Scalloping-0136-2-18x10.jpg 18w, https:\/\/flsportscoast.com\/wp-content\/uploads\/Pasco-Scalloping-0136-2-400x225.jpg 400w, https:\/\/flsportscoast.com\/wp-content\/uploads\/Pasco-Scalloping-0136-2-600x337.jpg 600w, https:\/\/flsportscoast.com\/wp-content\/uploads\/Pasco-Scalloping-0136-2-1068x600.jpg 1068w, https:\/\/flsportscoast.com\/wp-content\/uploads\/Pasco-Scalloping-0136-2-1600x899.jpg 1600w, https:\/\/flsportscoast.com\/wp-content\/uploads\/Pasco-Scalloping-0136-2-250x140.jpg 250w\" sizes=\"auto, (max-width: 1920px) 100vw, 1920px\" \/><div class=\"wp-block-cover__inner-container is-layout-constrained wp-block-cover-is-layout-constrained\">\n<p class=\"has-text-align-center has-large-font-size\"><\/p>\n<\/div><\/div>\n\n\n  <section class=\"madden-block-paragraph-cta\">\n    <div class=\"paragraph-cta\">\n      <div class=\"paragraph-cta__body\">\n        <div class=\"paragraph-cta__banner\"><\/div>\n        <div class=\"paragraph-cta__title-container\">\n          <p>Offici\u00eble regel: geen aankoop vereist, ongeldig waar verboden.<\/p>\n          <h1>Algemene voorwaarden voor winacties<\/h1>\n        <\/div>\n        <div class=\"paragraph-cta__body-text\">\n          <p><\/p>\n        <\/div>\n      <\/div>\n    <\/div>\n  <\/section>\n  \n\n\n<div class=\"wp-block-columns is-layout-flex wp-container-core-columns-is-layout-1 wp-block-columns-is-layout-flex\" style=\"justify-content:center\">\n<div class=\"wp-block-column is-layout-flow wp-block-column-is-layout-flow\" style=\"flex-basis:5%\"><\/div>\n\n\n\n<div class=\"wp-block-column is-layout-flow wp-block-column-is-layout-flow\" style=\"padding-top:5%;padding-right:5%;padding-bottom:5%;padding-left:5%;flex-basis:50%\">\n<div class=\"wp-block-group is-vertical is-layout-flex wp-container-core-group-is-layout-1 wp-block-group-is-layout-flex\">\n<p><strong>Deze promotie van Florida&#039;s Sports Coast (&quot;Promotie&quot;) is geldig voor de data die in het betreffende bericht op sociale media worden vermeld.<\/strong> Deelnames beginnen om 00:00 uur Eastern Time (\u201cET\u201d) op de eerste dag van de Promotie en eindigen om 12:00 uur ET op de laatste datum van de Promotie zoals gespecificeerd in de bijbehorende sociale mediapost (\u201cPromotieperiode\u201d).<\/p>\n\n\n\n<div style=\"height:8px;width:0px\" aria-hidden=\"true\" class=\"wp-block-spacer wp-container-content-1\"><\/div>\n\n\n\n<p><strong>In aanmerking komen:<\/strong> Alleen toegankelijk voor legale inwoners van de VS die 21 jaar of ouder zijn op de datum van deelname. Werknemers van Florida&#039;s Sports Coast\/Pasco County, Florida (&quot;Sponsor&quot;), en alle gelieerde ondernemingen, moedermaatschappijen, dochterondernemingen, prijsaanbieders en reclame- en promotiebureaus die zijn geassocieerd met de Promotie (gezamenlijk &quot;Promotie-entiteiten&quot;), en leden van hun directe familieleden (echtgenoten, ouders, kinderen en broers en zussen en hun echtgenoten), en\/of degenen die in hetzelfde huishouden wonen als elk van deze werknemers, komen niet in aanmerking. Ongeldig waar verboden of beperkt door de wet. Onderhevig aan alle toepasselijke federale, staats- en lokale wetten, verordeningen en voorschriften. Door deel te nemen aan de Promotie, accepteren deelnemers deze Offici\u00eble Regels en gaan ermee akkoord eraan gebonden te zijn.<\/p>\n\n\n\n<div style=\"height:8px;width:0px\" aria-hidden=\"true\" class=\"wp-block-spacer wp-container-content-2\"><\/div>\n\n\n\n<p><strong>Hoe deel te nemen: <\/strong>Deelnemers moeten zich houden aan de deelnamecriteria die in de betreffende social media-post zijn uiteengezet. Elk individu is beperkt tot maximaal vijf (5) inzendingen gedurende de duur van de promotieperiode.<\/p>\n\n\n\n<div style=\"height:8px;width:0px\" aria-hidden=\"true\" class=\"wp-block-spacer wp-container-content-3\"><\/div>\n\n\n\n<p><strong>Willekeurige tekening:<\/strong> De potenti\u00eble winnaar van de hoofdprijs moet vervolgens binnen \u00e9\u00e9n (1) dag na de kennisgeving een verklaring van geschiktheid, aansprakelijkheid en publiciteit ondertekenen en per e-mail retourneren, anders wordt de potenti\u00eble winnaar gediskwalificeerd en kan er een alternatieve winnaar van de hoofdprijs worden geselecteerd, naar eigen goeddunken van de sponsor. Niet-naleving binnen de voorgeschreven tijdsperioden resulteert in diskwalificatie van een potenti\u00eble winnaar en een alternatieve winnaar wordt geselecteerd, naar eigen goeddunken van de sponsor. Prijsmeldingen die als niet-bezorgbaar of niet-reagerend worden geretourneerd, resulteren in diskwalificatie en de hoofdprijs wordt verbeurd verklaard en er kan een alternatieve winnaar worden geselecteerd, naar eigen goeddunken van de sponsor.<\/p>\n\n\n\n<div style=\"height:8px;width:0px\" aria-hidden=\"true\" class=\"wp-block-spacer wp-container-content-4\"><\/div>\n\n\n\n<p><strong>Winnaarsmelding\/verificatie:<\/strong> De potenti\u00eble winnaar van de hoofdprijs wordt via een direct bericht op Facebook, Twitter of Instagram op de hoogte gebracht van het sociale mediaprofiel dat aan zijn of haar deelname is gekoppeld en de geregistreerde factuurgegevens. De sponsor behoudt zich het recht voor om de promotie, of een deel daarvan, te annuleren, op te schorten en\/of te wijzigen in geval van fraude, technische storingen of andere factoren buiten de redelijke controle van de sponsor die de integriteit of de juiste werking van de promotie in gevaar brengen, zoals uitsluitend bepaald door de sponsor. In geval van annulering wordt de hoofdprijs toegekend via een willekeurige trekking uit alle in aanmerking komende inzendingen die zijn ontvangen in overeenstemming met deze offici\u00eble regels voorafgaand aan de annulering. Het niet afdwingen door de sponsor van een bepaling van deze offici\u00eble regels vormt geen verklaring van afstand van die bepaling. WAARSCHUWING: ELKE POGING VAN EEN DEELNEMER OF EEN ANDER PERSOON OM OPzettelijk EEN WEBSITE OF SOCIALE MEDIAPAGINA IN VERBAND MET DEZE PROMOTIE TE BESCHADIGEN OF DE LEGITIEME WERKING VAN DE PROMOTIE TE ONDERMIJNEN, KAN EEN SCHENDING ZIJN VAN HET STRAFRECHT EN HET BURGERLIJK RECHT; MOCHT EEN DERGELIJKE POGING WORDEN GEDAAN, BEHOUDT DE SPONSOR ZICH HET RECHT VOOR OM DEZE PERSOON TE VERVOLGEN EN SCHADEVERGOEDING TE EISEN VOOR ZOVER MAXIMAAL TOEGESTAAN DOOR DE WET. De sponsor behoudt zich het recht voor om naar eigen goeddunken een persoon te diskwalificeren die: probeert te knoeien met of te ondermijnen het deelnameproces en\/of de legitieme werking van de promotie; de offici\u00eble regels schendt; of zich op een onsportieve of verstorende manier gedraagt of met de bedoeling om een andere persoon te irriteren, te misbruiken, te bedreigen of lastig te vallen. Indien de Promotie om welke reden dan ook niet kan worden uitgevoerd zoals gepland, kan de Sponsor, naar eigen goeddunken, alle verdachte Inzendingen ongeldig verklaren en (a) de Promotie aanpassen of opschorten om de belemmering aan te pakken en de Promotie vervolgens hervatten op een manier die het beste past bij de geest van deze Offici\u00eble Regels; of (b) de Hoofdprijs willekeurig toekennen uit alle In Aanmerking Komende Inzendingen die v\u00f3\u00f3r de annulering zijn ontvangen in overeenstemming met deze Offici\u00eble Regels.<\/p>\n\n\n\n<div style=\"height:8px;width:0px\" aria-hidden=\"true\" class=\"wp-block-spacer wp-container-content-5\"><\/div>\n\n\n\n<p><strong>Garanties en verklaringen; Vrijwaring van aansprakelijkheid:<\/strong> U (winnaar) vrijwaart hierbij Sponsor en elk van de Promotie-entiteiten en elk van hun respectievelijke functionarissen, directeuren, leden, managers, werknemers, agenten, vertegenwoordigers, opvolgers en rechtverkrijgenden (de &quot;Vrijgestelde Partijen&quot;) van en tegen elke claim van derden die voortvloeit uit het gebruik van een Deelname en u doet afstand van elk recht om het gebruik van uw Deelname door Sponsor in verband met de Promotie te inspecteren of goed te keuren of om gecompenseerd te worden voor dergelijk gebruik. Deelname aan de Promotie houdt toestemming in aan Sponsor om de naam en het adres van een winnaar en zijn\/haar gast te gebruiken in verband met de administratie van de Promotie en zoals anderszins vereist door de wet. Door deel te nemen aan de Promotie stemt de deelnemer ermee in dat de Vrijgestelde Partijen op geen enkele wijze aansprakelijk zijn voor, en door de deelnemer schadeloos worden gesteld voor enige aansprakelijkheid voor enig lichamelijk letsel, verlies of schade van welke aard dan ook aan personen, inclusief overlijden en eigendommen, geheel of gedeeltelijk, direct of indirect, voortvloeiend uit Deelname, de aanvaarding, het bezit, gebruik of misbruik van de Hoofdprijs of een onderdeel daarvan, indien van toepassing, of deelname aan de Promotie of deelname aan enige Promotiegerelateerde activiteit. U verklaart en garandeert hierbij dat u deze Offici\u00eble Regels hebt gelezen en volledig bekend bent met de inhoud ervan en ermee instemt hieraan gebonden te zijn.<\/p>\n\n\n\n<div style=\"height:8px;width:0px\" aria-hidden=\"true\" class=\"wp-block-spacer wp-container-content-6\"><\/div>\n\n\n\n<p><strong>Geschillen:<\/strong> DEELNEMERS\/WINNAARS GAAN ERMEE AKKOORD DAT: ALLE PROBLEMEN EN VRAGEN MET BETREKKING TOT DE CONSTRUCTIE, GELDIGHEID, INTERPRETATIE EN AFDWINGBAARHEID VAN DE PROMOTIE OF DE ALGEMENE VOORWAARDEN VAN FLORIDA&#039;S SPORT CUSTOM.<\/p>\n\n\n\n<div style=\"height:8px;width:0px\" aria-hidden=\"true\" class=\"wp-block-spacer wp-container-content-7\"><\/div>\n\n\n\n<p><strong>Sponsor\/Beheerder:<\/strong> Sponsor van de promotie is Florida&#039;s Sports Coast\/Pasco County, Florida, 1938 Duck Slough Blvd. Trinity, Florida 34655.<\/p>\n<\/div>\n\n\n\n<p class=\"has-text-align-center\">Deze Actie wordt op geen enkele manier gesponsord, onderschreven of beheerd door, of geassocieerd met Facebook, Twitter of Instagram. U begrijpt dat u uw gegevens aan de Sponsor verstrekt, en niet aan Facebook, Twitter of Instagram.<\/p>\n<\/div>\n\n\n\n<div class=\"wp-block-column is-layout-flow wp-block-column-is-layout-flow\" style=\"flex-basis:5%\"><\/div>\n<\/div>","protected":false},"excerpt":{"rendered":"<p>Deze promotie van Florida&#039;s Sports Coast (&quot;Promotie&quot;) is geldig voor de data die in de relevante\u2026<\/p>","protected":false},"author":1,"featured_media":0,"parent":0,"menu_order":0,"comment_status":"closed","ping_status":"closed","template":"","meta":{"_acf_changed":false,"wprm-recipe-roundup-name":"","wprm-recipe-roundup-description":"","footnotes":""},"categories":[],"tags":[],"class_list":["post-229468","page","type-page","status-publish","hentry"],"acf":[],"yoast_head":"<!-- This site is optimized with the Yoast SEO plugin v24.1 - https:\/\/yoast.com\/wordpress\/plugins\/seo\/ -->\n<title>Giveaway Terms and Conditions | Florida&#039;s Sports Coast<\/title>\n<meta name=\"description\" content=\"This Florida\u2019s Sports Coast promotion (&quot;Promotion&quot;) is valid for the dates specified in the relevant social media post. Entries begin at 12:00 AM Eastern\" \/>\n<meta name=\"robots\" content=\"index, follow, max-snippet:-1, max-image-preview:large, max-video-preview:-1\" \/>\n<link rel=\"canonical\" href=\"https:\/\/flsportscoast.com\/nl\/giveaway-terms-conditions\/\" \/>\n<meta property=\"og:locale\" content=\"nl_NL\" \/>\n<meta property=\"og:type\" content=\"article\" \/>\n<meta property=\"og:title\" content=\"Giveaway Terms and Conditions | Florida&#039;s Sports Coast\" \/>\n<meta property=\"og:description\" content=\"This Florida\u2019s Sports Coast promotion (&quot;Promotion&quot;) is valid for the dates specified in the relevant social media post. Entries begin at 12:00 AM Eastern\" \/>\n<meta property=\"og:url\" content=\"https:\/\/flsportscoast.com\/nl\/giveaway-terms-conditions\/\" \/>\n<meta property=\"og:site_name\" content=\"Florida&#039;s Sports Coast\" \/>\n<meta property=\"article:publisher\" content=\"https:\/\/www.facebook.com\/FLSportsCoast\/\" \/>\n<meta property=\"article:modified_time\" content=\"2024-09-05T17:10:46+00:00\" \/>\n<meta property=\"og:image\" content=\"https:\/\/flsportscoast.com\/wp-content\/uploads\/Pasco-Scalloping-0136-2-scaled.jpg\" \/>\n<meta name=\"twitter:card\" content=\"summary_large_image\" \/>\n<meta name=\"twitter:site\" content=\"@FLSportsCoast\" \/>\n<meta name=\"twitter:label1\" content=\"Est. reading time\" \/>\n\t<meta name=\"twitter:data1\" content=\"5 minutes\" \/>\n<script type=\"application\/ld+json\" class=\"yoast-schema-graph\">{\"@context\":\"https:\/\/schema.org\",\"@graph\":[{\"@type\":\"WebPage\",\"@id\":\"https:\/\/flsportscoast.com\/giveaway-terms-conditions\/\",\"url\":\"https:\/\/flsportscoast.com\/giveaway-terms-conditions\/\",\"name\":\"Giveaway Terms and Conditions | Florida&#039;s Sports Coast\",\"isPartOf\":{\"@id\":\"https:\/\/flsportscoast.com\/#website\"},\"primaryImageOfPage\":{\"@id\":\"https:\/\/flsportscoast.com\/giveaway-terms-conditions\/#primaryimage\"},\"image\":{\"@id\":\"https:\/\/flsportscoast.com\/giveaway-terms-conditions\/#primaryimage\"},\"thumbnailUrl\":\"https:\/\/flsportscoast.com\/wp-content\/uploads\/Pasco-Scalloping-0136-2-scaled.jpg\",\"datePublished\":\"2022-07-12T20:37:04+00:00\",\"dateModified\":\"2024-09-05T17:10:46+00:00\",\"description\":\"This Florida\u2019s Sports Coast promotion (\\\"Promotion\\\") is valid for the dates specified in the relevant social media post. Entries begin at 12:00 AM Eastern\",\"breadcrumb\":{\"@id\":\"https:\/\/flsportscoast.com\/giveaway-terms-conditions\/#breadcrumb\"},\"inLanguage\":\"nl-NL\",\"potentialAction\":[{\"@type\":\"ReadAction\",\"target\":[\"https:\/\/flsportscoast.com\/giveaway-terms-conditions\/\"]}]},{\"@type\":\"ImageObject\",\"inLanguage\":\"nl-NL\",\"@id\":\"https:\/\/flsportscoast.com\/giveaway-terms-conditions\/#primaryimage\",\"url\":\"https:\/\/flsportscoast.com\/wp-content\/uploads\/Pasco-Scalloping-0136-2-scaled.jpg\",\"contentUrl\":\"https:\/\/flsportscoast.com\/wp-content\/uploads\/Pasco-Scalloping-0136-2-scaled.jpg\"},{\"@type\":\"BreadcrumbList\",\"@id\":\"https:\/\/flsportscoast.com\/giveaway-terms-conditions\/#breadcrumb\",\"itemListElement\":[{\"@type\":\"ListItem\",\"position\":1,\"name\":\"Home\",\"item\":\"https:\/\/flsportscoast.com\/\"},{\"@type\":\"ListItem\",\"position\":2,\"name\":\"Giveaway Terms and Conditions\"}]},{\"@type\":\"WebSite\",\"@id\":\"https:\/\/flsportscoast.com\/#website\",\"url\":\"https:\/\/flsportscoast.com\/\",\"name\":\"Florida&#039;s Sports Coast\",\"description\":\"\",\"publisher\":{\"@id\":\"https:\/\/flsportscoast.com\/#organization\"},\"potentialAction\":[{\"@type\":\"SearchAction\",\"target\":{\"@type\":\"EntryPoint\",\"urlTemplate\":\"https:\/\/flsportscoast.com\/?s={search_term_string}\"},\"query-input\":{\"@type\":\"PropertyValueSpecification\",\"valueRequired\":true,\"valueName\":\"search_term_string\"}}],\"inLanguage\":\"nl-NL\"},{\"@type\":\"Organization\",\"@id\":\"https:\/\/flsportscoast.com\/#organization\",\"name\":\"Florida Sports Coast\",\"url\":\"https:\/\/flsportscoast.com\/\",\"logo\":{\"@type\":\"ImageObject\",\"inLanguage\":\"nl-NL\",\"@id\":\"https:\/\/flsportscoast.com\/#\/schema\/logo\/image\/\",\"url\":\"https:\/\/flsportscoast.com\/wp-content\/uploads\/2022\/07\/fl-sports-coast-logo-color.png\",\"contentUrl\":\"https:\/\/flsportscoast.com\/wp-content\/uploads\/2022\/07\/fl-sports-coast-logo-color.png\",\"width\":1028,\"height\":1028,\"caption\":\"Florida Sports Coast\"},\"image\":{\"@id\":\"https:\/\/flsportscoast.com\/#\/schema\/logo\/image\/\"},\"sameAs\":[\"https:\/\/www.facebook.com\/FLSportsCoast\/\",\"https:\/\/x.com\/FLSportsCoast\",\"https:\/\/www.pinterest.com\/FLSportsCoast\/\",\"https:\/\/www.instagram.com\/flsportscoast\/\",\"https:\/\/www.youtube.com\/channel\/UCJNh4zCnO3RPH6D9NPAoyGQ\"]}]}<\/script>\n<!-- \/ Yoast SEO plugin. -->","yoast_head_json":{"title":"Algemene voorwaarden winactie | De sportkust van Florida","description":"Deze promotie van Florida&#039;s Sports Coast (&quot;Promotie&quot;) is geldig voor de data die in de relevante social media post zijn gespecificeerd. Inschrijvingen beginnen om 12:00 AM Eastern","robots":{"index":"index","follow":"follow","max-snippet":"max-snippet:-1","max-image-preview":"max-image-preview:large","max-video-preview":"max-video-preview:-1"},"canonical":"https:\/\/flsportscoast.com\/nl\/giveaway-terms-conditions\/","og_locale":"nl_NL","og_type":"article","og_title":"Giveaway Terms and Conditions | Florida&#039;s Sports Coast","og_description":"This Florida\u2019s Sports Coast promotion (\"Promotion\") is valid for the dates specified in the relevant social media post. Entries begin at 12:00 AM Eastern","og_url":"https:\/\/flsportscoast.com\/nl\/giveaway-terms-conditions\/","og_site_name":"Florida&#039;s Sports Coast","article_publisher":"https:\/\/www.facebook.com\/FLSportsCoast\/","article_modified_time":"2024-09-05T17:10:46+00:00","og_image":[{"url":"https:\/\/flsportscoast.com\/wp-content\/uploads\/Pasco-Scalloping-0136-2-scaled.jpg","type":"","width":"","height":""}],"twitter_card":"summary_large_image","twitter_site":"@FLSportsCoast","twitter_misc":{"Est. reading time":"5 minutes"},"schema":{"@context":"https:\/\/schema.org","@graph":[{"@type":"WebPage","@id":"https:\/\/flsportscoast.com\/giveaway-terms-conditions\/","url":"https:\/\/flsportscoast.com\/giveaway-terms-conditions\/","name":"Algemene voorwaarden winactie | De sportkust van Florida","isPartOf":{"@id":"https:\/\/flsportscoast.com\/#website"},"primaryImageOfPage":{"@id":"https:\/\/flsportscoast.com\/giveaway-terms-conditions\/#primaryimage"},"image":{"@id":"https:\/\/flsportscoast.com\/giveaway-terms-conditions\/#primaryimage"},"thumbnailUrl":"https:\/\/flsportscoast.com\/wp-content\/uploads\/Pasco-Scalloping-0136-2-scaled.jpg","datePublished":"2022-07-12T20:37:04+00:00","dateModified":"2024-09-05T17:10:46+00:00","description":"Deze promotie van Florida&#039;s Sports Coast (&quot;Promotie&quot;) is geldig voor de data die in de relevante social media post zijn gespecificeerd. Inschrijvingen beginnen om 12:00 AM Eastern","breadcrumb":{"@id":"https:\/\/flsportscoast.com\/giveaway-terms-conditions\/#breadcrumb"},"inLanguage":"nl-NL","potentialAction":[{"@type":"ReadAction","target":["https:\/\/flsportscoast.com\/giveaway-terms-conditions\/"]}]},{"@type":"ImageObject","inLanguage":"nl-NL","@id":"https:\/\/flsportscoast.com\/giveaway-terms-conditions\/#primaryimage","url":"https:\/\/flsportscoast.com\/wp-content\/uploads\/Pasco-Scalloping-0136-2-scaled.jpg","contentUrl":"https:\/\/flsportscoast.com\/wp-content\/uploads\/Pasco-Scalloping-0136-2-scaled.jpg"},{"@type":"BreadcrumbList","@id":"https:\/\/flsportscoast.com\/giveaway-terms-conditions\/#breadcrumb","itemListElement":[{"@type":"ListItem","position":1,"name":"Home","item":"https:\/\/flsportscoast.com\/"},{"@type":"ListItem","position":2,"name":"Giveaway Terms and Conditions"}]},{"@type":"WebSite","@id":"https:\/\/flsportscoast.com\/#website","url":"https:\/\/flsportscoast.com\/","name":"De sportkust van Florida","description":"","publisher":{"@id":"https:\/\/flsportscoast.com\/#organization"},"potentialAction":[{"@type":"SearchAction","target":{"@type":"EntryPoint","urlTemplate":"https:\/\/flsportscoast.com\/?s={search_term_string}"},"query-input":{"@type":"PropertyValueSpecification","valueRequired":true,"valueName":"search_term_string"}}],"inLanguage":"nl-NL"},{"@type":"Organization","@id":"https:\/\/flsportscoast.com\/#organization","name":"Sportkust van Florida","url":"https:\/\/flsportscoast.com\/","logo":{"@type":"ImageObject","inLanguage":"nl-NL","@id":"https:\/\/flsportscoast.com\/#\/schema\/logo\/image\/","url":"https:\/\/flsportscoast.com\/wp-content\/uploads\/2022\/07\/fl-sports-coast-logo-color.png","contentUrl":"https:\/\/flsportscoast.com\/wp-content\/uploads\/2022\/07\/fl-sports-coast-logo-color.png","width":1028,"height":1028,"caption":"Florida Sports Coast"},"image":{"@id":"https:\/\/flsportscoast.com\/#\/schema\/logo\/image\/"},"sameAs":["https:\/\/www.facebook.com\/FLSportsCoast\/","https:\/\/x.com\/FLSportsCoast","https:\/\/www.pinterest.com\/FLSportsCoast\/","https:\/\/www.instagram.com\/flsportscoast\/","https:\/\/www.youtube.com\/channel\/UCJNh4zCnO3RPH6D9NPAoyGQ"]}]}},"meta_fields":{"_edit_lock":"1725556254:8","_edit_last":"8","_yoast_wpseo_content_score":"30","_yoast_wpseo_estimated-reading-time-minutes":"5","_yoast_wpseo_primary_category":""},"thumb_url":false,"_links":{"self":[{"href":"https:\/\/flsportscoast.com\/nl\/wp-json\/wp\/v2\/pages\/229468","targetHints":{"allow":["GET"]}}],"collection":[{"href":"https:\/\/flsportscoast.com\/nl\/wp-json\/wp\/v2\/pages"}],"about":[{"href":"https:\/\/flsportscoast.com\/nl\/wp-json\/wp\/v2\/types\/page"}],"author":[{"embeddable":true,"href":"https:\/\/flsportscoast.com\/nl\/wp-json\/wp\/v2\/users\/1"}],"replies":[{"embeddable":true,"href":"https:\/\/flsportscoast.com\/nl\/wp-json\/wp\/v2\/comments?post=229468"}],"version-history":[{"count":18,"href":"https:\/\/flsportscoast.com\/nl\/wp-json\/wp\/v2\/pages\/229468\/revisions"}],"predecessor-version":[{"id":232800,"href":"https:\/\/flsportscoast.com\/nl\/wp-json\/wp\/v2\/pages\/229468\/revisions\/232800"}],"wp:attachment":[{"href":"https:\/\/flsportscoast.com\/nl\/wp-json\/wp\/v2\/media?parent=229468"}],"wp:term":[{"taxonomy":"category","embeddable":true,"href":"https:\/\/flsportscoast.com\/nl\/wp-json\/wp\/v2\/categories?post=229468"},{"taxonomy":"post_tag","embeddable":true,"href":"https:\/\/flsportscoast.com\/nl\/wp-json\/wp\/v2\/tags?post=229468"}],"curies":[{"name":"wp","href":"https:\/\/api.w.org\/{rel}","templated":true}]}}