{"id":79,"date":"2022-02-01T13:03:23","date_gmt":"2022-02-01T13:03:23","guid":{"rendered":"http:\/\/localhost:8089\/?page_id=79"},"modified":"2022-08-04T12:06:59","modified_gmt":"2022-08-04T16:06:59","slug":"accessibility-statement","status":"publish","type":"page","link":"https:\/\/flsportscoast.com\/fr\/accessibility-statement\/","title":{"rendered":"Accessibilit\u00e9"},"content":{"rendered":"<div class=\"wp-block-columns is-layout-flex wp-container-core-columns-is-layout-1 wp-block-columns-is-layout-flex\" style=\"justify-content:center\">\n<div class=\"wp-block-column is-layout-flow wp-block-column-is-layout-flow\" style=\"padding-top:5%;padding-right:5%;padding-bottom:5%;padding-left:5%;flex-basis:60rem\">\n<h1 class=\"has-text-align-center is-style-default has-dark-blue-color has-text-color wp-block-heading\" id=\"block-f92f62fc-6f07-4875-9797-85b9521a1627\">D\u00e9claration d&#039;accessibilit\u00e9<\/h1>\n\n\n\n<p id=\"block-003de233-1ec7-494e-b22d-87a7ce1ec0a2\">FLSportsCoast.com s&#039;engage \u00e0 rendre notre site Web aussi accessible que possible aux personnes ayant des besoins sp\u00e9ciaux, y compris celles ayant des d\u00e9ficiences visuelles, auditives, cognitives et motrices. Nous travaillons constamment \u00e0 l&#039;am\u00e9lioration de l&#039;accessibilit\u00e9 de notre site Web afin de garantir un acc\u00e8s \u00e9gal \u00e0 tous nos utilisateurs.<\/p>\n\n\n\n<p id=\"block-a4b215a6-dde9-4ff9-9bd8-dcb4ede123f0\">Nous nous assurons toujours que notre site Web suit les meilleures pratiques d&#039;accessibilit\u00e9 en suivant les principes de conception universelle. Cela garantit que le site est flexible et adaptable aux diff\u00e9rents besoins ou pr\u00e9f\u00e9rences des utilisateurs et est accessible via une vari\u00e9t\u00e9 de technologies diff\u00e9rentes, y compris les appareils mobiles ou les technologies d&#039;assistance.<\/p>\n\n\n\n<p id=\"block-0c651388-0fde-4985-bb26-6b5a414ae7d6\">En tant que Sports Coast de la Floride, nous nous effor\u00e7ons de suivre&nbsp;<a href=\"https:\/\/webaim.org\/intro\/#principles\" target=\"_blank\" rel=\"noreferrer noopener\">Principes de conception accessible de WebAIM<\/a>, et essayez \u00e9galement d&#039;aider \u00e0 am\u00e9liorer l&#039;accessibilit\u00e9 de notre site Web pour les utilisateurs handicap\u00e9s en\u00a0:<\/p>\n\n\n\n<ul class=\"wp-block-list\" id=\"block-1ecdb1a2-6747-439d-8e3e-6521f9c6745a\"><li>Garder la possibilit\u00e9 d&#039;ajuster la taille de la police<\/li><li>Maintien des rapports couleur\/contraste pour le texte<\/li><li>Fournir une navigation accessible au clavier<\/li><li>Exposition d&#039;informations \u00e0 l&#039;API d&#039;accessibilit\u00e9 via l&#039;utilisation d&#039;attributs ARIA<\/li><\/ul>\n\n\n\n<p id=\"block-a91db42b-b283-4370-bd06-afd1af026f4c\">Nous surveillons \u00e9galement l&#039;accessibilit\u00e9 de FLSportsCoast.com via l&#039;outil leader de l&#039;industrie, WAVE.<\/p>\n\n\n\n<h3 class=\"is-style-business_header has-dark-blue-color has-text-color wp-block-heading\" id=\"block-40d428a5-218f-45af-8a2e-6d99e38a568f\">Directives pour l&#039;accessibilit\u00e9 du contenu Web (WCAG) 2.0<\/h3>\n\n\n\n<p id=\"block-6c3dc74a-0289-4859-b55a-d9a27dbdb6cd\">Dans la mesure du possible, le site FLSportsCoast.com respectera le niveau AA des directives pour l&#039;accessibilit\u00e9 du contenu Web (WCAG 2.0). Ces lignes directrices \u00e9noncent quatre grands principes que les sites doivent respecter\u00a0:<\/p>\n\n\n\n<ul class=\"wp-block-list\" id=\"block-cc00c4d9-98b4-4697-8218-33a6e5393388\"><li>Perceptible - Les composants d&#039;information et d&#039;interface utilisateur doivent \u00eatre pr\u00e9sentables aux utilisateurs d&#039;une mani\u00e8re qu&#039;ils peuvent percevoir<\/li><li>Op\u00e9rable - Les composants de l&#039;interface utilisateur et la navigation doivent \u00eatre op\u00e9rationnels<\/li><li>Compr\u00e9hensible - Les informations et le fonctionnement de l&#039;interface utilisateur doivent \u00eatre compr\u00e9hensibles<\/li><li>Robuste - Le contenu doit \u00eatre suffisamment robuste pour pouvoir \u00eatre interpr\u00e9t\u00e9 de mani\u00e8re fiable par une grande vari\u00e9t\u00e9 d&#039;agents utilisateurs, y compris les technologies d&#039;assistance<\/li><\/ul>\n\n\n\n<h3 class=\"is-style-business_header has-dark-blue-color has-text-color wp-block-heading\" id=\"block-fa928de5-6282-464b-9897-04fb7d69222b\">Optimisation de votre installation selon vos besoins<\/h3>\n\n\n\n<p id=\"block-55333160-d4b0-4670-ba5f-a7172ce683ef\">La\u00a0<a href=\"https:\/\/abilitynet.org.uk\/\" target=\"_blank\" rel=\"noreferrer noopener\">Site Web d&#039;AbilityNet<\/a>\u00a0fournit des conseils pour rendre votre ordinateur plus accessible. Il vous aide \u00e0 voir l&#039;\u00e9cran, \u00e0 utiliser votre clavier et votre souris, \u00e0 entendre des sons, \u00e0 lire et \u00e0 orthographier. Le site Web BBC My web, My way fournit \u00e9galement une aide \u00e0 l&#039;accessibilit\u00e9, permettant aux utilisateurs d&#039;ordinateurs de tirer le meilleur parti d&#039;Internet, quelle que soit leur capacit\u00e9 ou leur handicap.<\/p>\n\n\n\n<h3 class=\"is-style-business_header has-dark-blue-color has-text-color wp-block-heading\" id=\"block-96ae9d52-61f9-4658-8319-7a8a1637bb0d\">Contactez-nous<\/h3>\n\n\n\n<p id=\"block-986dcfa7-d28a-46a0-a843-5a167a1dbcdf\">Si vous souhaitez demander une assistance li\u00e9e \u00e0 l&#039;accessibilit\u00e9, signaler tout probl\u00e8me d&#039;accessibilit\u00e9 ou demander des informations dans des formats alternatifs accessibles, veuillez&nbsp;<a href=\"https:\/\/flsportscoast.com\/fr\/contact\/\">visitez notre page contactez-nous<\/a>.<\/p>\n<\/div>\n<\/div>\n\n\n<script type=\"text\/javascript\">\n\/* <![CDATA[ *\/\nvar gform;gform||(document.addEventListener(\"gform_main_scripts_loaded\",function(){gform.scriptsLoaded=!0}),document.addEventListener(\"gform\/theme\/scripts_loaded\",function(){gform.themeScriptsLoaded=!0}),window.addEventListener(\"DOMContentLoaded\",function(){gform.domLoaded=!0}),gform={domLoaded:!1,scriptsLoaded:!1,themeScriptsLoaded:!1,isFormEditor:()=>\"function\"==typeof InitializeEditor,callIfLoaded:function(o){return!(!gform.domLoaded||!gform.scriptsLoaded||!gform.themeScriptsLoaded&&!gform.isFormEditor()||(gform.isFormEditor()&&console.warn(\"The use of gform.initializeOnLoaded() is deprecated in the form editor context and will be removed in Gravity Forms 3.1.\"),o(),0))},initializeOnLoaded:function(o){gform.callIfLoaded(o)||(document.addEventListener(\"gform_main_scripts_loaded\",()=>{gform.scriptsLoaded=!0,gform.callIfLoaded(o)}),document.addEventListener(\"gform\/theme\/scripts_loaded\",()=>{gform.themeScriptsLoaded=!0,gform.callIfLoaded(o)}),window.addEventListener(\"DOMContentLoaded\",()=>{gform.domLoaded=!0,gform.callIfLoaded(o)}))},hooks:{action:{},filter:{}},addAction:function(o,r,e,t){gform.addHook(\"action\",o,r,e,t)},addFilter:function(o,r,e,t){gform.addHook(\"filter\",o,r,e,t)},doAction:function(o){gform.doHook(\"action\",o,arguments)},applyFilters:function(o){return gform.doHook(\"filter\",o,arguments)},removeAction:function(o,r){gform.removeHook(\"action\",o,r)},removeFilter:function(o,r,e){gform.removeHook(\"filter\",o,r,e)},addHook:function(o,r,e,t,n){null==gform.hooks[o][r]&&(gform.hooks[o][r]=[]);var d=gform.hooks[o][r];null==n&&(n=r+\"_\"+d.length),gform.hooks[o][r].push({tag:n,callable:e,priority:t=null==t?10:t})},doHook:function(r,o,e){var t;if(e=Array.prototype.slice.call(e,1),null!=gform.hooks[r][o]&&((o=gform.hooks[r][o]).sort(function(o,r){return o.priority-r.priority}),o.forEach(function(o){\"function\"!=typeof(t=o.callable)&&(t=window[t]),\"action\"==r?t.apply(null,e):e[0]=t.apply(null,e)})),\"filter\"==r)return e[0]},removeHook:function(o,r,t,n){var e;null!=gform.hooks[o][r]&&(e=(e=gform.hooks[o][r]).filter(function(o,r,e){return!!(null!=n&&n!=o.tag||null!=t&&t!=o.priority)}),gform.hooks[o][r]=e)}});\n\/* ]]> *\/\n<\/script>\n\n                <div class='gf_browser_gecko gform_wrapper gravity-theme gform-theme--no-framework' data-form-theme='gravity-theme' data-form-index='0' id='gform_wrapper_1' >\n                        <div class='gform_heading'>\n                            <h2 class=\"gform_title\">Inscrivez-vous aux mises \u00e0 jour par e-mail<\/h2>\n                        <\/div><form method='post' enctype='multipart\/form-data'  id='gform_1'  action='\/fr\/wp-json\/wp\/v2\/pages\/79' data-formid='1' novalidate data-trp-original-action=\"\/fr\/wp-json\/wp\/v2\/pages\/79\">\n                        <div class='gform-body gform_body'><div id='gform_fields_1' class='gform_fields top_label form_sublabel_below description_below validation_below'><div id=\"field_1_3\" class=\"gfield gfield--type-email gfield--width-full field_sublabel_below gfield--no-description field_description_below field_validation_below gfield_visibility_visible\"  ><label class='gfield_label gform-field-label' for='input_1_3'>E-mail<\/label><div class='ginput_container ginput_container_email'>\n                            <input name='input_3' id='input_1_3' type='email' value='' class='large'   placeholder='youremail@email.com'  aria-invalid=\"false\"  \/>\n                        <\/div><\/div><\/div><\/div>\n        <div class='gform-footer gform_footer top_label'> <input type='submit' id='gform_submit_button_1' class='gform_button button' onclick='gform.submission.handleButtonClick(this);' data-submission-type='submit' value='Soumettre'  \/> \n            <input type='hidden' class='gform_hidden' name='gform_submission_method' data-js='gform_submission_method_1' value='postback' \/>\n            <input type='hidden' class='gform_hidden' name='gform_theme' data-js='gform_theme_1' id='gform_theme_1' value='gravity-theme' \/>\n            <input type='hidden' class='gform_hidden' name='gform_style_settings' data-js='gform_style_settings_1' id='gform_style_settings_1' value='[]' \/>\n            <input type='hidden' class='gform_hidden' name='is_submit_1' value='1' \/>\n            <input type='hidden' class='gform_hidden' name='gform_submit' value='1' \/>\n            \n            <input type='hidden' class='gform_hidden' name='gform_unique_id' value='' \/>\n            <input type='hidden' class='gform_hidden' name='state_1' value='WyJbXSIsIjU3MTYwYzAyNmQ4YzgwMmIyMWM0YzQ1MmU0MDk2OGNkIl0=' \/>\n            <input type='hidden' autocomplete='off' class='gform_hidden' name='gform_target_page_number_1' id='gform_target_page_number_1' value='0' \/>\n            <input type='hidden' autocomplete='off' class='gform_hidden' name='gform_source_page_number_1' id='gform_source_page_number_1' value='1' \/>\n            <input type='hidden' name='gform_field_values' value='' \/>\n            \n        <\/div>\n                        <p style=\"display: none !important;\" class=\"akismet-fields-container\" data-prefix=\"ak_\"><label>\u0394<textarea name=\"ak_hp_textarea\" cols=\"45\" rows=\"8\" maxlength=\"100\"><\/textarea><\/label><input type=\"hidden\" id=\"ak_js_1\" name=\"ak_js\" value=\"162\"\/><script type=\"text\/javascript\">\n\/* <![CDATA[ *\/\ndocument.getElementById( \"ak_js_1\" ).setAttribute( \"value\", ( new Date() ).getTime() );\n\/* ]]> *\/\n<\/script>\n<\/p><input type=\"hidden\" name=\"trp-form-language\" value=\"fr\"\/><\/form>\n                        <\/div><script type=\"text\/javascript\">\n\/* <![CDATA[ *\/\n gform.initializeOnLoaded( function() {gformInitSpinner( 1, 'https:\/\/flsportscoast.com\/wp-content\/plugins\/gravityforms\/images\/spinner.svg', true );jQuery('#gform_ajax_frame_1').on('load',function(){var contents = jQuery(this).contents().find('*').html();var is_postback = contents.indexOf('GF_AJAX_POSTBACK') >= 0;if(!is_postback){return;}var form_content = jQuery(this).contents().find('#gform_wrapper_1');var is_confirmation = jQuery(this).contents().find('#gform_confirmation_wrapper_1').length > 0;var is_redirect = contents.indexOf('gformRedirect(){') >= 0;var is_form = form_content.length > 0 && ! is_redirect && ! is_confirmation;var mt = parseInt(jQuery('html').css('margin-top'), 10) + parseInt(jQuery('body').css('margin-top'), 10) + 100;if(is_form){jQuery('#gform_wrapper_1').html(form_content.html());if(form_content.hasClass('gform_validation_error')){jQuery('#gform_wrapper_1').addClass('gform_validation_error');} else {jQuery('#gform_wrapper_1').removeClass('gform_validation_error');}setTimeout( function() { \/* delay the scroll by 50 milliseconds to fix a bug in chrome *\/  }, 50 );if(window['gformInitDatepicker']) {gformInitDatepicker();}if(window['gformInitPriceFields']) {gformInitPriceFields();}var current_page = jQuery('#gform_source_page_number_1').val();gformInitSpinner( 1, 'https:\/\/flsportscoast.com\/wp-content\/plugins\/gravityforms\/images\/spinner.svg', true );jQuery(document).trigger('gform_page_loaded', [1, current_page]);window['gf_submitting_1'] = false;}else if(!is_redirect){var confirmation_content = jQuery(this).contents().find('.GF_AJAX_POSTBACK').html();if(!confirmation_content){confirmation_content = contents;}jQuery('#gform_wrapper_1').replaceWith(confirmation_content);jQuery(document).trigger('gform_confirmation_loaded', [1]);window['gf_submitting_1'] = false;wp.a11y.speak(jQuery('#gform_confirmation_message_1').text());}else{jQuery('#gform_1').append(contents);if(window['gformRedirect']) {gformRedirect();}}jQuery(document).trigger(\"gform_pre_post_render\", [{ formId: \"1\", currentPage: \"current_page\", abort: function() { this.preventDefault(); } }]);        if (event && event.defaultPrevented) {                return;        }        const gformWrapperDiv = document.getElementById( \"gform_wrapper_1\" );        if ( gformWrapperDiv ) {            const visibilitySpan = document.createElement( \"span\" );            visibilitySpan.id = \"gform_visibility_test_1\";            gformWrapperDiv.insertAdjacentElement( \"afterend\", visibilitySpan );        }        const visibilityTestDiv = document.getElementById( \"gform_visibility_test_1\" );        let postRenderFired = false;        function triggerPostRender() {            if ( postRenderFired ) {                return;            }            postRenderFired = true;            gform.core.triggerPostRenderEvents( 1, current_page );            if ( visibilityTestDiv ) {                visibilityTestDiv.parentNode.removeChild( visibilityTestDiv );            }        }        function debounce( func, wait, immediate ) {            var timeout;            return function() {                var context = this, args = arguments;                var later = function() {                    timeout = null;                    if ( !immediate ) func.apply( context, args );                };                var callNow = immediate && !timeout;                clearTimeout( timeout );                timeout = setTimeout( later, wait );                if ( callNow ) func.apply( context, args );            };        }        const debouncedTriggerPostRender = debounce( function() {            triggerPostRender();        }, 200 );        if ( visibilityTestDiv && visibilityTestDiv.offsetParent === null ) {            const observer = new MutationObserver( ( mutations ) => {                mutations.forEach( ( mutation ) => {                    if ( mutation.type === 'attributes' && visibilityTestDiv.offsetParent !== null ) {                        debouncedTriggerPostRender();                        observer.disconnect();                    }                });            });            observer.observe( document.body, {                attributes: true,                childList: false,                subtree: true,                attributeFilter: [ 'style', 'class' ],            });        } else {            triggerPostRender();        }    } );} ); \n\/* ]]> *\/\n<\/script>","protected":false},"excerpt":{"rendered":"<p>FLSportsCoast.com s&#039;engage \u00e0 rendre notre site Web aussi accessible que possible aux personnes ayant des besoins particuliers\u2026<\/p>","protected":false},"author":1,"featured_media":0,"parent":0,"menu_order":0,"comment_status":"closed","ping_status":"closed","template":"","meta":{"_acf_changed":false,"wprm-recipe-roundup-name":"","wprm-recipe-roundup-description":"","footnotes":""},"categories":[],"tags":[],"class_list":["post-79","page","type-page","status-publish","hentry"],"acf":[],"yoast_head":"<!-- This site is optimized with the Yoast SEO plugin v24.1 - https:\/\/yoast.com\/wordpress\/plugins\/seo\/ -->\n<title>Accessibility | Florida&#039;s Sports Coast<\/title>\n<meta name=\"description\" content=\"Accessibility Statement FLSportsCoast.com is committed to making our website as accessible as possible to individuals with special needs, including those\" \/>\n<meta name=\"robots\" content=\"index, follow, max-snippet:-1, max-image-preview:large, max-video-preview:-1\" \/>\n<link rel=\"canonical\" href=\"https:\/\/flsportscoast.com\/fr\/accessibility-statement\/\" \/>\n<meta property=\"og:locale\" content=\"fr_FR\" \/>\n<meta property=\"og:type\" content=\"article\" \/>\n<meta property=\"og:title\" content=\"Accessibility | Florida&#039;s Sports Coast\" \/>\n<meta property=\"og:description\" content=\"Accessibility Statement FLSportsCoast.com is committed to making our website as accessible as possible to individuals with special needs, including those\" \/>\n<meta property=\"og:url\" content=\"https:\/\/flsportscoast.com\/fr\/accessibility-statement\/\" \/>\n<meta property=\"og:site_name\" content=\"Florida&#039;s Sports Coast\" \/>\n<meta property=\"article:publisher\" content=\"https:\/\/www.facebook.com\/FLSportsCoast\/\" \/>\n<meta property=\"article:modified_time\" content=\"2022-08-04T16:06:59+00:00\" \/>\n<meta name=\"twitter:card\" content=\"summary_large_image\" \/>\n<meta name=\"twitter:site\" content=\"@FLSportsCoast\" \/>\n<meta name=\"twitter:label1\" content=\"Est. reading time\" \/>\n\t<meta name=\"twitter:data1\" content=\"2 minutes\" \/>\n<script type=\"application\/ld+json\" class=\"yoast-schema-graph\">{\"@context\":\"https:\/\/schema.org\",\"@graph\":[{\"@type\":\"WebPage\",\"@id\":\"https:\/\/flsportscoast.com\/accessibility-statement\/\",\"url\":\"https:\/\/flsportscoast.com\/accessibility-statement\/\",\"name\":\"Accessibility | Florida&#039;s Sports Coast\",\"isPartOf\":{\"@id\":\"https:\/\/flsportscoast.com\/#website\"},\"datePublished\":\"2022-02-01T13:03:23+00:00\",\"dateModified\":\"2022-08-04T16:06:59+00:00\",\"description\":\"Accessibility Statement FLSportsCoast.com is committed to making our website as accessible as possible to individuals with special needs, including those\",\"breadcrumb\":{\"@id\":\"https:\/\/flsportscoast.com\/accessibility-statement\/#breadcrumb\"},\"inLanguage\":\"fr-FR\",\"potentialAction\":[{\"@type\":\"ReadAction\",\"target\":[\"https:\/\/flsportscoast.com\/accessibility-statement\/\"]}]},{\"@type\":\"BreadcrumbList\",\"@id\":\"https:\/\/flsportscoast.com\/accessibility-statement\/#breadcrumb\",\"itemListElement\":[{\"@type\":\"ListItem\",\"position\":1,\"name\":\"Home\",\"item\":\"https:\/\/flsportscoast.com\/\"},{\"@type\":\"ListItem\",\"position\":2,\"name\":\"Accessibility\"}]},{\"@type\":\"WebSite\",\"@id\":\"https:\/\/flsportscoast.com\/#website\",\"url\":\"https:\/\/flsportscoast.com\/\",\"name\":\"Florida&#039;s Sports Coast\",\"description\":\"\",\"publisher\":{\"@id\":\"https:\/\/flsportscoast.com\/#organization\"},\"potentialAction\":[{\"@type\":\"SearchAction\",\"target\":{\"@type\":\"EntryPoint\",\"urlTemplate\":\"https:\/\/flsportscoast.com\/?s={search_term_string}\"},\"query-input\":{\"@type\":\"PropertyValueSpecification\",\"valueRequired\":true,\"valueName\":\"search_term_string\"}}],\"inLanguage\":\"fr-FR\"},{\"@type\":\"Organization\",\"@id\":\"https:\/\/flsportscoast.com\/#organization\",\"name\":\"Florida Sports Coast\",\"url\":\"https:\/\/flsportscoast.com\/\",\"logo\":{\"@type\":\"ImageObject\",\"inLanguage\":\"fr-FR\",\"@id\":\"https:\/\/flsportscoast.com\/#\/schema\/logo\/image\/\",\"url\":\"https:\/\/flsportscoast.com\/wp-content\/uploads\/2022\/07\/fl-sports-coast-logo-color.png\",\"contentUrl\":\"https:\/\/flsportscoast.com\/wp-content\/uploads\/2022\/07\/fl-sports-coast-logo-color.png\",\"width\":1028,\"height\":1028,\"caption\":\"Florida Sports Coast\"},\"image\":{\"@id\":\"https:\/\/flsportscoast.com\/#\/schema\/logo\/image\/\"},\"sameAs\":[\"https:\/\/www.facebook.com\/FLSportsCoast\/\",\"https:\/\/x.com\/FLSportsCoast\",\"https:\/\/www.pinterest.com\/FLSportsCoast\/\",\"https:\/\/www.instagram.com\/flsportscoast\/\",\"https:\/\/www.youtube.com\/channel\/UCJNh4zCnO3RPH6D9NPAoyGQ\"]}]}<\/script>\n<!-- \/ Yoast SEO plugin. -->","yoast_head_json":{"title":"Accessibilit\u00e9 | La c\u00f4te sportive de la Floride","description":"D\u00e9claration d&#039;accessibilit\u00e9 FLSportsCoast.com s&#039;engage \u00e0 rendre notre site Web aussi accessible que possible aux personnes ayant des besoins sp\u00e9ciaux, y compris ceux","robots":{"index":"index","follow":"follow","max-snippet":"max-snippet:-1","max-image-preview":"max-image-preview:large","max-video-preview":"max-video-preview:-1"},"canonical":"https:\/\/flsportscoast.com\/fr\/accessibility-statement\/","og_locale":"fr_FR","og_type":"article","og_title":"Accessibility | Florida&#039;s Sports Coast","og_description":"Accessibility Statement FLSportsCoast.com is committed to making our website as accessible as possible to individuals with special needs, including those","og_url":"https:\/\/flsportscoast.com\/fr\/accessibility-statement\/","og_site_name":"Florida&#039;s Sports Coast","article_publisher":"https:\/\/www.facebook.com\/FLSportsCoast\/","article_modified_time":"2022-08-04T16:06:59+00:00","twitter_card":"summary_large_image","twitter_site":"@FLSportsCoast","twitter_misc":{"Est. reading time":"2 minutes"},"schema":{"@context":"https:\/\/schema.org","@graph":[{"@type":"WebPage","@id":"https:\/\/flsportscoast.com\/accessibility-statement\/","url":"https:\/\/flsportscoast.com\/accessibility-statement\/","name":"Accessibilit\u00e9 | La c\u00f4te sportive de la Floride","isPartOf":{"@id":"https:\/\/flsportscoast.com\/#website"},"datePublished":"2022-02-01T13:03:23+00:00","dateModified":"2022-08-04T16:06:59+00:00","description":"D\u00e9claration d&#039;accessibilit\u00e9 FLSportsCoast.com s&#039;engage \u00e0 rendre notre site Web aussi accessible que possible aux personnes ayant des besoins sp\u00e9ciaux, y compris ceux","breadcrumb":{"@id":"https:\/\/flsportscoast.com\/accessibility-statement\/#breadcrumb"},"inLanguage":"fr-FR","potentialAction":[{"@type":"ReadAction","target":["https:\/\/flsportscoast.com\/accessibility-statement\/"]}]},{"@type":"BreadcrumbList","@id":"https:\/\/flsportscoast.com\/accessibility-statement\/#breadcrumb","itemListElement":[{"@type":"ListItem","position":1,"name":"Home","item":"https:\/\/flsportscoast.com\/"},{"@type":"ListItem","position":2,"name":"Accessibility"}]},{"@type":"WebSite","@id":"https:\/\/flsportscoast.com\/#website","url":"https:\/\/flsportscoast.com\/","name":"La c\u00f4te sportive de la Floride","description":"","publisher":{"@id":"https:\/\/flsportscoast.com\/#organization"},"potentialAction":[{"@type":"SearchAction","target":{"@type":"EntryPoint","urlTemplate":"https:\/\/flsportscoast.com\/?s={search_term_string}"},"query-input":{"@type":"PropertyValueSpecification","valueRequired":true,"valueName":"search_term_string"}}],"inLanguage":"fr-FR"},{"@type":"Organization","@id":"https:\/\/flsportscoast.com\/#organization","name":"C\u00f4te sportive de la Floride","url":"https:\/\/flsportscoast.com\/","logo":{"@type":"ImageObject","inLanguage":"fr-FR","@id":"https:\/\/flsportscoast.com\/#\/schema\/logo\/image\/","url":"https:\/\/flsportscoast.com\/wp-content\/uploads\/2022\/07\/fl-sports-coast-logo-color.png","contentUrl":"https:\/\/flsportscoast.com\/wp-content\/uploads\/2022\/07\/fl-sports-coast-logo-color.png","width":1028,"height":1028,"caption":"Florida Sports Coast"},"image":{"@id":"https:\/\/flsportscoast.com\/#\/schema\/logo\/image\/"},"sameAs":["https:\/\/www.facebook.com\/FLSportsCoast\/","https:\/\/x.com\/FLSportsCoast","https:\/\/www.pinterest.com\/FLSportsCoast\/","https:\/\/www.instagram.com\/flsportscoast\/","https:\/\/www.youtube.com\/channel\/UCJNh4zCnO3RPH6D9NPAoyGQ"]}]}},"meta_fields":{"_edit_lock":"1746743035:8","_edit_last":"1","_yoast_wpseo_content_score":"30","_yoast_wpseo_estimated-reading-time-minutes":"2"},"thumb_url":false,"_links":{"self":[{"href":"https:\/\/flsportscoast.com\/fr\/wp-json\/wp\/v2\/pages\/79","targetHints":{"allow":["GET"]}}],"collection":[{"href":"https:\/\/flsportscoast.com\/fr\/wp-json\/wp\/v2\/pages"}],"about":[{"href":"https:\/\/flsportscoast.com\/fr\/wp-json\/wp\/v2\/types\/page"}],"author":[{"embeddable":true,"href":"https:\/\/flsportscoast.com\/fr\/wp-json\/wp\/v2\/users\/1"}],"replies":[{"embeddable":true,"href":"https:\/\/flsportscoast.com\/fr\/wp-json\/wp\/v2\/comments?post=79"}],"version-history":[{"count":7,"href":"https:\/\/flsportscoast.com\/fr\/wp-json\/wp\/v2\/pages\/79\/revisions"}],"predecessor-version":[{"id":229553,"href":"https:\/\/flsportscoast.com\/fr\/wp-json\/wp\/v2\/pages\/79\/revisions\/229553"}],"wp:attachment":[{"href":"https:\/\/flsportscoast.com\/fr\/wp-json\/wp\/v2\/media?parent=79"}],"wp:term":[{"taxonomy":"category","embeddable":true,"href":"https:\/\/flsportscoast.com\/fr\/wp-json\/wp\/v2\/categories?post=79"},{"taxonomy":"post_tag","embeddable":true,"href":"https:\/\/flsportscoast.com\/fr\/wp-json\/wp\/v2\/tags?post=79"}],"curies":[{"name":"wp","href":"https:\/\/api.w.org\/{rel}","templated":true}]}}