{"id":73,"date":"2022-02-01T13:02:39","date_gmt":"2022-02-01T13:02:39","guid":{"rendered":"http:\/\/localhost:8089\/?page_id=73"},"modified":"2022-12-19T10:04:03","modified_gmt":"2022-12-19T15:04:03","slug":"live-weather-view","status":"publish","type":"page","link":"https:\/\/flsportscoast.com\/fr\/live-weather-view\/","title":{"rendered":"Mise \u00e0 jour m\u00e9t\u00e9o"},"content":{"rendered":"<div class=\"wp-block-columns is-layout-flex wp-container-core-columns-is-layout-1 wp-block-columns-is-layout-flex\" style=\"justify-content:center\">\n<div class=\"wp-block-column is-layout-flow wp-block-column-is-layout-flow\" style=\"padding-top:3em;padding-right:5%;padding-bottom:3rem;padding-left:5%;flex-basis:65rem\">\n<h1 class=\"has-text-align-center has-dark-orange-color has-text-color wp-block-heading\" id=\"live-weather-view\" style=\"margin-top:1rem;margin-right:1rem;margin-bottom:2rem;margin-left:1rem\">Vue m\u00e9t\u00e9o en direct<\/h1>\n\n\n\n<script type=\"text\/javascript\" src=\"https:\/\/public.earthcam.net\/embed\/tJ90CoLmq7TzrY396Yd88JHWX3t4PDfRF7VNAtJbqn8!.tJ90CoLmq7TzrY396Yd88FeQnDikZegFKnSEtDl22a0!.tJ90CoLmq7TzrY396Yd88OnRZr-Al1hXZFLpCmeES0Q!\"><\/script>\n<\/div>\n<\/div>\n\n\n\n<a class=\"weatherwidget-io\" href=\"https:\/\/forecast7.com\/en\/28d32n82d43\/pasco-county\/?unit=us\" data-label_1=\"PASCO COUNTY\" data-label_2=\"WEATHER\" data-icons=\"Climacons Animated\" data-theme=\"original\" data-basecolor=\"#004DB0\" data-textcolor=\"#EFFDFF\" data-highcolor=\"#EFFDFF\" data-lowcolor=\"#8AC3EE\" data-cloudfill=\"#0092DA\">M\u00c9T\u00c9O DU COMT\u00c9 DE PASCO<\/a>\n<script>\n!function(d,s,id){var js,fjs=d.getElementsByTagName(s)[0];if(!d.getElementById(id)){js=d.createElement(s);js.id=id;js.src='https:\/\/weatherwidget.io\/js\/widget.min.js';fjs.parentNode.insertBefore(js,fjs);}}(document,'script','weatherwidget-io-js');\n<\/script>\n\n\n\n<div style=\"height:100px\" aria-hidden=\"true\" class=\"wp-block-spacer\"><\/div>\n\n\n\t<section class='madden-block-social-share'>\n\t\t\t\t\t<div class=\"title\">\n\t\t\t\t<h2 class=\"h1 has-text-color has-white-color has-style-stylized\">L&#039;aventure attend<\/h2>\n\t\t\t<\/div>\n\t\t\t\t\t\t\t<div class=\"text\">\n\t\t\t\t<p>Taguez vos photos avec <b>#FLSportsC\u00f4te<\/b> pour avoir une chance d&#039;\u00eatre pr\u00e9sent\u00e9 ici!<\/p>\n\t\t\t<\/div>\n\t\t\t\t<div class=\"socialSection\">\n\t\t\t<div class=\"socialLinks\">\n\t\t\t\t<p>Suivez-nous:<\/p>\n\t\t\t\t\t\t\t\t\t<a class=\"socialLink\" href=\"https:\/\/www.facebook.com\/flsportscoast\" target=\"_blank\">\n\t\t\t\t\t\t<img data-load-type=\"img\"\n\t\t\t\t\t\tdata-load-offset=\"lg\"\n\t\t\t\t\t\tdata-load-all=\"https:\/\/flsportscoast.com\/wp-content\/themes\/mm-nino-theme\/assets\/images\/icons\/icon-facebook.png\"\n\t\t\t\t\t\talt=\"Facebook\"\n\t\t\t\t\t\tsrc=\"https:\/\/flsportscoast.com\/wp-content\/themes\/mm-nino-theme\/assets\/images\/\/pixel.png\">\n\t\t\t\t\t\t<img class=\"hover\" data-load-type=\"img\"\n\t\t\t\t\t\tdata-load-offset=\"lg\"\n\t\t\t\t\t\tdata-load-all=\"https:\/\/flsportscoast.com\/wp-content\/themes\/mm-nino-theme\/assets\/images\/icons\/icon-facebook-hover.png\"\n\t\t\t\t\t\talt=\"Facebook\"\n\t\t\t\t\t\tsrc=\"https:\/\/flsportscoast.com\/wp-content\/themes\/mm-nino-theme\/assets\/images\/\/pixel.png\">\n\t\t\t\t\t<\/a>\n\t\t\t\t\t\t\t\t\t<a class=\"socialLink\" href=\"https:\/\/www.instagram.com\/flsportscoast\/\" target=\"_blank\">\n\t\t\t\t\t\t<img data-load-type=\"img\"\n\t\t\t\t\t\tdata-load-offset=\"lg\"\n\t\t\t\t\t\tdata-load-all=\"https:\/\/flsportscoast.com\/wp-content\/themes\/mm-nino-theme\/assets\/images\/icons\/icon-instagram.png\"\n\t\t\t\t\t\talt=\"Instagram\"\n\t\t\t\t\t\tsrc=\"https:\/\/flsportscoast.com\/wp-content\/themes\/mm-nino-theme\/assets\/images\/\/pixel.png\">\n\t\t\t\t\t\t<img class=\"hover\" data-load-type=\"img\"\n\t\t\t\t\t\tdata-load-offset=\"lg\"\n\t\t\t\t\t\tdata-load-all=\"https:\/\/flsportscoast.com\/wp-content\/themes\/mm-nino-theme\/assets\/images\/icons\/icon-instagram-hover.png\"\n\t\t\t\t\t\talt=\"Instagram\"\n\t\t\t\t\t\tsrc=\"https:\/\/flsportscoast.com\/wp-content\/themes\/mm-nino-theme\/assets\/images\/\/pixel.png\">\n\t\t\t\t\t<\/a>\n\t\t\t\t\t\t\t\t\t<a class=\"socialLink\" href=\"https:\/\/www.pinterest.com\/FLSportsCoast\/\" target=\"_blank\">\n\t\t\t\t\t\t<img data-load-type=\"img\"\n\t\t\t\t\t\tdata-load-offset=\"lg\"\n\t\t\t\t\t\tdata-load-all=\"https:\/\/flsportscoast.com\/wp-content\/themes\/mm-nino-theme\/assets\/images\/icons\/icon-pinterest.png\"\n\t\t\t\t\t\talt=\"pinterest\"\n\t\t\t\t\t\tsrc=\"https:\/\/flsportscoast.com\/wp-content\/themes\/mm-nino-theme\/assets\/images\/\/pixel.png\">\n\t\t\t\t\t\t<img class=\"hover\" data-load-type=\"img\"\n\t\t\t\t\t\tdata-load-offset=\"lg\"\n\t\t\t\t\t\tdata-load-all=\"https:\/\/flsportscoast.com\/wp-content\/themes\/mm-nino-theme\/assets\/images\/icons\/icon-pinterest-hover.png\"\n\t\t\t\t\t\talt=\"pinterest\"\n\t\t\t\t\t\tsrc=\"https:\/\/flsportscoast.com\/wp-content\/themes\/mm-nino-theme\/assets\/images\/\/pixel.png\">\n\t\t\t\t\t<\/a>\n\t\t\t\t\t\t\t\t\t<a class=\"socialLink\" href=\"https:\/\/www.twitter.com\/flsportscoast\" target=\"_blank\">\n\t\t\t\t\t\t<img data-load-type=\"img\"\n\t\t\t\t\t\tdata-load-offset=\"lg\"\n\t\t\t\t\t\tdata-load-all=\"https:\/\/flsportscoast.com\/wp-content\/themes\/mm-nino-theme\/assets\/images\/icons\/icon-twitter.png\"\n\t\t\t\t\t\talt=\"Twitter\"\n\t\t\t\t\t\tsrc=\"https:\/\/flsportscoast.com\/wp-content\/themes\/mm-nino-theme\/assets\/images\/\/pixel.png\">\n\t\t\t\t\t\t<img class=\"hover\" data-load-type=\"img\"\n\t\t\t\t\t\tdata-load-offset=\"lg\"\n\t\t\t\t\t\tdata-load-all=\"https:\/\/flsportscoast.com\/wp-content\/themes\/mm-nino-theme\/assets\/images\/icons\/icon-twitter-hover.png\"\n\t\t\t\t\t\talt=\"Twitter\"\n\t\t\t\t\t\tsrc=\"https:\/\/flsportscoast.com\/wp-content\/themes\/mm-nino-theme\/assets\/images\/\/pixel.png\">\n\t\t\t\t\t<\/a>\n\t\t\t\t\t\t\t\t\t<a class=\"socialLink\" href=\"https:\/\/www.youtube.com\/channel\/UCJNh4zCnO3RPH6D9NPAoyGQ?view_as=subscriber\" target=\"_blank\">\n\t\t\t\t\t\t<img data-load-type=\"img\"\n\t\t\t\t\t\tdata-load-offset=\"lg\"\n\t\t\t\t\t\tdata-load-all=\"https:\/\/flsportscoast.com\/wp-content\/themes\/mm-nino-theme\/assets\/images\/icons\/icon-youtube.png\"\n\t\t\t\t\t\talt=\"Youtube\"\n\t\t\t\t\t\tsrc=\"https:\/\/flsportscoast.com\/wp-content\/themes\/mm-nino-theme\/assets\/images\/\/pixel.png\">\n\t\t\t\t\t\t<img class=\"hover\" data-load-type=\"img\"\n\t\t\t\t\t\tdata-load-offset=\"lg\"\n\t\t\t\t\t\tdata-load-all=\"https:\/\/flsportscoast.com\/wp-content\/themes\/mm-nino-theme\/assets\/images\/icons\/icon-youtube-hover.png\"\n\t\t\t\t\t\talt=\"Youtube\"\n\t\t\t\t\t\tsrc=\"https:\/\/flsportscoast.com\/wp-content\/themes\/mm-nino-theme\/assets\/images\/\/pixel.png\">\n\t\t\t\t\t<\/a>\n\t\t\t\t\t\t\t<\/div>\n\t\t\t\t\t\t\t<div class=\"crowdriff\">\n\t\t\t\t\t<script id=\"cr-init__5f0ff1f5f3195683\" src=\"https:\/\/starling.crowdriff.com\/js\/crowdriff.js\" async><\/script>\t\t\t\t<\/div>\n\t\t\t\t\t<\/div>\n\t<\/section>\n\t\n\n<script type=\"text\/javascript\">\n\/* <![CDATA[ *\/\nvar gform;gform||(document.addEventListener(\"gform_main_scripts_loaded\",function(){gform.scriptsLoaded=!0}),document.addEventListener(\"gform\/theme\/scripts_loaded\",function(){gform.themeScriptsLoaded=!0}),window.addEventListener(\"DOMContentLoaded\",function(){gform.domLoaded=!0}),gform={domLoaded:!1,scriptsLoaded:!1,themeScriptsLoaded:!1,isFormEditor:()=>\"function\"==typeof InitializeEditor,callIfLoaded:function(o){return!(!gform.domLoaded||!gform.scriptsLoaded||!gform.themeScriptsLoaded&&!gform.isFormEditor()||(gform.isFormEditor()&&console.warn(\"The use of gform.initializeOnLoaded() is deprecated in the form editor context and will be removed in Gravity Forms 3.1.\"),o(),0))},initializeOnLoaded:function(o){gform.callIfLoaded(o)||(document.addEventListener(\"gform_main_scripts_loaded\",()=>{gform.scriptsLoaded=!0,gform.callIfLoaded(o)}),document.addEventListener(\"gform\/theme\/scripts_loaded\",()=>{gform.themeScriptsLoaded=!0,gform.callIfLoaded(o)}),window.addEventListener(\"DOMContentLoaded\",()=>{gform.domLoaded=!0,gform.callIfLoaded(o)}))},hooks:{action:{},filter:{}},addAction:function(o,r,e,t){gform.addHook(\"action\",o,r,e,t)},addFilter:function(o,r,e,t){gform.addHook(\"filter\",o,r,e,t)},doAction:function(o){gform.doHook(\"action\",o,arguments)},applyFilters:function(o){return gform.doHook(\"filter\",o,arguments)},removeAction:function(o,r){gform.removeHook(\"action\",o,r)},removeFilter:function(o,r,e){gform.removeHook(\"filter\",o,r,e)},addHook:function(o,r,e,t,n){null==gform.hooks[o][r]&&(gform.hooks[o][r]=[]);var d=gform.hooks[o][r];null==n&&(n=r+\"_\"+d.length),gform.hooks[o][r].push({tag:n,callable:e,priority:t=null==t?10:t})},doHook:function(r,o,e){var t;if(e=Array.prototype.slice.call(e,1),null!=gform.hooks[r][o]&&((o=gform.hooks[r][o]).sort(function(o,r){return o.priority-r.priority}),o.forEach(function(o){\"function\"!=typeof(t=o.callable)&&(t=window[t]),\"action\"==r?t.apply(null,e):e[0]=t.apply(null,e)})),\"filter\"==r)return e[0]},removeHook:function(o,r,t,n){var e;null!=gform.hooks[o][r]&&(e=(e=gform.hooks[o][r]).filter(function(o,r,e){return!!(null!=n&&n!=o.tag||null!=t&&t!=o.priority)}),gform.hooks[o][r]=e)}});\n\/* ]]> *\/\n<\/script>\n\n                <div class='gf_browser_gecko gform_wrapper gravity-theme gform-theme--no-framework' data-form-theme='gravity-theme' data-form-index='0' id='gform_wrapper_1' >\n                        <div class='gform_heading'>\n                            <h2 class=\"gform_title\">Inscrivez-vous aux mises \u00e0 jour par e-mail<\/h2>\n                            <p class='gform_description'>Formulaire de page d&#039;accueil<\/p>\n                        <\/div><form method='post' enctype='multipart\/form-data'  id='gform_1'  action='\/fr\/wp-json\/wp\/v2\/pages\/73' data-formid='1' novalidate data-trp-original-action=\"\/fr\/wp-json\/wp\/v2\/pages\/73\">\n                        <div class='gform-body gform_body'><div id='gform_fields_1' class='gform_fields top_label form_sublabel_below description_below validation_below'><div id=\"field_1_3\" class=\"gfield gfield--type-email gfield--width-full field_sublabel_below gfield--no-description field_description_below field_validation_below gfield_visibility_visible\"  ><label class='gfield_label gform-field-label' for='input_1_3'>E-mail<\/label><div class='ginput_container ginput_container_email'>\n                            <input name='input_3' id='input_1_3' type='email' value='' class='large'   placeholder='youremail@email.com'  aria-invalid=\"false\"  \/>\n                        <\/div><\/div><\/div><\/div>\n        <div class='gform-footer gform_footer top_label'> <input type='submit' id='gform_submit_button_1' class='gform_button button' onclick='gform.submission.handleButtonClick(this);' data-submission-type='submit' value='Soumettre'  \/> \n            <input type='hidden' class='gform_hidden' name='gform_submission_method' data-js='gform_submission_method_1' value='postback' \/>\n            <input type='hidden' class='gform_hidden' name='gform_theme' data-js='gform_theme_1' id='gform_theme_1' value='gravity-theme' \/>\n            <input type='hidden' class='gform_hidden' name='gform_style_settings' data-js='gform_style_settings_1' id='gform_style_settings_1' value='[]' \/>\n            <input type='hidden' class='gform_hidden' name='is_submit_1' value='1' \/>\n            <input type='hidden' class='gform_hidden' name='gform_submit' value='1' \/>\n            \n            <input type='hidden' class='gform_hidden' name='gform_unique_id' value='' \/>\n            <input type='hidden' class='gform_hidden' name='state_1' value='WyJbXSIsIjU3MTYwYzAyNmQ4YzgwMmIyMWM0YzQ1MmU0MDk2OGNkIl0=' \/>\n            <input type='hidden' autocomplete='off' class='gform_hidden' name='gform_target_page_number_1' id='gform_target_page_number_1' value='0' \/>\n            <input type='hidden' autocomplete='off' class='gform_hidden' name='gform_source_page_number_1' id='gform_source_page_number_1' value='1' \/>\n            <input type='hidden' name='gform_field_values' value='' \/>\n            \n        <\/div>\n                        <p style=\"display: none !important;\" class=\"akismet-fields-container\" data-prefix=\"ak_\"><label>\u0394<textarea name=\"ak_hp_textarea\" cols=\"45\" rows=\"8\" maxlength=\"100\"><\/textarea><\/label><input type=\"hidden\" id=\"ak_js_1\" name=\"ak_js\" value=\"99\"\/><script>document.getElementById( \"ak_js_1\" ).setAttribute( \"value\", ( new Date() ).getTime() );<\/script><\/p><input type=\"hidden\" name=\"trp-form-language\" value=\"fr\"\/><\/form>\n                        <\/div><script type=\"text\/javascript\">\n\/* <![CDATA[ *\/\n gform.initializeOnLoaded( function() {gformInitSpinner( 1, 'https:\/\/flsportscoast.com\/wp-content\/plugins\/gravityforms\/images\/spinner.svg', true );jQuery('#gform_ajax_frame_1').on('load',function(){var contents = jQuery(this).contents().find('*').html();var is_postback = contents.indexOf('GF_AJAX_POSTBACK') >= 0;if(!is_postback){return;}var form_content = jQuery(this).contents().find('#gform_wrapper_1');var is_confirmation = jQuery(this).contents().find('#gform_confirmation_wrapper_1').length > 0;var is_redirect = contents.indexOf('gformRedirect(){') >= 0;var is_form = form_content.length > 0 && ! is_redirect && ! is_confirmation;var mt = parseInt(jQuery('html').css('margin-top'), 10) + parseInt(jQuery('body').css('margin-top'), 10) + 100;if(is_form){jQuery('#gform_wrapper_1').html(form_content.html());if(form_content.hasClass('gform_validation_error')){jQuery('#gform_wrapper_1').addClass('gform_validation_error');} else {jQuery('#gform_wrapper_1').removeClass('gform_validation_error');}setTimeout( function() { \/* delay the scroll by 50 milliseconds to fix a bug in chrome *\/  }, 50 );if(window['gformInitDatepicker']) {gformInitDatepicker();}if(window['gformInitPriceFields']) {gformInitPriceFields();}var current_page = jQuery('#gform_source_page_number_1').val();gformInitSpinner( 1, 'https:\/\/flsportscoast.com\/wp-content\/plugins\/gravityforms\/images\/spinner.svg', true );jQuery(document).trigger('gform_page_loaded', [1, current_page]);window['gf_submitting_1'] = false;}else if(!is_redirect){var confirmation_content = jQuery(this).contents().find('.GF_AJAX_POSTBACK').html();if(!confirmation_content){confirmation_content = contents;}jQuery('#gform_wrapper_1').replaceWith(confirmation_content);jQuery(document).trigger('gform_confirmation_loaded', [1]);window['gf_submitting_1'] = false;wp.a11y.speak(jQuery('#gform_confirmation_message_1').text());}else{jQuery('#gform_1').append(contents);if(window['gformRedirect']) {gformRedirect();}}jQuery(document).trigger(\"gform_pre_post_render\", [{ formId: \"1\", currentPage: \"current_page\", abort: function() { this.preventDefault(); } }]);        if (event && event.defaultPrevented) {                return;        }        const gformWrapperDiv = document.getElementById( \"gform_wrapper_1\" );        if ( gformWrapperDiv ) {            const visibilitySpan = document.createElement( \"span\" );            visibilitySpan.id = \"gform_visibility_test_1\";            gformWrapperDiv.insertAdjacentElement( \"afterend\", visibilitySpan );        }        const visibilityTestDiv = document.getElementById( \"gform_visibility_test_1\" );        let postRenderFired = false;        function triggerPostRender() {            if ( postRenderFired ) {                return;            }            postRenderFired = true;            gform.core.triggerPostRenderEvents( 1, current_page );            if ( visibilityTestDiv ) {                visibilityTestDiv.parentNode.removeChild( visibilityTestDiv );            }        }        function debounce( func, wait, immediate ) {            var timeout;            return function() {                var context = this, args = arguments;                var later = function() {                    timeout = null;                    if ( !immediate ) func.apply( context, args );                };                var callNow = immediate && !timeout;                clearTimeout( timeout );                timeout = setTimeout( later, wait );                if ( callNow ) func.apply( context, args );            };        }        const debouncedTriggerPostRender = debounce( function() {            triggerPostRender();        }, 200 );        if ( visibilityTestDiv && visibilityTestDiv.offsetParent === null ) {            const observer = new MutationObserver( ( mutations ) => {                mutations.forEach( ( mutation ) => {                    if ( mutation.type === 'attributes' && visibilityTestDiv.offsetParent !== null ) {                        debouncedTriggerPostRender();                        observer.disconnect();                    }                });            });            observer.observe( document.body, {                attributes: true,                childList: false,                subtree: true,                attributeFilter: [ 'style', 'class' ],            });        } else {            triggerPostRender();        }    } );} ); \n\/* ]]> *\/\n<\/script>","protected":false},"excerpt":{"rendered":"<p>Vue m\u00e9t\u00e9o en direct<\/p>\n<p>M\u00c9T\u00c9O DU COMT\u00c9 DE PASCO<\/p>","protected":false},"author":1,"featured_media":0,"parent":0,"menu_order":0,"comment_status":"closed","ping_status":"closed","template":"","meta":{"_acf_changed":false,"wprm-recipe-roundup-name":"","wprm-recipe-roundup-description":"","footnotes":""},"categories":[],"tags":[],"class_list":["post-73","page","type-page","status-publish","hentry"],"acf":[],"yoast_head":"<!-- This site is optimized with the Yoast SEO plugin v24.1 - https:\/\/yoast.com\/wordpress\/plugins\/seo\/ -->\n<title>Live Weather Update | Florida&#039;s Sports Coast<\/title>\n<meta name=\"description\" content=\"View the weather in Pasco County, FL, in real time as well as find the weather forecast for the next week.\" \/>\n<meta name=\"robots\" content=\"index, follow, max-snippet:-1, max-image-preview:large, max-video-preview:-1\" \/>\n<link rel=\"canonical\" href=\"https:\/\/flsportscoast.com\/fr\/live-weather-view\/\" \/>\n<meta property=\"og:locale\" content=\"fr_FR\" \/>\n<meta property=\"og:type\" content=\"article\" \/>\n<meta property=\"og:title\" content=\"Live Weather Update | Florida&#039;s Sports Coast\" \/>\n<meta property=\"og:description\" content=\"View the weather in Pasco County, FL, in real time as well as find the weather forecast for the next week.\" \/>\n<meta property=\"og:url\" content=\"https:\/\/flsportscoast.com\/fr\/live-weather-view\/\" \/>\n<meta property=\"og:site_name\" content=\"Florida&#039;s Sports Coast\" \/>\n<meta property=\"article:publisher\" content=\"https:\/\/www.facebook.com\/FLSportsCoast\/\" \/>\n<meta property=\"article:modified_time\" content=\"2022-12-19T15:04:03+00:00\" \/>\n<meta name=\"twitter:card\" content=\"summary_large_image\" \/>\n<meta name=\"twitter:site\" content=\"@FLSportsCoast\" \/>\n<meta name=\"twitter:label1\" content=\"Est. reading time\" \/>\n\t<meta name=\"twitter:data1\" content=\"1 minute\" \/>\n<script type=\"application\/ld+json\" class=\"yoast-schema-graph\">{\"@context\":\"https:\/\/schema.org\",\"@graph\":[{\"@type\":\"WebPage\",\"@id\":\"https:\/\/flsportscoast.com\/live-weather-view\/\",\"url\":\"https:\/\/flsportscoast.com\/live-weather-view\/\",\"name\":\"Live Weather Update | Florida's Sports Coast\",\"isPartOf\":{\"@id\":\"https:\/\/flsportscoast.com\/#website\"},\"datePublished\":\"2022-02-01T13:02:39+00:00\",\"dateModified\":\"2022-12-19T15:04:03+00:00\",\"description\":\"View the weather in Pasco County, FL, in real time as well as find the weather forecast for the next week.\",\"breadcrumb\":{\"@id\":\"https:\/\/flsportscoast.com\/live-weather-view\/#breadcrumb\"},\"inLanguage\":\"fr-FR\",\"potentialAction\":[{\"@type\":\"ReadAction\",\"target\":[\"https:\/\/flsportscoast.com\/live-weather-view\/\"]}]},{\"@type\":\"BreadcrumbList\",\"@id\":\"https:\/\/flsportscoast.com\/live-weather-view\/#breadcrumb\",\"itemListElement\":[{\"@type\":\"ListItem\",\"position\":1,\"name\":\"Home\",\"item\":\"https:\/\/flsportscoast.com\/\"},{\"@type\":\"ListItem\",\"position\":2,\"name\":\"Weather Update\"}]},{\"@type\":\"WebSite\",\"@id\":\"https:\/\/flsportscoast.com\/#website\",\"url\":\"https:\/\/flsportscoast.com\/\",\"name\":\"Florida&#039;s Sports Coast\",\"description\":\"\",\"publisher\":{\"@id\":\"https:\/\/flsportscoast.com\/#organization\"},\"potentialAction\":[{\"@type\":\"SearchAction\",\"target\":{\"@type\":\"EntryPoint\",\"urlTemplate\":\"https:\/\/flsportscoast.com\/?s={search_term_string}\"},\"query-input\":{\"@type\":\"PropertyValueSpecification\",\"valueRequired\":true,\"valueName\":\"search_term_string\"}}],\"inLanguage\":\"fr-FR\"},{\"@type\":\"Organization\",\"@id\":\"https:\/\/flsportscoast.com\/#organization\",\"name\":\"Florida Sports Coast\",\"url\":\"https:\/\/flsportscoast.com\/\",\"logo\":{\"@type\":\"ImageObject\",\"inLanguage\":\"fr-FR\",\"@id\":\"https:\/\/flsportscoast.com\/#\/schema\/logo\/image\/\",\"url\":\"https:\/\/flsportscoast.com\/wp-content\/uploads\/2022\/07\/fl-sports-coast-logo-color.png\",\"contentUrl\":\"https:\/\/flsportscoast.com\/wp-content\/uploads\/2022\/07\/fl-sports-coast-logo-color.png\",\"width\":1028,\"height\":1028,\"caption\":\"Florida Sports Coast\"},\"image\":{\"@id\":\"https:\/\/flsportscoast.com\/#\/schema\/logo\/image\/\"},\"sameAs\":[\"https:\/\/www.facebook.com\/FLSportsCoast\/\",\"https:\/\/x.com\/FLSportsCoast\",\"https:\/\/www.pinterest.com\/FLSportsCoast\/\",\"https:\/\/www.instagram.com\/flsportscoast\/\",\"https:\/\/www.youtube.com\/channel\/UCJNh4zCnO3RPH6D9NPAoyGQ\"]}]}<\/script>\n<!-- \/ Yoast SEO plugin. -->","yoast_head_json":{"title":"Mise \u00e0 jour m\u00e9t\u00e9o en direct | La c\u00f4te sportive de la Floride","description":"Consultez la m\u00e9t\u00e9o dans le comt\u00e9 de Pasco, en Floride, en temps r\u00e9el, ainsi que les pr\u00e9visions m\u00e9t\u00e9orologiques pour la semaine prochaine.","robots":{"index":"index","follow":"follow","max-snippet":"max-snippet:-1","max-image-preview":"max-image-preview:large","max-video-preview":"max-video-preview:-1"},"canonical":"https:\/\/flsportscoast.com\/fr\/live-weather-view\/","og_locale":"fr_FR","og_type":"article","og_title":"Live Weather Update | Florida's Sports Coast","og_description":"View the weather in Pasco County, FL, in real time as well as find the weather forecast for the next week.","og_url":"https:\/\/flsportscoast.com\/fr\/live-weather-view\/","og_site_name":"Florida&#039;s Sports Coast","article_publisher":"https:\/\/www.facebook.com\/FLSportsCoast\/","article_modified_time":"2022-12-19T15:04:03+00:00","twitter_card":"summary_large_image","twitter_site":"@FLSportsCoast","twitter_misc":{"Est. reading time":"1 minute"},"schema":{"@context":"https:\/\/schema.org","@graph":[{"@type":"WebPage","@id":"https:\/\/flsportscoast.com\/live-weather-view\/","url":"https:\/\/flsportscoast.com\/live-weather-view\/","name":"Mise \u00e0 jour m\u00e9t\u00e9o en direct | La c\u00f4te sportive de la Floride","isPartOf":{"@id":"https:\/\/flsportscoast.com\/#website"},"datePublished":"2022-02-01T13:02:39+00:00","dateModified":"2022-12-19T15:04:03+00:00","description":"Consultez la m\u00e9t\u00e9o dans le comt\u00e9 de Pasco, en Floride, en temps r\u00e9el, ainsi que les pr\u00e9visions m\u00e9t\u00e9orologiques pour la semaine prochaine.","breadcrumb":{"@id":"https:\/\/flsportscoast.com\/live-weather-view\/#breadcrumb"},"inLanguage":"fr-FR","potentialAction":[{"@type":"ReadAction","target":["https:\/\/flsportscoast.com\/live-weather-view\/"]}]},{"@type":"BreadcrumbList","@id":"https:\/\/flsportscoast.com\/live-weather-view\/#breadcrumb","itemListElement":[{"@type":"ListItem","position":1,"name":"Home","item":"https:\/\/flsportscoast.com\/"},{"@type":"ListItem","position":2,"name":"Weather Update"}]},{"@type":"WebSite","@id":"https:\/\/flsportscoast.com\/#website","url":"https:\/\/flsportscoast.com\/","name":"La c\u00f4te sportive de la Floride","description":"","publisher":{"@id":"https:\/\/flsportscoast.com\/#organization"},"potentialAction":[{"@type":"SearchAction","target":{"@type":"EntryPoint","urlTemplate":"https:\/\/flsportscoast.com\/?s={search_term_string}"},"query-input":{"@type":"PropertyValueSpecification","valueRequired":true,"valueName":"search_term_string"}}],"inLanguage":"fr-FR"},{"@type":"Organization","@id":"https:\/\/flsportscoast.com\/#organization","name":"C\u00f4te sportive de la Floride","url":"https:\/\/flsportscoast.com\/","logo":{"@type":"ImageObject","inLanguage":"fr-FR","@id":"https:\/\/flsportscoast.com\/#\/schema\/logo\/image\/","url":"https:\/\/flsportscoast.com\/wp-content\/uploads\/2022\/07\/fl-sports-coast-logo-color.png","contentUrl":"https:\/\/flsportscoast.com\/wp-content\/uploads\/2022\/07\/fl-sports-coast-logo-color.png","width":1028,"height":1028,"caption":"Florida Sports Coast"},"image":{"@id":"https:\/\/flsportscoast.com\/#\/schema\/logo\/image\/"},"sameAs":["https:\/\/www.facebook.com\/FLSportsCoast\/","https:\/\/x.com\/FLSportsCoast","https:\/\/www.pinterest.com\/FLSportsCoast\/","https:\/\/www.instagram.com\/flsportscoast\/","https:\/\/www.youtube.com\/channel\/UCJNh4zCnO3RPH6D9NPAoyGQ"]}]}},"meta_fields":{"_edit_lock":"1728521479:1","_edit_last":"1","_yoast_wpseo_content_score":"90","_yoast_wpseo_estimated-reading-time-minutes":"1","_wp_page_template":"default","_yoast_wpseo_title":"Live Weather Update | Florida's Sports Coast","_yoast_wpseo_metadesc":"View the weather in Pasco County, FL, in real time as well as find the weather forecast for the next week."},"thumb_url":false,"_links":{"self":[{"href":"https:\/\/flsportscoast.com\/fr\/wp-json\/wp\/v2\/pages\/73","targetHints":{"allow":["GET"]}}],"collection":[{"href":"https:\/\/flsportscoast.com\/fr\/wp-json\/wp\/v2\/pages"}],"about":[{"href":"https:\/\/flsportscoast.com\/fr\/wp-json\/wp\/v2\/types\/page"}],"author":[{"embeddable":true,"href":"https:\/\/flsportscoast.com\/fr\/wp-json\/wp\/v2\/users\/1"}],"replies":[{"embeddable":true,"href":"https:\/\/flsportscoast.com\/fr\/wp-json\/wp\/v2\/comments?post=73"}],"version-history":[{"count":11,"href":"https:\/\/flsportscoast.com\/fr\/wp-json\/wp\/v2\/pages\/73\/revisions"}],"predecessor-version":[{"id":233168,"href":"https:\/\/flsportscoast.com\/fr\/wp-json\/wp\/v2\/pages\/73\/revisions\/233168"}],"wp:attachment":[{"href":"https:\/\/flsportscoast.com\/fr\/wp-json\/wp\/v2\/media?parent=73"}],"wp:term":[{"taxonomy":"category","embeddable":true,"href":"https:\/\/flsportscoast.com\/fr\/wp-json\/wp\/v2\/categories?post=73"},{"taxonomy":"post_tag","embeddable":true,"href":"https:\/\/flsportscoast.com\/fr\/wp-json\/wp\/v2\/tags?post=73"}],"curies":[{"name":"wp","href":"https:\/\/api.w.org\/{rel}","templated":true}]}}