{"id":232083,"date":"2024-06-11T15:58:10","date_gmt":"2024-06-11T19:58:10","guid":{"rendered":"https:\/\/flsportscoast.com\/?page_id=232083"},"modified":"2024-06-11T16:03:32","modified_gmt":"2024-06-11T20:03:32","slug":"july-fun-pack-giveaway-terms-and-conditions","status":"publish","type":"page","link":"https:\/\/flsportscoast.com\/fr\/july-fun-pack-giveaway-terms-and-conditions\/","title":{"rendered":"Cadeau Fun Pack de juillet \u2013 Termes et conditions"},"content":{"rendered":"<h2 class=\"wp-block-heading has-text-align-center has-deep-blue-color has-text-color\" id=\"official-rule\">R\u00e8gles officielles <\/h2>\n\n\n\n<h2 class=\"wp-block-heading has-text-align-center has-deep-blue-color has-text-color\" id=\"official-rule\">Pas d&#039;achat n\u00e9cessaire<\/h2>\n\n\n\n<h2 class=\"wp-block-heading has-text-align-center has-deep-blue-color has-text-color\" id=\"official-rule\">Nul l\u00e0 o\u00f9 interdit<\/h2>\n\n\n\n<div class=\"wp-block-columns is-layout-flex wp-container-core-columns-is-layout-1 wp-block-columns-is-layout-flex\" style=\"justify-content:center\">\n<div class=\"wp-block-column is-layout-flow wp-block-column-is-layout-flow\" style=\"flex-basis:5%\"><\/div>\n\n\n\n<div class=\"wp-block-column is-layout-flow wp-block-column-is-layout-flow\" style=\"padding-top:5%;padding-right:5%;padding-bottom:5%;padding-left:5%;flex-basis:50%\">\n<ol class=\"wp-block-list\">\n<li>P\u00e9riode de promotion\u00a0: Cette promotion de Florida&#039;s Sports Coast (\u00ab\u00a0Promotion\u00a0\u00bb) commence \u00e0 minuit, heure de l&#039;Est.<br>Heure (\u00ab HE \u00bb) le 12 juin 2024 et se termine \u00e0 23 h 59 HE le ou vers le 21 juin 2024 (\u00ab P\u00e9riode de promotion \u00bb).<\/li>\n\n\n\n<li>Admissibilit\u00e9\u00a0: Ouvert uniquement aux r\u00e9sidents l\u00e9gaux des \u00c9tats-Unis \u00e2g\u00e9s de 21\u00a0ans ou plus \u00e0 la date d&#039;entr\u00e9e. Employ\u00e9s de Florida&#039;s Sports Coast\/Pasco County, Floride (\u00ab Commanditaire \u00bb), et l&#039;un de ses affili\u00e9s, soci\u00e9t\u00e9s m\u00e8res, filiales fournisseurs de prix et agences de publicit\u00e9 et de promotion associ\u00e9es \u00e0 la Promotion (collectivement, \u00ab Entit\u00e9s de Promotion \u00bb), et membres de leurs les membres de la famille (conjoints, parents, enfants, fr\u00e8res et s\u0153urs et leurs conjoints) et\/ou ceux vivant dans le m\u00eame foyer de chacun de ces employ\u00e9s ne sont pas \u00e9ligibles. Nul l\u00e0 o\u00f9 la loi l\u2019interdit ou le restreint. Sous r\u00e9serve de toutes les lois, ordonnances et r\u00e9glementations f\u00e9d\u00e9rales, \u00e9tatiques et locales applicables. Il faut avoir 21 ans ou plus pour recevoir le prix Pilsner. En participant \u00e0 la promotion, les participants acceptent d&#039;\u00eatre li\u00e9s par le pr\u00e9sent r\u00e8glement officiel.<\/li>\n\n\n\n<li>Comment participer : Pour participer, pendant la p\u00e9riode de promotion, une personne doit aimer la publication officielle du concours sur Facebook et : 1) Partager des projets passionnants pour le 4 juillet dans les commentaires. 2) Identifiez DEUX amis dans les commentaires. 3) Suivez-nous sur Facebook ET Instagram. 4) ENTR\u00c9E BONUS, ajoutez ce post \u00e0 votre story. Chaque publication sur les r\u00e9seaux sociaux sera inscrite au tirage au sort pour courir la chance de gagner le grand prix. Limite de cinq (5) participations par personne pendant la p\u00e9riode de promotion.<\/li>\n\n\n\n<li>Notification\/v\u00e9rification des gagnants\u00a0: Le gagnant potentiel du grand prix sera inform\u00e9 via l&#039;histoire Facebook. Le Sponsor se r\u00e9serve le droit d&#039;annuler, de suspendre et\/ou de modifier la Promotion, ou toute partie de celle-ci, si une fraude, une d\u00e9faillance technique ou tout autre facteur \u00e9chappant au contr\u00f4le raisonnable du Sponsor porte atteinte \u00e0 l&#039;int\u00e9grit\u00e9 ou au bon fonctionnement de la Promotion, tel que d\u00e9termin\u00e9 par le Sponsor dans \u00e0 sa seule discr\u00e9tion, et en cas d&#039;annulation, le grand prix sera attribu\u00e9 par tirage au sort parmi toutes les participations admissibles re\u00e7ues conform\u00e9ment au pr\u00e9sent r\u00e8glement officiel avant l&#039;annulation. Le fait que le sponsor ne fasse pas appliquer une disposition du pr\u00e9sent r\u00e8glement officiel ne constitue pas une renonciation \u00e0 cette disposition.<br>AVERTISSEMENT\u00a0: TOUTE TENTATIVE PAR UN PARTICIPANT OU TOUTE AUTRE PERSONNE D&#039;ENDOMMAGER D\u00c9LIB\u00c9R\u00c9MENT UN SITE WEB OU UNE PAGE DE M\u00c9DIAS SOCIAUX ASSOCI\u00c9S \u00c0 CETTE PROMOTION OU DE NUIRE AU FONCTIONNEMENT L\u00c9GITIME DE LA PROMOTION PEUT CONSTITUER UNE VIOLATION DU DROIT P\u00c9NAL ET CIVIL\u00a0; SI UNE TELLE TENTATIVE EST FAITE, LE COMMANDITAIRE SE R\u00c9SERVE LE DROIT DE POURSUIVRE ET DE DEMANDER DES DOMMAGES \u00c0 UNE TELLE PERSONNE DANS TOUTE LA MESURE AUTORIS\u00c9E PAR LA LOI. Le commanditaire se r\u00e9serve le droit, \u00e0 sa seule discr\u00e9tion, de disqualifier toute personne qu&#039;il trouve : en train de tenter de falsifier ou de saper le processus de participation et\/ou le fonctionnement l\u00e9gitime de la promotion ; violer le r\u00e8glement officiel\u00a0; ou, d&#039;agir de mani\u00e8re antisportive ou perturbatrice ou avec l&#039;intention d&#039;ennuyer, d&#039;abuser, de menacer ou de harceler toute autre personne. Si, pour une raison quelconque, la promotion n&#039;est pas en mesure de se d\u00e9rouler comme pr\u00e9vu, le commanditaire peut, \u00e0 sa seule discr\u00e9tion, annuler toute participation suspecte et (a) modifier la promotion ou suspendre la promotion pour rem\u00e9dier \u00e0 la d\u00e9ficience, puis reprendre la promotion dans un la mani\u00e8re la plus conforme \u00e0 l&#039;esprit de<br>ces r\u00e8gles officielles\u00a0; ou (b) attribuer le grand prix au hasard parmi toutes les participations admissibles re\u00e7ues conform\u00e9ment \u00e0<br>ce r\u00e8glement officiel avant l&#039;annulation.<\/li>\n\n\n\n<li>Garanties et d\u00e9clarations\u00a0; Exon\u00e9ration de responsabilit\u00e9\u00a0: Vous (gagnant) d\u00e9tenez par la pr\u00e9sente le commanditaire et chacun des<br>Entit\u00e9s de promotion et chacun de leurs dirigeants, administrateurs, membres, g\u00e9rants, employ\u00e9s, agents,<br>repr\u00e9sentants, successeurs et ayants droit (les \u00ab\u00a0Parties lib\u00e9r\u00e9es\u00a0\u00bb) indemnes de et contre toute r\u00e9clamation de tiers<br>r\u00e9sultant de l&#039;utilisation de toute participation et vous renoncez \u00e0 tout droit d&#039;inspecter ou d&#039;approuver les utilisations de votre participation par le commanditaire dans<br>dans le cadre de la Promotion ou d&#039;\u00eatre r\u00e9mun\u00e9r\u00e9 pour de telles utilisations. La participation \u00e0 la Promotion constitue<br>autorisation au commanditaire d&#039;utiliser le nom et l&#039;adresse d&#039;un gagnant et de son invit\u00e9 dans le cadre de l&#039;administration<br>de la Promotion uniquement et tel que requis par la loi. En participant \u00e0 la promotion, le participant accepte que les parties lib\u00e9r\u00e9es n&#039;auront aucune responsabilit\u00e9 de quelque nature que ce soit et seront tenues indemnes par le participant pour toute responsabilit\u00e9 pour toute blessure corporelle, perte ou dommage de toute nature aux personnes, y compris la mort, et aux biens, dus \u00e0 en tout ou en partie, directement ou indirectement, de la participation, de l&#039;acceptation, de la possession, de l&#039;utilisation ou de la mauvaise utilisation du grand prix ou d&#039;un \u00e9l\u00e9ment de celui-ci, le cas \u00e9ch\u00e9ant, ou de la participation \u00e0 la promotion ou de la participation \u00e0 toute activit\u00e9 li\u00e9e \u00e0 la promotion. Vous d\u00e9clarez et garantissez par la pr\u00e9sente que vous avez lu le pr\u00e9sent r\u00e8glement officiel et que vous connaissez parfaitement<br>leur contenu et acceptez d&#039;\u00eatre li\u00e9 par eux.<\/li>\n\n\n\n<li>Litiges\u00a0: les participants et les gagnants acceptent que tous les probl\u00e8mes et questions concernant la construction, la validit\u00e9, l&#039;interpr\u00e9tation et le caract\u00e8re ex\u00e9cutoire de la promotion ou du \u00ab\u00a0July Fun Pack Giveaway\u00a0\u00bb seront r\u00e9gis par et conform\u00e9ment aux conditions g\u00e9n\u00e9rales de Florida&#039;s Sports Coast.<\/li>\n\n\n\n<li>Sponsor\/Administrateur\u00a0:\u00a0Le sponsor de la promotion est Florida&#039;s Sports Coast\/Pasco County, Floride,<br>1938, boulevard Duck Slough. Trinit\u00e9, Floride 34655. <\/li>\n<\/ol>\n\n\n\n<p class=\"has-text-align-center\">Cette promotion n&#039;est en aucun cas sponsoris\u00e9e, approuv\u00e9e ou administr\u00e9e par, ou associ\u00e9e \u00e0 Facebook, Twitter ou Instagram. Vous comprenez que vous fournissez vos informations au sponsor, et non \u00e0 Facebook, Twitter ou Instagram.<\/p>\n<\/div>\n\n\n\n<div class=\"wp-block-column is-layout-flow wp-block-column-is-layout-flow\" style=\"flex-basis:5%\"><\/div>\n<\/div>","protected":false},"excerpt":{"rendered":"<p>Cette promotion n&#039;est en aucun cas sponsoris\u00e9e, approuv\u00e9e ou administr\u00e9e par, ou associ\u00e9e \u00e0 Facebook, Twitter\u2026<\/p>","protected":false},"author":8,"featured_media":0,"parent":0,"menu_order":0,"comment_status":"closed","ping_status":"closed","template":"","meta":{"_acf_changed":false,"wprm-recipe-roundup-name":"","wprm-recipe-roundup-description":"","footnotes":""},"categories":[],"tags":[],"class_list":["post-232083","page","type-page","status-publish","hentry"],"acf":[],"yoast_head":"<!-- This site is optimized with the Yoast SEO plugin v24.1 - https:\/\/yoast.com\/wordpress\/plugins\/seo\/ -->\n<title>July Fun Pack Giveaway - Terms and Conditions | Florida&#039;s Sports Coast<\/title>\n<meta name=\"description\" content=\"Official Rules No Purchase Necessary Void Where Prohibited Promotion Period: This Florida\u2019s Sports Coast promotion (\u201cPromotion\u201d) begins at 12:00 AM\" \/>\n<meta name=\"robots\" content=\"index, follow, max-snippet:-1, max-image-preview:large, max-video-preview:-1\" \/>\n<link rel=\"canonical\" href=\"https:\/\/flsportscoast.com\/fr\/july-fun-pack-giveaway-terms-and-conditions\/\" \/>\n<meta property=\"og:locale\" content=\"fr_FR\" \/>\n<meta property=\"og:type\" content=\"article\" \/>\n<meta property=\"og:title\" content=\"July Fun Pack Giveaway - Terms and Conditions | Florida&#039;s Sports Coast\" \/>\n<meta property=\"og:description\" content=\"Official Rules No Purchase Necessary Void Where Prohibited Promotion Period: This Florida\u2019s Sports Coast promotion (\u201cPromotion\u201d) begins at 12:00 AM\" \/>\n<meta property=\"og:url\" content=\"https:\/\/flsportscoast.com\/fr\/july-fun-pack-giveaway-terms-and-conditions\/\" \/>\n<meta property=\"og:site_name\" content=\"Florida&#039;s Sports Coast\" \/>\n<meta property=\"article:publisher\" content=\"https:\/\/www.facebook.com\/FLSportsCoast\/\" \/>\n<meta property=\"article:modified_time\" content=\"2024-06-11T20:03:32+00:00\" \/>\n<meta name=\"twitter:card\" content=\"summary_large_image\" \/>\n<meta name=\"twitter:site\" content=\"@FLSportsCoast\" \/>\n<meta name=\"twitter:label1\" content=\"Est. reading time\" \/>\n\t<meta name=\"twitter:data1\" content=\"5 minutes\" \/>\n<script type=\"application\/ld+json\" class=\"yoast-schema-graph\">{\"@context\":\"https:\/\/schema.org\",\"@graph\":[{\"@type\":\"WebPage\",\"@id\":\"https:\/\/flsportscoast.com\/july-fun-pack-giveaway-terms-and-conditions\/\",\"url\":\"https:\/\/flsportscoast.com\/july-fun-pack-giveaway-terms-and-conditions\/\",\"name\":\"July Fun Pack Giveaway - Terms and Conditions | Florida&#039;s Sports Coast\",\"isPartOf\":{\"@id\":\"https:\/\/flsportscoast.com\/#website\"},\"datePublished\":\"2024-06-11T19:58:10+00:00\",\"dateModified\":\"2024-06-11T20:03:32+00:00\",\"description\":\"Official Rules No Purchase Necessary Void Where Prohibited Promotion Period: This Florida\u2019s Sports Coast promotion (\u201cPromotion\u201d) begins at 12:00 AM\",\"breadcrumb\":{\"@id\":\"https:\/\/flsportscoast.com\/july-fun-pack-giveaway-terms-and-conditions\/#breadcrumb\"},\"inLanguage\":\"fr-FR\",\"potentialAction\":[{\"@type\":\"ReadAction\",\"target\":[\"https:\/\/flsportscoast.com\/july-fun-pack-giveaway-terms-and-conditions\/\"]}]},{\"@type\":\"BreadcrumbList\",\"@id\":\"https:\/\/flsportscoast.com\/july-fun-pack-giveaway-terms-and-conditions\/#breadcrumb\",\"itemListElement\":[{\"@type\":\"ListItem\",\"position\":1,\"name\":\"Home\",\"item\":\"https:\/\/flsportscoast.com\/\"},{\"@type\":\"ListItem\",\"position\":2,\"name\":\"July Fun Pack Giveaway &#8211; Terms and Conditions\"}]},{\"@type\":\"WebSite\",\"@id\":\"https:\/\/flsportscoast.com\/#website\",\"url\":\"https:\/\/flsportscoast.com\/\",\"name\":\"Florida&#039;s Sports Coast\",\"description\":\"\",\"publisher\":{\"@id\":\"https:\/\/flsportscoast.com\/#organization\"},\"potentialAction\":[{\"@type\":\"SearchAction\",\"target\":{\"@type\":\"EntryPoint\",\"urlTemplate\":\"https:\/\/flsportscoast.com\/?s={search_term_string}\"},\"query-input\":{\"@type\":\"PropertyValueSpecification\",\"valueRequired\":true,\"valueName\":\"search_term_string\"}}],\"inLanguage\":\"fr-FR\"},{\"@type\":\"Organization\",\"@id\":\"https:\/\/flsportscoast.com\/#organization\",\"name\":\"Florida Sports Coast\",\"url\":\"https:\/\/flsportscoast.com\/\",\"logo\":{\"@type\":\"ImageObject\",\"inLanguage\":\"fr-FR\",\"@id\":\"https:\/\/flsportscoast.com\/#\/schema\/logo\/image\/\",\"url\":\"https:\/\/flsportscoast.com\/wp-content\/uploads\/2022\/07\/fl-sports-coast-logo-color.png\",\"contentUrl\":\"https:\/\/flsportscoast.com\/wp-content\/uploads\/2022\/07\/fl-sports-coast-logo-color.png\",\"width\":1028,\"height\":1028,\"caption\":\"Florida Sports Coast\"},\"image\":{\"@id\":\"https:\/\/flsportscoast.com\/#\/schema\/logo\/image\/\"},\"sameAs\":[\"https:\/\/www.facebook.com\/FLSportsCoast\/\",\"https:\/\/x.com\/FLSportsCoast\",\"https:\/\/www.pinterest.com\/FLSportsCoast\/\",\"https:\/\/www.instagram.com\/flsportscoast\/\",\"https:\/\/www.youtube.com\/channel\/UCJNh4zCnO3RPH6D9NPAoyGQ\"]}]}<\/script>\n<!-- \/ Yoast SEO plugin. -->","yoast_head_json":{"title":"Cadeau Fun Pack de juillet - Conditions g\u00e9n\u00e9rales | La c\u00f4te sportive de Floride","description":"R\u00e8glement officiel Aucun achat n\u00e9cessaire Annul\u00e9 l\u00e0 o\u00f9 c&#039;est interdit P\u00e9riode de promotion\u00a0: Cette promotion de Florida&#039;s Sports Coast (\u00ab\u00a0Promotion\u00a0\u00bb) commence \u00e0 minuit.","robots":{"index":"index","follow":"follow","max-snippet":"max-snippet:-1","max-image-preview":"max-image-preview:large","max-video-preview":"max-video-preview:-1"},"canonical":"https:\/\/flsportscoast.com\/fr\/july-fun-pack-giveaway-terms-and-conditions\/","og_locale":"fr_FR","og_type":"article","og_title":"July Fun Pack Giveaway - Terms and Conditions | Florida&#039;s Sports Coast","og_description":"Official Rules No Purchase Necessary Void Where Prohibited Promotion Period: This Florida\u2019s Sports Coast promotion (\u201cPromotion\u201d) begins at 12:00 AM","og_url":"https:\/\/flsportscoast.com\/fr\/july-fun-pack-giveaway-terms-and-conditions\/","og_site_name":"Florida&#039;s Sports Coast","article_publisher":"https:\/\/www.facebook.com\/FLSportsCoast\/","article_modified_time":"2024-06-11T20:03:32+00:00","twitter_card":"summary_large_image","twitter_site":"@FLSportsCoast","twitter_misc":{"Est. reading time":"5 minutes"},"schema":{"@context":"https:\/\/schema.org","@graph":[{"@type":"WebPage","@id":"https:\/\/flsportscoast.com\/july-fun-pack-giveaway-terms-and-conditions\/","url":"https:\/\/flsportscoast.com\/july-fun-pack-giveaway-terms-and-conditions\/","name":"Cadeau Fun Pack de juillet - Conditions g\u00e9n\u00e9rales | La c\u00f4te sportive de Floride","isPartOf":{"@id":"https:\/\/flsportscoast.com\/#website"},"datePublished":"2024-06-11T19:58:10+00:00","dateModified":"2024-06-11T20:03:32+00:00","description":"R\u00e8glement officiel Aucun achat n\u00e9cessaire Annul\u00e9 l\u00e0 o\u00f9 c&#039;est interdit P\u00e9riode de promotion\u00a0: Cette promotion de Florida&#039;s Sports Coast (\u00ab\u00a0Promotion\u00a0\u00bb) commence \u00e0 minuit.","breadcrumb":{"@id":"https:\/\/flsportscoast.com\/july-fun-pack-giveaway-terms-and-conditions\/#breadcrumb"},"inLanguage":"fr-FR","potentialAction":[{"@type":"ReadAction","target":["https:\/\/flsportscoast.com\/july-fun-pack-giveaway-terms-and-conditions\/"]}]},{"@type":"BreadcrumbList","@id":"https:\/\/flsportscoast.com\/july-fun-pack-giveaway-terms-and-conditions\/#breadcrumb","itemListElement":[{"@type":"ListItem","position":1,"name":"Home","item":"https:\/\/flsportscoast.com\/"},{"@type":"ListItem","position":2,"name":"July Fun Pack Giveaway &#8211; Terms and Conditions"}]},{"@type":"WebSite","@id":"https:\/\/flsportscoast.com\/#website","url":"https:\/\/flsportscoast.com\/","name":"La c\u00f4te sportive de la Floride","description":"","publisher":{"@id":"https:\/\/flsportscoast.com\/#organization"},"potentialAction":[{"@type":"SearchAction","target":{"@type":"EntryPoint","urlTemplate":"https:\/\/flsportscoast.com\/?s={search_term_string}"},"query-input":{"@type":"PropertyValueSpecification","valueRequired":true,"valueName":"search_term_string"}}],"inLanguage":"fr-FR"},{"@type":"Organization","@id":"https:\/\/flsportscoast.com\/#organization","name":"C\u00f4te sportive de la Floride","url":"https:\/\/flsportscoast.com\/","logo":{"@type":"ImageObject","inLanguage":"fr-FR","@id":"https:\/\/flsportscoast.com\/#\/schema\/logo\/image\/","url":"https:\/\/flsportscoast.com\/wp-content\/uploads\/2022\/07\/fl-sports-coast-logo-color.png","contentUrl":"https:\/\/flsportscoast.com\/wp-content\/uploads\/2022\/07\/fl-sports-coast-logo-color.png","width":1028,"height":1028,"caption":"Florida Sports Coast"},"image":{"@id":"https:\/\/flsportscoast.com\/#\/schema\/logo\/image\/"},"sameAs":["https:\/\/www.facebook.com\/FLSportsCoast\/","https:\/\/x.com\/FLSportsCoast","https:\/\/www.pinterest.com\/FLSportsCoast\/","https:\/\/www.instagram.com\/flsportscoast\/","https:\/\/www.youtube.com\/channel\/UCJNh4zCnO3RPH6D9NPAoyGQ"]}]}},"meta_fields":{"_yoast_wpseo_content_score":"30","_yoast_wpseo_estimated-reading-time-minutes":"5","_dp_original":"229468","_edit_lock":"1718136118:8","_edit_last":"8","_yoast_wpseo_primary_category":""},"thumb_url":false,"_links":{"self":[{"href":"https:\/\/flsportscoast.com\/fr\/wp-json\/wp\/v2\/pages\/232083","targetHints":{"allow":["GET"]}}],"collection":[{"href":"https:\/\/flsportscoast.com\/fr\/wp-json\/wp\/v2\/pages"}],"about":[{"href":"https:\/\/flsportscoast.com\/fr\/wp-json\/wp\/v2\/types\/page"}],"author":[{"embeddable":true,"href":"https:\/\/flsportscoast.com\/fr\/wp-json\/wp\/v2\/users\/8"}],"replies":[{"embeddable":true,"href":"https:\/\/flsportscoast.com\/fr\/wp-json\/wp\/v2\/comments?post=232083"}],"version-history":[{"count":1,"href":"https:\/\/flsportscoast.com\/fr\/wp-json\/wp\/v2\/pages\/232083\/revisions"}],"predecessor-version":[{"id":232084,"href":"https:\/\/flsportscoast.com\/fr\/wp-json\/wp\/v2\/pages\/232083\/revisions\/232084"}],"wp:attachment":[{"href":"https:\/\/flsportscoast.com\/fr\/wp-json\/wp\/v2\/media?parent=232083"}],"wp:term":[{"taxonomy":"category","embeddable":true,"href":"https:\/\/flsportscoast.com\/fr\/wp-json\/wp\/v2\/categories?post=232083"},{"taxonomy":"post_tag","embeddable":true,"href":"https:\/\/flsportscoast.com\/fr\/wp-json\/wp\/v2\/tags?post=232083"}],"curies":[{"name":"wp","href":"https:\/\/api.w.org\/{rel}","templated":true}]}}