{"id":231024,"date":"2023-03-28T14:24:04","date_gmt":"2023-03-28T18:24:04","guid":{"rendered":"https:\/\/flsportscoast.com\/?page_id=231024"},"modified":"2023-03-28T14:25:00","modified_gmt":"2023-03-28T18:25:00","slug":"floridas-sports-coast-designated-as-a-certified-autism-center","status":"publish","type":"page","link":"https:\/\/flsportscoast.com\/fr\/floridas-sports-coast-designated-as-a-certified-autism-center\/","title":{"rendered":"La c\u00f4te sportive de la Floride d\u00e9sign\u00e9e comme centre certifi\u00e9 pour l&#039;autisme"},"content":{"rendered":"<h2 class=\"has-text-align-center has-deep-blue-color has-text-color wp-block-heading\">La c\u00f4te sportive de la Floride d\u00e9sign\u00e9e comme centre certifi\u00e9 pour l&#039;autisme<\/h2>\n\n\n\n<div class=\"wp-block-columns is-layout-flex wp-container-core-columns-is-layout-1 wp-block-columns-is-layout-flex\" style=\"justify-content:center\">\n<div class=\"wp-block-column is-layout-flow wp-block-column-is-layout-flow\" style=\"flex-basis:25%\"><\/div>\n\n\n\n<div class=\"wp-block-column is-layout-flow wp-block-column-is-layout-flow\" style=\"flex-basis:50%\">\n<figure class=\"wp-block-image aligncenter size-full\"><img loading=\"lazy\" decoding=\"async\" width=\"280\" height=\"237\" src=\"https:\/\/flsportscoast.com\/wp-content\/uploads\/footer-cert.png\" alt=\"\" class=\"wp-image-231025\" srcset=\"https:\/\/flsportscoast.com\/wp-content\/uploads\/footer-cert.png 280w, https:\/\/flsportscoast.com\/wp-content\/uploads\/footer-cert-14x12.png 14w, https:\/\/flsportscoast.com\/wp-content\/uploads\/footer-cert-250x212.png 250w\" sizes=\"auto, (max-width: 280px) 100vw, 280px\" \/><\/figure>\n<\/div>\n\n\n\n<div class=\"wp-block-column is-layout-flow wp-block-column-is-layout-flow\" style=\"flex-basis:25%\"><\/div>\n<\/div>\n\n\n\n<div class=\"wp-block-columns is-layout-flex wp-container-core-columns-is-layout-2 wp-block-columns-is-layout-flex\" style=\"justify-content:center\">\n<div class=\"wp-block-column is-layout-flow wp-block-column-is-layout-flow\" style=\"flex-basis:25%\"><\/div>\n\n\n\n<div class=\"wp-block-column is-layout-flow wp-block-column-is-layout-flow\" style=\"flex-basis:50%\">\n<p>L&#039;\u00e9quipe de Florida&#039;s Sports Coast a travaill\u00e9 avec l&#039;International Board of Credentialing and Continuing Education Standards (IBCCES), un leader mondial des programmes de formation et de certification en ligne, pour \u00eatre d\u00e9sign\u00e9 comme Certified Autism Center\u2122 (CAC). Notre personnel a suivi une formation et une certification sur les meilleures pratiques d&#039;assistance aux personnes autistes. En suivant une formation suppl\u00e9mentaire sp\u00e9cifique \u00e0 l&#039;autisme, l&#039;objectif est que notre \u00e9quipe soit mieux \u00e9quip\u00e9e pour offrir un meilleur service et de meilleures exp\u00e9riences \u00e0 tous. <a href=\"https:\/\/protect-us.mimecast.com\/s\/gIg6Cqx2qOt7LqlGfExa7z?domain=ibcces.org\/\" target=\"_blank\" rel=\"noreferrer noopener\">Cliquez pour en savoir plus sur Certified Autism Center\u2122<\/a><\/p>\n<\/div>\n\n\n\n<div class=\"wp-block-column is-layout-flow wp-block-column-is-layout-flow\" style=\"flex-basis:25%\"><\/div>\n<\/div>","protected":false},"excerpt":{"rendered":"<p>L&#039;\u00e9quipe Florida&#039;s Sports Coast a travaill\u00e9 avec l&#039;International Board of Credentialing and Continuing\u2026<\/p>","protected":false},"author":1,"featured_media":0,"parent":0,"menu_order":0,"comment_status":"closed","ping_status":"closed","template":"","meta":{"_acf_changed":false,"wprm-recipe-roundup-name":"","wprm-recipe-roundup-description":"","footnotes":""},"categories":[],"tags":[],"class_list":["post-231024","page","type-page","status-publish","hentry"],"acf":[],"yoast_head":"<!-- This site is optimized with the Yoast SEO plugin v24.1 - https:\/\/yoast.com\/wordpress\/plugins\/seo\/ -->\n<title>Florida&#039;s Sports Coast designated as a Certified Autism Center | Florida&#039;s Sports Coast<\/title>\n<meta name=\"description\" content=\"Florida&#039;s Sports Coast designated as a Certified Autism Center The Florida&#039;s Sports Coast team has worked with The International Board of Credentialing\" \/>\n<meta name=\"robots\" content=\"index, follow, max-snippet:-1, max-image-preview:large, max-video-preview:-1\" \/>\n<link rel=\"canonical\" href=\"https:\/\/flsportscoast.com\/fr\/floridas-sports-coast-designated-as-a-certified-autism-center\/\" \/>\n<meta property=\"og:locale\" content=\"fr_FR\" \/>\n<meta property=\"og:type\" content=\"article\" \/>\n<meta property=\"og:title\" content=\"Florida&#039;s Sports Coast designated as a Certified Autism Center | Florida&#039;s Sports Coast\" \/>\n<meta property=\"og:description\" content=\"Florida&#039;s Sports Coast designated as a Certified Autism Center The Florida&#039;s Sports Coast team has worked with The International Board of Credentialing\" \/>\n<meta property=\"og:url\" content=\"https:\/\/flsportscoast.com\/fr\/floridas-sports-coast-designated-as-a-certified-autism-center\/\" \/>\n<meta property=\"og:site_name\" content=\"Florida&#039;s Sports Coast\" \/>\n<meta property=\"article:publisher\" content=\"https:\/\/www.facebook.com\/FLSportsCoast\/\" \/>\n<meta property=\"article:modified_time\" content=\"2023-03-28T18:25:00+00:00\" \/>\n<meta property=\"og:image\" content=\"https:\/\/flsportscoast.com\/wp-content\/uploads\/footer-cert.png\" \/>\n<meta name=\"twitter:card\" content=\"summary_large_image\" \/>\n<meta name=\"twitter:site\" content=\"@FLSportsCoast\" \/>\n<script type=\"application\/ld+json\" class=\"yoast-schema-graph\">{\"@context\":\"https:\/\/schema.org\",\"@graph\":[{\"@type\":\"WebPage\",\"@id\":\"https:\/\/flsportscoast.com\/floridas-sports-coast-designated-as-a-certified-autism-center\/\",\"url\":\"https:\/\/flsportscoast.com\/floridas-sports-coast-designated-as-a-certified-autism-center\/\",\"name\":\"Florida's Sports Coast designated as a Certified Autism Center | Florida&#039;s Sports Coast\",\"isPartOf\":{\"@id\":\"https:\/\/flsportscoast.com\/#website\"},\"primaryImageOfPage\":{\"@id\":\"https:\/\/flsportscoast.com\/floridas-sports-coast-designated-as-a-certified-autism-center\/#primaryimage\"},\"image\":{\"@id\":\"https:\/\/flsportscoast.com\/floridas-sports-coast-designated-as-a-certified-autism-center\/#primaryimage\"},\"thumbnailUrl\":\"https:\/\/flsportscoast.com\/wp-content\/uploads\/footer-cert.png\",\"datePublished\":\"2023-03-28T18:24:04+00:00\",\"dateModified\":\"2023-03-28T18:25:00+00:00\",\"description\":\"Florida's Sports Coast designated as a Certified Autism Center The Florida's Sports Coast team has worked with The International Board of Credentialing\",\"breadcrumb\":{\"@id\":\"https:\/\/flsportscoast.com\/floridas-sports-coast-designated-as-a-certified-autism-center\/#breadcrumb\"},\"inLanguage\":\"fr-FR\",\"potentialAction\":[{\"@type\":\"ReadAction\",\"target\":[\"https:\/\/flsportscoast.com\/floridas-sports-coast-designated-as-a-certified-autism-center\/\"]}]},{\"@type\":\"ImageObject\",\"inLanguage\":\"fr-FR\",\"@id\":\"https:\/\/flsportscoast.com\/floridas-sports-coast-designated-as-a-certified-autism-center\/#primaryimage\",\"url\":\"https:\/\/flsportscoast.com\/wp-content\/uploads\/footer-cert.png\",\"contentUrl\":\"https:\/\/flsportscoast.com\/wp-content\/uploads\/footer-cert.png\"},{\"@type\":\"BreadcrumbList\",\"@id\":\"https:\/\/flsportscoast.com\/floridas-sports-coast-designated-as-a-certified-autism-center\/#breadcrumb\",\"itemListElement\":[{\"@type\":\"ListItem\",\"position\":1,\"name\":\"Home\",\"item\":\"https:\/\/flsportscoast.com\/\"},{\"@type\":\"ListItem\",\"position\":2,\"name\":\"Florida&#8217;s Sports Coast designated as a Certified Autism Center\"}]},{\"@type\":\"WebSite\",\"@id\":\"https:\/\/flsportscoast.com\/#website\",\"url\":\"https:\/\/flsportscoast.com\/\",\"name\":\"Florida&#039;s Sports Coast\",\"description\":\"\",\"publisher\":{\"@id\":\"https:\/\/flsportscoast.com\/#organization\"},\"potentialAction\":[{\"@type\":\"SearchAction\",\"target\":{\"@type\":\"EntryPoint\",\"urlTemplate\":\"https:\/\/flsportscoast.com\/?s={search_term_string}\"},\"query-input\":{\"@type\":\"PropertyValueSpecification\",\"valueRequired\":true,\"valueName\":\"search_term_string\"}}],\"inLanguage\":\"fr-FR\"},{\"@type\":\"Organization\",\"@id\":\"https:\/\/flsportscoast.com\/#organization\",\"name\":\"Florida Sports Coast\",\"url\":\"https:\/\/flsportscoast.com\/\",\"logo\":{\"@type\":\"ImageObject\",\"inLanguage\":\"fr-FR\",\"@id\":\"https:\/\/flsportscoast.com\/#\/schema\/logo\/image\/\",\"url\":\"https:\/\/flsportscoast.com\/wp-content\/uploads\/2022\/07\/fl-sports-coast-logo-color.png\",\"contentUrl\":\"https:\/\/flsportscoast.com\/wp-content\/uploads\/2022\/07\/fl-sports-coast-logo-color.png\",\"width\":1028,\"height\":1028,\"caption\":\"Florida Sports Coast\"},\"image\":{\"@id\":\"https:\/\/flsportscoast.com\/#\/schema\/logo\/image\/\"},\"sameAs\":[\"https:\/\/www.facebook.com\/FLSportsCoast\/\",\"https:\/\/x.com\/FLSportsCoast\",\"https:\/\/www.pinterest.com\/FLSportsCoast\/\",\"https:\/\/www.instagram.com\/flsportscoast\/\",\"https:\/\/www.youtube.com\/channel\/UCJNh4zCnO3RPH6D9NPAoyGQ\"]}]}<\/script>\n<!-- \/ Yoast SEO plugin. -->","yoast_head_json":{"title":"Sports Coast de la Floride d\u00e9sign\u00e9e comme centre certifi\u00e9 pour l&#039;autisme | La c\u00f4te sportive de la Floride","description":"Florida&#039;s Sports Coast d\u00e9sign\u00e9 comme centre certifi\u00e9 pour l&#039;autisme L&#039;\u00e9quipe Florida&#039;s Sports Coast a travaill\u00e9 avec l&#039;International Board of Credentialing","robots":{"index":"index","follow":"follow","max-snippet":"max-snippet:-1","max-image-preview":"max-image-preview:large","max-video-preview":"max-video-preview:-1"},"canonical":"https:\/\/flsportscoast.com\/fr\/floridas-sports-coast-designated-as-a-certified-autism-center\/","og_locale":"fr_FR","og_type":"article","og_title":"Florida's Sports Coast designated as a Certified Autism Center | Florida&#039;s Sports Coast","og_description":"Florida's Sports Coast designated as a Certified Autism Center The Florida's Sports Coast team has worked with The International Board of Credentialing","og_url":"https:\/\/flsportscoast.com\/fr\/floridas-sports-coast-designated-as-a-certified-autism-center\/","og_site_name":"Florida&#039;s Sports Coast","article_publisher":"https:\/\/www.facebook.com\/FLSportsCoast\/","article_modified_time":"2023-03-28T18:25:00+00:00","og_image":[{"url":"https:\/\/flsportscoast.com\/wp-content\/uploads\/footer-cert.png","type":"","width":"","height":""}],"twitter_card":"summary_large_image","twitter_site":"@FLSportsCoast","schema":{"@context":"https:\/\/schema.org","@graph":[{"@type":"WebPage","@id":"https:\/\/flsportscoast.com\/floridas-sports-coast-designated-as-a-certified-autism-center\/","url":"https:\/\/flsportscoast.com\/floridas-sports-coast-designated-as-a-certified-autism-center\/","name":"Sports Coast de la Floride d\u00e9sign\u00e9e comme centre certifi\u00e9 pour l&#039;autisme | La c\u00f4te sportive de la Floride","isPartOf":{"@id":"https:\/\/flsportscoast.com\/#website"},"primaryImageOfPage":{"@id":"https:\/\/flsportscoast.com\/floridas-sports-coast-designated-as-a-certified-autism-center\/#primaryimage"},"image":{"@id":"https:\/\/flsportscoast.com\/floridas-sports-coast-designated-as-a-certified-autism-center\/#primaryimage"},"thumbnailUrl":"https:\/\/flsportscoast.com\/wp-content\/uploads\/footer-cert.png","datePublished":"2023-03-28T18:24:04+00:00","dateModified":"2023-03-28T18:25:00+00:00","description":"Florida&#039;s Sports Coast d\u00e9sign\u00e9 comme centre certifi\u00e9 pour l&#039;autisme L&#039;\u00e9quipe Florida&#039;s Sports Coast a travaill\u00e9 avec l&#039;International Board of Credentialing","breadcrumb":{"@id":"https:\/\/flsportscoast.com\/floridas-sports-coast-designated-as-a-certified-autism-center\/#breadcrumb"},"inLanguage":"fr-FR","potentialAction":[{"@type":"ReadAction","target":["https:\/\/flsportscoast.com\/floridas-sports-coast-designated-as-a-certified-autism-center\/"]}]},{"@type":"ImageObject","inLanguage":"fr-FR","@id":"https:\/\/flsportscoast.com\/floridas-sports-coast-designated-as-a-certified-autism-center\/#primaryimage","url":"https:\/\/flsportscoast.com\/wp-content\/uploads\/footer-cert.png","contentUrl":"https:\/\/flsportscoast.com\/wp-content\/uploads\/footer-cert.png"},{"@type":"BreadcrumbList","@id":"https:\/\/flsportscoast.com\/floridas-sports-coast-designated-as-a-certified-autism-center\/#breadcrumb","itemListElement":[{"@type":"ListItem","position":1,"name":"Home","item":"https:\/\/flsportscoast.com\/"},{"@type":"ListItem","position":2,"name":"Florida&#8217;s Sports Coast designated as a Certified Autism Center"}]},{"@type":"WebSite","@id":"https:\/\/flsportscoast.com\/#website","url":"https:\/\/flsportscoast.com\/","name":"La c\u00f4te sportive de la Floride","description":"","publisher":{"@id":"https:\/\/flsportscoast.com\/#organization"},"potentialAction":[{"@type":"SearchAction","target":{"@type":"EntryPoint","urlTemplate":"https:\/\/flsportscoast.com\/?s={search_term_string}"},"query-input":{"@type":"PropertyValueSpecification","valueRequired":true,"valueName":"search_term_string"}}],"inLanguage":"fr-FR"},{"@type":"Organization","@id":"https:\/\/flsportscoast.com\/#organization","name":"C\u00f4te sportive de la Floride","url":"https:\/\/flsportscoast.com\/","logo":{"@type":"ImageObject","inLanguage":"fr-FR","@id":"https:\/\/flsportscoast.com\/#\/schema\/logo\/image\/","url":"https:\/\/flsportscoast.com\/wp-content\/uploads\/2022\/07\/fl-sports-coast-logo-color.png","contentUrl":"https:\/\/flsportscoast.com\/wp-content\/uploads\/2022\/07\/fl-sports-coast-logo-color.png","width":1028,"height":1028,"caption":"Florida Sports Coast"},"image":{"@id":"https:\/\/flsportscoast.com\/#\/schema\/logo\/image\/"},"sameAs":["https:\/\/www.facebook.com\/FLSportsCoast\/","https:\/\/x.com\/FLSportsCoast","https:\/\/www.pinterest.com\/FLSportsCoast\/","https:\/\/www.instagram.com\/flsportscoast\/","https:\/\/www.youtube.com\/channel\/UCJNh4zCnO3RPH6D9NPAoyGQ"]}]}},"meta_fields":{"_edit_lock":"1680029198:1","_edit_last":"1","_yoast_wpseo_content_score":"60","_yoast_wpseo_estimated-reading-time-minutes":"","_yoast_wpseo_wordproof_timestamp":""},"thumb_url":false,"_links":{"self":[{"href":"https:\/\/flsportscoast.com\/fr\/wp-json\/wp\/v2\/pages\/231024","targetHints":{"allow":["GET"]}}],"collection":[{"href":"https:\/\/flsportscoast.com\/fr\/wp-json\/wp\/v2\/pages"}],"about":[{"href":"https:\/\/flsportscoast.com\/fr\/wp-json\/wp\/v2\/types\/page"}],"author":[{"embeddable":true,"href":"https:\/\/flsportscoast.com\/fr\/wp-json\/wp\/v2\/users\/1"}],"replies":[{"embeddable":true,"href":"https:\/\/flsportscoast.com\/fr\/wp-json\/wp\/v2\/comments?post=231024"}],"version-history":[{"count":2,"href":"https:\/\/flsportscoast.com\/fr\/wp-json\/wp\/v2\/pages\/231024\/revisions"}],"predecessor-version":[{"id":231028,"href":"https:\/\/flsportscoast.com\/fr\/wp-json\/wp\/v2\/pages\/231024\/revisions\/231028"}],"wp:attachment":[{"href":"https:\/\/flsportscoast.com\/fr\/wp-json\/wp\/v2\/media?parent=231024"}],"wp:term":[{"taxonomy":"category","embeddable":true,"href":"https:\/\/flsportscoast.com\/fr\/wp-json\/wp\/v2\/categories?post=231024"},{"taxonomy":"post_tag","embeddable":true,"href":"https:\/\/flsportscoast.com\/fr\/wp-json\/wp\/v2\/tags?post=231024"}],"curies":[{"name":"wp","href":"https:\/\/api.w.org\/{rel}","templated":true}]}}