{"id":230577,"date":"2023-01-31T14:09:02","date_gmt":"2023-01-31T19:09:02","guid":{"rendered":"https:\/\/flsportscoast.com\/?page_id=230577"},"modified":"2023-02-07T09:14:57","modified_gmt":"2023-02-07T14:14:57","slug":"enter-to-win-tampa-bay-lightning-tickets","status":"publish","type":"page","link":"https:\/\/flsportscoast.com\/fr\/enter-to-win-tampa-bay-lightning-tickets\/","title":{"rendered":"Participez pour gagner des billets pour le Lightning de Tampa Bay"},"content":{"rendered":"<h2 class=\"has-text-align-center has-deep-blue-color has-text-color wp-block-heading\">Entrer pour gagner<\/h2>\n\n\n\n<h3 class=\"has-text-align-center has-deep-blue-color has-text-color wp-block-heading\">Billets pour le Lightning de Tampa Bay !<\/h3>\n\n\n\n<div class=\"wp-block-columns is-layout-flex wp-container-core-columns-is-layout-1 wp-block-columns-is-layout-flex\" style=\"justify-content:center\">\n<div class=\"wp-block-column is-layout-flow wp-block-column-is-layout-flow\" style=\"flex-basis:25%\"><\/div>\n\n\n\n<div class=\"wp-block-column is-layout-flow wp-block-column-is-layout-flow\" style=\"flex-basis:50%\">\n<figure class=\"wp-block-image aligncenter size-full\"><img loading=\"lazy\" decoding=\"async\" width=\"813\" height=\"542\" src=\"https:\/\/flsportscoast.com\/wp-content\/uploads\/TB-Lightning-2.jpg\" alt=\"TB Lightning 2\" class=\"wp-image-230583\" srcset=\"https:\/\/flsportscoast.com\/wp-content\/uploads\/TB-Lightning-2.jpg 813w, https:\/\/flsportscoast.com\/wp-content\/uploads\/TB-Lightning-2-300x200.jpg 300w, https:\/\/flsportscoast.com\/wp-content\/uploads\/TB-Lightning-2-768x512.jpg 768w, https:\/\/flsportscoast.com\/wp-content\/uploads\/TB-Lightning-2-18x12.jpg 18w, https:\/\/flsportscoast.com\/wp-content\/uploads\/TB-Lightning-2-400x267.jpg 400w, https:\/\/flsportscoast.com\/wp-content\/uploads\/TB-Lightning-2-600x400.jpg 600w, https:\/\/flsportscoast.com\/wp-content\/uploads\/TB-Lightning-2-250x167.jpg 250w\" sizes=\"auto, (max-width: 813px) 100vw, 813px\" \/><\/figure>\n<\/div>\n\n\n\n<div class=\"wp-block-column is-layout-flow wp-block-column-is-layout-flow\" style=\"flex-basis:25%\"><\/div>\n<\/div>\n\n\n\n<p class=\"has-text-align-center has-medium-font-size\"><strong>Florida&#039;s Sports Coast offre des billets pour le Lightning de Tampa Bay \u00e0 un<br>match de hockey \u00e0 domicile et nous avons une paire avec votre nom dessus, \u00e0 un match<br>de votre choix\u00a0!* Inscrivez-vous ci-dessous pour courir la chance de gagner.<\/strong><\/p>\n\n\n\n<p class=\"has-text-align-center has-small-font-size\"><br>*Pas d&#039;achat n\u00e9cessaire. Limite d&#039;une (1) participation par participant. Les gagnants seront choisis au hasard. Doit \u00eatre \u00e2g\u00e9 de 18 ans ou plus pour gagner.<br>Le choix du billet est bas\u00e9 sur la premi\u00e8re disponibilit\u00e9 et sera d\u00e9termin\u00e9 au moment de la notification. Toutes les entr\u00e9es seront<br>rester dans la piscine. Les gagnants seront contact\u00e9s par email et\/ou t\u00e9l\u00e9phone. Les employ\u00e9s du comt\u00e9 de Pasco ne sont pas<br>\u00e9ligible pour gagner. Les entr\u00e9es seront automatiquement ajout\u00e9es \u00e0 notre base de donn\u00e9es d&#039;e-mails Florida&#039;s Sports Coast.<br>Le concours se termine le 28\/02\/23.<\/p>\n\n\n\n<div class=\"wp-block-columns is-layout-flex wp-container-core-columns-is-layout-2 wp-block-columns-is-layout-flex\" style=\"justify-content:center\">\n<div class=\"wp-block-column is-layout-flow wp-block-column-is-layout-flow\" style=\"flex-basis:25%\"><\/div>\n\n\n\n<div class=\"wp-block-column is-layout-flow wp-block-column-is-layout-flow\" style=\"flex-basis:50%\"><\/div>\n\n\n\n<div class=\"wp-block-column is-layout-flow wp-block-column-is-layout-flow\" style=\"flex-basis:25%\"><\/div>\n<\/div>\n\n\n\n<div class=\"wp-block-columns is-layout-flex wp-container-core-columns-is-layout-3 wp-block-columns-is-layout-flex\" style=\"justify-content:center\">\n<div class=\"wp-block-column is-layout-flow wp-block-column-is-layout-flow\" style=\"flex-basis:25%\"><\/div>\n\n\n\n<div class=\"wp-block-column is-layout-flow wp-block-column-is-layout-flow\" style=\"flex-basis:50%\">\n<figure class=\"wp-block-image size-full is-resized\"><img loading=\"lazy\" decoding=\"async\" src=\"https:\/\/flsportscoast.com\/wp-content\/uploads\/Tampa_Bay_Lightning_Logo_2011.svg.png\" alt=\"\" class=\"wp-image-230582\" width=\"300\" height=\"280\" srcset=\"https:\/\/flsportscoast.com\/wp-content\/uploads\/Tampa_Bay_Lightning_Logo_2011.svg.png 1200w, https:\/\/flsportscoast.com\/wp-content\/uploads\/Tampa_Bay_Lightning_Logo_2011.svg-300x280.png 300w, https:\/\/flsportscoast.com\/wp-content\/uploads\/Tampa_Bay_Lightning_Logo_2011.svg-1024x954.png 1024w, https:\/\/flsportscoast.com\/wp-content\/uploads\/Tampa_Bay_Lightning_Logo_2011.svg-768x716.png 768w, https:\/\/flsportscoast.com\/wp-content\/uploads\/Tampa_Bay_Lightning_Logo_2011.svg-13x12.png 13w, https:\/\/flsportscoast.com\/wp-content\/uploads\/Tampa_Bay_Lightning_Logo_2011.svg-322x300.png 322w, https:\/\/flsportscoast.com\/wp-content\/uploads\/Tampa_Bay_Lightning_Logo_2011.svg-400x373.png 400w, https:\/\/flsportscoast.com\/wp-content\/uploads\/Tampa_Bay_Lightning_Logo_2011.svg-600x559.png 600w, https:\/\/flsportscoast.com\/wp-content\/uploads\/Tampa_Bay_Lightning_Logo_2011.svg-644x600.png 644w, https:\/\/flsportscoast.com\/wp-content\/uploads\/Tampa_Bay_Lightning_Logo_2011.svg-1073x1000.png 1073w, https:\/\/flsportscoast.com\/wp-content\/uploads\/Tampa_Bay_Lightning_Logo_2011.svg-250x233.png 250w\" sizes=\"auto, (max-width: 300px) 100vw, 300px\" \/><\/figure>\n<\/div>\n\n\n\n<div class=\"wp-block-column is-layout-flow wp-block-column-is-layout-flow\" style=\"flex-basis:25%\"><\/div>\n<\/div>","protected":false},"excerpt":{"rendered":"<p>La Sports Coast de Floride offre des billets pour le Lightning de Tampa Bay pour un match de hockey \u00e0 domicile et nous avons\u2026<\/p>","protected":false},"author":1,"featured_media":0,"parent":0,"menu_order":0,"comment_status":"closed","ping_status":"closed","template":"","meta":{"_acf_changed":false,"wprm-recipe-roundup-name":"","wprm-recipe-roundup-description":"","footnotes":""},"categories":[],"tags":[],"class_list":["post-230577","page","type-page","status-publish","hentry"],"acf":[],"yoast_head":"<!-- This site is optimized with the Yoast SEO plugin v24.1 - https:\/\/yoast.com\/wordpress\/plugins\/seo\/ -->\n<title>Enter To Win Tampa Bay Lightning Tickets | Florida&#039;s Sports Coast<\/title>\n<meta name=\"description\" content=\"Enter to Win Tampa Bay Lightning Tickets! Florida\u2019s Sports Coast is giving away Tampa Bay Lightning tickets to ahome hockey game and we have a pair with\" \/>\n<meta name=\"robots\" content=\"index, follow, max-snippet:-1, max-image-preview:large, max-video-preview:-1\" \/>\n<link rel=\"canonical\" href=\"https:\/\/flsportscoast.com\/fr\/enter-to-win-tampa-bay-lightning-tickets\/\" \/>\n<meta property=\"og:locale\" content=\"fr_FR\" \/>\n<meta property=\"og:type\" content=\"article\" \/>\n<meta property=\"og:title\" content=\"Enter To Win Tampa Bay Lightning Tickets | Florida&#039;s Sports Coast\" \/>\n<meta property=\"og:description\" content=\"Enter to Win Tampa Bay Lightning Tickets! Florida\u2019s Sports Coast is giving away Tampa Bay Lightning tickets to ahome hockey game and we have a pair with\" \/>\n<meta property=\"og:url\" content=\"https:\/\/flsportscoast.com\/fr\/enter-to-win-tampa-bay-lightning-tickets\/\" \/>\n<meta property=\"og:site_name\" content=\"Florida&#039;s Sports Coast\" \/>\n<meta property=\"article:publisher\" content=\"https:\/\/www.facebook.com\/FLSportsCoast\/\" \/>\n<meta property=\"article:modified_time\" content=\"2023-02-07T14:14:57+00:00\" \/>\n<meta property=\"og:image\" content=\"https:\/\/flsportscoast.com\/wp-content\/uploads\/TB-Lightning-2.jpg\" \/>\n<meta name=\"twitter:card\" content=\"summary_large_image\" \/>\n<meta name=\"twitter:site\" content=\"@FLSportsCoast\" \/>\n<meta name=\"twitter:label1\" content=\"Est. reading time\" \/>\n\t<meta name=\"twitter:data1\" content=\"1 minute\" \/>\n<script type=\"application\/ld+json\" class=\"yoast-schema-graph\">{\"@context\":\"https:\/\/schema.org\",\"@graph\":[{\"@type\":\"WebPage\",\"@id\":\"https:\/\/flsportscoast.com\/enter-to-win-tampa-bay-lightning-tickets\/\",\"url\":\"https:\/\/flsportscoast.com\/enter-to-win-tampa-bay-lightning-tickets\/\",\"name\":\"Enter To Win Tampa Bay Lightning Tickets | Florida&#039;s Sports Coast\",\"isPartOf\":{\"@id\":\"https:\/\/flsportscoast.com\/#website\"},\"primaryImageOfPage\":{\"@id\":\"https:\/\/flsportscoast.com\/enter-to-win-tampa-bay-lightning-tickets\/#primaryimage\"},\"image\":{\"@id\":\"https:\/\/flsportscoast.com\/enter-to-win-tampa-bay-lightning-tickets\/#primaryimage\"},\"thumbnailUrl\":\"https:\/\/flsportscoast.com\/wp-content\/uploads\/TB-Lightning-2.jpg\",\"datePublished\":\"2023-01-31T19:09:02+00:00\",\"dateModified\":\"2023-02-07T14:14:57+00:00\",\"description\":\"Enter to Win Tampa Bay Lightning Tickets! Florida\u2019s Sports Coast is giving away Tampa Bay Lightning tickets to ahome hockey game and we have a pair with\",\"breadcrumb\":{\"@id\":\"https:\/\/flsportscoast.com\/enter-to-win-tampa-bay-lightning-tickets\/#breadcrumb\"},\"inLanguage\":\"fr-FR\",\"potentialAction\":[{\"@type\":\"ReadAction\",\"target\":[\"https:\/\/flsportscoast.com\/enter-to-win-tampa-bay-lightning-tickets\/\"]}]},{\"@type\":\"ImageObject\",\"inLanguage\":\"fr-FR\",\"@id\":\"https:\/\/flsportscoast.com\/enter-to-win-tampa-bay-lightning-tickets\/#primaryimage\",\"url\":\"https:\/\/flsportscoast.com\/wp-content\/uploads\/TB-Lightning-2.jpg\",\"contentUrl\":\"https:\/\/flsportscoast.com\/wp-content\/uploads\/TB-Lightning-2.jpg\"},{\"@type\":\"BreadcrumbList\",\"@id\":\"https:\/\/flsportscoast.com\/enter-to-win-tampa-bay-lightning-tickets\/#breadcrumb\",\"itemListElement\":[{\"@type\":\"ListItem\",\"position\":1,\"name\":\"Home\",\"item\":\"https:\/\/flsportscoast.com\/\"},{\"@type\":\"ListItem\",\"position\":2,\"name\":\"Enter To Win Tampa Bay Lightning Tickets\"}]},{\"@type\":\"WebSite\",\"@id\":\"https:\/\/flsportscoast.com\/#website\",\"url\":\"https:\/\/flsportscoast.com\/\",\"name\":\"Florida&#039;s Sports Coast\",\"description\":\"\",\"publisher\":{\"@id\":\"https:\/\/flsportscoast.com\/#organization\"},\"potentialAction\":[{\"@type\":\"SearchAction\",\"target\":{\"@type\":\"EntryPoint\",\"urlTemplate\":\"https:\/\/flsportscoast.com\/?s={search_term_string}\"},\"query-input\":{\"@type\":\"PropertyValueSpecification\",\"valueRequired\":true,\"valueName\":\"search_term_string\"}}],\"inLanguage\":\"fr-FR\"},{\"@type\":\"Organization\",\"@id\":\"https:\/\/flsportscoast.com\/#organization\",\"name\":\"Florida Sports Coast\",\"url\":\"https:\/\/flsportscoast.com\/\",\"logo\":{\"@type\":\"ImageObject\",\"inLanguage\":\"fr-FR\",\"@id\":\"https:\/\/flsportscoast.com\/#\/schema\/logo\/image\/\",\"url\":\"https:\/\/flsportscoast.com\/wp-content\/uploads\/2022\/07\/fl-sports-coast-logo-color.png\",\"contentUrl\":\"https:\/\/flsportscoast.com\/wp-content\/uploads\/2022\/07\/fl-sports-coast-logo-color.png\",\"width\":1028,\"height\":1028,\"caption\":\"Florida Sports Coast\"},\"image\":{\"@id\":\"https:\/\/flsportscoast.com\/#\/schema\/logo\/image\/\"},\"sameAs\":[\"https:\/\/www.facebook.com\/FLSportsCoast\/\",\"https:\/\/x.com\/FLSportsCoast\",\"https:\/\/www.pinterest.com\/FLSportsCoast\/\",\"https:\/\/www.instagram.com\/flsportscoast\/\",\"https:\/\/www.youtube.com\/channel\/UCJNh4zCnO3RPH6D9NPAoyGQ\"]}]}<\/script>\n<!-- \/ Yoast SEO plugin. -->","yoast_head_json":{"title":"Participez pour gagner des billets pour le Lightning de Tampa Bay | La c\u00f4te sportive de la Floride","description":"Participez pour gagner des billets pour le Lightning de Tampa Bay\u00a0! Florida&#039;s Sports Coast offre des billets pour le Lightning de Tampa Bay pour un match de hockey \u00e0 domicile et nous avons une paire avec","robots":{"index":"index","follow":"follow","max-snippet":"max-snippet:-1","max-image-preview":"max-image-preview:large","max-video-preview":"max-video-preview:-1"},"canonical":"https:\/\/flsportscoast.com\/fr\/enter-to-win-tampa-bay-lightning-tickets\/","og_locale":"fr_FR","og_type":"article","og_title":"Enter To Win Tampa Bay Lightning Tickets | Florida&#039;s Sports Coast","og_description":"Enter to Win Tampa Bay Lightning Tickets! Florida\u2019s Sports Coast is giving away Tampa Bay Lightning tickets to ahome hockey game and we have a pair with","og_url":"https:\/\/flsportscoast.com\/fr\/enter-to-win-tampa-bay-lightning-tickets\/","og_site_name":"Florida&#039;s Sports Coast","article_publisher":"https:\/\/www.facebook.com\/FLSportsCoast\/","article_modified_time":"2023-02-07T14:14:57+00:00","og_image":[{"url":"https:\/\/flsportscoast.com\/wp-content\/uploads\/TB-Lightning-2.jpg","type":"","width":"","height":""}],"twitter_card":"summary_large_image","twitter_site":"@FLSportsCoast","twitter_misc":{"Est. reading time":"1 minute"},"schema":{"@context":"https:\/\/schema.org","@graph":[{"@type":"WebPage","@id":"https:\/\/flsportscoast.com\/enter-to-win-tampa-bay-lightning-tickets\/","url":"https:\/\/flsportscoast.com\/enter-to-win-tampa-bay-lightning-tickets\/","name":"Participez pour gagner des billets pour le Lightning de Tampa Bay | La c\u00f4te sportive de la Floride","isPartOf":{"@id":"https:\/\/flsportscoast.com\/#website"},"primaryImageOfPage":{"@id":"https:\/\/flsportscoast.com\/enter-to-win-tampa-bay-lightning-tickets\/#primaryimage"},"image":{"@id":"https:\/\/flsportscoast.com\/enter-to-win-tampa-bay-lightning-tickets\/#primaryimage"},"thumbnailUrl":"https:\/\/flsportscoast.com\/wp-content\/uploads\/TB-Lightning-2.jpg","datePublished":"2023-01-31T19:09:02+00:00","dateModified":"2023-02-07T14:14:57+00:00","description":"Participez pour gagner des billets pour le Lightning de Tampa Bay\u00a0! Florida&#039;s Sports Coast offre des billets pour le Lightning de Tampa Bay pour un match de hockey \u00e0 domicile et nous avons une paire avec","breadcrumb":{"@id":"https:\/\/flsportscoast.com\/enter-to-win-tampa-bay-lightning-tickets\/#breadcrumb"},"inLanguage":"fr-FR","potentialAction":[{"@type":"ReadAction","target":["https:\/\/flsportscoast.com\/enter-to-win-tampa-bay-lightning-tickets\/"]}]},{"@type":"ImageObject","inLanguage":"fr-FR","@id":"https:\/\/flsportscoast.com\/enter-to-win-tampa-bay-lightning-tickets\/#primaryimage","url":"https:\/\/flsportscoast.com\/wp-content\/uploads\/TB-Lightning-2.jpg","contentUrl":"https:\/\/flsportscoast.com\/wp-content\/uploads\/TB-Lightning-2.jpg"},{"@type":"BreadcrumbList","@id":"https:\/\/flsportscoast.com\/enter-to-win-tampa-bay-lightning-tickets\/#breadcrumb","itemListElement":[{"@type":"ListItem","position":1,"name":"Home","item":"https:\/\/flsportscoast.com\/"},{"@type":"ListItem","position":2,"name":"Enter To Win Tampa Bay Lightning Tickets"}]},{"@type":"WebSite","@id":"https:\/\/flsportscoast.com\/#website","url":"https:\/\/flsportscoast.com\/","name":"La c\u00f4te sportive de la Floride","description":"","publisher":{"@id":"https:\/\/flsportscoast.com\/#organization"},"potentialAction":[{"@type":"SearchAction","target":{"@type":"EntryPoint","urlTemplate":"https:\/\/flsportscoast.com\/?s={search_term_string}"},"query-input":{"@type":"PropertyValueSpecification","valueRequired":true,"valueName":"search_term_string"}}],"inLanguage":"fr-FR"},{"@type":"Organization","@id":"https:\/\/flsportscoast.com\/#organization","name":"C\u00f4te sportive de la Floride","url":"https:\/\/flsportscoast.com\/","logo":{"@type":"ImageObject","inLanguage":"fr-FR","@id":"https:\/\/flsportscoast.com\/#\/schema\/logo\/image\/","url":"https:\/\/flsportscoast.com\/wp-content\/uploads\/2022\/07\/fl-sports-coast-logo-color.png","contentUrl":"https:\/\/flsportscoast.com\/wp-content\/uploads\/2022\/07\/fl-sports-coast-logo-color.png","width":1028,"height":1028,"caption":"Florida Sports Coast"},"image":{"@id":"https:\/\/flsportscoast.com\/#\/schema\/logo\/image\/"},"sameAs":["https:\/\/www.facebook.com\/FLSportsCoast\/","https:\/\/x.com\/FLSportsCoast","https:\/\/www.pinterest.com\/FLSportsCoast\/","https:\/\/www.instagram.com\/flsportscoast\/","https:\/\/www.youtube.com\/channel\/UCJNh4zCnO3RPH6D9NPAoyGQ"]}]}},"meta_fields":{"_edit_lock":"1675779418:8","_edit_last":"8","_yoast_wpseo_estimated-reading-time-minutes":"","_yoast_wpseo_wordproof_timestamp":"","_yoast_wpseo_content_score":"90"},"thumb_url":false,"_links":{"self":[{"href":"https:\/\/flsportscoast.com\/fr\/wp-json\/wp\/v2\/pages\/230577","targetHints":{"allow":["GET"]}}],"collection":[{"href":"https:\/\/flsportscoast.com\/fr\/wp-json\/wp\/v2\/pages"}],"about":[{"href":"https:\/\/flsportscoast.com\/fr\/wp-json\/wp\/v2\/types\/page"}],"author":[{"embeddable":true,"href":"https:\/\/flsportscoast.com\/fr\/wp-json\/wp\/v2\/users\/1"}],"replies":[{"embeddable":true,"href":"https:\/\/flsportscoast.com\/fr\/wp-json\/wp\/v2\/comments?post=230577"}],"version-history":[{"count":26,"href":"https:\/\/flsportscoast.com\/fr\/wp-json\/wp\/v2\/pages\/230577\/revisions"}],"predecessor-version":[{"id":230717,"href":"https:\/\/flsportscoast.com\/fr\/wp-json\/wp\/v2\/pages\/230577\/revisions\/230717"}],"wp:attachment":[{"href":"https:\/\/flsportscoast.com\/fr\/wp-json\/wp\/v2\/media?parent=230577"}],"wp:term":[{"taxonomy":"category","embeddable":true,"href":"https:\/\/flsportscoast.com\/fr\/wp-json\/wp\/v2\/categories?post=230577"},{"taxonomy":"post_tag","embeddable":true,"href":"https:\/\/flsportscoast.com\/fr\/wp-json\/wp\/v2\/tags?post=230577"}],"curies":[{"name":"wp","href":"https:\/\/api.w.org\/{rel}","templated":true}]}}