{"id":229906,"date":"2022-09-23T15:55:08","date_gmt":"2022-09-23T19:55:08","guid":{"rendered":"https:\/\/flsportscoast.com\/?page_id=229906"},"modified":"2023-08-30T14:35:29","modified_gmt":"2023-08-30T18:35:29","slug":"travel-and-weather","status":"publish","type":"page","link":"https:\/\/flsportscoast.com\/fr\/travel-and-weather\/","title":{"rendered":"Voyage et m\u00e9t\u00e9o"},"content":{"rendered":"<p><\/p>\n\n\n\n<p><\/p>\n\n\n\n<h1 class=\"has-text-align-center has-deep-blue-color has-text-color wp-block-heading\" id=\"travel-and-weather-update\">Mise \u00e0 jour sur les voyages et la m\u00e9t\u00e9o<\/h1>\n\n\n\n<p class=\"has-text-align-center\"><em>Mis \u00e0 jour \u00e0 11h22. EST., 28 ao\u00fbt 2023<\/em><\/p>\n\n\n\n<div class=\"wp-block-columns is-layout-flex wp-container-core-columns-is-layout-1 wp-block-columns-is-layout-flex\" style=\"justify-content:center\">\n<div class=\"wp-block-column is-layout-flow wp-block-column-is-layout-flow\" style=\"flex-basis:25%\"><\/div>\n\n\n\n<div class=\"wp-block-column is-layout-flow wp-block-column-is-layout-flow\" style=\"flex-basis:50%\">\n<p><em>Mis \u00e0 jour \u00e0 14h19. EST., 30 ao\u00fbt 2023<\/em><\/p>\n\n\n\n<p><strong>La c\u00f4te sportive de Floride reste sous l&#039;\u00e9tat d&#039;urgence local (LSE) pour tout le comt\u00e9 de Pasco en raison de l&#039;ouragan Idalia.<\/strong><\/p>\n\n\n\n<p>La Sports Coast de Floride surveille activement les effets de l&#039;ouragan Idalia dans tout le comt\u00e9.<\/p>\n\n\n\n<p>La&nbsp;<a href=\"https:\/\/www.weather.gov\/tbw\/\" rel=\"noreferrer noopener\" target=\"_blank\">Service m\u00e9t\u00e9orologique national&nbsp;<\/a>a plac\u00e9 le littoral du comt\u00e9 de Pasco sous un avertissement d&#039;onde de temp\u00eate et a d\u00e9grad\u00e9 l&#039;avertissement d&#039;ouragan en avertissement de temp\u00eate tropicale pour la majeure partie du comt\u00e9 de Pasco. Veuillez visiter le National Hurricane Center pour des mises \u00e0 jour continues sur la m\u00e9t\u00e9o et les effets potentiels.<\/p>\n\n\n\n<p>La Sports Coast de Floride s&#039;engage \u00e0 assurer la s\u00e9curit\u00e9 personnelle des visiteurs et des r\u00e9sidents de la r\u00e9gion. Pour une temp\u00eate suppl\u00e9mentaire, visitez le responsable du comt\u00e9 de Pasco&nbsp;<a href=\"https:\/\/www.pascocountyfl.net\/\" rel=\"noreferrer noopener\" target=\"_blank\">placer<\/a>.<\/p>\n\n\n\n<p>Il est important de v\u00e9rifier directement aupr\u00e8s de votre h\u00e9bergement ou de toute attraction, etc. les fermetures, les exp\u00e9riences limit\u00e9es et\/ou les proc\u00e9dures de temp\u00eate \u00e0 la suite de l&#039;ouragan Idalia. Les liens ci-dessous fournissent des informations sur l&#039;h\u00e9bergement dans la r\u00e9gion et les mises \u00e0 jour m\u00e9t\u00e9orologiques actuelles.<\/p>\n<\/div>\n\n\n\n<div class=\"wp-block-column is-layout-flow wp-block-column-is-layout-flow\" style=\"flex-basis:25%\"><\/div>\n<\/div>\n\n\n\n<div class=\"wp-block-columns is-layout-flex wp-container-core-columns-is-layout-2 wp-block-columns-is-layout-flex\" style=\"justify-content:center\">\n<div class=\"wp-block-column is-layout-flow wp-block-column-is-layout-flow\" style=\"flex-basis:25%\"><\/div>\n\n\n\n<div class=\"wp-block-column is-layout-flow wp-block-column-is-layout-flow\" style=\"flex-basis:50%\">\n<ul class=\"wp-block-list\">\n<li><a href=\"https:\/\/flsportscoast.com\/fr\/stay\/\">H\u00f4tels de la r\u00e9gion<\/a><\/li>\n\n\n\n<li><a href=\"https:\/\/www.airbnb.com\/s\/all?refinement_paths%5B%5D=%2Ffor_you&amp;query=pasco%2C%20FL%2C%20United%20States&amp;search_type=search_query&amp;place_id=ChIJ39F9Y7uuwogR7V0K7CtewiY\">AirBnB<\/a><\/li>\n<\/ul>\n<\/div>\n\n\n\n<div class=\"wp-block-column is-layout-flow wp-block-column-is-layout-flow\" style=\"flex-basis:25%\"><\/div>\n<\/div>\n\n\n\n<div class=\"wp-block-columns is-layout-flex wp-container-core-columns-is-layout-3 wp-block-columns-is-layout-flex\" style=\"justify-content:center\">\n<div class=\"wp-block-column is-layout-flow wp-block-column-is-layout-flow\" style=\"flex-basis:25%\"><\/div>\n\n\n\n<div class=\"wp-block-column is-layout-flow wp-block-column-is-layout-flow\" style=\"flex-basis:50%\">\n<h3 class=\"has-deep-blue-color has-text-color wp-block-heading\" id=\"other-travel-resources-1\">Autres ressources de voyage<\/h3>\n\n\n\n<ul class=\"wp-block-list\">\n<li><strong><a href=\"https:\/\/www.weather.gov\/\">Informations m\u00e9t\u00e9orologiques actuelles<\/a><\/strong><\/li>\n\n\n\n<li><a href=\"https:\/\/www.nhc.noaa.gov\/\"><strong>Centre national des ouragans&nbsp;<\/strong><\/a><\/li>\n\n\n\n<li><strong><a href=\"https:\/\/fl511.com\/\">Floride 511<\/a><\/strong>&nbsp;pour les derni\u00e8res informations sur les conditions de circulation<\/li>\n\n\n\n<li><a href=\"http:\/\/egov.pascocountyfl.net\/AlertPasco\"><strong>ALERTE PASCO<\/strong><\/a>&nbsp;pour vous inscrire aux alertes d&#039;urgence et autres notifications de s\u00e9curit\u00e9 publique dans votre communaut\u00e9<\/li>\n\n\n\n<li><a href=\"https:\/\/www.pascocountyfl.net\/\"><strong>Informations sur le comt\u00e9 de Pasco<\/strong><\/a><\/li>\n\n\n\n<li><strong>Ligne d&#039;assistance 24 heures sur 24 pour les informations d&#039;urgence en Floride\u00a0:<\/strong>&nbsp;800-342-3557<\/li>\n\n\n\n<li><a href=\"https:\/\/www.visitflorida.org\/resources\/crisis-preparation\/hurricane-information\/\"><strong>VISITEZ LA FLORIDE Informations sur les ouragans<\/strong><\/a><\/li>\n\n\n\n<li><a href=\"https:\/\/www.fema.gov\/\"><strong>FEMA<\/strong><\/a><\/li>\n<\/ul>\n<\/div>\n\n\n\n<div class=\"wp-block-column is-layout-flow wp-block-column-is-layout-flow\" style=\"flex-basis:25%\"><\/div>\n<\/div>","protected":false},"excerpt":{"rendered":"<p>Mise \u00e0 jour sur les voyages et la m\u00e9t\u00e9o<\/p>\n<p>Mis \u00e0 jour \u00e0 11h22. EST., 28 ao\u00fbt 2023<\/p>\n<p>Mis \u00e0 jour \u00e0 14h19.<\/p>","protected":false},"author":1,"featured_media":0,"parent":0,"menu_order":0,"comment_status":"closed","ping_status":"closed","template":"","meta":{"_acf_changed":false,"wprm-recipe-roundup-name":"","wprm-recipe-roundup-description":"","footnotes":""},"categories":[],"tags":[],"class_list":["post-229906","page","type-page","status-publish","hentry"],"acf":[],"yoast_head":"<!-- This site is optimized with the Yoast SEO plugin v24.1 - https:\/\/yoast.com\/wordpress\/plugins\/seo\/ -->\n<title>Travel and Weather | Florida&#039;s Sports Coast<\/title>\n<meta name=\"description\" content=\"Travel and Weather Update Updated 11:22 am. EST., August 28, 2023 Updated 2:19 pm. EST., August 30, 2023 Florida\u2019s Sports Coast remains under a Local\" \/>\n<meta name=\"robots\" content=\"index, follow, max-snippet:-1, max-image-preview:large, max-video-preview:-1\" \/>\n<link rel=\"canonical\" href=\"https:\/\/flsportscoast.com\/fr\/travel-and-weather\/\" \/>\n<meta property=\"og:locale\" content=\"fr_FR\" \/>\n<meta property=\"og:type\" content=\"article\" \/>\n<meta property=\"og:title\" content=\"Travel and Weather | Florida&#039;s Sports Coast\" \/>\n<meta property=\"og:description\" content=\"Travel and Weather Update Updated 11:22 am. EST., August 28, 2023 Updated 2:19 pm. EST., August 30, 2023 Florida\u2019s Sports Coast remains under a Local\" \/>\n<meta property=\"og:url\" content=\"https:\/\/flsportscoast.com\/fr\/travel-and-weather\/\" \/>\n<meta property=\"og:site_name\" content=\"Florida&#039;s Sports Coast\" \/>\n<meta property=\"article:publisher\" content=\"https:\/\/www.facebook.com\/FLSportsCoast\/\" \/>\n<meta property=\"article:modified_time\" content=\"2023-08-30T18:35:29+00:00\" \/>\n<meta name=\"twitter:card\" content=\"summary_large_image\" \/>\n<meta name=\"twitter:site\" content=\"@FLSportsCoast\" \/>\n<meta name=\"twitter:label1\" content=\"Est. reading time\" \/>\n\t<meta name=\"twitter:data1\" content=\"1 minute\" \/>\n<script type=\"application\/ld+json\" class=\"yoast-schema-graph\">{\"@context\":\"https:\/\/schema.org\",\"@graph\":[{\"@type\":\"WebPage\",\"@id\":\"https:\/\/flsportscoast.com\/travel-and-weather\/\",\"url\":\"https:\/\/flsportscoast.com\/travel-and-weather\/\",\"name\":\"Travel and Weather | Florida&#039;s Sports Coast\",\"isPartOf\":{\"@id\":\"https:\/\/flsportscoast.com\/#website\"},\"datePublished\":\"2022-09-23T19:55:08+00:00\",\"dateModified\":\"2023-08-30T18:35:29+00:00\",\"description\":\"Travel and Weather Update Updated 11:22 am. EST., August 28, 2023 Updated 2:19 pm. EST., August 30, 2023 Florida\u2019s Sports Coast remains under a Local\",\"breadcrumb\":{\"@id\":\"https:\/\/flsportscoast.com\/travel-and-weather\/#breadcrumb\"},\"inLanguage\":\"fr-FR\",\"potentialAction\":[{\"@type\":\"ReadAction\",\"target\":[\"https:\/\/flsportscoast.com\/travel-and-weather\/\"]}]},{\"@type\":\"BreadcrumbList\",\"@id\":\"https:\/\/flsportscoast.com\/travel-and-weather\/#breadcrumb\",\"itemListElement\":[{\"@type\":\"ListItem\",\"position\":1,\"name\":\"Home\",\"item\":\"https:\/\/flsportscoast.com\/\"},{\"@type\":\"ListItem\",\"position\":2,\"name\":\"Travel and Weather\"}]},{\"@type\":\"WebSite\",\"@id\":\"https:\/\/flsportscoast.com\/#website\",\"url\":\"https:\/\/flsportscoast.com\/\",\"name\":\"Florida&#039;s Sports Coast\",\"description\":\"\",\"publisher\":{\"@id\":\"https:\/\/flsportscoast.com\/#organization\"},\"potentialAction\":[{\"@type\":\"SearchAction\",\"target\":{\"@type\":\"EntryPoint\",\"urlTemplate\":\"https:\/\/flsportscoast.com\/?s={search_term_string}\"},\"query-input\":{\"@type\":\"PropertyValueSpecification\",\"valueRequired\":true,\"valueName\":\"search_term_string\"}}],\"inLanguage\":\"fr-FR\"},{\"@type\":\"Organization\",\"@id\":\"https:\/\/flsportscoast.com\/#organization\",\"name\":\"Florida Sports Coast\",\"url\":\"https:\/\/flsportscoast.com\/\",\"logo\":{\"@type\":\"ImageObject\",\"inLanguage\":\"fr-FR\",\"@id\":\"https:\/\/flsportscoast.com\/#\/schema\/logo\/image\/\",\"url\":\"https:\/\/flsportscoast.com\/wp-content\/uploads\/2022\/07\/fl-sports-coast-logo-color.png\",\"contentUrl\":\"https:\/\/flsportscoast.com\/wp-content\/uploads\/2022\/07\/fl-sports-coast-logo-color.png\",\"width\":1028,\"height\":1028,\"caption\":\"Florida Sports Coast\"},\"image\":{\"@id\":\"https:\/\/flsportscoast.com\/#\/schema\/logo\/image\/\"},\"sameAs\":[\"https:\/\/www.facebook.com\/FLSportsCoast\/\",\"https:\/\/x.com\/FLSportsCoast\",\"https:\/\/www.pinterest.com\/FLSportsCoast\/\",\"https:\/\/www.instagram.com\/flsportscoast\/\",\"https:\/\/www.youtube.com\/channel\/UCJNh4zCnO3RPH6D9NPAoyGQ\"]}]}<\/script>\n<!-- \/ Yoast SEO plugin. -->","yoast_head_json":{"title":"Voyage et M\u00e9t\u00e9o | La c\u00f4te sportive de la Floride","description":"Mise \u00e0 jour sur les voyages et la m\u00e9t\u00e9o Mise \u00e0 jour \u00e0 11h22. EST., 28 ao\u00fbt 2023 Mis \u00e0 jour \u00e0 14h19. EST., 30 ao\u00fbt 2023 La Sports Coast de Floride reste sous un contr\u00f4le local","robots":{"index":"index","follow":"follow","max-snippet":"max-snippet:-1","max-image-preview":"max-image-preview:large","max-video-preview":"max-video-preview:-1"},"canonical":"https:\/\/flsportscoast.com\/fr\/travel-and-weather\/","og_locale":"fr_FR","og_type":"article","og_title":"Travel and Weather | Florida&#039;s Sports Coast","og_description":"Travel and Weather Update Updated 11:22 am. EST., August 28, 2023 Updated 2:19 pm. EST., August 30, 2023 Florida\u2019s Sports Coast remains under a Local","og_url":"https:\/\/flsportscoast.com\/fr\/travel-and-weather\/","og_site_name":"Florida&#039;s Sports Coast","article_publisher":"https:\/\/www.facebook.com\/FLSportsCoast\/","article_modified_time":"2023-08-30T18:35:29+00:00","twitter_card":"summary_large_image","twitter_site":"@FLSportsCoast","twitter_misc":{"Est. reading time":"1 minute"},"schema":{"@context":"https:\/\/schema.org","@graph":[{"@type":"WebPage","@id":"https:\/\/flsportscoast.com\/travel-and-weather\/","url":"https:\/\/flsportscoast.com\/travel-and-weather\/","name":"Voyage et M\u00e9t\u00e9o | La c\u00f4te sportive de la Floride","isPartOf":{"@id":"https:\/\/flsportscoast.com\/#website"},"datePublished":"2022-09-23T19:55:08+00:00","dateModified":"2023-08-30T18:35:29+00:00","description":"Mise \u00e0 jour sur les voyages et la m\u00e9t\u00e9o Mise \u00e0 jour \u00e0 11h22. EST., 28 ao\u00fbt 2023 Mis \u00e0 jour \u00e0 14h19. EST., 30 ao\u00fbt 2023 La Sports Coast de Floride reste sous un contr\u00f4le local","breadcrumb":{"@id":"https:\/\/flsportscoast.com\/travel-and-weather\/#breadcrumb"},"inLanguage":"fr-FR","potentialAction":[{"@type":"ReadAction","target":["https:\/\/flsportscoast.com\/travel-and-weather\/"]}]},{"@type":"BreadcrumbList","@id":"https:\/\/flsportscoast.com\/travel-and-weather\/#breadcrumb","itemListElement":[{"@type":"ListItem","position":1,"name":"Home","item":"https:\/\/flsportscoast.com\/"},{"@type":"ListItem","position":2,"name":"Travel and Weather"}]},{"@type":"WebSite","@id":"https:\/\/flsportscoast.com\/#website","url":"https:\/\/flsportscoast.com\/","name":"La c\u00f4te sportive de la Floride","description":"","publisher":{"@id":"https:\/\/flsportscoast.com\/#organization"},"potentialAction":[{"@type":"SearchAction","target":{"@type":"EntryPoint","urlTemplate":"https:\/\/flsportscoast.com\/?s={search_term_string}"},"query-input":{"@type":"PropertyValueSpecification","valueRequired":true,"valueName":"search_term_string"}}],"inLanguage":"fr-FR"},{"@type":"Organization","@id":"https:\/\/flsportscoast.com\/#organization","name":"C\u00f4te sportive de la Floride","url":"https:\/\/flsportscoast.com\/","logo":{"@type":"ImageObject","inLanguage":"fr-FR","@id":"https:\/\/flsportscoast.com\/#\/schema\/logo\/image\/","url":"https:\/\/flsportscoast.com\/wp-content\/uploads\/2022\/07\/fl-sports-coast-logo-color.png","contentUrl":"https:\/\/flsportscoast.com\/wp-content\/uploads\/2022\/07\/fl-sports-coast-logo-color.png","width":1028,"height":1028,"caption":"Florida Sports Coast"},"image":{"@id":"https:\/\/flsportscoast.com\/#\/schema\/logo\/image\/"},"sameAs":["https:\/\/www.facebook.com\/FLSportsCoast\/","https:\/\/x.com\/FLSportsCoast","https:\/\/www.pinterest.com\/FLSportsCoast\/","https:\/\/www.instagram.com\/flsportscoast\/","https:\/\/www.youtube.com\/channel\/UCJNh4zCnO3RPH6D9NPAoyGQ"]}]}},"meta_fields":{"_edit_lock":"1748877823:8","_edit_last":"8","_yoast_wpseo_content_score":"90","_yoast_wpseo_estimated-reading-time-minutes":"1"},"thumb_url":false,"_links":{"self":[{"href":"https:\/\/flsportscoast.com\/fr\/wp-json\/wp\/v2\/pages\/229906","targetHints":{"allow":["GET"]}}],"collection":[{"href":"https:\/\/flsportscoast.com\/fr\/wp-json\/wp\/v2\/pages"}],"about":[{"href":"https:\/\/flsportscoast.com\/fr\/wp-json\/wp\/v2\/types\/page"}],"author":[{"embeddable":true,"href":"https:\/\/flsportscoast.com\/fr\/wp-json\/wp\/v2\/users\/1"}],"replies":[{"embeddable":true,"href":"https:\/\/flsportscoast.com\/fr\/wp-json\/wp\/v2\/comments?post=229906"}],"version-history":[{"count":24,"href":"https:\/\/flsportscoast.com\/fr\/wp-json\/wp\/v2\/pages\/229906\/revisions"}],"predecessor-version":[{"id":234016,"href":"https:\/\/flsportscoast.com\/fr\/wp-json\/wp\/v2\/pages\/229906\/revisions\/234016"}],"wp:attachment":[{"href":"https:\/\/flsportscoast.com\/fr\/wp-json\/wp\/v2\/media?parent=229906"}],"wp:term":[{"taxonomy":"category","embeddable":true,"href":"https:\/\/flsportscoast.com\/fr\/wp-json\/wp\/v2\/categories?post=229906"},{"taxonomy":"post_tag","embeddable":true,"href":"https:\/\/flsportscoast.com\/fr\/wp-json\/wp\/v2\/tags?post=229906"}],"curies":[{"name":"wp","href":"https:\/\/api.w.org\/{rel}","templated":true}]}}