{"id":229481,"date":"2022-07-12T21:16:16","date_gmt":"2022-07-12T21:16:16","guid":{"rendered":"https:\/\/flsportscoast.com\/?page_id=229481"},"modified":"2024-12-04T13:13:26","modified_gmt":"2024-12-04T18:13:26","slug":"tourism-banquet","status":"publish","type":"page","link":"https:\/\/flsportscoast.com\/fr\/tourism-banquet\/","title":{"rendered":"Banquet du tourisme"},"content":{"rendered":"<div class=\"wp-block-columns is-layout-flex wp-container-core-columns-is-layout-1 wp-block-columns-is-layout-flex\" style=\"justify-content:center\">\n<div class=\"wp-block-column is-layout-flow wp-block-column-is-layout-flow\" style=\"flex-basis:25%\"><\/div>\n\n\n\n<div class=\"wp-block-column is-layout-flow wp-block-column-is-layout-flow\" style=\"flex-basis:50%\">\n<h2 class=\"has-text-align-center has-deep-blue-color has-text-color wp-block-heading\" id=\"join-our-mvp-list-1\">REJOIGNEZ NOTRE LISTE DE MVP<\/h2>\n\n\n\n<p>Chez Florida&#039;s Sports Coast, rien ne nous rend plus heureux que de reconna\u00eetre nos incroyables partenaires. Vos efforts inlassables ont am\u00e9lior\u00e9 chaque coin de notre destination aventureuse, et nous aimerions mettre en lumi\u00e8re votre<br>r\u00e9alisations et autres partenaires. Pour commencer, consultez les cat\u00e9gories de prix et remplissez le formulaire ci-dessous pour nommer quelqu&#039;un que vous aimeriez reconna\u00eetre.<\/p>\n\n\n\n<h3 class=\"has-orange-color has-text-color wp-block-heading\" id=\"florida-s-sports-coast-awards\">PRIX DE LA C\u00d4TE SPORTIVE DE LA FLORIDE\u00a0:<\/h3>\n\n\n\n<h4 class=\"has-deep-blue-color has-text-color wp-block-heading\" id=\"hospitality-award\">PRIX DE L&#039;HOSPITALIT\u00c9<\/h4>\n\n\n\n<p>Ce prix est con\u00e7u pour r\u00e9compenser une personne qui travaille en premi\u00e8re ligne dans la gestion de l&#039;exp\u00e9rience client et qui se surpasse \u00e0 plusieurs reprises pour que chaque client se sente sp\u00e9cial. C&#039;est la personne dont les clients se souviennent et dont ils demandent le nom lorsqu&#039;ils reviennent pour leur prochaine visite sur la c\u00f4te sportive de la Floride.<\/p>\n\n\n\n<h4 class=\"has-deep-blue-color has-text-color wp-block-heading\" id=\"hospitality-award\">PRIX DE L&#039;HOSPITALIT\u00c9 DE L&#039;AMBASSADEUR DE L&#039;ANN\u00c9E DE FLORIDA&#039;S SPORTS COAST<\/h4>\n\n\n\n<p>L&#039;ambassadeur de l&#039;industrie du tourisme de l&#039;ann\u00e9e sera pr\u00e9sent\u00e9 \u00e0 une personne dont le professionnalisme, le d\u00e9vouement, l&#039;attitude et la qualit\u00e9 du service illustrent le mieux l&#039;excellence dans l&#039;industrie du tourisme dans le comt\u00e9 de Pasco.<\/p>\n\n\n\n<h4 class=\"has-deep-blue-color has-text-color wp-block-heading\" id=\"hospitality-award\">PARTENAIRE DE L&#039;ANN\u00c9E<\/h4>\n\n\n\n<p>Ce prix r\u00e9compense un partenaire de Florida&#039;s Sports Coast qui s&#039;est surpass\u00e9 pour soutenir le Destination Management Office et la communaut\u00e9 environnante. Les candidatures retenues comprendront des lettres de recommandation et tout mat\u00e9riel d&#039;appui applicable (articles de presse, photos, etc.).<\/p>\n\n\n\n<h4 class=\"has-deep-blue-color has-text-color wp-block-heading\" id=\"hospitality-award\">ATTRACTION DE L&#039;ANN\u00c9E<\/h4>\n\n\n\n<p>Ce prix est d\u00e9cern\u00e9 aux attractions dont le travail a abouti \u00e0 une ann\u00e9e de r\u00e9alisations remarquables (c.-\u00e0-d. d\u00e9veloppement de nouveaux march\u00e9s commerciaux, croissance substantielle des revenus ou de la fr\u00e9quentation, rayonnement sp\u00e9cial). Les nominations doivent montrer des r\u00e9sultats concrets ; les explications peuvent inclure des descriptions de campagnes publicitaires\/promotionnelles, de c\u00e9l\u00e9brations sp\u00e9ciales ou de comm\u00e9morations.<\/p>\n\n\n\n<h4 class=\"has-deep-blue-color has-text-color wp-block-heading\" id=\"hospitality-award\">\u00c9TOILE MONTANTE<\/h4>\n\n\n\n<p>Ce prix r\u00e9compense les performances extraordinaires au travail d&#039;une personne nouvelle dans l&#039;industrie du voyage et du tourisme. Le premier emploi du candidat dans l&#039;industrie doit avoir eu lieu entre le 1er janvier 2015 et le 31 octobre 2020. Les candidatures seront \u00e9valu\u00e9es en fonction du leadership, de l&#039;enthousiasme pour l&#039;industrie, de l&#039;innovation, des programmes ou \u00e9v\u00e9nements r\u00e9ussis et d&#039;autres r\u00e9alisations li\u00e9es \u00e0 la performance. Une attention particuli\u00e8re est accord\u00e9e aux candidats qui sont impliqu\u00e9s dans l&#039;industrie en dehors de leur emploi normal. Le candidat doit \u00eatre un<br>d\u00e9fenseur efficace du public, de son gouvernement et de ses pairs du tourisme, en ce qui concerne l&#039;industrie du voyage et du tourisme. Les employeurs, les superviseurs ou les coll\u00e8gues peuvent nommer des personnes.<\/p>\n\n\n\n<h4 class=\"has-deep-blue-color has-text-color wp-block-heading\" id=\"hospitality-award\">PRIX H\u00c9RITAGE<\/h4>\n\n\n\n<p>Pr\u00e9sent\u00e9 \u00e0 une personne qui a apport\u00e9 une contribution durable et permanente \u00e0 l&#039;industrie touristique du comt\u00e9 de Pasco au fil des ans. Un candidat pour ce prix doit avoir 10 ans ou plus de service distingu\u00e9 dans l&#039;industrie du tourisme.<\/p>\n<\/div>\n\n\n\n<div class=\"wp-block-column is-layout-flow wp-block-column-is-layout-flow\" style=\"flex-basis:25%\"><\/div>\n<\/div>","protected":false},"excerpt":{"rendered":"<p>Chez Florida&#039;s Sports Coast, rien ne nous rend plus heureux que de reconna\u00eetre nos incroyables partenaires. Votre infatigable\u2026<\/p>","protected":false},"author":1,"featured_media":0,"parent":0,"menu_order":0,"comment_status":"closed","ping_status":"closed","template":"","meta":{"_acf_changed":false,"wprm-recipe-roundup-name":"","wprm-recipe-roundup-description":"","footnotes":""},"categories":[],"tags":[],"class_list":["post-229481","page","type-page","status-publish","hentry"],"acf":[],"yoast_head":"<!-- This site is optimized with the Yoast SEO plugin v24.1 - https:\/\/yoast.com\/wordpress\/plugins\/seo\/ -->\n<title>Tourism Banquet | Florida&#039;s Sports Coast<\/title>\n<meta name=\"description\" content=\"JOIN OUR MVP LIST At Florida\u2019s Sports Coast, nothing makes us happier than recognizing our amazing partners. Your tireless efforts have improved every\" \/>\n<meta name=\"robots\" content=\"index, follow, max-snippet:-1, max-image-preview:large, max-video-preview:-1\" \/>\n<link rel=\"canonical\" href=\"https:\/\/flsportscoast.com\/fr\/tourism-banquet\/\" \/>\n<meta property=\"og:locale\" content=\"fr_FR\" \/>\n<meta property=\"og:type\" content=\"article\" \/>\n<meta property=\"og:title\" content=\"Tourism Banquet | Florida&#039;s Sports Coast\" \/>\n<meta property=\"og:description\" content=\"JOIN OUR MVP LIST At Florida\u2019s Sports Coast, nothing makes us happier than recognizing our amazing partners. Your tireless efforts have improved every\" \/>\n<meta property=\"og:url\" content=\"https:\/\/flsportscoast.com\/fr\/tourism-banquet\/\" \/>\n<meta property=\"og:site_name\" content=\"Florida&#039;s Sports Coast\" \/>\n<meta property=\"article:publisher\" content=\"https:\/\/www.facebook.com\/FLSportsCoast\/\" \/>\n<meta property=\"article:modified_time\" content=\"2024-12-04T18:13:26+00:00\" \/>\n<meta name=\"twitter:card\" content=\"summary_large_image\" \/>\n<meta name=\"twitter:site\" content=\"@FLSportsCoast\" \/>\n<meta name=\"twitter:label1\" content=\"Est. reading time\" \/>\n\t<meta name=\"twitter:data1\" content=\"2 minutes\" \/>\n<script type=\"application\/ld+json\" class=\"yoast-schema-graph\">{\"@context\":\"https:\/\/schema.org\",\"@graph\":[{\"@type\":\"WebPage\",\"@id\":\"https:\/\/flsportscoast.com\/tourism-banquet\/\",\"url\":\"https:\/\/flsportscoast.com\/tourism-banquet\/\",\"name\":\"Tourism Banquet | Florida&#039;s Sports Coast\",\"isPartOf\":{\"@id\":\"https:\/\/flsportscoast.com\/#website\"},\"datePublished\":\"2022-07-12T21:16:16+00:00\",\"dateModified\":\"2024-12-04T18:13:26+00:00\",\"description\":\"JOIN OUR MVP LIST At Florida\u2019s Sports Coast, nothing makes us happier than recognizing our amazing partners. Your tireless efforts have improved every\",\"breadcrumb\":{\"@id\":\"https:\/\/flsportscoast.com\/tourism-banquet\/#breadcrumb\"},\"inLanguage\":\"fr-FR\",\"potentialAction\":[{\"@type\":\"ReadAction\",\"target\":[\"https:\/\/flsportscoast.com\/tourism-banquet\/\"]}]},{\"@type\":\"BreadcrumbList\",\"@id\":\"https:\/\/flsportscoast.com\/tourism-banquet\/#breadcrumb\",\"itemListElement\":[{\"@type\":\"ListItem\",\"position\":1,\"name\":\"Home\",\"item\":\"https:\/\/flsportscoast.com\/\"},{\"@type\":\"ListItem\",\"position\":2,\"name\":\"Tourism Banquet\"}]},{\"@type\":\"WebSite\",\"@id\":\"https:\/\/flsportscoast.com\/#website\",\"url\":\"https:\/\/flsportscoast.com\/\",\"name\":\"Florida&#039;s Sports Coast\",\"description\":\"\",\"publisher\":{\"@id\":\"https:\/\/flsportscoast.com\/#organization\"},\"potentialAction\":[{\"@type\":\"SearchAction\",\"target\":{\"@type\":\"EntryPoint\",\"urlTemplate\":\"https:\/\/flsportscoast.com\/?s={search_term_string}\"},\"query-input\":{\"@type\":\"PropertyValueSpecification\",\"valueRequired\":true,\"valueName\":\"search_term_string\"}}],\"inLanguage\":\"fr-FR\"},{\"@type\":\"Organization\",\"@id\":\"https:\/\/flsportscoast.com\/#organization\",\"name\":\"Florida Sports Coast\",\"url\":\"https:\/\/flsportscoast.com\/\",\"logo\":{\"@type\":\"ImageObject\",\"inLanguage\":\"fr-FR\",\"@id\":\"https:\/\/flsportscoast.com\/#\/schema\/logo\/image\/\",\"url\":\"https:\/\/flsportscoast.com\/wp-content\/uploads\/2022\/07\/fl-sports-coast-logo-color.png\",\"contentUrl\":\"https:\/\/flsportscoast.com\/wp-content\/uploads\/2022\/07\/fl-sports-coast-logo-color.png\",\"width\":1028,\"height\":1028,\"caption\":\"Florida Sports Coast\"},\"image\":{\"@id\":\"https:\/\/flsportscoast.com\/#\/schema\/logo\/image\/\"},\"sameAs\":[\"https:\/\/www.facebook.com\/FLSportsCoast\/\",\"https:\/\/x.com\/FLSportsCoast\",\"https:\/\/www.pinterest.com\/FLSportsCoast\/\",\"https:\/\/www.instagram.com\/flsportscoast\/\",\"https:\/\/www.youtube.com\/channel\/UCJNh4zCnO3RPH6D9NPAoyGQ\"]}]}<\/script>\n<!-- \/ Yoast SEO plugin. -->","yoast_head_json":{"title":"Banquet touristique | La c\u00f4te sportive de la Floride","description":"REJOIGNEZ NOTRE LISTE DE MVP Chez Florida&#039;s Sports Coast, rien ne nous rend plus heureux que de reconna\u00eetre nos incroyables partenaires. Vos efforts inlassables ont am\u00e9lior\u00e9 chaque","robots":{"index":"index","follow":"follow","max-snippet":"max-snippet:-1","max-image-preview":"max-image-preview:large","max-video-preview":"max-video-preview:-1"},"canonical":"https:\/\/flsportscoast.com\/fr\/tourism-banquet\/","og_locale":"fr_FR","og_type":"article","og_title":"Tourism Banquet | Florida&#039;s Sports Coast","og_description":"JOIN OUR MVP LIST At Florida\u2019s Sports Coast, nothing makes us happier than recognizing our amazing partners. Your tireless efforts have improved every","og_url":"https:\/\/flsportscoast.com\/fr\/tourism-banquet\/","og_site_name":"Florida&#039;s Sports Coast","article_publisher":"https:\/\/www.facebook.com\/FLSportsCoast\/","article_modified_time":"2024-12-04T18:13:26+00:00","twitter_card":"summary_large_image","twitter_site":"@FLSportsCoast","twitter_misc":{"Est. reading time":"2 minutes"},"schema":{"@context":"https:\/\/schema.org","@graph":[{"@type":"WebPage","@id":"https:\/\/flsportscoast.com\/tourism-banquet\/","url":"https:\/\/flsportscoast.com\/tourism-banquet\/","name":"Banquet touristique | La c\u00f4te sportive de la Floride","isPartOf":{"@id":"https:\/\/flsportscoast.com\/#website"},"datePublished":"2022-07-12T21:16:16+00:00","dateModified":"2024-12-04T18:13:26+00:00","description":"REJOIGNEZ NOTRE LISTE DE MVP Chez Florida&#039;s Sports Coast, rien ne nous rend plus heureux que de reconna\u00eetre nos incroyables partenaires. Vos efforts inlassables ont am\u00e9lior\u00e9 chaque","breadcrumb":{"@id":"https:\/\/flsportscoast.com\/tourism-banquet\/#breadcrumb"},"inLanguage":"fr-FR","potentialAction":[{"@type":"ReadAction","target":["https:\/\/flsportscoast.com\/tourism-banquet\/"]}]},{"@type":"BreadcrumbList","@id":"https:\/\/flsportscoast.com\/tourism-banquet\/#breadcrumb","itemListElement":[{"@type":"ListItem","position":1,"name":"Home","item":"https:\/\/flsportscoast.com\/"},{"@type":"ListItem","position":2,"name":"Tourism Banquet"}]},{"@type":"WebSite","@id":"https:\/\/flsportscoast.com\/#website","url":"https:\/\/flsportscoast.com\/","name":"La c\u00f4te sportive de la Floride","description":"","publisher":{"@id":"https:\/\/flsportscoast.com\/#organization"},"potentialAction":[{"@type":"SearchAction","target":{"@type":"EntryPoint","urlTemplate":"https:\/\/flsportscoast.com\/?s={search_term_string}"},"query-input":{"@type":"PropertyValueSpecification","valueRequired":true,"valueName":"search_term_string"}}],"inLanguage":"fr-FR"},{"@type":"Organization","@id":"https:\/\/flsportscoast.com\/#organization","name":"C\u00f4te sportive de la Floride","url":"https:\/\/flsportscoast.com\/","logo":{"@type":"ImageObject","inLanguage":"fr-FR","@id":"https:\/\/flsportscoast.com\/#\/schema\/logo\/image\/","url":"https:\/\/flsportscoast.com\/wp-content\/uploads\/2022\/07\/fl-sports-coast-logo-color.png","contentUrl":"https:\/\/flsportscoast.com\/wp-content\/uploads\/2022\/07\/fl-sports-coast-logo-color.png","width":1028,"height":1028,"caption":"Florida Sports Coast"},"image":{"@id":"https:\/\/flsportscoast.com\/#\/schema\/logo\/image\/"},"sameAs":["https:\/\/www.facebook.com\/FLSportsCoast\/","https:\/\/x.com\/FLSportsCoast","https:\/\/www.pinterest.com\/FLSportsCoast\/","https:\/\/www.instagram.com\/flsportscoast\/","https:\/\/www.youtube.com\/channel\/UCJNh4zCnO3RPH6D9NPAoyGQ"]}]}},"meta_fields":{"_edit_lock":"1733336007:8","_edit_last":"8","_yoast_wpseo_content_score":"60","_yoast_wpseo_estimated-reading-time-minutes":"2","_yoast_wpseo_primary_category":""},"thumb_url":false,"_links":{"self":[{"href":"https:\/\/flsportscoast.com\/fr\/wp-json\/wp\/v2\/pages\/229481","targetHints":{"allow":["GET"]}}],"collection":[{"href":"https:\/\/flsportscoast.com\/fr\/wp-json\/wp\/v2\/pages"}],"about":[{"href":"https:\/\/flsportscoast.com\/fr\/wp-json\/wp\/v2\/types\/page"}],"author":[{"embeddable":true,"href":"https:\/\/flsportscoast.com\/fr\/wp-json\/wp\/v2\/users\/1"}],"replies":[{"embeddable":true,"href":"https:\/\/flsportscoast.com\/fr\/wp-json\/wp\/v2\/comments?post=229481"}],"version-history":[{"count":8,"href":"https:\/\/flsportscoast.com\/fr\/wp-json\/wp\/v2\/pages\/229481\/revisions"}],"predecessor-version":[{"id":233320,"href":"https:\/\/flsportscoast.com\/fr\/wp-json\/wp\/v2\/pages\/229481\/revisions\/233320"}],"wp:attachment":[{"href":"https:\/\/flsportscoast.com\/fr\/wp-json\/wp\/v2\/media?parent=229481"}],"wp:term":[{"taxonomy":"category","embeddable":true,"href":"https:\/\/flsportscoast.com\/fr\/wp-json\/wp\/v2\/categories?post=229481"},{"taxonomy":"post_tag","embeddable":true,"href":"https:\/\/flsportscoast.com\/fr\/wp-json\/wp\/v2\/tags?post=229481"}],"curies":[{"name":"wp","href":"https:\/\/api.w.org\/{rel}","templated":true}]}}