{"id":229468,"date":"2022-07-12T20:37:04","date_gmt":"2022-07-12T20:37:04","guid":{"rendered":"https:\/\/flsportscoast.com\/?page_id=229468"},"modified":"2024-09-05T13:10:46","modified_gmt":"2024-09-05T17:10:46","slug":"giveaway-terms-conditions","status":"publish","type":"page","link":"https:\/\/flsportscoast.com\/fr\/giveaway-terms-conditions\/","title":{"rendered":"Conditions g\u00e9n\u00e9rales du concours"},"content":{"rendered":"<div class=\"wp-block-cover\" style=\"padding-top:0;padding-bottom:0;min-height:600px;aspect-ratio:unset;\"><span aria-hidden=\"true\" class=\"wp-block-cover__background has-background-dim\" style=\"background-color:#415045\"><\/span><img loading=\"lazy\" decoding=\"async\" width=\"1920\" height=\"1079\" class=\"wp-block-cover__image-background wp-image-232285\" alt=\"\" src=\"https:\/\/flsportscoast.com\/wp-content\/uploads\/Pasco-Scalloping-0136-2-scaled.jpg\" data-object-fit=\"cover\" srcset=\"https:\/\/flsportscoast.com\/wp-content\/uploads\/Pasco-Scalloping-0136-2-scaled.jpg 1920w, https:\/\/flsportscoast.com\/wp-content\/uploads\/Pasco-Scalloping-0136-2-300x169.jpg 300w, https:\/\/flsportscoast.com\/wp-content\/uploads\/Pasco-Scalloping-0136-2-1024x575.jpg 1024w, https:\/\/flsportscoast.com\/wp-content\/uploads\/Pasco-Scalloping-0136-2-768x432.jpg 768w, https:\/\/flsportscoast.com\/wp-content\/uploads\/Pasco-Scalloping-0136-2-1536x863.jpg 1536w, https:\/\/flsportscoast.com\/wp-content\/uploads\/Pasco-Scalloping-0136-2-2048x1151.jpg 2048w, https:\/\/flsportscoast.com\/wp-content\/uploads\/Pasco-Scalloping-0136-2-18x10.jpg 18w, https:\/\/flsportscoast.com\/wp-content\/uploads\/Pasco-Scalloping-0136-2-400x225.jpg 400w, https:\/\/flsportscoast.com\/wp-content\/uploads\/Pasco-Scalloping-0136-2-600x337.jpg 600w, https:\/\/flsportscoast.com\/wp-content\/uploads\/Pasco-Scalloping-0136-2-1068x600.jpg 1068w, https:\/\/flsportscoast.com\/wp-content\/uploads\/Pasco-Scalloping-0136-2-1600x899.jpg 1600w, https:\/\/flsportscoast.com\/wp-content\/uploads\/Pasco-Scalloping-0136-2-250x140.jpg 250w\" sizes=\"auto, (max-width: 1920px) 100vw, 1920px\" \/><div class=\"wp-block-cover__inner-container is-layout-constrained wp-block-cover-is-layout-constrained\">\n<p class=\"has-text-align-center has-large-font-size\"><\/p>\n<\/div><\/div>\n\n\n  <section class=\"madden-block-paragraph-cta\">\n    <div class=\"paragraph-cta\">\n      <div class=\"paragraph-cta__body\">\n        <div class=\"paragraph-cta__banner\"><\/div>\n        <div class=\"paragraph-cta__title-container\">\n          <p>R\u00e8glement officiel, aucun achat n\u00e9cessaire, nul l\u00e0 o\u00f9 la loi l&#039;interdit.<\/p>\n          <h1>Conditions g\u00e9n\u00e9rales du concours<\/h1>\n        <\/div>\n        <div class=\"paragraph-cta__body-text\">\n          <p><\/p>\n        <\/div>\n      <\/div>\n    <\/div>\n  <\/section>\n  \n\n\n<div class=\"wp-block-columns is-layout-flex wp-container-core-columns-is-layout-1 wp-block-columns-is-layout-flex\" style=\"justify-content:center\">\n<div class=\"wp-block-column is-layout-flow wp-block-column-is-layout-flow\" style=\"flex-basis:5%\"><\/div>\n\n\n\n<div class=\"wp-block-column is-layout-flow wp-block-column-is-layout-flow\" style=\"padding-top:5%;padding-right:5%;padding-bottom:5%;padding-left:5%;flex-basis:50%\">\n<div class=\"wp-block-group is-vertical is-layout-flex wp-container-core-group-is-layout-1 wp-block-group-is-layout-flex\">\n<p><strong>Cette promotion de Florida&#039;s Sports Coast (\u00ab Promotion \u00bb) est valable pour les dates sp\u00e9cifi\u00e9es dans la publication sur les r\u00e9seaux sociaux concern\u00e9e.<\/strong> Les inscriptions commencent \u00e0 00h00, heure de l&#039;Est (\u00ab HE \u00bb) le premier jour de la promotion et se terminent \u00e0 12h00 HE \u00e0 la date finale de la promotion, comme indiqu\u00e9 dans la publication correspondante sur les r\u00e9seaux sociaux (\u00ab P\u00e9riode de promotion \u00bb).<\/p>\n\n\n\n<div style=\"height:8px;width:0px\" aria-hidden=\"true\" class=\"wp-block-spacer wp-container-content-1\"><\/div>\n\n\n\n<p><strong>Admissibilit\u00e9:<\/strong> Ouvert uniquement aux r\u00e9sidents l\u00e9gaux des \u00c9tats-Unis \u00e2g\u00e9s de 21 ans ou plus \u00e0 la date d&#039;inscription. Les employ\u00e9s de Florida&#039;s Sports Coast \/Pasco County, Floride (\u00ab Sponsor \u00bb), et l&#039;une de ses soci\u00e9t\u00e9s affili\u00e9es, soci\u00e9t\u00e9s m\u00e8res, filiales, fournisseurs de prix et agences de publicit\u00e9 et de promotion associ\u00e9es \u00e0 la Promotion (collectivement, \u00ab Entit\u00e9s de promotion \u00bb), et les membres de leur famille imm\u00e9diate (conjoints, parents, enfants et fr\u00e8res et s\u0153urs et leurs conjoints), et\/ou ceux vivant dans le m\u00eame foyer que chacun de ces employ\u00e9s ne sont pas \u00e9ligibles. Nul l\u00e0 o\u00f9 la loi l&#039;interdit ou le restreint. Soumis \u00e0 toutes les lois, ordonnances et r\u00e9glementations f\u00e9d\u00e9rales, \u00e9tatiques et locales applicables. En participant \u00e0 la Promotion, les participants acceptent et conviennent d&#039;\u00eatre li\u00e9s par le pr\u00e9sent R\u00e8glement officiel.<\/p>\n\n\n\n<div style=\"height:8px;width:0px\" aria-hidden=\"true\" class=\"wp-block-spacer wp-container-content-2\"><\/div>\n\n\n\n<p><strong>Comment participer : <\/strong>Les participants doivent respecter les crit\u00e8res de participation d\u00e9crits dans la publication sur les r\u00e9seaux sociaux concern\u00e9e. Chaque personne est limit\u00e9e \u00e0 un maximum de cinq (5) participations pendant toute la dur\u00e9e de la p\u00e9riode de promotion.<\/p>\n\n\n\n<div style=\"height:8px;width:0px\" aria-hidden=\"true\" class=\"wp-block-spacer wp-container-content-3\"><\/div>\n\n\n\n<p><strong>Tirage au sort :<\/strong> Le gagnant potentiel du grand prix devra ensuite signer et renvoyer par courrier \u00e9lectronique une d\u00e9claration d&#039;admissibilit\u00e9, de responsabilit\u00e9 et de publicit\u00e9 dans un d\u00e9lai d&#039;un (1) jour apr\u00e8s la notification, sinon le gagnant potentiel sera disqualifi\u00e9 et un autre gagnant potentiel du grand prix pourra \u00eatre s\u00e9lectionn\u00e9, \u00e0 la seule et absolue discr\u00e9tion du commanditaire. Le non-respect des d\u00e9lais prescrits entra\u00eenera la disqualification du gagnant potentiel et la s\u00e9lection d&#039;un autre gagnant, \u00e0 la seule et absolue discr\u00e9tion du commanditaire. La notification de prix retourn\u00e9e comme non livrable ou sans r\u00e9ponse entra\u00eenera la disqualification et le grand prix sera annul\u00e9 et un autre gagnant pourra \u00eatre s\u00e9lectionn\u00e9, \u00e0 la seule et absolue discr\u00e9tion du commanditaire.<\/p>\n\n\n\n<div style=\"height:8px;width:0px\" aria-hidden=\"true\" class=\"wp-block-spacer wp-container-content-4\"><\/div>\n\n\n\n<p><strong>Notification\/v\u00e9rification des gagnants\u00a0:<\/strong> Fran\u00e7ais Le gagnant potentiel du Grand Prix sera inform\u00e9 par message direct sur Facebook, Twitter ou Instagram sur le profil de r\u00e9seau social associ\u00e9 \u00e0 sa participation et aux informations de facturation enregistr\u00e9es. Le Commanditaire se r\u00e9serve le droit d&#039;annuler, de suspendre et\/ou de modifier la Promotion, ou toute partie de celle-ci, en cas de fraude, de d\u00e9faillances techniques ou de tout autre facteur ind\u00e9pendant de la volont\u00e9 raisonnable du Commanditaire qui compromet l&#039;int\u00e9grit\u00e9 ou le bon fonctionnement de la Promotion, tel que d\u00e9termin\u00e9 uniquement par le Commanditaire. En cas d&#039;annulation, le Grand Prix sera attribu\u00e9 par tirage au sort parmi toutes les Participations admissibles re\u00e7ues conform\u00e9ment au pr\u00e9sent R\u00e8glement officiel avant l&#039;annulation. Le manquement du Commanditaire \u00e0 appliquer une disposition du pr\u00e9sent R\u00e8glement officiel ne constitue pas une renonciation \u00e0 cette disposition. AVERTISSEMENT : TOUTE TENTATIVE PAR UN PARTICIPANT OU TOUTE AUTRE PERSONNE D&#039;ENDOMMAGER D\u00c9LIB\u00c9R\u00c9MENT UN SITE WEB OU UNE PAGE DE R\u00c9SEAUX SOCIAUX ASSOCI\u00c9 \u00c0 CETTE PROMOTION OU DE PORTER ATTEINTE AU FONCTIONNEMENT L\u00c9GITIME DE LA PROMOTION PEUT CONSTITUER UNE VIOLATION DU DROIT P\u00c9NAL ET CIVIL ; EN CAS DE TENTATIVE DE CE TYPE, LE COMMANDITAIRE SE R\u00c9SERVE LE DROIT DE POURSUIVRE ET DE DEMANDER DES DOMMAGES-INT\u00c9R\u00caTS \u00c0 CETTE PERSONNE DANS TOUTE LA MESURE PERMISE PAR LA LOI. Le commanditaire se r\u00e9serve le droit, \u00e0 sa seule discr\u00e9tion, de disqualifier toute personne qu&#039;il trouve : en train de tenter de falsifier ou de saper le processus d&#039;inscription et\/ou le fonctionnement l\u00e9gitime de la promotion ; de violer le r\u00e8glement officiel ; ou d&#039;agir de mani\u00e8re antisportive ou perturbatrice ou dans l&#039;intention d&#039;ennuyer, d&#039;abuser, de menacer ou de harceler toute autre personne. Si, pour une raison quelconque, la promotion ne peut pas se d\u00e9rouler comme pr\u00e9vu, le commanditaire peut, \u00e0 sa seule discr\u00e9tion, annuler toute inscription suspecte et (a) modifier la promotion ou la suspendre pour rem\u00e9dier \u00e0 l&#039;alt\u00e9ration, puis reprendre la promotion d&#039;une mani\u00e8re qui soit la plus conforme \u00e0 l&#039;esprit du pr\u00e9sent r\u00e8glement officiel ; ou (b) attribuer le grand prix au hasard parmi toutes les inscriptions admissibles re\u00e7ues conform\u00e9ment au pr\u00e9sent r\u00e8glement officiel avant l&#039;annulation.<\/p>\n\n\n\n<div style=\"height:8px;width:0px\" aria-hidden=\"true\" class=\"wp-block-spacer wp-container-content-5\"><\/div>\n\n\n\n<p><strong>Garanties et d\u00e9clarations ; exon\u00e9ration de responsabilit\u00e9 :<\/strong> Vous (le gagnant) d\u00e9gagez par la pr\u00e9sente le commanditaire et chacune des entit\u00e9s de la promotion ainsi que chacun de leurs dirigeants, administrateurs, membres, gestionnaires, employ\u00e9s, agents, repr\u00e9sentants, successeurs et ayants droit respectifs (les \u00ab parties exon\u00e9r\u00e9es \u00bb) de toute responsabilit\u00e9 contre toute r\u00e9clamation de tiers d\u00e9coulant de l&#039;utilisation de toute participation et vous renoncez \u00e0 tout droit d&#039;inspecter ou d&#039;approuver les utilisations de votre participation par le commanditaire dans le cadre de la promotion ou d&#039;\u00eatre r\u00e9mun\u00e9r\u00e9 pour de telles utilisations. La participation \u00e0 la promotion constitue une autorisation pour le commanditaire d&#039;utiliser le nom et l&#039;adresse d&#039;un gagnant et de son invit\u00e9 dans le cadre de l&#039;administration de la promotion uniquement et comme l&#039;exige la loi. En participant \u00e0 la promotion, le participant accepte que les parties exon\u00e9r\u00e9es n&#039;aient aucune responsabilit\u00e9 et seront tenues indemnes par le participant de toute responsabilit\u00e9 pour toute blessure corporelle, perte ou dommage de toute nature aux personnes, y compris le d\u00e9c\u00e8s, et aux biens, dus en tout ou en partie, directement ou indirectement, \u00e0 la participation, \u00e0 l&#039;acceptation, \u00e0 la possession, \u00e0 l&#039;utilisation ou \u00e0 la mauvaise utilisation du grand prix ou d&#039;un \u00e9l\u00e9ment de celui-ci, le cas \u00e9ch\u00e9ant, ou \u00e0 la participation \u00e0 la promotion ou \u00e0 la participation \u00e0 toute activit\u00e9 li\u00e9e \u00e0 la promotion. Vous d\u00e9clarez et garantissez par la pr\u00e9sente que vous avez lu le pr\u00e9sent r\u00e8glement officiel et que vous connaissez parfaitement son contenu et que vous acceptez d&#039;\u00eatre li\u00e9 par lui.<\/p>\n\n\n\n<div style=\"height:8px;width:0px\" aria-hidden=\"true\" class=\"wp-block-spacer wp-container-content-6\"><\/div>\n\n\n\n<p><strong>Litiges :<\/strong> LES PARTICIPANTS\/GAGNANTS CONVIENNENT QUE : TOUS LES PROBL\u00c8MES ET QUESTIONS CONCERNANT LA CONSTRUCTION, LA VALIDIT\u00c9, L&#039;INTERPR\u00c9TATION ET L&#039;APPLICABILIT\u00c9 DE LA PROMOTION OU DES CONDITIONS G\u00c9N\u00c9RALES DE LA COTE SPORTIVE DE LA FLORIDE.<\/p>\n\n\n\n<div style=\"height:8px;width:0px\" aria-hidden=\"true\" class=\"wp-block-spacer wp-container-content-7\"><\/div>\n\n\n\n<p><strong>Commanditaire\/Administrateur :<\/strong> Le sponsor de la promotion est Florida&#039;s Sports Coast\/Pasco County, Floride, 1938 Duck Slough Blvd. Trinity, Floride 34655.<\/p>\n<\/div>\n\n\n\n<p class=\"has-text-align-center\">Cette promotion n&#039;est en aucun cas sponsoris\u00e9e, approuv\u00e9e ou administr\u00e9e par, ou associ\u00e9e \u00e0 Facebook, Twitter ou Instagram. Vous comprenez que vous fournissez vos informations au sponsor, et non \u00e0 Facebook, Twitter ou Instagram.<\/p>\n<\/div>\n\n\n\n<div class=\"wp-block-column is-layout-flow wp-block-column-is-layout-flow\" style=\"flex-basis:5%\"><\/div>\n<\/div>","protected":false},"excerpt":{"rendered":"<p>Cette promotion de Florida&#039;s Sports Coast (\u00ab Promotion \u00bb) est valable pour les dates sp\u00e9cifi\u00e9es dans les\u2026<\/p>","protected":false},"author":1,"featured_media":0,"parent":0,"menu_order":0,"comment_status":"closed","ping_status":"closed","template":"","meta":{"_acf_changed":false,"wprm-recipe-roundup-name":"","wprm-recipe-roundup-description":"","footnotes":""},"categories":[],"tags":[],"class_list":["post-229468","page","type-page","status-publish","hentry"],"acf":[],"yoast_head":"<!-- This site is optimized with the Yoast SEO plugin v24.1 - https:\/\/yoast.com\/wordpress\/plugins\/seo\/ -->\n<title>Giveaway Terms and Conditions | Florida&#039;s Sports Coast<\/title>\n<meta name=\"description\" content=\"This Florida\u2019s Sports Coast promotion (&quot;Promotion&quot;) is valid for the dates specified in the relevant social media post. Entries begin at 12:00 AM Eastern\" \/>\n<meta name=\"robots\" content=\"index, follow, max-snippet:-1, max-image-preview:large, max-video-preview:-1\" \/>\n<link rel=\"canonical\" href=\"https:\/\/flsportscoast.com\/fr\/giveaway-terms-conditions\/\" \/>\n<meta property=\"og:locale\" content=\"fr_FR\" \/>\n<meta property=\"og:type\" content=\"article\" \/>\n<meta property=\"og:title\" content=\"Giveaway Terms and Conditions | Florida&#039;s Sports Coast\" \/>\n<meta property=\"og:description\" content=\"This Florida\u2019s Sports Coast promotion (&quot;Promotion&quot;) is valid for the dates specified in the relevant social media post. Entries begin at 12:00 AM Eastern\" \/>\n<meta property=\"og:url\" content=\"https:\/\/flsportscoast.com\/fr\/giveaway-terms-conditions\/\" \/>\n<meta property=\"og:site_name\" content=\"Florida&#039;s Sports Coast\" \/>\n<meta property=\"article:publisher\" content=\"https:\/\/www.facebook.com\/FLSportsCoast\/\" \/>\n<meta property=\"article:modified_time\" content=\"2024-09-05T17:10:46+00:00\" \/>\n<meta property=\"og:image\" content=\"https:\/\/flsportscoast.com\/wp-content\/uploads\/Pasco-Scalloping-0136-2-scaled.jpg\" \/>\n<meta name=\"twitter:card\" content=\"summary_large_image\" \/>\n<meta name=\"twitter:site\" content=\"@FLSportsCoast\" \/>\n<meta name=\"twitter:label1\" content=\"Est. reading time\" \/>\n\t<meta name=\"twitter:data1\" content=\"5 minutes\" \/>\n<script type=\"application\/ld+json\" class=\"yoast-schema-graph\">{\"@context\":\"https:\/\/schema.org\",\"@graph\":[{\"@type\":\"WebPage\",\"@id\":\"https:\/\/flsportscoast.com\/giveaway-terms-conditions\/\",\"url\":\"https:\/\/flsportscoast.com\/giveaway-terms-conditions\/\",\"name\":\"Giveaway Terms and Conditions | Florida&#039;s Sports Coast\",\"isPartOf\":{\"@id\":\"https:\/\/flsportscoast.com\/#website\"},\"primaryImageOfPage\":{\"@id\":\"https:\/\/flsportscoast.com\/giveaway-terms-conditions\/#primaryimage\"},\"image\":{\"@id\":\"https:\/\/flsportscoast.com\/giveaway-terms-conditions\/#primaryimage\"},\"thumbnailUrl\":\"https:\/\/flsportscoast.com\/wp-content\/uploads\/Pasco-Scalloping-0136-2-scaled.jpg\",\"datePublished\":\"2022-07-12T20:37:04+00:00\",\"dateModified\":\"2024-09-05T17:10:46+00:00\",\"description\":\"This Florida\u2019s Sports Coast promotion (\\\"Promotion\\\") is valid for the dates specified in the relevant social media post. Entries begin at 12:00 AM Eastern\",\"breadcrumb\":{\"@id\":\"https:\/\/flsportscoast.com\/giveaway-terms-conditions\/#breadcrumb\"},\"inLanguage\":\"fr-FR\",\"potentialAction\":[{\"@type\":\"ReadAction\",\"target\":[\"https:\/\/flsportscoast.com\/giveaway-terms-conditions\/\"]}]},{\"@type\":\"ImageObject\",\"inLanguage\":\"fr-FR\",\"@id\":\"https:\/\/flsportscoast.com\/giveaway-terms-conditions\/#primaryimage\",\"url\":\"https:\/\/flsportscoast.com\/wp-content\/uploads\/Pasco-Scalloping-0136-2-scaled.jpg\",\"contentUrl\":\"https:\/\/flsportscoast.com\/wp-content\/uploads\/Pasco-Scalloping-0136-2-scaled.jpg\"},{\"@type\":\"BreadcrumbList\",\"@id\":\"https:\/\/flsportscoast.com\/giveaway-terms-conditions\/#breadcrumb\",\"itemListElement\":[{\"@type\":\"ListItem\",\"position\":1,\"name\":\"Home\",\"item\":\"https:\/\/flsportscoast.com\/\"},{\"@type\":\"ListItem\",\"position\":2,\"name\":\"Giveaway Terms and Conditions\"}]},{\"@type\":\"WebSite\",\"@id\":\"https:\/\/flsportscoast.com\/#website\",\"url\":\"https:\/\/flsportscoast.com\/\",\"name\":\"Florida&#039;s Sports Coast\",\"description\":\"\",\"publisher\":{\"@id\":\"https:\/\/flsportscoast.com\/#organization\"},\"potentialAction\":[{\"@type\":\"SearchAction\",\"target\":{\"@type\":\"EntryPoint\",\"urlTemplate\":\"https:\/\/flsportscoast.com\/?s={search_term_string}\"},\"query-input\":{\"@type\":\"PropertyValueSpecification\",\"valueRequired\":true,\"valueName\":\"search_term_string\"}}],\"inLanguage\":\"fr-FR\"},{\"@type\":\"Organization\",\"@id\":\"https:\/\/flsportscoast.com\/#organization\",\"name\":\"Florida Sports Coast\",\"url\":\"https:\/\/flsportscoast.com\/\",\"logo\":{\"@type\":\"ImageObject\",\"inLanguage\":\"fr-FR\",\"@id\":\"https:\/\/flsportscoast.com\/#\/schema\/logo\/image\/\",\"url\":\"https:\/\/flsportscoast.com\/wp-content\/uploads\/2022\/07\/fl-sports-coast-logo-color.png\",\"contentUrl\":\"https:\/\/flsportscoast.com\/wp-content\/uploads\/2022\/07\/fl-sports-coast-logo-color.png\",\"width\":1028,\"height\":1028,\"caption\":\"Florida Sports Coast\"},\"image\":{\"@id\":\"https:\/\/flsportscoast.com\/#\/schema\/logo\/image\/\"},\"sameAs\":[\"https:\/\/www.facebook.com\/FLSportsCoast\/\",\"https:\/\/x.com\/FLSportsCoast\",\"https:\/\/www.pinterest.com\/FLSportsCoast\/\",\"https:\/\/www.instagram.com\/flsportscoast\/\",\"https:\/\/www.youtube.com\/channel\/UCJNh4zCnO3RPH6D9NPAoyGQ\"]}]}<\/script>\n<!-- \/ Yoast SEO plugin. -->","yoast_head_json":{"title":"Conditions g\u00e9n\u00e9rales du concours | La c\u00f4te sportive de Floride","description":"Cette promotion de Florida&#039;s Sports Coast (\u00ab Promotion \u00bb) est valable pour les dates sp\u00e9cifi\u00e9es dans la publication sur les r\u00e9seaux sociaux concern\u00e9e. Les inscriptions commencent \u00e0 00h00, heure de l&#039;Est","robots":{"index":"index","follow":"follow","max-snippet":"max-snippet:-1","max-image-preview":"max-image-preview:large","max-video-preview":"max-video-preview:-1"},"canonical":"https:\/\/flsportscoast.com\/fr\/giveaway-terms-conditions\/","og_locale":"fr_FR","og_type":"article","og_title":"Giveaway Terms and Conditions | Florida&#039;s Sports Coast","og_description":"This Florida\u2019s Sports Coast promotion (\"Promotion\") is valid for the dates specified in the relevant social media post. Entries begin at 12:00 AM Eastern","og_url":"https:\/\/flsportscoast.com\/fr\/giveaway-terms-conditions\/","og_site_name":"Florida&#039;s Sports Coast","article_publisher":"https:\/\/www.facebook.com\/FLSportsCoast\/","article_modified_time":"2024-09-05T17:10:46+00:00","og_image":[{"url":"https:\/\/flsportscoast.com\/wp-content\/uploads\/Pasco-Scalloping-0136-2-scaled.jpg","type":"","width":"","height":""}],"twitter_card":"summary_large_image","twitter_site":"@FLSportsCoast","twitter_misc":{"Est. reading time":"5 minutes"},"schema":{"@context":"https:\/\/schema.org","@graph":[{"@type":"WebPage","@id":"https:\/\/flsportscoast.com\/giveaway-terms-conditions\/","url":"https:\/\/flsportscoast.com\/giveaway-terms-conditions\/","name":"Conditions g\u00e9n\u00e9rales du concours | La c\u00f4te sportive de Floride","isPartOf":{"@id":"https:\/\/flsportscoast.com\/#website"},"primaryImageOfPage":{"@id":"https:\/\/flsportscoast.com\/giveaway-terms-conditions\/#primaryimage"},"image":{"@id":"https:\/\/flsportscoast.com\/giveaway-terms-conditions\/#primaryimage"},"thumbnailUrl":"https:\/\/flsportscoast.com\/wp-content\/uploads\/Pasco-Scalloping-0136-2-scaled.jpg","datePublished":"2022-07-12T20:37:04+00:00","dateModified":"2024-09-05T17:10:46+00:00","description":"Cette promotion de Florida&#039;s Sports Coast (\u00ab Promotion \u00bb) est valable pour les dates sp\u00e9cifi\u00e9es dans la publication sur les r\u00e9seaux sociaux concern\u00e9e. Les inscriptions commencent \u00e0 00h00, heure de l&#039;Est","breadcrumb":{"@id":"https:\/\/flsportscoast.com\/giveaway-terms-conditions\/#breadcrumb"},"inLanguage":"fr-FR","potentialAction":[{"@type":"ReadAction","target":["https:\/\/flsportscoast.com\/giveaway-terms-conditions\/"]}]},{"@type":"ImageObject","inLanguage":"fr-FR","@id":"https:\/\/flsportscoast.com\/giveaway-terms-conditions\/#primaryimage","url":"https:\/\/flsportscoast.com\/wp-content\/uploads\/Pasco-Scalloping-0136-2-scaled.jpg","contentUrl":"https:\/\/flsportscoast.com\/wp-content\/uploads\/Pasco-Scalloping-0136-2-scaled.jpg"},{"@type":"BreadcrumbList","@id":"https:\/\/flsportscoast.com\/giveaway-terms-conditions\/#breadcrumb","itemListElement":[{"@type":"ListItem","position":1,"name":"Home","item":"https:\/\/flsportscoast.com\/"},{"@type":"ListItem","position":2,"name":"Giveaway Terms and Conditions"}]},{"@type":"WebSite","@id":"https:\/\/flsportscoast.com\/#website","url":"https:\/\/flsportscoast.com\/","name":"La c\u00f4te sportive de la Floride","description":"","publisher":{"@id":"https:\/\/flsportscoast.com\/#organization"},"potentialAction":[{"@type":"SearchAction","target":{"@type":"EntryPoint","urlTemplate":"https:\/\/flsportscoast.com\/?s={search_term_string}"},"query-input":{"@type":"PropertyValueSpecification","valueRequired":true,"valueName":"search_term_string"}}],"inLanguage":"fr-FR"},{"@type":"Organization","@id":"https:\/\/flsportscoast.com\/#organization","name":"C\u00f4te sportive de la Floride","url":"https:\/\/flsportscoast.com\/","logo":{"@type":"ImageObject","inLanguage":"fr-FR","@id":"https:\/\/flsportscoast.com\/#\/schema\/logo\/image\/","url":"https:\/\/flsportscoast.com\/wp-content\/uploads\/2022\/07\/fl-sports-coast-logo-color.png","contentUrl":"https:\/\/flsportscoast.com\/wp-content\/uploads\/2022\/07\/fl-sports-coast-logo-color.png","width":1028,"height":1028,"caption":"Florida Sports Coast"},"image":{"@id":"https:\/\/flsportscoast.com\/#\/schema\/logo\/image\/"},"sameAs":["https:\/\/www.facebook.com\/FLSportsCoast\/","https:\/\/x.com\/FLSportsCoast","https:\/\/www.pinterest.com\/FLSportsCoast\/","https:\/\/www.instagram.com\/flsportscoast\/","https:\/\/www.youtube.com\/channel\/UCJNh4zCnO3RPH6D9NPAoyGQ"]}]}},"meta_fields":{"_edit_lock":"1725556254:8","_edit_last":"8","_yoast_wpseo_content_score":"30","_yoast_wpseo_estimated-reading-time-minutes":"5","_yoast_wpseo_primary_category":""},"thumb_url":false,"_links":{"self":[{"href":"https:\/\/flsportscoast.com\/fr\/wp-json\/wp\/v2\/pages\/229468","targetHints":{"allow":["GET"]}}],"collection":[{"href":"https:\/\/flsportscoast.com\/fr\/wp-json\/wp\/v2\/pages"}],"about":[{"href":"https:\/\/flsportscoast.com\/fr\/wp-json\/wp\/v2\/types\/page"}],"author":[{"embeddable":true,"href":"https:\/\/flsportscoast.com\/fr\/wp-json\/wp\/v2\/users\/1"}],"replies":[{"embeddable":true,"href":"https:\/\/flsportscoast.com\/fr\/wp-json\/wp\/v2\/comments?post=229468"}],"version-history":[{"count":18,"href":"https:\/\/flsportscoast.com\/fr\/wp-json\/wp\/v2\/pages\/229468\/revisions"}],"predecessor-version":[{"id":232800,"href":"https:\/\/flsportscoast.com\/fr\/wp-json\/wp\/v2\/pages\/229468\/revisions\/232800"}],"wp:attachment":[{"href":"https:\/\/flsportscoast.com\/fr\/wp-json\/wp\/v2\/media?parent=229468"}],"wp:term":[{"taxonomy":"category","embeddable":true,"href":"https:\/\/flsportscoast.com\/fr\/wp-json\/wp\/v2\/categories?post=229468"},{"taxonomy":"post_tag","embeddable":true,"href":"https:\/\/flsportscoast.com\/fr\/wp-json\/wp\/v2\/tags?post=229468"}],"curies":[{"name":"wp","href":"https:\/\/api.w.org\/{rel}","templated":true}]}}