{"id":228745,"date":"2022-07-04T22:34:21","date_gmt":"2022-07-04T22:34:21","guid":{"rendered":"https:\/\/main-bvxea6i-4yqud7qos27fo.us-4.platformsh.site\/?page_id=228745"},"modified":"2023-04-03T16:47:47","modified_gmt":"2023-04-03T20:47:47","slug":"experience-floridas-sports-coast-marketing-co-ops","status":"publish","type":"page","link":"https:\/\/flsportscoast.com\/fr\/experience-floridas-sports-coast-marketing-co-ops\/","title":{"rendered":"Opportunit\u00e9s de coop\u00e9ration"},"content":{"rendered":"<div class=\"wp-block-columns is-layout-flex wp-container-core-columns-is-layout-2 wp-block-columns-is-layout-flex\" style=\"justify-content:center\">\n<div class=\"wp-block-column is-layout-flow wp-block-column-is-layout-flow\" style=\"padding-top:5%;padding-right:5%;padding-bottom:5%;padding-left:5%;flex-basis:70%\">\n<h1 class=\"has-text-align-center has-dark-blue-color has-text-color wp-block-heading\" id=\"co-op-opportunities-1\">Opportunit\u00e9s de coop\u00e9ration<\/h1>\n\n\n\n<div class=\"wp-block-columns is-layout-flex wp-container-core-columns-is-layout-1 wp-block-columns-is-layout-flex\" style=\"justify-content:center\">\n<div class=\"wp-block-column is-layout-flow wp-block-column-is-layout-flow\" style=\"flex-basis:70%\">\n<p>Si vous cherchez \u00e0 promouvoir votre entreprise tout en \u00e9tirant votre budget, consultez nos opportunit\u00e9s de coop\u00e9ration. En alignant votre entreprise avec d&#039;autres partenaires dans un espace partag\u00e9, vous pouvez tirer le meilleur parti de votre achat m\u00e9dia.<\/p>\n\n\n\n<hr style=\"height:10px;\" class=\"wp-block-separator has-text-color has-background has-orange-background-color has-orange-color is-style-wide\"\/>\n<\/div>\n<\/div>\n\n\n  <section class=\"madden-accordion-section one-column\">\n    <div class=\"thecontainer\">\n\n      \n              <div class=\"accordion-section\">\n          <button class=\"accordion\">\n            <span class=\"toggle-text\">\n              EPRO DIRECT\u00a0: MARKETING PAR COURRIEL POUR PLANIFICATEUR DE R\u00c9UNIONS            <\/span>\n            <span class=\"toggle-icon\">\n              <span class=\"icon-h\"><\/span>\n              <span class=\"icon-v\"><\/span>\n            <\/span>\n          <\/button>\n          <div class=\"accordion-content\">\n            <div class=\"content-container\">\n                            <p><img decoding=\"async\" src=\"\/wp-content\/uploads\/2022\/07\/eprodirect.png\" style=\"float:left; width: 200px; height: auto; margin-right: 20px;\">\nConnectez-vous directement avec plus de 14 000 planificateurs de r\u00e9unions gr\u00e2ce au marketing direct par e-mail avec EPro Direct. Cette opportunit\u00e9 est parfaite pour les partenaires avec des lieux \u00e9v\u00e9nementiels, des services de restauration et des attractions bleisure (affaires + loisirs).<\/p>\n                          <\/div>\n          <\/div>\n        <\/div>\n              <div class=\"accordion-section\">\n          <button class=\"accordion\">\n            <span class=\"toggle-text\">\n              FA\u00c7ONS DE JOUER SUR LA C\u00d4TE SPORTIVE DE LA FLORIDE\u00a0: VID\u00c9O DE CO-MARKETING            <\/span>\n            <span class=\"toggle-icon\">\n              <span class=\"icon-h\"><\/span>\n              <span class=\"icon-v\"><\/span>\n            <\/span>\n          <\/button>\n          <div class=\"accordion-content\">\n            <div class=\"content-container\">\n                            <p><img decoding=\"async\" src=\"\/wp-content\/uploads\/2022\/07\/jl-video.jpg\" style=\"float:left; width: 200px; height: auto; margin-right: 20px;\">\nParticipez \u00e0 la cr\u00e9ation de notre contenu vid\u00e9o prim\u00e9 avec notre toute nouvelle vid\u00e9o de marketing de destination\u00a0: &quot;Ways to Play on Florida&#039;s Sports Coast&quot;. Cette vid\u00e9o sera utilis\u00e9e par Experience Florida&#039;s Sports Coast dans des efforts de marketing num\u00e9rique payants, notamment ConnectTV, Youtube TrueView, Social Media Marketing et plus encore.\n\n<\/p>\n                          <\/div>\n          <\/div>\n        <\/div>\n          <\/div>\n  <\/section>\n  <\/div>\n<\/div>\n\n\n\n<h3 class=\"has-text-align-center is-style-narrow_header has-dark-blue-color has-text-color wp-block-heading\" id=\"advertise-with-us\">Faites de la publicit\u00e9 avec nous!<\/h3>\n\n\n\n<div class=\"wp-block-buttons is-layout-flex wp-block-buttons-is-layout-flex\">\n<div class=\"wp-block-button aligncenter is-style-outline is-style-outline--1\"><a class=\"wp-block-button__link has-dark-blue-color has-white-background-color has-text-color has-background wp-element-button\" href=\"https:\/\/flsportscoast.com\/fr\/contact\/\">Contactez-nous<\/a><\/div>\n<\/div>\n\n\n\n<div style=\"height:100px\" aria-hidden=\"true\" class=\"wp-block-spacer\"><\/div>","protected":false},"excerpt":{"rendered":"<p>Si vous cherchez \u00e0 promouvoir votre entreprise tout en \u00e9tirant votre dollar, consultez nos opportunit\u00e9s de coop\u00e9ration.\u2026<\/p>","protected":false},"author":1,"featured_media":0,"parent":0,"menu_order":0,"comment_status":"closed","ping_status":"closed","template":"","meta":{"_acf_changed":false,"wprm-recipe-roundup-name":"","wprm-recipe-roundup-description":"","footnotes":""},"categories":[],"tags":[],"class_list":["post-228745","page","type-page","status-publish","hentry"],"acf":[],"yoast_head":"<!-- This site is optimized with the Yoast SEO plugin v24.1 - https:\/\/yoast.com\/wordpress\/plugins\/seo\/ -->\n<title>Co-Op Opportunities | Florida&#039;s Sports Coast<\/title>\n<meta name=\"description\" content=\"Co-Op Opportunities If you\u2019re looking to promote your business while stretching your dollar, check out our co-op opportunities. By aligning your business\" \/>\n<meta name=\"robots\" content=\"index, follow, max-snippet:-1, max-image-preview:large, max-video-preview:-1\" \/>\n<link rel=\"canonical\" href=\"https:\/\/flsportscoast.com\/fr\/experience-floridas-sports-coast-marketing-co-ops\/\" \/>\n<meta property=\"og:locale\" content=\"fr_FR\" \/>\n<meta property=\"og:type\" content=\"article\" \/>\n<meta property=\"og:title\" content=\"Co-Op Opportunities | Florida&#039;s Sports Coast\" \/>\n<meta property=\"og:description\" content=\"Co-Op Opportunities If you\u2019re looking to promote your business while stretching your dollar, check out our co-op opportunities. By aligning your business\" \/>\n<meta property=\"og:url\" content=\"https:\/\/flsportscoast.com\/fr\/experience-floridas-sports-coast-marketing-co-ops\/\" \/>\n<meta property=\"og:site_name\" content=\"Florida&#039;s Sports Coast\" \/>\n<meta property=\"article:publisher\" content=\"https:\/\/www.facebook.com\/FLSportsCoast\/\" \/>\n<meta property=\"article:modified_time\" content=\"2023-04-03T20:47:47+00:00\" \/>\n<meta name=\"twitter:card\" content=\"summary_large_image\" \/>\n<meta name=\"twitter:site\" content=\"@FLSportsCoast\" \/>\n<meta name=\"twitter:label1\" content=\"Est. reading time\" \/>\n\t<meta name=\"twitter:data1\" content=\"1 minute\" \/>\n<script type=\"application\/ld+json\" class=\"yoast-schema-graph\">{\"@context\":\"https:\/\/schema.org\",\"@graph\":[{\"@type\":\"WebPage\",\"@id\":\"https:\/\/flsportscoast.com\/nl\/experience-floridas-sports-coast-marketing-co-ops\/\",\"url\":\"https:\/\/flsportscoast.com\/nl\/experience-floridas-sports-coast-marketing-co-ops\/\",\"name\":\"Co-Op Opportunities | Florida&#039;s Sports Coast\",\"isPartOf\":{\"@id\":\"https:\/\/flsportscoast.com\/#website\"},\"datePublished\":\"2022-07-04T22:34:21+00:00\",\"dateModified\":\"2023-04-03T20:47:47+00:00\",\"description\":\"Co-Op Opportunities If you\u2019re looking to promote your business while stretching your dollar, check out our co-op opportunities. By aligning your business\",\"breadcrumb\":{\"@id\":\"https:\/\/flsportscoast.com\/nl\/experience-floridas-sports-coast-marketing-co-ops\/#breadcrumb\"},\"inLanguage\":\"fr-FR\",\"potentialAction\":[{\"@type\":\"ReadAction\",\"target\":[\"https:\/\/flsportscoast.com\/nl\/experience-floridas-sports-coast-marketing-co-ops\/\"]}]},{\"@type\":\"BreadcrumbList\",\"@id\":\"https:\/\/flsportscoast.com\/nl\/experience-floridas-sports-coast-marketing-co-ops\/#breadcrumb\",\"itemListElement\":[{\"@type\":\"ListItem\",\"position\":1,\"name\":\"Home\",\"item\":\"https:\/\/flsportscoast.com\/\"},{\"@type\":\"ListItem\",\"position\":2,\"name\":\"Co-Op Opportunities\"}]},{\"@type\":\"WebSite\",\"@id\":\"https:\/\/flsportscoast.com\/#website\",\"url\":\"https:\/\/flsportscoast.com\/\",\"name\":\"Florida&#039;s Sports Coast\",\"description\":\"\",\"publisher\":{\"@id\":\"https:\/\/flsportscoast.com\/#organization\"},\"potentialAction\":[{\"@type\":\"SearchAction\",\"target\":{\"@type\":\"EntryPoint\",\"urlTemplate\":\"https:\/\/flsportscoast.com\/?s={search_term_string}\"},\"query-input\":{\"@type\":\"PropertyValueSpecification\",\"valueRequired\":true,\"valueName\":\"search_term_string\"}}],\"inLanguage\":\"fr-FR\"},{\"@type\":\"Organization\",\"@id\":\"https:\/\/flsportscoast.com\/#organization\",\"name\":\"Florida Sports Coast\",\"url\":\"https:\/\/flsportscoast.com\/\",\"logo\":{\"@type\":\"ImageObject\",\"inLanguage\":\"fr-FR\",\"@id\":\"https:\/\/flsportscoast.com\/#\/schema\/logo\/image\/\",\"url\":\"https:\/\/flsportscoast.com\/wp-content\/uploads\/2022\/07\/fl-sports-coast-logo-color.png\",\"contentUrl\":\"https:\/\/flsportscoast.com\/wp-content\/uploads\/2022\/07\/fl-sports-coast-logo-color.png\",\"width\":1028,\"height\":1028,\"caption\":\"Florida Sports Coast\"},\"image\":{\"@id\":\"https:\/\/flsportscoast.com\/#\/schema\/logo\/image\/\"},\"sameAs\":[\"https:\/\/www.facebook.com\/FLSportsCoast\/\",\"https:\/\/x.com\/FLSportsCoast\",\"https:\/\/www.pinterest.com\/FLSportsCoast\/\",\"https:\/\/www.instagram.com\/flsportscoast\/\",\"https:\/\/www.youtube.com\/channel\/UCJNh4zCnO3RPH6D9NPAoyGQ\"]}]}<\/script>\n<!-- \/ Yoast SEO plugin. -->","yoast_head_json":{"title":"Opportunit\u00e9s de coop\u00e9ration | La c\u00f4te sportive de la Floride","description":"Opportunit\u00e9s de coop\u00e9ration Si vous cherchez \u00e0 promouvoir votre entreprise tout en optimisant votre budget, consultez nos opportunit\u00e9s de coop\u00e9ration. En alignant votre entreprise","robots":{"index":"index","follow":"follow","max-snippet":"max-snippet:-1","max-image-preview":"max-image-preview:large","max-video-preview":"max-video-preview:-1"},"canonical":"https:\/\/flsportscoast.com\/fr\/experience-floridas-sports-coast-marketing-co-ops\/","og_locale":"fr_FR","og_type":"article","og_title":"Co-Op Opportunities | Florida&#039;s Sports Coast","og_description":"Co-Op Opportunities If you\u2019re looking to promote your business while stretching your dollar, check out our co-op opportunities. By aligning your business","og_url":"https:\/\/flsportscoast.com\/fr\/experience-floridas-sports-coast-marketing-co-ops\/","og_site_name":"Florida&#039;s Sports Coast","article_publisher":"https:\/\/www.facebook.com\/FLSportsCoast\/","article_modified_time":"2023-04-03T20:47:47+00:00","twitter_card":"summary_large_image","twitter_site":"@FLSportsCoast","twitter_misc":{"Est. reading time":"1 minute"},"schema":{"@context":"https:\/\/schema.org","@graph":[{"@type":"WebPage","@id":"https:\/\/flsportscoast.com\/nl\/experience-floridas-sports-coast-marketing-co-ops\/","url":"https:\/\/flsportscoast.com\/nl\/experience-floridas-sports-coast-marketing-co-ops\/","name":"Opportunit\u00e9s de coop\u00e9ration | La c\u00f4te sportive de la Floride","isPartOf":{"@id":"https:\/\/flsportscoast.com\/#website"},"datePublished":"2022-07-04T22:34:21+00:00","dateModified":"2023-04-03T20:47:47+00:00","description":"Opportunit\u00e9s de coop\u00e9ration Si vous cherchez \u00e0 promouvoir votre entreprise tout en optimisant votre budget, consultez nos opportunit\u00e9s de coop\u00e9ration. En alignant votre entreprise","breadcrumb":{"@id":"https:\/\/flsportscoast.com\/nl\/experience-floridas-sports-coast-marketing-co-ops\/#breadcrumb"},"inLanguage":"fr-FR","potentialAction":[{"@type":"ReadAction","target":["https:\/\/flsportscoast.com\/nl\/experience-floridas-sports-coast-marketing-co-ops\/"]}]},{"@type":"BreadcrumbList","@id":"https:\/\/flsportscoast.com\/nl\/experience-floridas-sports-coast-marketing-co-ops\/#breadcrumb","itemListElement":[{"@type":"ListItem","position":1,"name":"Home","item":"https:\/\/flsportscoast.com\/"},{"@type":"ListItem","position":2,"name":"Co-Op Opportunities"}]},{"@type":"WebSite","@id":"https:\/\/flsportscoast.com\/#website","url":"https:\/\/flsportscoast.com\/","name":"La c\u00f4te sportive de la Floride","description":"","publisher":{"@id":"https:\/\/flsportscoast.com\/#organization"},"potentialAction":[{"@type":"SearchAction","target":{"@type":"EntryPoint","urlTemplate":"https:\/\/flsportscoast.com\/?s={search_term_string}"},"query-input":{"@type":"PropertyValueSpecification","valueRequired":true,"valueName":"search_term_string"}}],"inLanguage":"fr-FR"},{"@type":"Organization","@id":"https:\/\/flsportscoast.com\/#organization","name":"C\u00f4te sportive de la Floride","url":"https:\/\/flsportscoast.com\/","logo":{"@type":"ImageObject","inLanguage":"fr-FR","@id":"https:\/\/flsportscoast.com\/#\/schema\/logo\/image\/","url":"https:\/\/flsportscoast.com\/wp-content\/uploads\/2022\/07\/fl-sports-coast-logo-color.png","contentUrl":"https:\/\/flsportscoast.com\/wp-content\/uploads\/2022\/07\/fl-sports-coast-logo-color.png","width":1028,"height":1028,"caption":"Florida Sports Coast"},"image":{"@id":"https:\/\/flsportscoast.com\/#\/schema\/logo\/image\/"},"sameAs":["https:\/\/www.facebook.com\/FLSportsCoast\/","https:\/\/x.com\/FLSportsCoast","https:\/\/www.pinterest.com\/FLSportsCoast\/","https:\/\/www.instagram.com\/flsportscoast\/","https:\/\/www.youtube.com\/channel\/UCJNh4zCnO3RPH6D9NPAoyGQ"]}]}},"meta_fields":{"_edit_lock":"1680554868:8","_edit_last":"8","_yoast_wpseo_content_score":"90","_yoast_wpseo_estimated-reading-time-minutes":"1"},"thumb_url":false,"_links":{"self":[{"href":"https:\/\/flsportscoast.com\/fr\/wp-json\/wp\/v2\/pages\/228745","targetHints":{"allow":["GET"]}}],"collection":[{"href":"https:\/\/flsportscoast.com\/fr\/wp-json\/wp\/v2\/pages"}],"about":[{"href":"https:\/\/flsportscoast.com\/fr\/wp-json\/wp\/v2\/types\/page"}],"author":[{"embeddable":true,"href":"https:\/\/flsportscoast.com\/fr\/wp-json\/wp\/v2\/users\/1"}],"replies":[{"embeddable":true,"href":"https:\/\/flsportscoast.com\/fr\/wp-json\/wp\/v2\/comments?post=228745"}],"version-history":[{"count":22,"href":"https:\/\/flsportscoast.com\/fr\/wp-json\/wp\/v2\/pages\/228745\/revisions"}],"predecessor-version":[{"id":231041,"href":"https:\/\/flsportscoast.com\/fr\/wp-json\/wp\/v2\/pages\/228745\/revisions\/231041"}],"wp:attachment":[{"href":"https:\/\/flsportscoast.com\/fr\/wp-json\/wp\/v2\/media?parent=228745"}],"wp:term":[{"taxonomy":"category","embeddable":true,"href":"https:\/\/flsportscoast.com\/fr\/wp-json\/wp\/v2\/categories?post=228745"},{"taxonomy":"post_tag","embeddable":true,"href":"https:\/\/flsportscoast.com\/fr\/wp-json\/wp\/v2\/tags?post=228745"}],"curies":[{"name":"wp","href":"https:\/\/api.w.org\/{rel}","templated":true}]}}