{"id":232083,"date":"2024-06-11T15:58:10","date_gmt":"2024-06-11T19:58:10","guid":{"rendered":"https:\/\/flsportscoast.com\/?page_id=232083"},"modified":"2024-06-11T16:03:32","modified_gmt":"2024-06-11T20:03:32","slug":"july-fun-pack-giveaway-terms-and-conditions","status":"publish","type":"page","link":"https:\/\/flsportscoast.com\/es\/july-fun-pack-giveaway-terms-and-conditions\/","title":{"rendered":"Sorteo de paquete divertido de julio: t\u00e9rminos y condiciones"},"content":{"rendered":"<h2 class=\"wp-block-heading has-text-align-center has-deep-blue-color has-text-color\" id=\"official-rule\">Reglas Oficiales <\/h2>\n\n\n\n<h2 class=\"wp-block-heading has-text-align-center has-deep-blue-color has-text-color\" id=\"official-rule\">No se requiere compra<\/h2>\n\n\n\n<h2 class=\"wp-block-heading has-text-align-center has-deep-blue-color has-text-color\" id=\"official-rule\">Nulo donde est\u00e9 prohibido<\/h2>\n\n\n\n<div class=\"wp-block-columns is-layout-flex wp-container-core-columns-is-layout-1 wp-block-columns-is-layout-flex\" style=\"justify-content:center\">\n<div class=\"wp-block-column is-layout-flow wp-block-column-is-layout-flow\" style=\"flex-basis:5%\"><\/div>\n\n\n\n<div class=\"wp-block-column is-layout-flow wp-block-column-is-layout-flow\" style=\"padding-top:5%;padding-right:5%;padding-bottom:5%;padding-left:5%;flex-basis:50%\">\n<ol class=\"wp-block-list\">\n<li>Per\u00edodo de promoci\u00f3n: esta promoci\u00f3n de Sports Coast de Florida (\u201cPromoci\u00f3n\u201d) comienza a las 12:00 a. m. hora del Este.<br>Hora (&quot;ET&quot;) del 12 de junio de 2024 y finaliza a las 11:59 p.m. ET del 21 de junio de 2024 o alrededor de esa fecha (&quot;Per\u00edodo de promoci\u00f3n&quot;).<\/li>\n\n\n\n<li>Elegibilidad: Abierto solo para residentes legales de EE. UU. que tengan 21 a\u00f1os de edad o m\u00e1s en la fecha de entrada. Empleados de Florida&#039;s Sports Coast\/Condado de Pasco, Florida (\u201cPatrocinador\u201d), y cualquiera de sus afiliados, matrices, subsidiarias proveedores de premios y agencias de publicidad y promoci\u00f3n asociadas con la Promoci\u00f3n (colectivamente, \u201cEntidades de la Promoci\u00f3n\u201d), y miembros de su grupo inmediato. Los miembros de la familia (c\u00f3nyuges, padres, hijos y hermanos y sus c\u00f3nyuges) y\/o aquellos que viven en el mismo hogar de cada uno de dichos empleados no son elegibles. Nulo donde lo proh\u00edba o restrinja la ley. Sujeto a todas las leyes, ordenanzas y regulaciones federales, estatales y locales aplicables. Debe tener 21 a\u00f1os o m\u00e1s para recibir el premio Pilsner. Al participar en la Promoci\u00f3n, los participantes aceptan y aceptan regirse por estas Reglas Oficiales.<\/li>\n\n\n\n<li>C\u00f3mo participar: Para participar, durante el Per\u00edodo de promoci\u00f3n, a una persona le debe gustar la publicaci\u00f3n oficial del sorteo en Facebook y: 1) Compartir planes interesantes para el 4 de julio en los comentarios. 2) Etiquetar a DOS amigos en los comentarios. 3) S\u00edguenos en Facebook E Instagram. 4) ENTRADA BONIFICADA, agrega esta publicaci\u00f3n a tu historia. Cada publicaci\u00f3n en las redes sociales participar\u00e1 en el sorteo aleatorio para tener la oportunidad de ganar el Gran Premio. L\u00edmite de cinco (5) Entradas por persona durante el Per\u00edodo de Promoci\u00f3n.<\/li>\n\n\n\n<li>Notificaci\u00f3n\/verificaci\u00f3n de los ganadores: el posible ganador del Gran Premio ser\u00e1 notificado a trav\u00e9s de la historia de Facebook. El Patrocinador se reserva el derecho de cancelar, suspender y\/o modificar la Promoci\u00f3n, o cualquier parte de ella, si alg\u00fan fraude, falla t\u00e9cnica o cualquier otro factor fuera del control razonable del Patrocinador afecta la integridad o el funcionamiento adecuado de la Promoci\u00f3n, seg\u00fan lo determine el Patrocinador en a su exclusivo criterio, y en caso de cancelaci\u00f3n, el Gran Premio se otorgar\u00e1 en un sorteo aleatorio entre todas las Inscripciones elegibles recibidas de acuerdo con estas Reglas oficiales antes de la cancelaci\u00f3n. El hecho de que el Patrocinador no haga cumplir cualquier t\u00e9rmino de estas Reglas Oficiales no constituir\u00e1 una renuncia a esa disposici\u00f3n.<br>ADVERTENCIA: CUALQUIER INTENTO POR PARTE DE UN PARTICIPANTE O CUALQUIER OTRO INDIVIDUO DE DA\u00d1AR DELIBERADAMENTE CUALQUIER SITIO WEB O P\u00c1GINA DE MEDIOS SOCIALES ASOCIADOS CON ESTA PROMOCI\u00d3N O SOCAVAR EL FUNCIONAMIENTO LEG\u00cdTIMO DE LA PROMOCI\u00d3N PUEDE CONSTITUIR UNA VIOLACI\u00d3N DEL DERECHO PENAL Y CIVIL; EN CASO DE HACERSE CUALQUIER INTENTO, EL PATROCINADOR SE RESERVA EL DERECHO DE PROCESAR Y BUSCAR DA\u00d1OS DE CUALQUIER PERSONA EN LA MEDIDA M\u00c1XIMA PERMITIDA POR LA LEY. El Patrocinador se reserva el derecho, a su exclusivo criterio, de descalificar a cualquier individuo que encuentre: que intenta alterar o socavar el proceso de Inscripci\u00f3n y\/o el funcionamiento leg\u00edtimo de la Promoci\u00f3n; violar las Reglas Oficiales; o actuar de manera antideportiva o disruptiva o con la intenci\u00f3n de molestar, abusar, amenazar o acosar a cualquier otra persona. Si, por alg\u00fan motivo, la Promoci\u00f3n no puede ejecutarse seg\u00fan lo planeado, el Patrocinador puede, a su exclusivo criterio, anular cualquier Entrada sospechosa y (a) modificar la Promoci\u00f3n o suspender la Promoci\u00f3n para abordar el problema y luego reanudar la Promoci\u00f3n en un manera que mejor se ajuste al esp\u00edritu de<br>estas Reglas Oficiales; o (b) otorgar el Gran Premio al azar entre todas las Participaciones elegibles recibidas de acuerdo con<br>estas Reglas Oficiales antes de la cancelaci\u00f3n.<\/li>\n\n\n\n<li>Garant\u00edas y Representaciones; Liberaci\u00f3n de responsabilidad: Usted (ganador) por la presente mantiene al Patrocinador y a cada uno de los<br>Entidades de Promoci\u00f3n y cada uno de sus respectivos funcionarios, directores, miembros, gerentes, empleados, agentes,<br>representantes, sucesores y cesionarios (las &quot;Partes liberadas&quot;) de y contra cualquier reclamo de terceros<br>que surja del uso de cualquier Entrada y usted renuncia a cualquier derecho de inspeccionar o aprobar los usos de su Entrada por parte del Patrocinador en<br>conexi\u00f3n con la Promoci\u00f3n o ser compensado por tales usos. Participar en la Promoci\u00f3n constituye<br>permiso al Patrocinador para usar el nombre y la direcci\u00f3n del ganador y de su invitado en relaci\u00f3n con la administraci\u00f3n<br>de la Promoci\u00f3n \u00fanicamente y seg\u00fan lo exija la ley. Al participar en la Promoci\u00f3n, el participante acepta que las Partes Eximidas no tendr\u00e1n responsabilidad alguna y el participante las eximir\u00e1 de toda responsabilidad por cualquier lesi\u00f3n corporal, p\u00e9rdida o da\u00f1o de cualquier tipo a personas, incluida la muerte y la propiedad, debido en su totalidad o en parte, directa o indirectamente, desde la Entrada, la aceptaci\u00f3n, posesi\u00f3n, uso o mal uso del Gran Premio o componente del mismo, si corresponde, o la participaci\u00f3n en la Promoci\u00f3n o la participaci\u00f3n en cualquier actividad relacionada con la Promoci\u00f3n. Por la presente, usted declara y garantiza que ha le\u00eddo estas Reglas oficiales y est\u00e1 completamente familiarizado con<br>su contenido y acepta estar obligado por ellos.<\/li>\n\n\n\n<li>Disputas: Los participantes y ganadores aceptan que todas las cuestiones y preguntas relacionadas con la construcci\u00f3n, validez, interpretaci\u00f3n y aplicabilidad de la promoci\u00f3n o el &quot;Sorteo de paquete divertido de julio&quot; se regir\u00e1n por y de acuerdo con los T\u00e9rminos y condiciones de Florida&#039;s Sports Coast.<\/li>\n\n\n\n<li>Patrocinador\/Administrador: El patrocinador de la promoci\u00f3n es Florida&#039;s Sports Coast\/Condado de Pasco, Florida,<br>Bulevar de 1938 Duck Slough. Trinidad, Florida 34655. <\/li>\n<\/ol>\n\n\n\n<p class=\"has-text-align-center\">Esta Promoci\u00f3n no est\u00e1 patrocinada, respaldada ni administrada de ninguna manera por Facebook, Twitter o Instagram, ni est\u00e1 asociada con ellos. Usted comprende que est\u00e1 proporcionando su informaci\u00f3n al Patrocinador, y no a Facebook, Twitter o Instagram.<\/p>\n<\/div>\n\n\n\n<div class=\"wp-block-column is-layout-flow wp-block-column-is-layout-flow\" style=\"flex-basis:5%\"><\/div>\n<\/div>","protected":false},"excerpt":{"rendered":"<p>Esta Promoci\u00f3n no est\u00e1 patrocinada, respaldada ni administrada de ninguna manera por Facebook, Twitter...<\/p>","protected":false},"author":8,"featured_media":0,"parent":0,"menu_order":0,"comment_status":"closed","ping_status":"closed","template":"","meta":{"_acf_changed":false,"wprm-recipe-roundup-name":"","wprm-recipe-roundup-description":"","footnotes":""},"categories":[],"tags":[],"class_list":["post-232083","page","type-page","status-publish","hentry"],"acf":[],"yoast_head":"<!-- This site is optimized with the Yoast SEO plugin v24.1 - https:\/\/yoast.com\/wordpress\/plugins\/seo\/ -->\n<title>July Fun Pack Giveaway - Terms and Conditions | Florida&#039;s Sports Coast<\/title>\n<meta name=\"description\" content=\"Official Rules No Purchase Necessary Void Where Prohibited Promotion Period: This Florida\u2019s Sports Coast promotion (\u201cPromotion\u201d) begins at 12:00 AM\" \/>\n<meta name=\"robots\" content=\"index, follow, max-snippet:-1, max-image-preview:large, max-video-preview:-1\" \/>\n<link rel=\"canonical\" href=\"https:\/\/flsportscoast.com\/es\/july-fun-pack-giveaway-terms-and-conditions\/\" \/>\n<meta property=\"og:locale\" content=\"es_MX\" \/>\n<meta property=\"og:type\" content=\"article\" \/>\n<meta property=\"og:title\" content=\"July Fun Pack Giveaway - Terms and Conditions | Florida&#039;s Sports Coast\" \/>\n<meta property=\"og:description\" content=\"Official Rules No Purchase Necessary Void Where Prohibited Promotion Period: This Florida\u2019s Sports Coast promotion (\u201cPromotion\u201d) begins at 12:00 AM\" \/>\n<meta property=\"og:url\" content=\"https:\/\/flsportscoast.com\/es\/july-fun-pack-giveaway-terms-and-conditions\/\" \/>\n<meta property=\"og:site_name\" content=\"Florida&#039;s Sports Coast\" \/>\n<meta property=\"article:publisher\" content=\"https:\/\/www.facebook.com\/FLSportsCoast\/\" \/>\n<meta property=\"article:modified_time\" content=\"2024-06-11T20:03:32+00:00\" \/>\n<meta name=\"twitter:card\" content=\"summary_large_image\" \/>\n<meta name=\"twitter:site\" content=\"@FLSportsCoast\" \/>\n<meta name=\"twitter:label1\" content=\"Est. reading time\" \/>\n\t<meta name=\"twitter:data1\" content=\"5 minutes\" \/>\n<script type=\"application\/ld+json\" class=\"yoast-schema-graph\">{\"@context\":\"https:\/\/schema.org\",\"@graph\":[{\"@type\":\"WebPage\",\"@id\":\"https:\/\/flsportscoast.com\/july-fun-pack-giveaway-terms-and-conditions\/\",\"url\":\"https:\/\/flsportscoast.com\/july-fun-pack-giveaway-terms-and-conditions\/\",\"name\":\"July Fun Pack Giveaway - Terms and Conditions | Florida&#039;s Sports Coast\",\"isPartOf\":{\"@id\":\"https:\/\/flsportscoast.com\/#website\"},\"datePublished\":\"2024-06-11T19:58:10+00:00\",\"dateModified\":\"2024-06-11T20:03:32+00:00\",\"description\":\"Official Rules No Purchase Necessary Void Where Prohibited Promotion Period: This Florida\u2019s Sports Coast promotion (\u201cPromotion\u201d) begins at 12:00 AM\",\"breadcrumb\":{\"@id\":\"https:\/\/flsportscoast.com\/july-fun-pack-giveaway-terms-and-conditions\/#breadcrumb\"},\"inLanguage\":\"es-MX\",\"potentialAction\":[{\"@type\":\"ReadAction\",\"target\":[\"https:\/\/flsportscoast.com\/july-fun-pack-giveaway-terms-and-conditions\/\"]}]},{\"@type\":\"BreadcrumbList\",\"@id\":\"https:\/\/flsportscoast.com\/july-fun-pack-giveaway-terms-and-conditions\/#breadcrumb\",\"itemListElement\":[{\"@type\":\"ListItem\",\"position\":1,\"name\":\"Home\",\"item\":\"https:\/\/flsportscoast.com\/\"},{\"@type\":\"ListItem\",\"position\":2,\"name\":\"July Fun Pack Giveaway &#8211; Terms and Conditions\"}]},{\"@type\":\"WebSite\",\"@id\":\"https:\/\/flsportscoast.com\/#website\",\"url\":\"https:\/\/flsportscoast.com\/\",\"name\":\"Florida&#039;s Sports Coast\",\"description\":\"\",\"publisher\":{\"@id\":\"https:\/\/flsportscoast.com\/#organization\"},\"potentialAction\":[{\"@type\":\"SearchAction\",\"target\":{\"@type\":\"EntryPoint\",\"urlTemplate\":\"https:\/\/flsportscoast.com\/?s={search_term_string}\"},\"query-input\":{\"@type\":\"PropertyValueSpecification\",\"valueRequired\":true,\"valueName\":\"search_term_string\"}}],\"inLanguage\":\"es-MX\"},{\"@type\":\"Organization\",\"@id\":\"https:\/\/flsportscoast.com\/#organization\",\"name\":\"Florida Sports Coast\",\"url\":\"https:\/\/flsportscoast.com\/\",\"logo\":{\"@type\":\"ImageObject\",\"inLanguage\":\"es-MX\",\"@id\":\"https:\/\/flsportscoast.com\/#\/schema\/logo\/image\/\",\"url\":\"https:\/\/flsportscoast.com\/wp-content\/uploads\/2022\/07\/fl-sports-coast-logo-color.png\",\"contentUrl\":\"https:\/\/flsportscoast.com\/wp-content\/uploads\/2022\/07\/fl-sports-coast-logo-color.png\",\"width\":1028,\"height\":1028,\"caption\":\"Florida Sports Coast\"},\"image\":{\"@id\":\"https:\/\/flsportscoast.com\/#\/schema\/logo\/image\/\"},\"sameAs\":[\"https:\/\/www.facebook.com\/FLSportsCoast\/\",\"https:\/\/x.com\/FLSportsCoast\",\"https:\/\/www.pinterest.com\/FLSportsCoast\/\",\"https:\/\/www.instagram.com\/flsportscoast\/\",\"https:\/\/www.youtube.com\/channel\/UCJNh4zCnO3RPH6D9NPAoyGQ\"]}]}<\/script>\n<!-- \/ Yoast SEO plugin. -->","yoast_head_json":{"title":"Sorteo de paquete divertido de julio: t\u00e9rminos y condiciones | La costa deportiva de Florida","description":"Reglas oficiales No es necesaria ninguna compra No es v\u00e1lida donde est\u00e9 prohibida Per\u00edodo de promoci\u00f3n: esta promoci\u00f3n de Sports Coast de Florida (\u201cPromoci\u00f3n\u201d) comienza a las 12:00 a. m.","robots":{"index":"index","follow":"follow","max-snippet":"max-snippet:-1","max-image-preview":"max-image-preview:large","max-video-preview":"max-video-preview:-1"},"canonical":"https:\/\/flsportscoast.com\/es\/july-fun-pack-giveaway-terms-and-conditions\/","og_locale":"es_MX","og_type":"article","og_title":"July Fun Pack Giveaway - Terms and Conditions | Florida&#039;s Sports Coast","og_description":"Official Rules No Purchase Necessary Void Where Prohibited Promotion Period: This Florida\u2019s Sports Coast promotion (\u201cPromotion\u201d) begins at 12:00 AM","og_url":"https:\/\/flsportscoast.com\/es\/july-fun-pack-giveaway-terms-and-conditions\/","og_site_name":"Florida&#039;s Sports Coast","article_publisher":"https:\/\/www.facebook.com\/FLSportsCoast\/","article_modified_time":"2024-06-11T20:03:32+00:00","twitter_card":"summary_large_image","twitter_site":"@FLSportsCoast","twitter_misc":{"Est. reading time":"5 minutes"},"schema":{"@context":"https:\/\/schema.org","@graph":[{"@type":"WebPage","@id":"https:\/\/flsportscoast.com\/july-fun-pack-giveaway-terms-and-conditions\/","url":"https:\/\/flsportscoast.com\/july-fun-pack-giveaway-terms-and-conditions\/","name":"Sorteo de paquete divertido de julio: t\u00e9rminos y condiciones | La costa deportiva de Florida","isPartOf":{"@id":"https:\/\/flsportscoast.com\/#website"},"datePublished":"2024-06-11T19:58:10+00:00","dateModified":"2024-06-11T20:03:32+00:00","description":"Reglas oficiales No es necesaria ninguna compra No es v\u00e1lida donde est\u00e9 prohibida Per\u00edodo de promoci\u00f3n: esta promoci\u00f3n de Sports Coast de Florida (\u201cPromoci\u00f3n\u201d) comienza a las 12:00 a. m.","breadcrumb":{"@id":"https:\/\/flsportscoast.com\/july-fun-pack-giveaway-terms-and-conditions\/#breadcrumb"},"inLanguage":"es-MX","potentialAction":[{"@type":"ReadAction","target":["https:\/\/flsportscoast.com\/july-fun-pack-giveaway-terms-and-conditions\/"]}]},{"@type":"BreadcrumbList","@id":"https:\/\/flsportscoast.com\/july-fun-pack-giveaway-terms-and-conditions\/#breadcrumb","itemListElement":[{"@type":"ListItem","position":1,"name":"Home","item":"https:\/\/flsportscoast.com\/"},{"@type":"ListItem","position":2,"name":"July Fun Pack Giveaway &#8211; Terms and Conditions"}]},{"@type":"WebSite","@id":"https:\/\/flsportscoast.com\/#website","url":"https:\/\/flsportscoast.com\/","name":"Costa Deportiva de Florida&#039;s","description":"","publisher":{"@id":"https:\/\/flsportscoast.com\/#organization"},"potentialAction":[{"@type":"SearchAction","target":{"@type":"EntryPoint","urlTemplate":"https:\/\/flsportscoast.com\/?s={search_term_string}"},"query-input":{"@type":"PropertyValueSpecification","valueRequired":true,"valueName":"search_term_string"}}],"inLanguage":"es-MX"},{"@type":"Organization","@id":"https:\/\/flsportscoast.com\/#organization","name":"Costa deportiva de Florida","url":"https:\/\/flsportscoast.com\/","logo":{"@type":"ImageObject","inLanguage":"es-MX","@id":"https:\/\/flsportscoast.com\/#\/schema\/logo\/image\/","url":"https:\/\/flsportscoast.com\/wp-content\/uploads\/2022\/07\/fl-sports-coast-logo-color.png","contentUrl":"https:\/\/flsportscoast.com\/wp-content\/uploads\/2022\/07\/fl-sports-coast-logo-color.png","width":1028,"height":1028,"caption":"Florida Sports Coast"},"image":{"@id":"https:\/\/flsportscoast.com\/#\/schema\/logo\/image\/"},"sameAs":["https:\/\/www.facebook.com\/FLSportsCoast\/","https:\/\/x.com\/FLSportsCoast","https:\/\/www.pinterest.com\/FLSportsCoast\/","https:\/\/www.instagram.com\/flsportscoast\/","https:\/\/www.youtube.com\/channel\/UCJNh4zCnO3RPH6D9NPAoyGQ"]}]}},"meta_fields":{"_yoast_wpseo_content_score":"30","_yoast_wpseo_estimated-reading-time-minutes":"5","_dp_original":"229468","_edit_lock":"1718136118:8","_edit_last":"8","_yoast_wpseo_primary_category":""},"thumb_url":false,"_links":{"self":[{"href":"https:\/\/flsportscoast.com\/es\/wp-json\/wp\/v2\/pages\/232083","targetHints":{"allow":["GET"]}}],"collection":[{"href":"https:\/\/flsportscoast.com\/es\/wp-json\/wp\/v2\/pages"}],"about":[{"href":"https:\/\/flsportscoast.com\/es\/wp-json\/wp\/v2\/types\/page"}],"author":[{"embeddable":true,"href":"https:\/\/flsportscoast.com\/es\/wp-json\/wp\/v2\/users\/8"}],"replies":[{"embeddable":true,"href":"https:\/\/flsportscoast.com\/es\/wp-json\/wp\/v2\/comments?post=232083"}],"version-history":[{"count":1,"href":"https:\/\/flsportscoast.com\/es\/wp-json\/wp\/v2\/pages\/232083\/revisions"}],"predecessor-version":[{"id":232084,"href":"https:\/\/flsportscoast.com\/es\/wp-json\/wp\/v2\/pages\/232083\/revisions\/232084"}],"wp:attachment":[{"href":"https:\/\/flsportscoast.com\/es\/wp-json\/wp\/v2\/media?parent=232083"}],"wp:term":[{"taxonomy":"category","embeddable":true,"href":"https:\/\/flsportscoast.com\/es\/wp-json\/wp\/v2\/categories?post=232083"},{"taxonomy":"post_tag","embeddable":true,"href":"https:\/\/flsportscoast.com\/es\/wp-json\/wp\/v2\/tags?post=232083"}],"curies":[{"name":"wp","href":"https:\/\/api.w.org\/{rel}","templated":true}]}}