{"id":231498,"date":"2023-10-06T13:43:20","date_gmt":"2023-10-06T17:43:20","guid":{"rendered":"https:\/\/flsportscoast.com\/?page_id=231498"},"modified":"2023-10-06T14:41:41","modified_gmt":"2023-10-06T18:41:41","slug":"buccaneers-home-game-ticket-giveaway-terms-and-conditions","status":"publish","type":"page","link":"https:\/\/flsportscoast.com\/es\/buccaneers-home-game-ticket-giveaway-terms-and-conditions\/","title":{"rendered":"Sorteo de entradas para el partido local de los Buccaneers: t\u00e9rminos y condiciones"},"content":{"rendered":"<div style=\"height:30px\" aria-hidden=\"true\" class=\"wp-block-spacer\"><\/div>\n\n\n\n<div class=\"wp-block-group is-layout-constrained wp-block-group-is-layout-constrained\">\n<figure class=\"wp-block-image aligncenter size-large is-resized\"><img loading=\"lazy\" decoding=\"async\" src=\"https:\/\/flsportscoast.com\/wp-content\/uploads\/Bucanneers-Giveaway-2023-1024x768.png\" alt=\"\" class=\"wp-image-231512\" width=\"512\" height=\"384\" srcset=\"https:\/\/flsportscoast.com\/wp-content\/uploads\/Bucanneers-Giveaway-2023-1024x768.png 1024w, https:\/\/flsportscoast.com\/wp-content\/uploads\/Bucanneers-Giveaway-2023-300x225.png 300w, https:\/\/flsportscoast.com\/wp-content\/uploads\/Bucanneers-Giveaway-2023-768x576.png 768w, https:\/\/flsportscoast.com\/wp-content\/uploads\/Bucanneers-Giveaway-2023-1536x1152.png 1536w, https:\/\/flsportscoast.com\/wp-content\/uploads\/Bucanneers-Giveaway-2023-2048x1536.png 2048w, https:\/\/flsportscoast.com\/wp-content\/uploads\/Bucanneers-Giveaway-2023-16x12.png 16w, https:\/\/flsportscoast.com\/wp-content\/uploads\/Bucanneers-Giveaway-2023-400x300.png 400w, https:\/\/flsportscoast.com\/wp-content\/uploads\/Bucanneers-Giveaway-2023-600x450.png 600w, https:\/\/flsportscoast.com\/wp-content\/uploads\/Bucanneers-Giveaway-2023-800x600.png 800w, https:\/\/flsportscoast.com\/wp-content\/uploads\/Bucanneers-Giveaway-2023-1333x1000.png 1333w, https:\/\/flsportscoast.com\/wp-content\/uploads\/Bucanneers-Giveaway-2023-250x188.png 250w\" sizes=\"auto, (max-width: 512px) 100vw, 512px\" \/><\/figure>\n\n\n\n<h2 class=\"has-text-align-center wp-block-heading\">Juego en casa de los Buccaneers<\/h2>\n\n\n\n<h2 class=\"has-text-align-center wp-block-heading\">Sorteo de entradas<\/h2>\n<\/div>\n\n\n\n<div style=\"height:14px\" aria-hidden=\"true\" class=\"wp-block-spacer\"><\/div>\n\n\n\n<p class=\"has-text-align-center has-deep-blue-color has-text-color\">Reglas Oficiales <\/p>\n\n\n\n<p class=\"has-text-align-center has-deep-blue-color has-text-color\">No se requiere compra<\/p>\n\n\n\n<p class=\"has-text-align-center has-deep-blue-color has-text-color\">Nulo donde est\u00e9 prohibido<\/p>\n\n\n\n<div class=\"wp-block-columns is-layout-flex wp-container-core-columns-is-layout-1 wp-block-columns-is-layout-flex\" style=\"justify-content:center\">\n<div class=\"wp-block-column is-layout-flow wp-block-column-is-layout-flow\" style=\"flex-basis:25%\"><\/div>\n\n\n\n<div class=\"wp-block-column is-layout-flow wp-block-column-is-layout-flow\" style=\"flex-basis:50%\">\n<p>1. Per\u00edodo de promoci\u00f3n: esta promoci\u00f3n de Sports Coast de Florida (\u201cPromoci\u00f3n\u201d) comienza a las 3:00 p. m., hora del este (\u201cET\u201d) el 6 de octubre de 2023 y finaliza a las 5:00 p. m. ET del 20 de octubre de 2023 o alrededor de esa fecha (\u201c Periodo de promoci\u00f3n&quot;).<\/p>\n\n\n\n<div style=\"height:15px\" aria-hidden=\"true\" class=\"wp-block-spacer\"><\/div>\n\n\n\n<p>2. Elegibilidad: Abierto solo a residentes legales de EE. UU. que tengan 18 a\u00f1os de edad o m\u00e1s en la fecha de entrada. Empleados de Florida&#039;s Sports Coast\/Condado de Pasco, Florida (\u201cPatrocinador\u201d), y cualquiera de sus afiliados, matrices, subsidiarias proveedores de premios y agencias de publicidad y promoci\u00f3n asociadas con la Promoci\u00f3n (colectivamente, \u201cEntidades de la Promoci\u00f3n\u201d), y miembros de sus los familiares directos (c\u00f3nyuges, padres, hijos y hermanos y sus c\u00f3nyuges) y\/o aquellos que viven en el mismo hogar de cada uno de dichos empleados no son elegibles. Nulo donde lo proh\u00edba o restrinja la ley. Sujeto a todas las leyes, ordenanzas y regulaciones federales, estatales y locales aplicables. Al participar en la Promoci\u00f3n, los participantes aceptan y aceptan regirse por estas Reglas Oficiales.<\/p>\n\n\n\n<div style=\"height:15px\" aria-hidden=\"true\" class=\"wp-block-spacer\"><\/div>\n\n\n\n<p>3. C\u00f3mo participar: 1\ufe0f) Dale me gusta a esta publicaci\u00f3n y comp\u00e1rtela con tus amigos. 2) Comenta a continuaci\u00f3n y etiqueta al amigo que te encantar\u00eda traer al juego. 3) Siga la p\u00e1gina de Facebook de Florida&#039;s Sports Coast. Cada publicaci\u00f3n en las redes sociales participar\u00e1 en el sorteo aleatorio para tener la oportunidad de ganar un par gratis de entradas para el partido en casa de los Buccaneers de 2023. L\u00edmite de cinco (5) Entradas por persona durante el Per\u00edodo de Promoci\u00f3n.<\/p>\n\n\n\n<div style=\"height:15px\" aria-hidden=\"true\" class=\"wp-block-spacer\"><\/div>\n\n\n\n<p>4. Notificaci\u00f3n\/verificaci\u00f3n de los ganadores: los posibles ganadores del premio ser\u00e1n notificados a trav\u00e9s de Facebook Messenger, donde se solicitar\u00e1 la direcci\u00f3n de correo electr\u00f3nico del ganador para proporcionar los boletos digitales. El Patrocinador se reserva el derecho de cancelar, suspender y\/o modificar la Promoci\u00f3n, o cualquier parte de ella, si alg\u00fan fraude, falla t\u00e9cnica o cualquier otro factor fuera del control razonable del Patrocinador afecta la integridad o el funcionamiento adecuado de la Promoci\u00f3n, seg\u00fan lo determine el Patrocinador en a su exclusivo criterio, y en caso de cancelaci\u00f3n, el Premio se otorgar\u00e1 en un sorteo aleatorio entre todas las Inscripciones Elegibles recibidas de acuerdo con estas Reglas Oficiales antes de la cancelaci\u00f3n. El hecho de que el Patrocinador no haga cumplir cualquier t\u00e9rmino de estas Reglas Oficiales no constituir\u00e1 una renuncia a esa disposici\u00f3n. ADVERTENCIA: CUALQUIER INTENTO POR PARTE DE UN PARTICIPANTE O CUALQUIER OTRO INDIVIDUO DE DA\u00d1AR DELIBERADAMENTE CUALQUIER SITIO WEB O P\u00c1GINA DE RED SOCIAL ASOCIADA CON ESTA PROMOCI\u00d3N O SOCAVAR EL FUNCIONAMIENTO LEG\u00cdTIMO DE LA PROMOCI\u00d3N PUEDE SER UNA VIOLACI\u00d3N DEL DERECHO CIVIL Y PENAL; SI SE REALIZA DICHO INTENTO, EL PATROCINADOR SE RESERVA EL DERECHO DE ACTUAR Y SOLICITAR DA\u00d1OS A CUALQUIER PERSONA EN LA MEDIDA M\u00c1XIMA PERMITIDA POR LA LEY. El Patrocinador se reserva el derecho, a su entera discreci\u00f3n, de descalificar a cualquier individuo que considere: que intenta alterar o socavar el proceso de Participaci\u00f3n y\/o el funcionamiento leg\u00edtimo de la Promoci\u00f3n; violar las Reglas Oficiales; o actuar de manera antideportiva o disruptiva o con la intenci\u00f3n de molestar, abusar, amenazar o acosar a cualquier otra persona. Si, por cualquier motivo, la Promoci\u00f3n no puede realizarse seg\u00fan lo planeado, el Patrocinador puede, a su exclusivo criterio, anular cualquier Entrada sospechosa y (a) modificar la Promoci\u00f3n o suspenderla para abordar el impedimento y luego reanudar la Promoci\u00f3n de una manera la manera que mejor se ajuste al esp\u00edritu de estas Reglas Oficiales; o (b) otorgar el Premio al azar entre todas las Participaciones Elegibles recibidas de acuerdo con estas Reglas Oficiales antes de la cancelaci\u00f3n.<\/p>\n\n\n\n<div style=\"height:15px\" aria-hidden=\"true\" class=\"wp-block-spacer\"><\/div>\n\n\n\n<p>5. Garant\u00edas y Declaraciones; Liberaci\u00f3n de responsabilidad: Usted (ganador) por la presente exime al Patrocinador y a cada una de las Entidades de promoci\u00f3n y a cada uno de sus respectivos funcionarios, directores, miembros, gerentes, empleados, agentes, representantes, sucesores y cesionarios (las &quot;Partes exentas&quot;) de toda responsabilidad por y contra cualquier reclamo de terceros que surja del uso de cualquier Entrada y usted renuncia a cualquier derecho de inspeccionar o aprobar los usos de su Entrada por parte del Patrocinador en relaci\u00f3n con la Promoci\u00f3n o de ser compensado por dichos usos. Participar en la Promoci\u00f3n constituye un permiso al Patrocinador para utilizar el nombre y la direcci\u00f3n del ganador y de su invitado en relaci\u00f3n con la administraci\u00f3n de la Promoci\u00f3n \u00fanicamente y seg\u00fan lo exija la ley. Al participar en la Promoci\u00f3n, el participante acepta que las Partes Eximidas no tendr\u00e1n responsabilidad alguna y el participante las eximir\u00e1 de toda responsabilidad por cualquier lesi\u00f3n corporal, p\u00e9rdida o da\u00f1o de cualquier tipo a personas, incluida la muerte y la propiedad, debido en su totalidad o en parte, directa o indirectamente, desde la Entrada, la aceptaci\u00f3n, posesi\u00f3n, uso o mal uso del Premio o componente del mismo, si corresponde, o la participaci\u00f3n en la Promoci\u00f3n o la participaci\u00f3n en cualquier actividad relacionada con la Promoci\u00f3n. Por la presente, usted declara y garantiza que ha le\u00eddo estas Reglas oficiales, est\u00e1 completamente familiarizado con su contenido y acepta estar sujeto a ellas.<\/p>\n\n\n\n<div style=\"height:15px\" aria-hidden=\"true\" class=\"wp-block-spacer\"><\/div>\n\n\n\n<p>6. Disputas: LOS PARTICIPANTES\/GANADORES ACEPTAN QUE: TODAS LAS CUESTIONES Y PREGUNTAS RELACIONADAS CON LA INTERPRETACI\u00d3N DE LA VALIDEZ DE LA CONSTRUCCI\u00d3N Y LA EXIGENCIA DE LA PROMOCI\u00d3N O LOS T\u00e9rminos y condiciones del \u201cSorteo de boletos para el partido local de los Buccaneers\u201d del 23\/10\/23, 3:00 p. m. de Florida&#039;s Sports Coast: La costa deportiva de Florida<\/p>\n\n\n\n<div style=\"height:15px\" aria-hidden=\"true\" class=\"wp-block-spacer\"><\/div>\n\n\n\n<p>7. Patrocinador\/Administrador: El patrocinador de la promoci\u00f3n es Florida&#039;s Sports Coast\/Condado de Pasco, Florida, 1938 Duck Slough Blvd. Trinidad, Florida 34655.<\/p>\n\n\n\n<div style=\"height:15px\" aria-hidden=\"true\" class=\"wp-block-spacer\"><\/div>\n\n\n\n<p class=\"has-text-align-center\"><strong>Esta Promoci\u00f3n no est\u00e1 patrocinada, respaldada ni administrada de ninguna manera por Facebook, Twitter o Instagram, ni asociada con ellos. Usted comprende que est\u00e1 proporcionando su informaci\u00f3n al Patrocinador y no a Facebook, Twitter o Instagram.<\/strong><\/p>\n<\/div>\n\n\n\n<div class=\"wp-block-column is-layout-flow wp-block-column-is-layout-flow\" style=\"flex-basis:25%\"><\/div>\n<\/div>","protected":false},"excerpt":{"rendered":"<p>Reglas Oficiales <\/p>\n<p>No se requiere compra<\/p>\n<p>Nulo donde est\u00e9 prohibido<\/p>\n<p>1. Per\u00edodo de promoci\u00f3n: Este...<\/p>","protected":false},"author":8,"featured_media":0,"parent":0,"menu_order":0,"comment_status":"closed","ping_status":"closed","template":"","meta":{"_acf_changed":false,"wprm-recipe-roundup-name":"","wprm-recipe-roundup-description":"","footnotes":""},"categories":[],"tags":[],"class_list":["post-231498","page","type-page","status-publish","hentry"],"acf":[],"yoast_head":"<!-- This site is optimized with the Yoast SEO plugin v24.1 - https:\/\/yoast.com\/wordpress\/plugins\/seo\/ -->\n<title>Buccaneers Home Game Ticket Giveaway - Terms and Conditions | Florida&#039;s Sports Coast<\/title>\n<meta name=\"description\" content=\"Buccaneers Home Game Ticket Giveaway Official Rules No Purchase Necessary Void Where Prohibited 1. Promotion Period: This Florida\u2019s Sports Coast promotion\" \/>\n<meta name=\"robots\" content=\"index, follow, max-snippet:-1, max-image-preview:large, max-video-preview:-1\" \/>\n<link rel=\"canonical\" href=\"https:\/\/flsportscoast.com\/es\/buccaneers-home-game-ticket-giveaway-terms-and-conditions\/\" \/>\n<meta property=\"og:locale\" content=\"es_MX\" \/>\n<meta property=\"og:type\" content=\"article\" \/>\n<meta property=\"og:title\" content=\"Buccaneers Home Game Ticket Giveaway - Terms and Conditions | Florida&#039;s Sports Coast\" \/>\n<meta property=\"og:description\" content=\"Buccaneers Home Game Ticket Giveaway Official Rules No Purchase Necessary Void Where Prohibited 1. Promotion Period: This Florida\u2019s Sports Coast promotion\" \/>\n<meta property=\"og:url\" content=\"https:\/\/flsportscoast.com\/es\/buccaneers-home-game-ticket-giveaway-terms-and-conditions\/\" \/>\n<meta property=\"og:site_name\" content=\"Florida&#039;s Sports Coast\" \/>\n<meta property=\"article:publisher\" content=\"https:\/\/www.facebook.com\/FLSportsCoast\/\" \/>\n<meta property=\"article:modified_time\" content=\"2023-10-06T18:41:41+00:00\" \/>\n<meta property=\"og:image\" content=\"https:\/\/flsportscoast.com\/wp-content\/uploads\/Bucanneers-Giveaway-2023-1024x768.png\" \/>\n<meta name=\"twitter:card\" content=\"summary_large_image\" \/>\n<meta name=\"twitter:site\" content=\"@FLSportsCoast\" \/>\n<meta name=\"twitter:label1\" content=\"Est. reading time\" \/>\n\t<meta name=\"twitter:data1\" content=\"5 minutes\" \/>\n<script type=\"application\/ld+json\" class=\"yoast-schema-graph\">{\"@context\":\"https:\/\/schema.org\",\"@graph\":[{\"@type\":\"WebPage\",\"@id\":\"https:\/\/flsportscoast.com\/buccaneers-home-game-ticket-giveaway-terms-and-conditions\/\",\"url\":\"https:\/\/flsportscoast.com\/buccaneers-home-game-ticket-giveaway-terms-and-conditions\/\",\"name\":\"Buccaneers Home Game Ticket Giveaway - Terms and Conditions | Florida&#039;s Sports Coast\",\"isPartOf\":{\"@id\":\"https:\/\/flsportscoast.com\/#website\"},\"primaryImageOfPage\":{\"@id\":\"https:\/\/flsportscoast.com\/buccaneers-home-game-ticket-giveaway-terms-and-conditions\/#primaryimage\"},\"image\":{\"@id\":\"https:\/\/flsportscoast.com\/buccaneers-home-game-ticket-giveaway-terms-and-conditions\/#primaryimage\"},\"thumbnailUrl\":\"https:\/\/flsportscoast.com\/wp-content\/uploads\/Bucanneers-Giveaway-2023-1024x768.png\",\"datePublished\":\"2023-10-06T17:43:20+00:00\",\"dateModified\":\"2023-10-06T18:41:41+00:00\",\"description\":\"Buccaneers Home Game Ticket Giveaway Official Rules No Purchase Necessary Void Where Prohibited 1. Promotion Period: This Florida\u2019s Sports Coast promotion\",\"breadcrumb\":{\"@id\":\"https:\/\/flsportscoast.com\/buccaneers-home-game-ticket-giveaway-terms-and-conditions\/#breadcrumb\"},\"inLanguage\":\"es-MX\",\"potentialAction\":[{\"@type\":\"ReadAction\",\"target\":[\"https:\/\/flsportscoast.com\/buccaneers-home-game-ticket-giveaway-terms-and-conditions\/\"]}]},{\"@type\":\"ImageObject\",\"inLanguage\":\"es-MX\",\"@id\":\"https:\/\/flsportscoast.com\/buccaneers-home-game-ticket-giveaway-terms-and-conditions\/#primaryimage\",\"url\":\"https:\/\/flsportscoast.com\/wp-content\/uploads\/Bucanneers-Giveaway-2023-1024x768.png\",\"contentUrl\":\"https:\/\/flsportscoast.com\/wp-content\/uploads\/Bucanneers-Giveaway-2023-1024x768.png\"},{\"@type\":\"BreadcrumbList\",\"@id\":\"https:\/\/flsportscoast.com\/buccaneers-home-game-ticket-giveaway-terms-and-conditions\/#breadcrumb\",\"itemListElement\":[{\"@type\":\"ListItem\",\"position\":1,\"name\":\"Home\",\"item\":\"https:\/\/flsportscoast.com\/\"},{\"@type\":\"ListItem\",\"position\":2,\"name\":\"Buccaneers Home Game Ticket Giveaway &#8211; Terms and Conditions\"}]},{\"@type\":\"WebSite\",\"@id\":\"https:\/\/flsportscoast.com\/#website\",\"url\":\"https:\/\/flsportscoast.com\/\",\"name\":\"Florida&#039;s Sports Coast\",\"description\":\"\",\"publisher\":{\"@id\":\"https:\/\/flsportscoast.com\/#organization\"},\"potentialAction\":[{\"@type\":\"SearchAction\",\"target\":{\"@type\":\"EntryPoint\",\"urlTemplate\":\"https:\/\/flsportscoast.com\/?s={search_term_string}\"},\"query-input\":{\"@type\":\"PropertyValueSpecification\",\"valueRequired\":true,\"valueName\":\"search_term_string\"}}],\"inLanguage\":\"es-MX\"},{\"@type\":\"Organization\",\"@id\":\"https:\/\/flsportscoast.com\/#organization\",\"name\":\"Florida Sports Coast\",\"url\":\"https:\/\/flsportscoast.com\/\",\"logo\":{\"@type\":\"ImageObject\",\"inLanguage\":\"es-MX\",\"@id\":\"https:\/\/flsportscoast.com\/#\/schema\/logo\/image\/\",\"url\":\"https:\/\/flsportscoast.com\/wp-content\/uploads\/2022\/07\/fl-sports-coast-logo-color.png\",\"contentUrl\":\"https:\/\/flsportscoast.com\/wp-content\/uploads\/2022\/07\/fl-sports-coast-logo-color.png\",\"width\":1028,\"height\":1028,\"caption\":\"Florida Sports Coast\"},\"image\":{\"@id\":\"https:\/\/flsportscoast.com\/#\/schema\/logo\/image\/\"},\"sameAs\":[\"https:\/\/www.facebook.com\/FLSportsCoast\/\",\"https:\/\/x.com\/FLSportsCoast\",\"https:\/\/www.pinterest.com\/FLSportsCoast\/\",\"https:\/\/www.instagram.com\/flsportscoast\/\",\"https:\/\/www.youtube.com\/channel\/UCJNh4zCnO3RPH6D9NPAoyGQ\"]}]}<\/script>\n<!-- \/ Yoast SEO plugin. -->","yoast_head_json":{"title":"Sorteo de entradas para el partido local de los Buccaneers - T\u00e9rminos y condiciones | La costa deportiva de Florida","description":"Obsequio de boletos para el partido local de los Buccaneers Reglas oficiales No es necesaria la compra Nulo donde est\u00e9 prohibido 1. Per\u00edodo de promoci\u00f3n: esta promoci\u00f3n de la Costa Deportiva de Florida","robots":{"index":"index","follow":"follow","max-snippet":"max-snippet:-1","max-image-preview":"max-image-preview:large","max-video-preview":"max-video-preview:-1"},"canonical":"https:\/\/flsportscoast.com\/es\/buccaneers-home-game-ticket-giveaway-terms-and-conditions\/","og_locale":"es_MX","og_type":"article","og_title":"Buccaneers Home Game Ticket Giveaway - Terms and Conditions | Florida&#039;s Sports Coast","og_description":"Buccaneers Home Game Ticket Giveaway Official Rules No Purchase Necessary Void Where Prohibited 1. Promotion Period: This Florida\u2019s Sports Coast promotion","og_url":"https:\/\/flsportscoast.com\/es\/buccaneers-home-game-ticket-giveaway-terms-and-conditions\/","og_site_name":"Florida&#039;s Sports Coast","article_publisher":"https:\/\/www.facebook.com\/FLSportsCoast\/","article_modified_time":"2023-10-06T18:41:41+00:00","og_image":[{"url":"https:\/\/flsportscoast.com\/wp-content\/uploads\/Bucanneers-Giveaway-2023-1024x768.png","type":"","width":"","height":""}],"twitter_card":"summary_large_image","twitter_site":"@FLSportsCoast","twitter_misc":{"Est. reading time":"5 minutes"},"schema":{"@context":"https:\/\/schema.org","@graph":[{"@type":"WebPage","@id":"https:\/\/flsportscoast.com\/buccaneers-home-game-ticket-giveaway-terms-and-conditions\/","url":"https:\/\/flsportscoast.com\/buccaneers-home-game-ticket-giveaway-terms-and-conditions\/","name":"Sorteo de entradas para el partido local de los Buccaneers - T\u00e9rminos y condiciones | La costa deportiva de Florida","isPartOf":{"@id":"https:\/\/flsportscoast.com\/#website"},"primaryImageOfPage":{"@id":"https:\/\/flsportscoast.com\/buccaneers-home-game-ticket-giveaway-terms-and-conditions\/#primaryimage"},"image":{"@id":"https:\/\/flsportscoast.com\/buccaneers-home-game-ticket-giveaway-terms-and-conditions\/#primaryimage"},"thumbnailUrl":"https:\/\/flsportscoast.com\/wp-content\/uploads\/Bucanneers-Giveaway-2023-1024x768.png","datePublished":"2023-10-06T17:43:20+00:00","dateModified":"2023-10-06T18:41:41+00:00","description":"Obsequio de boletos para el partido local de los Buccaneers Reglas oficiales No es necesaria la compra Nulo donde est\u00e9 prohibido 1. Per\u00edodo de promoci\u00f3n: esta promoci\u00f3n de la Costa Deportiva de Florida","breadcrumb":{"@id":"https:\/\/flsportscoast.com\/buccaneers-home-game-ticket-giveaway-terms-and-conditions\/#breadcrumb"},"inLanguage":"es-MX","potentialAction":[{"@type":"ReadAction","target":["https:\/\/flsportscoast.com\/buccaneers-home-game-ticket-giveaway-terms-and-conditions\/"]}]},{"@type":"ImageObject","inLanguage":"es-MX","@id":"https:\/\/flsportscoast.com\/buccaneers-home-game-ticket-giveaway-terms-and-conditions\/#primaryimage","url":"https:\/\/flsportscoast.com\/wp-content\/uploads\/Bucanneers-Giveaway-2023-1024x768.png","contentUrl":"https:\/\/flsportscoast.com\/wp-content\/uploads\/Bucanneers-Giveaway-2023-1024x768.png"},{"@type":"BreadcrumbList","@id":"https:\/\/flsportscoast.com\/buccaneers-home-game-ticket-giveaway-terms-and-conditions\/#breadcrumb","itemListElement":[{"@type":"ListItem","position":1,"name":"Home","item":"https:\/\/flsportscoast.com\/"},{"@type":"ListItem","position":2,"name":"Buccaneers Home Game Ticket Giveaway &#8211; Terms and Conditions"}]},{"@type":"WebSite","@id":"https:\/\/flsportscoast.com\/#website","url":"https:\/\/flsportscoast.com\/","name":"Costa Deportiva de Florida&#039;s","description":"","publisher":{"@id":"https:\/\/flsportscoast.com\/#organization"},"potentialAction":[{"@type":"SearchAction","target":{"@type":"EntryPoint","urlTemplate":"https:\/\/flsportscoast.com\/?s={search_term_string}"},"query-input":{"@type":"PropertyValueSpecification","valueRequired":true,"valueName":"search_term_string"}}],"inLanguage":"es-MX"},{"@type":"Organization","@id":"https:\/\/flsportscoast.com\/#organization","name":"Costa deportiva de Florida","url":"https:\/\/flsportscoast.com\/","logo":{"@type":"ImageObject","inLanguage":"es-MX","@id":"https:\/\/flsportscoast.com\/#\/schema\/logo\/image\/","url":"https:\/\/flsportscoast.com\/wp-content\/uploads\/2022\/07\/fl-sports-coast-logo-color.png","contentUrl":"https:\/\/flsportscoast.com\/wp-content\/uploads\/2022\/07\/fl-sports-coast-logo-color.png","width":1028,"height":1028,"caption":"Florida Sports Coast"},"image":{"@id":"https:\/\/flsportscoast.com\/#\/schema\/logo\/image\/"},"sameAs":["https:\/\/www.facebook.com\/FLSportsCoast\/","https:\/\/x.com\/FLSportsCoast","https:\/\/www.pinterest.com\/FLSportsCoast\/","https:\/\/www.instagram.com\/flsportscoast\/","https:\/\/www.youtube.com\/channel\/UCJNh4zCnO3RPH6D9NPAoyGQ"]}]}},"meta_fields":{"_yoast_wpseo_content_score":"30","_yoast_wpseo_estimated-reading-time-minutes":"5","_dp_original":"229468","_edit_lock":"1696971192:8","_edit_last":"8","_wp_page_template":"default"},"thumb_url":false,"_links":{"self":[{"href":"https:\/\/flsportscoast.com\/es\/wp-json\/wp\/v2\/pages\/231498","targetHints":{"allow":["GET"]}}],"collection":[{"href":"https:\/\/flsportscoast.com\/es\/wp-json\/wp\/v2\/pages"}],"about":[{"href":"https:\/\/flsportscoast.com\/es\/wp-json\/wp\/v2\/types\/page"}],"author":[{"embeddable":true,"href":"https:\/\/flsportscoast.com\/es\/wp-json\/wp\/v2\/users\/8"}],"replies":[{"embeddable":true,"href":"https:\/\/flsportscoast.com\/es\/wp-json\/wp\/v2\/comments?post=231498"}],"version-history":[{"count":25,"href":"https:\/\/flsportscoast.com\/es\/wp-json\/wp\/v2\/pages\/231498\/revisions"}],"predecessor-version":[{"id":231529,"href":"https:\/\/flsportscoast.com\/es\/wp-json\/wp\/v2\/pages\/231498\/revisions\/231529"}],"wp:attachment":[{"href":"https:\/\/flsportscoast.com\/es\/wp-json\/wp\/v2\/media?parent=231498"}],"wp:term":[{"taxonomy":"category","embeddable":true,"href":"https:\/\/flsportscoast.com\/es\/wp-json\/wp\/v2\/categories?post=231498"},{"taxonomy":"post_tag","embeddable":true,"href":"https:\/\/flsportscoast.com\/es\/wp-json\/wp\/v2\/tags?post=231498"}],"curies":[{"name":"wp","href":"https:\/\/api.w.org\/{rel}","templated":true}]}}