{"id":231183,"date":"2023-06-21T16:49:04","date_gmt":"2023-06-21T20:49:04","guid":{"rendered":"https:\/\/flsportscoast.com\/?page_id=231183"},"modified":"2024-12-04T13:12:42","modified_gmt":"2024-12-04T18:12:42","slug":"tourism-banquet-sponsorship-2","status":"publish","type":"page","link":"https:\/\/flsportscoast.com\/es\/tourism-banquet-sponsorship-2\/","title":{"rendered":"Patrocinios del Banquete Tur\u00edstico 2024"},"content":{"rendered":"<div class=\"wp-block-columns is-layout-flex wp-container-core-columns-is-layout-1 wp-block-columns-is-layout-flex\" style=\"justify-content:center\">\n<div class=\"wp-block-column is-layout-flow wp-block-column-is-layout-flow\" style=\"flex-basis:25%\"><\/div>\n\n\n\n<div class=\"wp-block-column is-layout-flow wp-block-column-is-layout-flow\" style=\"flex-basis:50%\">\n<h2 class=\"wp-block-heading has-text-align-center has-deep-blue-color has-text-color\" id=\"tourism-banquet-sponsorship-opportunities\">OPORTUNIDADES DE PATROCINIO DE BANQUETES TUR\u00cdSTICOS<\/h2>\n\n\n\n<p class=\"has-text-align-center has-blue-color has-text-color has-medium-font-size\" style=\"font-style:normal;font-weight:700\">Patrocinios 2024 <a href=\"https:\/\/www.eventbrite.com\/e\/floridas-sports-coast-2024-annual-tourism-banquet-tickets-777184388427\">A la venta ahora<\/a>! - [AGOTADO]<\/p>\n\n\n\n<p>Experimente la Costa Deportiva de Florida ofrece oportunidades de patrocinio en nuestra Celebraci\u00f3n Anual de Turismo y Banquete de Premios. Su patrocinio no solo apoya el desarrollo econ\u00f3mico y la vitalidad de la comunidad en el condado de Pasco, sino que tambi\u00e9n llega a los l\u00edderes del turismo y la hospitalidad en toda la regi\u00f3n. Profesionales del turismo de atracciones, restaurantes, hoteleros, funcionarios electos y l\u00edderes locales asistir\u00e1n para inaugurar nuestro evento inaugural. Anticipamos entre 350 y 400 asistentes.<\/p>\n\n\n\n<p><strong>El orador principal de 2024 es el dos veces campe\u00f3n nacional, ganador del Trofeo Heisman y seleccionado en la primera ronda del draft de la NFL, Tim Tebow.<\/strong>!<\/p>\n\n\n\n<figure class=\"wp-block-image aligncenter size-full is-resized\"><img loading=\"lazy\" decoding=\"async\" width=\"2560\" height=\"2140\" src=\"https:\/\/flsportscoast.com\/wp-content\/uploads\/TT-Blue-Suit-scaled.jpg\" alt=\"\" class=\"wp-image-231302\" style=\"width:464px;height:388px\" srcset=\"https:\/\/flsportscoast.com\/wp-content\/uploads\/TT-Blue-Suit-scaled.jpg 2560w, https:\/\/flsportscoast.com\/wp-content\/uploads\/TT-Blue-Suit-300x251.jpg 300w, https:\/\/flsportscoast.com\/wp-content\/uploads\/TT-Blue-Suit-1024x856.jpg 1024w, https:\/\/flsportscoast.com\/wp-content\/uploads\/TT-Blue-Suit-768x642.jpg 768w, https:\/\/flsportscoast.com\/wp-content\/uploads\/TT-Blue-Suit-1536x1284.jpg 1536w, https:\/\/flsportscoast.com\/wp-content\/uploads\/TT-Blue-Suit-2048x1712.jpg 2048w, https:\/\/flsportscoast.com\/wp-content\/uploads\/TT-Blue-Suit-14x12.jpg 14w, https:\/\/flsportscoast.com\/wp-content\/uploads\/TT-Blue-Suit-359x300.jpg 359w, https:\/\/flsportscoast.com\/wp-content\/uploads\/TT-Blue-Suit-400x334.jpg 400w, https:\/\/flsportscoast.com\/wp-content\/uploads\/TT-Blue-Suit-600x502.jpg 600w, https:\/\/flsportscoast.com\/wp-content\/uploads\/TT-Blue-Suit-718x600.jpg 718w, https:\/\/flsportscoast.com\/wp-content\/uploads\/TT-Blue-Suit-1196x1000.jpg 1196w, https:\/\/flsportscoast.com\/wp-content\/uploads\/TT-Blue-Suit-250x209.jpg 250w\" sizes=\"auto, (max-width: 2560px) 100vw, 2560px\" \/><\/figure>\n\n\n\n<div style=\"height:28px\" aria-hidden=\"true\" class=\"wp-block-spacer\"><\/div>\n\n\n\n<h3 class=\"wp-block-heading has-text-align-center has-blue-color has-text-color\">PATROCINADOR DEL PONENTE PRINCIPAL \u2013 $20,000<\/h3>\n\n\n\n<div style=\"height:9px\" aria-hidden=\"true\" class=\"wp-block-spacer\"><\/div>\n\n\n\n<figure class=\"wp-block-image aligncenter size-large is-resized\"><img loading=\"lazy\" decoding=\"async\" width=\"1024\" height=\"283\" src=\"https:\/\/flsportscoast.com\/wp-content\/uploads\/AdventHealth_Master_4c-1024x283.jpg\" alt=\"\" class=\"wp-image-231713\" style=\"width:313px;height:86px\" srcset=\"https:\/\/flsportscoast.com\/wp-content\/uploads\/AdventHealth_Master_4c-1024x283.jpg 1024w, https:\/\/flsportscoast.com\/wp-content\/uploads\/AdventHealth_Master_4c-300x83.jpg 300w, https:\/\/flsportscoast.com\/wp-content\/uploads\/AdventHealth_Master_4c-768x212.jpg 768w, https:\/\/flsportscoast.com\/wp-content\/uploads\/AdventHealth_Master_4c-1536x424.jpg 1536w, https:\/\/flsportscoast.com\/wp-content\/uploads\/AdventHealth_Master_4c-18x5.jpg 18w, https:\/\/flsportscoast.com\/wp-content\/uploads\/AdventHealth_Master_4c-400x111.jpg 400w, https:\/\/flsportscoast.com\/wp-content\/uploads\/AdventHealth_Master_4c-600x166.jpg 600w, https:\/\/flsportscoast.com\/wp-content\/uploads\/AdventHealth_Master_4c-1100x304.jpg 1100w, https:\/\/flsportscoast.com\/wp-content\/uploads\/AdventHealth_Master_4c-1600x442.jpg 1600w, https:\/\/flsportscoast.com\/wp-content\/uploads\/AdventHealth_Master_4c-250x69.jpg 250w, https:\/\/flsportscoast.com\/wp-content\/uploads\/AdventHealth_Master_4c.jpg 1871w\" sizes=\"auto, (max-width: 1024px) 100vw, 1024px\" \/><\/figure>\n\n\n\n<div style=\"height:28px\" aria-hidden=\"true\" class=\"wp-block-spacer\"><\/div>\n\n\n\n<figure class=\"wp-block-image size-large is-resized\"><img loading=\"lazy\" decoding=\"async\" width=\"1024\" height=\"386\" src=\"https:\/\/flsportscoast.com\/wp-content\/uploads\/Picture5B-1024x386.png\" alt=\"\" class=\"wp-image-231754\" style=\"width:700px;height:264px\" srcset=\"https:\/\/flsportscoast.com\/wp-content\/uploads\/Picture5B-1024x386.png 1024w, https:\/\/flsportscoast.com\/wp-content\/uploads\/Picture5B-300x113.png 300w, https:\/\/flsportscoast.com\/wp-content\/uploads\/Picture5B-768x289.png 768w, https:\/\/flsportscoast.com\/wp-content\/uploads\/Picture5B-1536x579.png 1536w, https:\/\/flsportscoast.com\/wp-content\/uploads\/Picture5B-2048x772.png 2048w, https:\/\/flsportscoast.com\/wp-content\/uploads\/Picture5B-18x7.png 18w, https:\/\/flsportscoast.com\/wp-content\/uploads\/Picture5B-400x151.png 400w, https:\/\/flsportscoast.com\/wp-content\/uploads\/Picture5B-600x226.png 600w, https:\/\/flsportscoast.com\/wp-content\/uploads\/Picture5B-1100x414.png 1100w, https:\/\/flsportscoast.com\/wp-content\/uploads\/Picture5B-1600x603.png 1600w, https:\/\/flsportscoast.com\/wp-content\/uploads\/Picture5B-250x94.png 250w\" sizes=\"auto, (max-width: 1024px) 100vw, 1024px\" \/><\/figure>\n\n\n\n<div style=\"height:27px\" aria-hidden=\"true\" class=\"wp-block-spacer\"><\/div>\n\n\n\n<h3 class=\"wp-block-heading has-text-align-center is-style-default has-blue-color has-text-color\" style=\"text-transform:uppercase\">PATROCINADOR DE CENA \u2013 $10,000<\/h3>\n\n\n\n<div style=\"height:28px\" aria-hidden=\"true\" class=\"wp-block-spacer\"><\/div>\n\n\n\n<figure class=\"wp-block-image aligncenter size-large is-resized\"><img loading=\"lazy\" decoding=\"async\" width=\"1024\" height=\"760\" src=\"https:\/\/flsportscoast.com\/wp-content\/uploads\/PASCO_EDC_CMYK-1024x760.png\" alt=\"\" class=\"wp-image-231756\" style=\"width:247px;height:183px\" srcset=\"https:\/\/flsportscoast.com\/wp-content\/uploads\/PASCO_EDC_CMYK-1024x760.png 1024w, https:\/\/flsportscoast.com\/wp-content\/uploads\/PASCO_EDC_CMYK-300x223.png 300w, https:\/\/flsportscoast.com\/wp-content\/uploads\/PASCO_EDC_CMYK-768x570.png 768w, https:\/\/flsportscoast.com\/wp-content\/uploads\/PASCO_EDC_CMYK-16x12.png 16w, https:\/\/flsportscoast.com\/wp-content\/uploads\/PASCO_EDC_CMYK-400x297.png 400w, https:\/\/flsportscoast.com\/wp-content\/uploads\/PASCO_EDC_CMYK-600x445.png 600w, https:\/\/flsportscoast.com\/wp-content\/uploads\/PASCO_EDC_CMYK-809x600.png 809w, https:\/\/flsportscoast.com\/wp-content\/uploads\/PASCO_EDC_CMYK-1348x1000.png 1348w, https:\/\/flsportscoast.com\/wp-content\/uploads\/PASCO_EDC_CMYK-250x185.png 250w, https:\/\/flsportscoast.com\/wp-content\/uploads\/PASCO_EDC_CMYK.png 1456w\" sizes=\"auto, (max-width: 1024px) 100vw, 1024px\" \/><\/figure>\n\n\n\n<figure class=\"wp-block-image aligncenter size-large is-resized\"><img loading=\"lazy\" decoding=\"async\" width=\"1024\" height=\"317\" src=\"https:\/\/flsportscoast.com\/wp-content\/uploads\/Picture6-1024x317.png\" alt=\"\" class=\"wp-image-231755\" style=\"width:678px;height:210px\" srcset=\"https:\/\/flsportscoast.com\/wp-content\/uploads\/Picture6-1024x317.png 1024w, https:\/\/flsportscoast.com\/wp-content\/uploads\/Picture6-300x93.png 300w, https:\/\/flsportscoast.com\/wp-content\/uploads\/Picture6-768x238.png 768w, https:\/\/flsportscoast.com\/wp-content\/uploads\/Picture6-1536x476.png 1536w, https:\/\/flsportscoast.com\/wp-content\/uploads\/Picture6-2048x635.png 2048w, https:\/\/flsportscoast.com\/wp-content\/uploads\/Picture6-18x6.png 18w, https:\/\/flsportscoast.com\/wp-content\/uploads\/Picture6-400x124.png 400w, https:\/\/flsportscoast.com\/wp-content\/uploads\/Picture6-600x186.png 600w, https:\/\/flsportscoast.com\/wp-content\/uploads\/Picture6-1100x341.png 1100w, https:\/\/flsportscoast.com\/wp-content\/uploads\/Picture6-1600x496.png 1600w, https:\/\/flsportscoast.com\/wp-content\/uploads\/Picture6-250x77.png 250w\" sizes=\"auto, (max-width: 1024px) 100vw, 1024px\" \/><\/figure>\n\n\n\n<div style=\"height:19px\" aria-hidden=\"true\" class=\"wp-block-spacer\"><\/div>\n\n\n\n<h3 class=\"wp-block-heading has-text-align-center is-style-default has-blue-color has-text-color\" style=\"text-transform:uppercase\">Hora de networking: $5,000<\/h3>\n\n\n\n<div style=\"height:40px\" aria-hidden=\"true\" class=\"wp-block-spacer\"><\/div>\n\n\n\n<figure class=\"wp-block-image aligncenter size-large is-resized\"><img loading=\"lazy\" decoding=\"async\" width=\"1024\" height=\"216\" src=\"https:\/\/flsportscoast.com\/wp-content\/uploads\/FB_Primary-Logo_Blue-1024x216.png\" alt=\"\" class=\"wp-image-231761\" style=\"width:329px;height:69px\" srcset=\"https:\/\/flsportscoast.com\/wp-content\/uploads\/FB_Primary-Logo_Blue-1024x216.png 1024w, https:\/\/flsportscoast.com\/wp-content\/uploads\/FB_Primary-Logo_Blue-300x63.png 300w, https:\/\/flsportscoast.com\/wp-content\/uploads\/FB_Primary-Logo_Blue-768x162.png 768w, https:\/\/flsportscoast.com\/wp-content\/uploads\/FB_Primary-Logo_Blue-18x4.png 18w, https:\/\/flsportscoast.com\/wp-content\/uploads\/FB_Primary-Logo_Blue-400x84.png 400w, https:\/\/flsportscoast.com\/wp-content\/uploads\/FB_Primary-Logo_Blue-600x127.png 600w, https:\/\/flsportscoast.com\/wp-content\/uploads\/FB_Primary-Logo_Blue-250x53.png 250w, https:\/\/flsportscoast.com\/wp-content\/uploads\/FB_Primary-Logo_Blue.png 1076w\" sizes=\"auto, (max-width: 1024px) 100vw, 1024px\" \/><\/figure>\n\n\n\n<figure class=\"wp-block-image size-large is-resized\"><img loading=\"lazy\" decoding=\"async\" width=\"1024\" height=\"329\" src=\"https:\/\/flsportscoast.com\/wp-content\/uploads\/Picture7-1024x329.png\" alt=\"\" class=\"wp-image-231760\" style=\"width:668px;height:214px\" srcset=\"https:\/\/flsportscoast.com\/wp-content\/uploads\/Picture7-1024x329.png 1024w, https:\/\/flsportscoast.com\/wp-content\/uploads\/Picture7-300x96.png 300w, https:\/\/flsportscoast.com\/wp-content\/uploads\/Picture7-768x246.png 768w, https:\/\/flsportscoast.com\/wp-content\/uploads\/Picture7-1536x493.png 1536w, https:\/\/flsportscoast.com\/wp-content\/uploads\/Picture7-2048x657.png 2048w, https:\/\/flsportscoast.com\/wp-content\/uploads\/Picture7-18x6.png 18w, https:\/\/flsportscoast.com\/wp-content\/uploads\/Picture7-400x128.png 400w, https:\/\/flsportscoast.com\/wp-content\/uploads\/Picture7-600x193.png 600w, https:\/\/flsportscoast.com\/wp-content\/uploads\/Picture7-1100x353.png 1100w, https:\/\/flsportscoast.com\/wp-content\/uploads\/Picture7-1600x513.png 1600w, https:\/\/flsportscoast.com\/wp-content\/uploads\/Picture7-250x80.png 250w\" sizes=\"auto, (max-width: 1024px) 100vw, 1024px\" \/><\/figure>\n\n\n\n<div style=\"height:37px\" aria-hidden=\"true\" class=\"wp-block-spacer\"><\/div>\n\n\n\n<h3 class=\"wp-block-heading has-text-align-center is-style-default has-blue-color has-text-color\" id=\"hospitality-award\">PATROCINIO BAR \u2013 $2,500 [AGOTADO]<\/h3>\n\n\n\n<ul class=\"wp-block-list\">\n<li>Logotipo presente en la barra con colocaci\u00f3n de llaves en todos los lados<\/li>\n\n\n\n<li>Logotipo presente en todo el material de marketing del evento, incluido el programa, la pantalla de presentaci\u00f3n, el cord\u00f3n y la invitaci\u00f3n<\/li>\n\n\n\n<li>Oportunidad de tener art\u00edculos promocionales en la barra para promover negocios<\/li>\n\n\n\n<li>Una mesa (8 entradas) con asientos premium<\/li>\n\n\n\n<li>Dos (2) entradas para VIP Meet &amp; Greet con Tim Tebow<\/li>\n\n\n\n<li>Un (1) regalo conmemorativo autografiado<\/li>\n<\/ul>\n\n\n\n<h3 class=\"wp-block-heading has-text-align-center is-style-default has-blue-color has-text-color\" id=\"program-sponsorships-3-available\">PATROCINIOS DEL PROGRAMA [AGOTADO]<\/h3>\n\n\n\n<p>Haga que su negocio destaque en el programa oficial del banquete.<\/p>\n\n\n\n<ul class=\"wp-block-list\">\n<li>Interior de la cubierta frontal: $1,000<\/li>\n\n\n\n<li>Contraportada: $1,000<\/li>\n\n\n\n<li>2 p\u00e1ginas del centro interior: $1500<\/li>\n\n\n\n<li>Anuncio de media p\u00e1gina (4 disponibles): $500<\/li>\n<\/ul>\n\n\n\n<h3 class=\"wp-block-heading has-text-align-center is-style-default has-blue-color has-text-color\">PATROCINADORES DE LA MESA [AGOTADO]<\/h3>\n\n\n\n<h1 class=\"wp-block-heading is-style-business_header has-medium-font-size\">$1000.00 Por Mesa<\/h1>\n\n\n\n<ul class=\"wp-block-list\">\n<li>Una mesa (8 entradas) con asientos premium<\/li>\n\n\n\n<li>Dos (2) entradas para VIP Meet &amp; Greet con Tim Tebow<\/li>\n\n\n\n<li>Un (1) regalo conmemorativo autografiado<\/li>\n<\/ul>\n\n\n\n<h3 class=\"wp-block-heading has-text-align-center is-style-default has-blue-color has-text-color\">Boletos agotados]<\/h3>\n\n\n\n<h2 class=\"wp-block-heading is-style-business_header has-medium-font-size\">VIP Meet &amp; Greet y boleto de banquete individual: $225.00 EA<\/h2>\n\n\n\n<ul class=\"wp-block-list\">\n<li>Un (1) boleto para VIP Meet &amp; Greet con Tim Tebow<\/li>\n\n\n\n<li>Un (1) regalo conmemorativo autografiado<\/li>\n<\/ul>\n\n\n\n<h2 class=\"wp-block-heading is-style-business_header has-medium-font-size\">Boleto para banquete individual - $125.00 EA [AGOTADO]<\/h2>\n\n\n\n<div style=\"height:1px\" aria-hidden=\"true\" class=\"wp-block-spacer\"><\/div>\n\n\n\n<h2 class=\"wp-block-heading has-text-align-left is-style-narrow_header has-orange-color has-text-color\"><\/h2>\n\n\n\n<p>Indique su elecci\u00f3n de patrocinio y env\u00ede sus opciones por correo electr\u00f3nico a <a href=\"mailto:tourism@pascocountyfl.net\">tourism@pascocountyfl.net<\/a><\/p>\n\n\n\n<p>Comun\u00edquese con nuestra oficina al (727) 847-8129 para obtener informaci\u00f3n adicional.<\/p>\n<\/div>\n\n\n\n<div class=\"wp-block-column is-layout-flow wp-block-column-is-layout-flow\" style=\"padding-top:0;padding-right:0;padding-bottom:0;padding-left:0;flex-basis:25%\"><\/div>\n<\/div>","protected":false},"excerpt":{"rendered":"<p>\u00a1Patrocinios 2024 ya a la venta! - [AGOTADO]<\/p>\n<p>Experience Florida&#039;s Sports Coast ofrece patrocinio...<\/p>","protected":false},"author":8,"featured_media":0,"parent":0,"menu_order":0,"comment_status":"closed","ping_status":"closed","template":"","meta":{"_acf_changed":false,"wprm-recipe-roundup-name":"","wprm-recipe-roundup-description":"","footnotes":""},"categories":[],"tags":[],"class_list":["post-231183","page","type-page","status-publish","hentry"],"acf":[],"yoast_head":"<!-- This site is optimized with the Yoast SEO plugin v24.1 - https:\/\/yoast.com\/wordpress\/plugins\/seo\/ -->\n<title>2024 Tourism Banquet Sponsorships | Florida&#039;s Sports Coast<\/title>\n<meta name=\"description\" content=\"TOURISM BANQUET SPONSORSHIP OPPORTUNITIES 2024 Sponsorships On Sale Now! - Experience Florida\u2019s Sports Coast offers sponsorship opportunities at our\" \/>\n<meta name=\"robots\" content=\"index, follow, max-snippet:-1, max-image-preview:large, max-video-preview:-1\" \/>\n<link rel=\"canonical\" href=\"https:\/\/flsportscoast.com\/es\/tourism-banquet-sponsorship-2\/\" \/>\n<meta property=\"og:locale\" content=\"es_MX\" \/>\n<meta property=\"og:type\" content=\"article\" \/>\n<meta property=\"og:title\" content=\"2024 Tourism Banquet Sponsorships | Florida&#039;s Sports Coast\" \/>\n<meta property=\"og:description\" content=\"TOURISM BANQUET SPONSORSHIP OPPORTUNITIES 2024 Sponsorships On Sale Now! - Experience Florida\u2019s Sports Coast offers sponsorship opportunities at our\" \/>\n<meta property=\"og:url\" content=\"https:\/\/flsportscoast.com\/es\/tourism-banquet-sponsorship-2\/\" \/>\n<meta property=\"og:site_name\" content=\"Florida&#039;s Sports Coast\" \/>\n<meta property=\"article:publisher\" content=\"https:\/\/www.facebook.com\/FLSportsCoast\/\" \/>\n<meta property=\"article:modified_time\" content=\"2024-12-04T18:12:42+00:00\" \/>\n<meta property=\"og:image\" content=\"https:\/\/flsportscoast.com\/wp-content\/uploads\/TT-Blue-Suit-scaled.jpg\" \/>\n\t<meta property=\"og:image:width\" content=\"2560\" \/>\n\t<meta property=\"og:image:height\" content=\"2140\" \/>\n\t<meta property=\"og:image:type\" content=\"image\/jpeg\" \/>\n<meta name=\"twitter:card\" content=\"summary_large_image\" \/>\n<meta name=\"twitter:site\" content=\"@FLSportsCoast\" \/>\n<meta name=\"twitter:label1\" content=\"Est. reading time\" \/>\n\t<meta name=\"twitter:data1\" content=\"2 minutes\" \/>\n<script type=\"application\/ld+json\" class=\"yoast-schema-graph\">{\"@context\":\"https:\/\/schema.org\",\"@graph\":[{\"@type\":\"WebPage\",\"@id\":\"https:\/\/flsportscoast.com\/tourism-banquet-sponsorship-2\/\",\"url\":\"https:\/\/flsportscoast.com\/tourism-banquet-sponsorship-2\/\",\"name\":\"2024 Tourism Banquet Sponsorships | Florida&#039;s Sports Coast\",\"isPartOf\":{\"@id\":\"https:\/\/flsportscoast.com\/#website\"},\"primaryImageOfPage\":{\"@id\":\"https:\/\/flsportscoast.com\/tourism-banquet-sponsorship-2\/#primaryimage\"},\"image\":{\"@id\":\"https:\/\/flsportscoast.com\/tourism-banquet-sponsorship-2\/#primaryimage\"},\"thumbnailUrl\":\"https:\/\/flsportscoast.com\/wp-content\/uploads\/TT-Blue-Suit-scaled.jpg\",\"datePublished\":\"2023-06-21T20:49:04+00:00\",\"dateModified\":\"2024-12-04T18:12:42+00:00\",\"description\":\"TOURISM BANQUET SPONSORSHIP OPPORTUNITIES 2024 Sponsorships On Sale Now! - Experience Florida\u2019s Sports Coast offers sponsorship opportunities at our\",\"breadcrumb\":{\"@id\":\"https:\/\/flsportscoast.com\/tourism-banquet-sponsorship-2\/#breadcrumb\"},\"inLanguage\":\"es-MX\",\"potentialAction\":[{\"@type\":\"ReadAction\",\"target\":[\"https:\/\/flsportscoast.com\/tourism-banquet-sponsorship-2\/\"]}]},{\"@type\":\"ImageObject\",\"inLanguage\":\"es-MX\",\"@id\":\"https:\/\/flsportscoast.com\/tourism-banquet-sponsorship-2\/#primaryimage\",\"url\":\"https:\/\/flsportscoast.com\/wp-content\/uploads\/TT-Blue-Suit-scaled.jpg\",\"contentUrl\":\"https:\/\/flsportscoast.com\/wp-content\/uploads\/TT-Blue-Suit-scaled.jpg\"},{\"@type\":\"BreadcrumbList\",\"@id\":\"https:\/\/flsportscoast.com\/tourism-banquet-sponsorship-2\/#breadcrumb\",\"itemListElement\":[{\"@type\":\"ListItem\",\"position\":1,\"name\":\"Home\",\"item\":\"https:\/\/flsportscoast.com\/\"},{\"@type\":\"ListItem\",\"position\":2,\"name\":\"2024 Tourism Banquet Sponsorships\"}]},{\"@type\":\"WebSite\",\"@id\":\"https:\/\/flsportscoast.com\/#website\",\"url\":\"https:\/\/flsportscoast.com\/\",\"name\":\"Florida&#039;s Sports Coast\",\"description\":\"\",\"publisher\":{\"@id\":\"https:\/\/flsportscoast.com\/#organization\"},\"potentialAction\":[{\"@type\":\"SearchAction\",\"target\":{\"@type\":\"EntryPoint\",\"urlTemplate\":\"https:\/\/flsportscoast.com\/?s={search_term_string}\"},\"query-input\":{\"@type\":\"PropertyValueSpecification\",\"valueRequired\":true,\"valueName\":\"search_term_string\"}}],\"inLanguage\":\"es-MX\"},{\"@type\":\"Organization\",\"@id\":\"https:\/\/flsportscoast.com\/#organization\",\"name\":\"Florida Sports Coast\",\"url\":\"https:\/\/flsportscoast.com\/\",\"logo\":{\"@type\":\"ImageObject\",\"inLanguage\":\"es-MX\",\"@id\":\"https:\/\/flsportscoast.com\/#\/schema\/logo\/image\/\",\"url\":\"https:\/\/flsportscoast.com\/wp-content\/uploads\/2022\/07\/fl-sports-coast-logo-color.png\",\"contentUrl\":\"https:\/\/flsportscoast.com\/wp-content\/uploads\/2022\/07\/fl-sports-coast-logo-color.png\",\"width\":1028,\"height\":1028,\"caption\":\"Florida Sports Coast\"},\"image\":{\"@id\":\"https:\/\/flsportscoast.com\/#\/schema\/logo\/image\/\"},\"sameAs\":[\"https:\/\/www.facebook.com\/FLSportsCoast\/\",\"https:\/\/x.com\/FLSportsCoast\",\"https:\/\/www.pinterest.com\/FLSportsCoast\/\",\"https:\/\/www.instagram.com\/flsportscoast\/\",\"https:\/\/www.youtube.com\/channel\/UCJNh4zCnO3RPH6D9NPAoyGQ\"]}]}<\/script>\n<!-- \/ Yoast SEO plugin. -->","yoast_head_json":{"title":"Patrocinios del banquete de turismo de 2024 | Costa deportiva de Florida","description":"OPORTUNIDADES DE PATROCINIO DE BANQUETES TUR\u00cdSTICOS \u00a1Patrocinios 2024 ya a la venta! - Experience Florida&#039;s Sports Coast ofrece oportunidades de patrocinio en nuestro","robots":{"index":"index","follow":"follow","max-snippet":"max-snippet:-1","max-image-preview":"max-image-preview:large","max-video-preview":"max-video-preview:-1"},"canonical":"https:\/\/flsportscoast.com\/es\/tourism-banquet-sponsorship-2\/","og_locale":"es_MX","og_type":"article","og_title":"2024 Tourism Banquet Sponsorships | Florida&#039;s Sports Coast","og_description":"TOURISM BANQUET SPONSORSHIP OPPORTUNITIES 2024 Sponsorships On Sale Now! - Experience Florida\u2019s Sports Coast offers sponsorship opportunities at our","og_url":"https:\/\/flsportscoast.com\/es\/tourism-banquet-sponsorship-2\/","og_site_name":"Florida&#039;s Sports Coast","article_publisher":"https:\/\/www.facebook.com\/FLSportsCoast\/","article_modified_time":"2024-12-04T18:12:42+00:00","og_image":[{"width":2560,"height":2140,"url":"https:\/\/flsportscoast.com\/wp-content\/uploads\/TT-Blue-Suit-scaled.jpg","type":"image\/jpeg"}],"twitter_card":"summary_large_image","twitter_site":"@FLSportsCoast","twitter_misc":{"Est. reading time":"2 minutes"},"schema":{"@context":"https:\/\/schema.org","@graph":[{"@type":"WebPage","@id":"https:\/\/flsportscoast.com\/tourism-banquet-sponsorship-2\/","url":"https:\/\/flsportscoast.com\/tourism-banquet-sponsorship-2\/","name":"Patrocinios del banquete de turismo de 2024 | Costa deportiva de Florida","isPartOf":{"@id":"https:\/\/flsportscoast.com\/#website"},"primaryImageOfPage":{"@id":"https:\/\/flsportscoast.com\/tourism-banquet-sponsorship-2\/#primaryimage"},"image":{"@id":"https:\/\/flsportscoast.com\/tourism-banquet-sponsorship-2\/#primaryimage"},"thumbnailUrl":"https:\/\/flsportscoast.com\/wp-content\/uploads\/TT-Blue-Suit-scaled.jpg","datePublished":"2023-06-21T20:49:04+00:00","dateModified":"2024-12-04T18:12:42+00:00","description":"OPORTUNIDADES DE PATROCINIO DE BANQUETES TUR\u00cdSTICOS \u00a1Patrocinios 2024 ya a la venta! - Experience Florida&#039;s Sports Coast ofrece oportunidades de patrocinio en nuestro","breadcrumb":{"@id":"https:\/\/flsportscoast.com\/tourism-banquet-sponsorship-2\/#breadcrumb"},"inLanguage":"es-MX","potentialAction":[{"@type":"ReadAction","target":["https:\/\/flsportscoast.com\/tourism-banquet-sponsorship-2\/"]}]},{"@type":"ImageObject","inLanguage":"es-MX","@id":"https:\/\/flsportscoast.com\/tourism-banquet-sponsorship-2\/#primaryimage","url":"https:\/\/flsportscoast.com\/wp-content\/uploads\/TT-Blue-Suit-scaled.jpg","contentUrl":"https:\/\/flsportscoast.com\/wp-content\/uploads\/TT-Blue-Suit-scaled.jpg"},{"@type":"BreadcrumbList","@id":"https:\/\/flsportscoast.com\/tourism-banquet-sponsorship-2\/#breadcrumb","itemListElement":[{"@type":"ListItem","position":1,"name":"Home","item":"https:\/\/flsportscoast.com\/"},{"@type":"ListItem","position":2,"name":"2024 Tourism Banquet Sponsorships"}]},{"@type":"WebSite","@id":"https:\/\/flsportscoast.com\/#website","url":"https:\/\/flsportscoast.com\/","name":"Costa Deportiva de Florida&#039;s","description":"","publisher":{"@id":"https:\/\/flsportscoast.com\/#organization"},"potentialAction":[{"@type":"SearchAction","target":{"@type":"EntryPoint","urlTemplate":"https:\/\/flsportscoast.com\/?s={search_term_string}"},"query-input":{"@type":"PropertyValueSpecification","valueRequired":true,"valueName":"search_term_string"}}],"inLanguage":"es-MX"},{"@type":"Organization","@id":"https:\/\/flsportscoast.com\/#organization","name":"Costa deportiva de Florida","url":"https:\/\/flsportscoast.com\/","logo":{"@type":"ImageObject","inLanguage":"es-MX","@id":"https:\/\/flsportscoast.com\/#\/schema\/logo\/image\/","url":"https:\/\/flsportscoast.com\/wp-content\/uploads\/2022\/07\/fl-sports-coast-logo-color.png","contentUrl":"https:\/\/flsportscoast.com\/wp-content\/uploads\/2022\/07\/fl-sports-coast-logo-color.png","width":1028,"height":1028,"caption":"Florida Sports Coast"},"image":{"@id":"https:\/\/flsportscoast.com\/#\/schema\/logo\/image\/"},"sameAs":["https:\/\/www.facebook.com\/FLSportsCoast\/","https:\/\/x.com\/FLSportsCoast","https:\/\/www.pinterest.com\/FLSportsCoast\/","https:\/\/www.instagram.com\/flsportscoast\/","https:\/\/www.youtube.com\/channel\/UCJNh4zCnO3RPH6D9NPAoyGQ"]}]}},"meta_fields":{"_yoast_wpseo_content_score":"90","_yoast_wpseo_estimated-reading-time-minutes":"2","_dp_original":"230778","_edit_lock":"1733335964:8","_edit_last":"8","_wp_page_template":"default","_yoast_wpseo_primary_category":""},"thumb_url":false,"_links":{"self":[{"href":"https:\/\/flsportscoast.com\/es\/wp-json\/wp\/v2\/pages\/231183","targetHints":{"allow":["GET"]}}],"collection":[{"href":"https:\/\/flsportscoast.com\/es\/wp-json\/wp\/v2\/pages"}],"about":[{"href":"https:\/\/flsportscoast.com\/es\/wp-json\/wp\/v2\/types\/page"}],"author":[{"embeddable":true,"href":"https:\/\/flsportscoast.com\/es\/wp-json\/wp\/v2\/users\/8"}],"replies":[{"embeddable":true,"href":"https:\/\/flsportscoast.com\/es\/wp-json\/wp\/v2\/comments?post=231183"}],"version-history":[{"count":35,"href":"https:\/\/flsportscoast.com\/es\/wp-json\/wp\/v2\/pages\/231183\/revisions"}],"predecessor-version":[{"id":233319,"href":"https:\/\/flsportscoast.com\/es\/wp-json\/wp\/v2\/pages\/231183\/revisions\/233319"}],"wp:attachment":[{"href":"https:\/\/flsportscoast.com\/es\/wp-json\/wp\/v2\/media?parent=231183"}],"wp:term":[{"taxonomy":"category","embeddable":true,"href":"https:\/\/flsportscoast.com\/es\/wp-json\/wp\/v2\/categories?post=231183"},{"taxonomy":"post_tag","embeddable":true,"href":"https:\/\/flsportscoast.com\/es\/wp-json\/wp\/v2\/tags?post=231183"}],"curies":[{"name":"wp","href":"https:\/\/api.w.org\/{rel}","templated":true}]}}