{"id":231024,"date":"2023-03-28T14:24:04","date_gmt":"2023-03-28T18:24:04","guid":{"rendered":"https:\/\/flsportscoast.com\/?page_id=231024"},"modified":"2023-03-28T14:25:00","modified_gmt":"2023-03-28T18:25:00","slug":"floridas-sports-coast-designated-as-a-certified-autism-center","status":"publish","type":"page","link":"https:\/\/flsportscoast.com\/es\/floridas-sports-coast-designated-as-a-certified-autism-center\/","title":{"rendered":"Sports Coast de Florida designada como Centro Certificado de Autismo"},"content":{"rendered":"<h2 class=\"has-text-align-center has-deep-blue-color has-text-color wp-block-heading\">Sports Coast de Florida designada como Centro Certificado de Autismo<\/h2>\n\n\n\n<div class=\"wp-block-columns is-layout-flex wp-container-core-columns-is-layout-1 wp-block-columns-is-layout-flex\" style=\"justify-content:center\">\n<div class=\"wp-block-column is-layout-flow wp-block-column-is-layout-flow\" style=\"flex-basis:25%\"><\/div>\n\n\n\n<div class=\"wp-block-column is-layout-flow wp-block-column-is-layout-flow\" style=\"flex-basis:50%\">\n<figure class=\"wp-block-image aligncenter size-full\"><img loading=\"lazy\" decoding=\"async\" width=\"280\" height=\"237\" src=\"https:\/\/flsportscoast.com\/wp-content\/uploads\/footer-cert.png\" alt=\"\" class=\"wp-image-231025\" srcset=\"https:\/\/flsportscoast.com\/wp-content\/uploads\/footer-cert.png 280w, https:\/\/flsportscoast.com\/wp-content\/uploads\/footer-cert-14x12.png 14w, https:\/\/flsportscoast.com\/wp-content\/uploads\/footer-cert-250x212.png 250w\" sizes=\"auto, (max-width: 280px) 100vw, 280px\" \/><\/figure>\n<\/div>\n\n\n\n<div class=\"wp-block-column is-layout-flow wp-block-column-is-layout-flow\" style=\"flex-basis:25%\"><\/div>\n<\/div>\n\n\n\n<div class=\"wp-block-columns is-layout-flex wp-container-core-columns-is-layout-2 wp-block-columns-is-layout-flex\" style=\"justify-content:center\">\n<div class=\"wp-block-column is-layout-flow wp-block-column-is-layout-flow\" style=\"flex-basis:25%\"><\/div>\n\n\n\n<div class=\"wp-block-column is-layout-flow wp-block-column-is-layout-flow\" style=\"flex-basis:50%\">\n<p>El equipo de Sports Coast de Florida ha trabajado con la Junta Internacional de Credenciales y Est\u00e1ndares de Educaci\u00f3n Continua (IBCCES), un l\u00edder mundial en programas de capacitaci\u00f3n y certificaci\u00f3n en l\u00ednea, para ser designado como un Centro de Autismo Certificado\u2122 (CAC). Nuestro personal ha completado la capacitaci\u00f3n y la certificaci\u00f3n en las mejores pr\u00e1cticas al ayudar a las personas autistas. Al recibir capacitaci\u00f3n adicional espec\u00edfica para el autismo, el objetivo es que nuestro equipo est\u00e9 mejor equipado para brindar un mejor servicio y experiencias a todos. <a href=\"https:\/\/protect-us.mimecast.com\/s\/gIg6Cqx2qOt7LqlGfExa7z?domain=ibcces.org\/\" target=\"_blank\" rel=\"noreferrer noopener\">Haga clic para obtener m\u00e1s informaci\u00f3n sobre Certified Autism Center\u2122<\/a><\/p>\n<\/div>\n\n\n\n<div class=\"wp-block-column is-layout-flow wp-block-column-is-layout-flow\" style=\"flex-basis:25%\"><\/div>\n<\/div>","protected":false},"excerpt":{"rendered":"<p>El equipo de Sports Coast de Florida ha trabajado con la Junta Internacional de Acreditaci\u00f3n y Continuidad...<\/p>","protected":false},"author":1,"featured_media":0,"parent":0,"menu_order":0,"comment_status":"closed","ping_status":"closed","template":"","meta":{"_acf_changed":false,"wprm-recipe-roundup-name":"","wprm-recipe-roundup-description":"","footnotes":""},"categories":[],"tags":[],"class_list":["post-231024","page","type-page","status-publish","hentry"],"acf":[],"yoast_head":"<!-- This site is optimized with the Yoast SEO plugin v24.1 - https:\/\/yoast.com\/wordpress\/plugins\/seo\/ -->\n<title>Florida&#039;s Sports Coast designated as a Certified Autism Center | Florida&#039;s Sports Coast<\/title>\n<meta name=\"description\" content=\"Florida&#039;s Sports Coast designated as a Certified Autism Center The Florida&#039;s Sports Coast team has worked with The International Board of Credentialing\" \/>\n<meta name=\"robots\" content=\"index, follow, max-snippet:-1, max-image-preview:large, max-video-preview:-1\" \/>\n<link rel=\"canonical\" href=\"https:\/\/flsportscoast.com\/es\/floridas-sports-coast-designated-as-a-certified-autism-center\/\" \/>\n<meta property=\"og:locale\" content=\"es_MX\" \/>\n<meta property=\"og:type\" content=\"article\" \/>\n<meta property=\"og:title\" content=\"Florida&#039;s Sports Coast designated as a Certified Autism Center | Florida&#039;s Sports Coast\" \/>\n<meta property=\"og:description\" content=\"Florida&#039;s Sports Coast designated as a Certified Autism Center The Florida&#039;s Sports Coast team has worked with The International Board of Credentialing\" \/>\n<meta property=\"og:url\" content=\"https:\/\/flsportscoast.com\/es\/floridas-sports-coast-designated-as-a-certified-autism-center\/\" \/>\n<meta property=\"og:site_name\" content=\"Florida&#039;s Sports Coast\" \/>\n<meta property=\"article:publisher\" content=\"https:\/\/www.facebook.com\/FLSportsCoast\/\" \/>\n<meta property=\"article:modified_time\" content=\"2023-03-28T18:25:00+00:00\" \/>\n<meta property=\"og:image\" content=\"https:\/\/flsportscoast.com\/wp-content\/uploads\/footer-cert.png\" \/>\n<meta name=\"twitter:card\" content=\"summary_large_image\" \/>\n<meta name=\"twitter:site\" content=\"@FLSportsCoast\" \/>\n<script type=\"application\/ld+json\" class=\"yoast-schema-graph\">{\"@context\":\"https:\/\/schema.org\",\"@graph\":[{\"@type\":\"WebPage\",\"@id\":\"https:\/\/flsportscoast.com\/floridas-sports-coast-designated-as-a-certified-autism-center\/\",\"url\":\"https:\/\/flsportscoast.com\/floridas-sports-coast-designated-as-a-certified-autism-center\/\",\"name\":\"Florida's Sports Coast designated as a Certified Autism Center | Florida&#039;s Sports Coast\",\"isPartOf\":{\"@id\":\"https:\/\/flsportscoast.com\/#website\"},\"primaryImageOfPage\":{\"@id\":\"https:\/\/flsportscoast.com\/floridas-sports-coast-designated-as-a-certified-autism-center\/#primaryimage\"},\"image\":{\"@id\":\"https:\/\/flsportscoast.com\/floridas-sports-coast-designated-as-a-certified-autism-center\/#primaryimage\"},\"thumbnailUrl\":\"https:\/\/flsportscoast.com\/wp-content\/uploads\/footer-cert.png\",\"datePublished\":\"2023-03-28T18:24:04+00:00\",\"dateModified\":\"2023-03-28T18:25:00+00:00\",\"description\":\"Florida's Sports Coast designated as a Certified Autism Center The Florida's Sports Coast team has worked with The International Board of Credentialing\",\"breadcrumb\":{\"@id\":\"https:\/\/flsportscoast.com\/floridas-sports-coast-designated-as-a-certified-autism-center\/#breadcrumb\"},\"inLanguage\":\"es-MX\",\"potentialAction\":[{\"@type\":\"ReadAction\",\"target\":[\"https:\/\/flsportscoast.com\/floridas-sports-coast-designated-as-a-certified-autism-center\/\"]}]},{\"@type\":\"ImageObject\",\"inLanguage\":\"es-MX\",\"@id\":\"https:\/\/flsportscoast.com\/floridas-sports-coast-designated-as-a-certified-autism-center\/#primaryimage\",\"url\":\"https:\/\/flsportscoast.com\/wp-content\/uploads\/footer-cert.png\",\"contentUrl\":\"https:\/\/flsportscoast.com\/wp-content\/uploads\/footer-cert.png\"},{\"@type\":\"BreadcrumbList\",\"@id\":\"https:\/\/flsportscoast.com\/floridas-sports-coast-designated-as-a-certified-autism-center\/#breadcrumb\",\"itemListElement\":[{\"@type\":\"ListItem\",\"position\":1,\"name\":\"Home\",\"item\":\"https:\/\/flsportscoast.com\/\"},{\"@type\":\"ListItem\",\"position\":2,\"name\":\"Florida&#8217;s Sports Coast designated as a Certified Autism Center\"}]},{\"@type\":\"WebSite\",\"@id\":\"https:\/\/flsportscoast.com\/#website\",\"url\":\"https:\/\/flsportscoast.com\/\",\"name\":\"Florida&#039;s Sports Coast\",\"description\":\"\",\"publisher\":{\"@id\":\"https:\/\/flsportscoast.com\/#organization\"},\"potentialAction\":[{\"@type\":\"SearchAction\",\"target\":{\"@type\":\"EntryPoint\",\"urlTemplate\":\"https:\/\/flsportscoast.com\/?s={search_term_string}\"},\"query-input\":{\"@type\":\"PropertyValueSpecification\",\"valueRequired\":true,\"valueName\":\"search_term_string\"}}],\"inLanguage\":\"es-MX\"},{\"@type\":\"Organization\",\"@id\":\"https:\/\/flsportscoast.com\/#organization\",\"name\":\"Florida Sports Coast\",\"url\":\"https:\/\/flsportscoast.com\/\",\"logo\":{\"@type\":\"ImageObject\",\"inLanguage\":\"es-MX\",\"@id\":\"https:\/\/flsportscoast.com\/#\/schema\/logo\/image\/\",\"url\":\"https:\/\/flsportscoast.com\/wp-content\/uploads\/2022\/07\/fl-sports-coast-logo-color.png\",\"contentUrl\":\"https:\/\/flsportscoast.com\/wp-content\/uploads\/2022\/07\/fl-sports-coast-logo-color.png\",\"width\":1028,\"height\":1028,\"caption\":\"Florida Sports Coast\"},\"image\":{\"@id\":\"https:\/\/flsportscoast.com\/#\/schema\/logo\/image\/\"},\"sameAs\":[\"https:\/\/www.facebook.com\/FLSportsCoast\/\",\"https:\/\/x.com\/FLSportsCoast\",\"https:\/\/www.pinterest.com\/FLSportsCoast\/\",\"https:\/\/www.instagram.com\/flsportscoast\/\",\"https:\/\/www.youtube.com\/channel\/UCJNh4zCnO3RPH6D9NPAoyGQ\"]}]}<\/script>\n<!-- \/ Yoast SEO plugin. -->","yoast_head_json":{"title":"Sports Coast de Florida designada como Centro Certificado de Autismo | Costa Deportiva de Florida&#039;s","description":"Sports Coast de Florida designado como centro certificado de autismo El equipo de Sports Coast de Florida ha trabajado con la Junta Internacional de Acreditaci\u00f3n","robots":{"index":"index","follow":"follow","max-snippet":"max-snippet:-1","max-image-preview":"max-image-preview:large","max-video-preview":"max-video-preview:-1"},"canonical":"https:\/\/flsportscoast.com\/es\/floridas-sports-coast-designated-as-a-certified-autism-center\/","og_locale":"es_MX","og_type":"article","og_title":"Florida's Sports Coast designated as a Certified Autism Center | Florida&#039;s Sports Coast","og_description":"Florida's Sports Coast designated as a Certified Autism Center The Florida's Sports Coast team has worked with The International Board of Credentialing","og_url":"https:\/\/flsportscoast.com\/es\/floridas-sports-coast-designated-as-a-certified-autism-center\/","og_site_name":"Florida&#039;s Sports Coast","article_publisher":"https:\/\/www.facebook.com\/FLSportsCoast\/","article_modified_time":"2023-03-28T18:25:00+00:00","og_image":[{"url":"https:\/\/flsportscoast.com\/wp-content\/uploads\/footer-cert.png","type":"","width":"","height":""}],"twitter_card":"summary_large_image","twitter_site":"@FLSportsCoast","schema":{"@context":"https:\/\/schema.org","@graph":[{"@type":"WebPage","@id":"https:\/\/flsportscoast.com\/floridas-sports-coast-designated-as-a-certified-autism-center\/","url":"https:\/\/flsportscoast.com\/floridas-sports-coast-designated-as-a-certified-autism-center\/","name":"Sports Coast de Florida designada como Centro Certificado de Autismo | Costa Deportiva de Florida&#039;s","isPartOf":{"@id":"https:\/\/flsportscoast.com\/#website"},"primaryImageOfPage":{"@id":"https:\/\/flsportscoast.com\/floridas-sports-coast-designated-as-a-certified-autism-center\/#primaryimage"},"image":{"@id":"https:\/\/flsportscoast.com\/floridas-sports-coast-designated-as-a-certified-autism-center\/#primaryimage"},"thumbnailUrl":"https:\/\/flsportscoast.com\/wp-content\/uploads\/footer-cert.png","datePublished":"2023-03-28T18:24:04+00:00","dateModified":"2023-03-28T18:25:00+00:00","description":"Sports Coast de Florida designado como centro certificado de autismo El equipo de Sports Coast de Florida ha trabajado con la Junta Internacional de Acreditaci\u00f3n","breadcrumb":{"@id":"https:\/\/flsportscoast.com\/floridas-sports-coast-designated-as-a-certified-autism-center\/#breadcrumb"},"inLanguage":"es-MX","potentialAction":[{"@type":"ReadAction","target":["https:\/\/flsportscoast.com\/floridas-sports-coast-designated-as-a-certified-autism-center\/"]}]},{"@type":"ImageObject","inLanguage":"es-MX","@id":"https:\/\/flsportscoast.com\/floridas-sports-coast-designated-as-a-certified-autism-center\/#primaryimage","url":"https:\/\/flsportscoast.com\/wp-content\/uploads\/footer-cert.png","contentUrl":"https:\/\/flsportscoast.com\/wp-content\/uploads\/footer-cert.png"},{"@type":"BreadcrumbList","@id":"https:\/\/flsportscoast.com\/floridas-sports-coast-designated-as-a-certified-autism-center\/#breadcrumb","itemListElement":[{"@type":"ListItem","position":1,"name":"Home","item":"https:\/\/flsportscoast.com\/"},{"@type":"ListItem","position":2,"name":"Florida&#8217;s Sports Coast designated as a Certified Autism Center"}]},{"@type":"WebSite","@id":"https:\/\/flsportscoast.com\/#website","url":"https:\/\/flsportscoast.com\/","name":"Costa Deportiva de Florida&#039;s","description":"","publisher":{"@id":"https:\/\/flsportscoast.com\/#organization"},"potentialAction":[{"@type":"SearchAction","target":{"@type":"EntryPoint","urlTemplate":"https:\/\/flsportscoast.com\/?s={search_term_string}"},"query-input":{"@type":"PropertyValueSpecification","valueRequired":true,"valueName":"search_term_string"}}],"inLanguage":"es-MX"},{"@type":"Organization","@id":"https:\/\/flsportscoast.com\/#organization","name":"Costa deportiva de Florida","url":"https:\/\/flsportscoast.com\/","logo":{"@type":"ImageObject","inLanguage":"es-MX","@id":"https:\/\/flsportscoast.com\/#\/schema\/logo\/image\/","url":"https:\/\/flsportscoast.com\/wp-content\/uploads\/2022\/07\/fl-sports-coast-logo-color.png","contentUrl":"https:\/\/flsportscoast.com\/wp-content\/uploads\/2022\/07\/fl-sports-coast-logo-color.png","width":1028,"height":1028,"caption":"Florida Sports Coast"},"image":{"@id":"https:\/\/flsportscoast.com\/#\/schema\/logo\/image\/"},"sameAs":["https:\/\/www.facebook.com\/FLSportsCoast\/","https:\/\/x.com\/FLSportsCoast","https:\/\/www.pinterest.com\/FLSportsCoast\/","https:\/\/www.instagram.com\/flsportscoast\/","https:\/\/www.youtube.com\/channel\/UCJNh4zCnO3RPH6D9NPAoyGQ"]}]}},"meta_fields":{"_edit_lock":"1680029198:1","_edit_last":"1","_yoast_wpseo_content_score":"60","_yoast_wpseo_estimated-reading-time-minutes":"","_yoast_wpseo_wordproof_timestamp":""},"thumb_url":false,"_links":{"self":[{"href":"https:\/\/flsportscoast.com\/es\/wp-json\/wp\/v2\/pages\/231024","targetHints":{"allow":["GET"]}}],"collection":[{"href":"https:\/\/flsportscoast.com\/es\/wp-json\/wp\/v2\/pages"}],"about":[{"href":"https:\/\/flsportscoast.com\/es\/wp-json\/wp\/v2\/types\/page"}],"author":[{"embeddable":true,"href":"https:\/\/flsportscoast.com\/es\/wp-json\/wp\/v2\/users\/1"}],"replies":[{"embeddable":true,"href":"https:\/\/flsportscoast.com\/es\/wp-json\/wp\/v2\/comments?post=231024"}],"version-history":[{"count":2,"href":"https:\/\/flsportscoast.com\/es\/wp-json\/wp\/v2\/pages\/231024\/revisions"}],"predecessor-version":[{"id":231028,"href":"https:\/\/flsportscoast.com\/es\/wp-json\/wp\/v2\/pages\/231024\/revisions\/231028"}],"wp:attachment":[{"href":"https:\/\/flsportscoast.com\/es\/wp-json\/wp\/v2\/media?parent=231024"}],"wp:term":[{"taxonomy":"category","embeddable":true,"href":"https:\/\/flsportscoast.com\/es\/wp-json\/wp\/v2\/categories?post=231024"},{"taxonomy":"post_tag","embeddable":true,"href":"https:\/\/flsportscoast.com\/es\/wp-json\/wp\/v2\/tags?post=231024"}],"curies":[{"name":"wp","href":"https:\/\/api.w.org\/{rel}","templated":true}]}}