{"id":230984,"date":"2023-03-20T16:40:56","date_gmt":"2023-03-20T20:40:56","guid":{"rendered":"https:\/\/flsportscoast.com\/?page_id=230984"},"modified":"2023-04-26T11:53:05","modified_gmt":"2023-04-26T15:53:05","slug":"2023-destination-guide-ad-sales","status":"publish","type":"page","link":"https:\/\/flsportscoast.com\/es\/2023-destination-guide-ad-sales\/","title":{"rendered":"Gu\u00eda de destinos 2023 Venta de anuncios"},"content":{"rendered":"<h2 class=\"is-style-business_header wp-block-heading\" style=\"margin-top:var(--wp--preset--spacing--60);margin-right:var(--wp--preset--spacing--60);margin-bottom:var(--wp--preset--spacing--60);margin-left:var(--wp--preset--spacing--60)\">  Gu\u00eda de destinos 2023 Venta de anuncios<\/h2>\n\n\n\n<p class=\"has-text-align-center\"><a href=\"https:\/\/flsportscoast.com\/wp-content\/uploads\/FL-Sports-Coast-2023-25-Destination-Guide-Rate-Card-1.pdf\">Descarga aqu\u00ed<\/a><\/p>\n\n\n\n<figure class=\"wp-block-image size-full\"><a href=\"https:\/\/flsportscoast.com\/wp-content\/uploads\/FL-Sports-Coast-2023-25-Destination-Guide-Rate-Card-1.pdf\"><img loading=\"lazy\" decoding=\"async\" width=\"759\" height=\"758\" src=\"https:\/\/flsportscoast.com\/wp-content\/uploads\/2023-Ad-Sales.png\" alt=\"\" class=\"wp-image-230988\" srcset=\"https:\/\/flsportscoast.com\/wp-content\/uploads\/2023-Ad-Sales.png 759w, https:\/\/flsportscoast.com\/wp-content\/uploads\/2023-Ad-Sales-300x300.png 300w, https:\/\/flsportscoast.com\/wp-content\/uploads\/2023-Ad-Sales-150x150.png 150w, https:\/\/flsportscoast.com\/wp-content\/uploads\/2023-Ad-Sales-12x12.png 12w, https:\/\/flsportscoast.com\/wp-content\/uploads\/2023-Ad-Sales-400x399.png 400w, https:\/\/flsportscoast.com\/wp-content\/uploads\/2023-Ad-Sales-600x599.png 600w, https:\/\/flsportscoast.com\/wp-content\/uploads\/2023-Ad-Sales-601x600.png 601w, https:\/\/flsportscoast.com\/wp-content\/uploads\/2023-Ad-Sales-250x250.png 250w\" sizes=\"auto, (max-width: 759px) 100vw, 759px\" \/><\/a><\/figure>\n\n\n\n<p><\/p>","protected":false},"excerpt":{"rendered":"<p>Descarga aqu\u00ed<\/p>","protected":false},"author":8,"featured_media":0,"parent":0,"menu_order":0,"comment_status":"closed","ping_status":"closed","template":"","meta":{"_acf_changed":false,"wprm-recipe-roundup-name":"","wprm-recipe-roundup-description":"","footnotes":""},"categories":[],"tags":[],"class_list":["post-230984","page","type-page","status-publish","hentry"],"acf":[],"yoast_head":"<!-- This site is optimized with the Yoast SEO plugin v24.1 - https:\/\/yoast.com\/wordpress\/plugins\/seo\/ -->\n<title>2023 Destination Guide Ad Sales | Florida&#039;s Sports Coast<\/title>\n<meta name=\"description\" content=\"2023 Destination Guide Ad Sales  Download Here\" \/>\n<meta name=\"robots\" content=\"index, follow, max-snippet:-1, max-image-preview:large, max-video-preview:-1\" \/>\n<link rel=\"canonical\" href=\"https:\/\/flsportscoast.com\/es\/2023-destination-guide-ad-sales\/\" \/>\n<meta property=\"og:locale\" content=\"es_MX\" \/>\n<meta property=\"og:type\" content=\"article\" \/>\n<meta property=\"og:title\" content=\"2023 Destination Guide Ad Sales | Florida&#039;s Sports Coast\" \/>\n<meta property=\"og:description\" content=\"2023 Destination Guide Ad Sales  Download Here\" \/>\n<meta property=\"og:url\" content=\"https:\/\/flsportscoast.com\/es\/2023-destination-guide-ad-sales\/\" \/>\n<meta property=\"og:site_name\" content=\"Florida&#039;s Sports Coast\" \/>\n<meta property=\"article:publisher\" content=\"https:\/\/www.facebook.com\/FLSportsCoast\/\" \/>\n<meta property=\"article:modified_time\" content=\"2023-04-26T15:53:05+00:00\" \/>\n<meta property=\"og:image\" content=\"https:\/\/flsportscoast.com\/wp-content\/uploads\/2023-Ad-Sales.png\" \/>\n<meta name=\"twitter:card\" content=\"summary_large_image\" \/>\n<meta name=\"twitter:site\" content=\"@FLSportsCoast\" \/>\n<script type=\"application\/ld+json\" class=\"yoast-schema-graph\">{\"@context\":\"https:\/\/schema.org\",\"@graph\":[{\"@type\":\"WebPage\",\"@id\":\"https:\/\/flsportscoast.com\/2023-destination-guide-ad-sales\/\",\"url\":\"https:\/\/flsportscoast.com\/2023-destination-guide-ad-sales\/\",\"name\":\"2023 Destination Guide Ad Sales | Florida&#039;s Sports Coast\",\"isPartOf\":{\"@id\":\"https:\/\/flsportscoast.com\/#website\"},\"primaryImageOfPage\":{\"@id\":\"https:\/\/flsportscoast.com\/2023-destination-guide-ad-sales\/#primaryimage\"},\"image\":{\"@id\":\"https:\/\/flsportscoast.com\/2023-destination-guide-ad-sales\/#primaryimage\"},\"thumbnailUrl\":\"https:\/\/flsportscoast.com\/wp-content\/uploads\/2023-Ad-Sales.png\",\"datePublished\":\"2023-03-20T20:40:56+00:00\",\"dateModified\":\"2023-04-26T15:53:05+00:00\",\"description\":\"2023 Destination Guide Ad Sales Download Here\",\"breadcrumb\":{\"@id\":\"https:\/\/flsportscoast.com\/2023-destination-guide-ad-sales\/#breadcrumb\"},\"inLanguage\":\"es-MX\",\"potentialAction\":[{\"@type\":\"ReadAction\",\"target\":[\"https:\/\/flsportscoast.com\/2023-destination-guide-ad-sales\/\"]}]},{\"@type\":\"ImageObject\",\"inLanguage\":\"es-MX\",\"@id\":\"https:\/\/flsportscoast.com\/2023-destination-guide-ad-sales\/#primaryimage\",\"url\":\"https:\/\/flsportscoast.com\/wp-content\/uploads\/2023-Ad-Sales.png\",\"contentUrl\":\"https:\/\/flsportscoast.com\/wp-content\/uploads\/2023-Ad-Sales.png\"},{\"@type\":\"BreadcrumbList\",\"@id\":\"https:\/\/flsportscoast.com\/2023-destination-guide-ad-sales\/#breadcrumb\",\"itemListElement\":[{\"@type\":\"ListItem\",\"position\":1,\"name\":\"Home\",\"item\":\"https:\/\/flsportscoast.com\/\"},{\"@type\":\"ListItem\",\"position\":2,\"name\":\"2023 Destination Guide Ad Sales\"}]},{\"@type\":\"WebSite\",\"@id\":\"https:\/\/flsportscoast.com\/#website\",\"url\":\"https:\/\/flsportscoast.com\/\",\"name\":\"Florida&#039;s Sports Coast\",\"description\":\"\",\"publisher\":{\"@id\":\"https:\/\/flsportscoast.com\/#organization\"},\"potentialAction\":[{\"@type\":\"SearchAction\",\"target\":{\"@type\":\"EntryPoint\",\"urlTemplate\":\"https:\/\/flsportscoast.com\/?s={search_term_string}\"},\"query-input\":{\"@type\":\"PropertyValueSpecification\",\"valueRequired\":true,\"valueName\":\"search_term_string\"}}],\"inLanguage\":\"es-MX\"},{\"@type\":\"Organization\",\"@id\":\"https:\/\/flsportscoast.com\/#organization\",\"name\":\"Florida Sports Coast\",\"url\":\"https:\/\/flsportscoast.com\/\",\"logo\":{\"@type\":\"ImageObject\",\"inLanguage\":\"es-MX\",\"@id\":\"https:\/\/flsportscoast.com\/#\/schema\/logo\/image\/\",\"url\":\"https:\/\/flsportscoast.com\/wp-content\/uploads\/2022\/07\/fl-sports-coast-logo-color.png\",\"contentUrl\":\"https:\/\/flsportscoast.com\/wp-content\/uploads\/2022\/07\/fl-sports-coast-logo-color.png\",\"width\":1028,\"height\":1028,\"caption\":\"Florida Sports Coast\"},\"image\":{\"@id\":\"https:\/\/flsportscoast.com\/#\/schema\/logo\/image\/\"},\"sameAs\":[\"https:\/\/www.facebook.com\/FLSportsCoast\/\",\"https:\/\/x.com\/FLSportsCoast\",\"https:\/\/www.pinterest.com\/FLSportsCoast\/\",\"https:\/\/www.instagram.com\/flsportscoast\/\",\"https:\/\/www.youtube.com\/channel\/UCJNh4zCnO3RPH6D9NPAoyGQ\"]}]}<\/script>\n<!-- \/ Yoast SEO plugin. -->","yoast_head_json":{"title":"Venta de anuncios de la gu\u00eda de destinos 2023 | Costa Deportiva de Florida&#039;s","description":"Gu\u00eda de destino 2023 Venta de publicidad Descargar aqu\u00ed","robots":{"index":"index","follow":"follow","max-snippet":"max-snippet:-1","max-image-preview":"max-image-preview:large","max-video-preview":"max-video-preview:-1"},"canonical":"https:\/\/flsportscoast.com\/es\/2023-destination-guide-ad-sales\/","og_locale":"es_MX","og_type":"article","og_title":"2023 Destination Guide Ad Sales | Florida&#039;s Sports Coast","og_description":"2023 Destination Guide Ad Sales  Download Here","og_url":"https:\/\/flsportscoast.com\/es\/2023-destination-guide-ad-sales\/","og_site_name":"Florida&#039;s Sports Coast","article_publisher":"https:\/\/www.facebook.com\/FLSportsCoast\/","article_modified_time":"2023-04-26T15:53:05+00:00","og_image":[{"url":"https:\/\/flsportscoast.com\/wp-content\/uploads\/2023-Ad-Sales.png","type":"","width":"","height":""}],"twitter_card":"summary_large_image","twitter_site":"@FLSportsCoast","schema":{"@context":"https:\/\/schema.org","@graph":[{"@type":"WebPage","@id":"https:\/\/flsportscoast.com\/2023-destination-guide-ad-sales\/","url":"https:\/\/flsportscoast.com\/2023-destination-guide-ad-sales\/","name":"Venta de anuncios de la gu\u00eda de destinos 2023 | Costa Deportiva de Florida&#039;s","isPartOf":{"@id":"https:\/\/flsportscoast.com\/#website"},"primaryImageOfPage":{"@id":"https:\/\/flsportscoast.com\/2023-destination-guide-ad-sales\/#primaryimage"},"image":{"@id":"https:\/\/flsportscoast.com\/2023-destination-guide-ad-sales\/#primaryimage"},"thumbnailUrl":"https:\/\/flsportscoast.com\/wp-content\/uploads\/2023-Ad-Sales.png","datePublished":"2023-03-20T20:40:56+00:00","dateModified":"2023-04-26T15:53:05+00:00","description":"Gu\u00eda de destino 2023 Venta de publicidad Descargar aqu\u00ed","breadcrumb":{"@id":"https:\/\/flsportscoast.com\/2023-destination-guide-ad-sales\/#breadcrumb"},"inLanguage":"es-MX","potentialAction":[{"@type":"ReadAction","target":["https:\/\/flsportscoast.com\/2023-destination-guide-ad-sales\/"]}]},{"@type":"ImageObject","inLanguage":"es-MX","@id":"https:\/\/flsportscoast.com\/2023-destination-guide-ad-sales\/#primaryimage","url":"https:\/\/flsportscoast.com\/wp-content\/uploads\/2023-Ad-Sales.png","contentUrl":"https:\/\/flsportscoast.com\/wp-content\/uploads\/2023-Ad-Sales.png"},{"@type":"BreadcrumbList","@id":"https:\/\/flsportscoast.com\/2023-destination-guide-ad-sales\/#breadcrumb","itemListElement":[{"@type":"ListItem","position":1,"name":"Home","item":"https:\/\/flsportscoast.com\/"},{"@type":"ListItem","position":2,"name":"2023 Destination Guide Ad Sales"}]},{"@type":"WebSite","@id":"https:\/\/flsportscoast.com\/#website","url":"https:\/\/flsportscoast.com\/","name":"Costa Deportiva de Florida&#039;s","description":"","publisher":{"@id":"https:\/\/flsportscoast.com\/#organization"},"potentialAction":[{"@type":"SearchAction","target":{"@type":"EntryPoint","urlTemplate":"https:\/\/flsportscoast.com\/?s={search_term_string}"},"query-input":{"@type":"PropertyValueSpecification","valueRequired":true,"valueName":"search_term_string"}}],"inLanguage":"es-MX"},{"@type":"Organization","@id":"https:\/\/flsportscoast.com\/#organization","name":"Costa deportiva de Florida","url":"https:\/\/flsportscoast.com\/","logo":{"@type":"ImageObject","inLanguage":"es-MX","@id":"https:\/\/flsportscoast.com\/#\/schema\/logo\/image\/","url":"https:\/\/flsportscoast.com\/wp-content\/uploads\/2022\/07\/fl-sports-coast-logo-color.png","contentUrl":"https:\/\/flsportscoast.com\/wp-content\/uploads\/2022\/07\/fl-sports-coast-logo-color.png","width":1028,"height":1028,"caption":"Florida Sports Coast"},"image":{"@id":"https:\/\/flsportscoast.com\/#\/schema\/logo\/image\/"},"sameAs":["https:\/\/www.facebook.com\/FLSportsCoast\/","https:\/\/x.com\/FLSportsCoast","https:\/\/www.pinterest.com\/FLSportsCoast\/","https:\/\/www.instagram.com\/flsportscoast\/","https:\/\/www.youtube.com\/channel\/UCJNh4zCnO3RPH6D9NPAoyGQ"]}]}},"meta_fields":{"_edit_lock":"1682524385:8","_edit_last":"8","_yoast_wpseo_estimated-reading-time-minutes":""},"thumb_url":false,"_links":{"self":[{"href":"https:\/\/flsportscoast.com\/es\/wp-json\/wp\/v2\/pages\/230984","targetHints":{"allow":["GET"]}}],"collection":[{"href":"https:\/\/flsportscoast.com\/es\/wp-json\/wp\/v2\/pages"}],"about":[{"href":"https:\/\/flsportscoast.com\/es\/wp-json\/wp\/v2\/types\/page"}],"author":[{"embeddable":true,"href":"https:\/\/flsportscoast.com\/es\/wp-json\/wp\/v2\/users\/8"}],"replies":[{"embeddable":true,"href":"https:\/\/flsportscoast.com\/es\/wp-json\/wp\/v2\/comments?post=230984"}],"version-history":[{"count":21,"href":"https:\/\/flsportscoast.com\/es\/wp-json\/wp\/v2\/pages\/230984\/revisions"}],"predecessor-version":[{"id":231080,"href":"https:\/\/flsportscoast.com\/es\/wp-json\/wp\/v2\/pages\/230984\/revisions\/231080"}],"wp:attachment":[{"href":"https:\/\/flsportscoast.com\/es\/wp-json\/wp\/v2\/media?parent=230984"}],"wp:term":[{"taxonomy":"category","embeddable":true,"href":"https:\/\/flsportscoast.com\/es\/wp-json\/wp\/v2\/categories?post=230984"},{"taxonomy":"post_tag","embeddable":true,"href":"https:\/\/flsportscoast.com\/es\/wp-json\/wp\/v2\/tags?post=230984"}],"curies":[{"name":"wp","href":"https:\/\/api.w.org\/{rel}","templated":true}]}}