{"id":230577,"date":"2023-01-31T14:09:02","date_gmt":"2023-01-31T19:09:02","guid":{"rendered":"https:\/\/flsportscoast.com\/?page_id=230577"},"modified":"2023-02-07T09:14:57","modified_gmt":"2023-02-07T14:14:57","slug":"enter-to-win-tampa-bay-lightning-tickets","status":"publish","type":"page","link":"https:\/\/flsportscoast.com\/es\/enter-to-win-tampa-bay-lightning-tickets\/","title":{"rendered":"Ingrese para ganar boletos de Tampa Bay Lightning"},"content":{"rendered":"<h2 class=\"has-text-align-center has-deep-blue-color has-text-color wp-block-heading\">Entra para ganar<\/h2>\n\n\n\n<h3 class=\"has-text-align-center has-deep-blue-color has-text-color wp-block-heading\">\u00a1Boletos para el rel\u00e1mpago de Tampa Bay!<\/h3>\n\n\n\n<div class=\"wp-block-columns is-layout-flex wp-container-core-columns-is-layout-1 wp-block-columns-is-layout-flex\" style=\"justify-content:center\">\n<div class=\"wp-block-column is-layout-flow wp-block-column-is-layout-flow\" style=\"flex-basis:25%\"><\/div>\n\n\n\n<div class=\"wp-block-column is-layout-flow wp-block-column-is-layout-flow\" style=\"flex-basis:50%\">\n<figure class=\"wp-block-image aligncenter size-full\"><img loading=\"lazy\" decoding=\"async\" width=\"813\" height=\"542\" src=\"https:\/\/flsportscoast.com\/wp-content\/uploads\/TB-Lightning-2.jpg\" alt=\"Rayo TB 2\" class=\"wp-image-230583\" srcset=\"https:\/\/flsportscoast.com\/wp-content\/uploads\/TB-Lightning-2.jpg 813w, https:\/\/flsportscoast.com\/wp-content\/uploads\/TB-Lightning-2-300x200.jpg 300w, https:\/\/flsportscoast.com\/wp-content\/uploads\/TB-Lightning-2-768x512.jpg 768w, https:\/\/flsportscoast.com\/wp-content\/uploads\/TB-Lightning-2-18x12.jpg 18w, https:\/\/flsportscoast.com\/wp-content\/uploads\/TB-Lightning-2-400x267.jpg 400w, https:\/\/flsportscoast.com\/wp-content\/uploads\/TB-Lightning-2-600x400.jpg 600w, https:\/\/flsportscoast.com\/wp-content\/uploads\/TB-Lightning-2-250x167.jpg 250w\" sizes=\"auto, (max-width: 813px) 100vw, 813px\" \/><\/figure>\n<\/div>\n\n\n\n<div class=\"wp-block-column is-layout-flow wp-block-column-is-layout-flow\" style=\"flex-basis:25%\"><\/div>\n<\/div>\n\n\n\n<p class=\"has-text-align-center has-medium-font-size\"><strong>Sports Coast de Florida est\u00e1 regalando boletos Tampa Bay Lightning para un<br>juego de hockey en casa y tenemos un par con su nombre, a un juego<br>\u00a1de su elecci\u00f3n!* Ingrese a continuaci\u00f3n para tener la oportunidad de ganar.<\/strong><\/p>\n\n\n\n<p class=\"has-text-align-center has-small-font-size\"><br>*No se requiere compra. L\u00edmite de una (1) participaci\u00f3n por participante. Los ganadores ser\u00e1n seleccionados al azar. Debe tener 18 a\u00f1os de edad o m\u00e1s para ganar.<br>La elecci\u00f3n de boletos se basa en el primero disponible y se determinar\u00e1 en el momento de la notificaci\u00f3n. Todas las entradas ser\u00e1n<br>permanecer en la piscina. Los ganadores ser\u00e1n contactados por correo electr\u00f3nico y\/o tel\u00e9fono. Los empleados del condado de Pasco no son<br>elegible para ganar. Las entradas se agregar\u00e1n autom\u00e1ticamente a nuestra base de datos de correo electr\u00f3nico de Florida&#039;s Sports Coast.<br>El sorteo finaliza el 28\/02\/23.<\/p>\n\n\n\n<div class=\"wp-block-columns is-layout-flex wp-container-core-columns-is-layout-2 wp-block-columns-is-layout-flex\" style=\"justify-content:center\">\n<div class=\"wp-block-column is-layout-flow wp-block-column-is-layout-flow\" style=\"flex-basis:25%\"><\/div>\n\n\n\n<div class=\"wp-block-column is-layout-flow wp-block-column-is-layout-flow\" style=\"flex-basis:50%\"><\/div>\n\n\n\n<div class=\"wp-block-column is-layout-flow wp-block-column-is-layout-flow\" style=\"flex-basis:25%\"><\/div>\n<\/div>\n\n\n\n<div class=\"wp-block-columns is-layout-flex wp-container-core-columns-is-layout-3 wp-block-columns-is-layout-flex\" style=\"justify-content:center\">\n<div class=\"wp-block-column is-layout-flow wp-block-column-is-layout-flow\" style=\"flex-basis:25%\"><\/div>\n\n\n\n<div class=\"wp-block-column is-layout-flow wp-block-column-is-layout-flow\" style=\"flex-basis:50%\">\n<figure class=\"wp-block-image size-full is-resized\"><img loading=\"lazy\" decoding=\"async\" src=\"https:\/\/flsportscoast.com\/wp-content\/uploads\/Tampa_Bay_Lightning_Logo_2011.svg.png\" alt=\"\" class=\"wp-image-230582\" width=\"300\" height=\"280\" srcset=\"https:\/\/flsportscoast.com\/wp-content\/uploads\/Tampa_Bay_Lightning_Logo_2011.svg.png 1200w, https:\/\/flsportscoast.com\/wp-content\/uploads\/Tampa_Bay_Lightning_Logo_2011.svg-300x280.png 300w, https:\/\/flsportscoast.com\/wp-content\/uploads\/Tampa_Bay_Lightning_Logo_2011.svg-1024x954.png 1024w, https:\/\/flsportscoast.com\/wp-content\/uploads\/Tampa_Bay_Lightning_Logo_2011.svg-768x716.png 768w, https:\/\/flsportscoast.com\/wp-content\/uploads\/Tampa_Bay_Lightning_Logo_2011.svg-13x12.png 13w, https:\/\/flsportscoast.com\/wp-content\/uploads\/Tampa_Bay_Lightning_Logo_2011.svg-322x300.png 322w, https:\/\/flsportscoast.com\/wp-content\/uploads\/Tampa_Bay_Lightning_Logo_2011.svg-400x373.png 400w, https:\/\/flsportscoast.com\/wp-content\/uploads\/Tampa_Bay_Lightning_Logo_2011.svg-600x559.png 600w, https:\/\/flsportscoast.com\/wp-content\/uploads\/Tampa_Bay_Lightning_Logo_2011.svg-644x600.png 644w, https:\/\/flsportscoast.com\/wp-content\/uploads\/Tampa_Bay_Lightning_Logo_2011.svg-1073x1000.png 1073w, https:\/\/flsportscoast.com\/wp-content\/uploads\/Tampa_Bay_Lightning_Logo_2011.svg-250x233.png 250w\" sizes=\"auto, (max-width: 300px) 100vw, 300px\" \/><\/figure>\n<\/div>\n\n\n\n<div class=\"wp-block-column is-layout-flow wp-block-column-is-layout-flow\" style=\"flex-basis:25%\"><\/div>\n<\/div>","protected":false},"excerpt":{"rendered":"<p>Sports Coast de Florida est\u00e1 regalando entradas del Tampa Bay Lightning para un partido de hockey en casa y tenemos\u2026<\/p>","protected":false},"author":1,"featured_media":0,"parent":0,"menu_order":0,"comment_status":"closed","ping_status":"closed","template":"","meta":{"_acf_changed":false,"wprm-recipe-roundup-name":"","wprm-recipe-roundup-description":"","footnotes":""},"categories":[],"tags":[],"class_list":["post-230577","page","type-page","status-publish","hentry"],"acf":[],"yoast_head":"<!-- This site is optimized with the Yoast SEO plugin v24.1 - https:\/\/yoast.com\/wordpress\/plugins\/seo\/ -->\n<title>Enter To Win Tampa Bay Lightning Tickets | Florida&#039;s Sports Coast<\/title>\n<meta name=\"description\" content=\"Enter to Win Tampa Bay Lightning Tickets! Florida\u2019s Sports Coast is giving away Tampa Bay Lightning tickets to ahome hockey game and we have a pair with\" \/>\n<meta name=\"robots\" content=\"index, follow, max-snippet:-1, max-image-preview:large, max-video-preview:-1\" \/>\n<link rel=\"canonical\" href=\"https:\/\/flsportscoast.com\/es\/enter-to-win-tampa-bay-lightning-tickets\/\" \/>\n<meta property=\"og:locale\" content=\"es_MX\" \/>\n<meta property=\"og:type\" content=\"article\" \/>\n<meta property=\"og:title\" content=\"Enter To Win Tampa Bay Lightning Tickets | Florida&#039;s Sports Coast\" \/>\n<meta property=\"og:description\" content=\"Enter to Win Tampa Bay Lightning Tickets! Florida\u2019s Sports Coast is giving away Tampa Bay Lightning tickets to ahome hockey game and we have a pair with\" \/>\n<meta property=\"og:url\" content=\"https:\/\/flsportscoast.com\/es\/enter-to-win-tampa-bay-lightning-tickets\/\" \/>\n<meta property=\"og:site_name\" content=\"Florida&#039;s Sports Coast\" \/>\n<meta property=\"article:publisher\" content=\"https:\/\/www.facebook.com\/FLSportsCoast\/\" \/>\n<meta property=\"article:modified_time\" content=\"2023-02-07T14:14:57+00:00\" \/>\n<meta property=\"og:image\" content=\"https:\/\/flsportscoast.com\/wp-content\/uploads\/TB-Lightning-2.jpg\" \/>\n<meta name=\"twitter:card\" content=\"summary_large_image\" \/>\n<meta name=\"twitter:site\" content=\"@FLSportsCoast\" \/>\n<meta name=\"twitter:label1\" content=\"Est. reading time\" \/>\n\t<meta name=\"twitter:data1\" content=\"1 minute\" \/>\n<script type=\"application\/ld+json\" class=\"yoast-schema-graph\">{\"@context\":\"https:\/\/schema.org\",\"@graph\":[{\"@type\":\"WebPage\",\"@id\":\"https:\/\/flsportscoast.com\/enter-to-win-tampa-bay-lightning-tickets\/\",\"url\":\"https:\/\/flsportscoast.com\/enter-to-win-tampa-bay-lightning-tickets\/\",\"name\":\"Enter To Win Tampa Bay Lightning Tickets | Florida&#039;s Sports Coast\",\"isPartOf\":{\"@id\":\"https:\/\/flsportscoast.com\/#website\"},\"primaryImageOfPage\":{\"@id\":\"https:\/\/flsportscoast.com\/enter-to-win-tampa-bay-lightning-tickets\/#primaryimage\"},\"image\":{\"@id\":\"https:\/\/flsportscoast.com\/enter-to-win-tampa-bay-lightning-tickets\/#primaryimage\"},\"thumbnailUrl\":\"https:\/\/flsportscoast.com\/wp-content\/uploads\/TB-Lightning-2.jpg\",\"datePublished\":\"2023-01-31T19:09:02+00:00\",\"dateModified\":\"2023-02-07T14:14:57+00:00\",\"description\":\"Enter to Win Tampa Bay Lightning Tickets! Florida\u2019s Sports Coast is giving away Tampa Bay Lightning tickets to ahome hockey game and we have a pair with\",\"breadcrumb\":{\"@id\":\"https:\/\/flsportscoast.com\/enter-to-win-tampa-bay-lightning-tickets\/#breadcrumb\"},\"inLanguage\":\"es-MX\",\"potentialAction\":[{\"@type\":\"ReadAction\",\"target\":[\"https:\/\/flsportscoast.com\/enter-to-win-tampa-bay-lightning-tickets\/\"]}]},{\"@type\":\"ImageObject\",\"inLanguage\":\"es-MX\",\"@id\":\"https:\/\/flsportscoast.com\/enter-to-win-tampa-bay-lightning-tickets\/#primaryimage\",\"url\":\"https:\/\/flsportscoast.com\/wp-content\/uploads\/TB-Lightning-2.jpg\",\"contentUrl\":\"https:\/\/flsportscoast.com\/wp-content\/uploads\/TB-Lightning-2.jpg\"},{\"@type\":\"BreadcrumbList\",\"@id\":\"https:\/\/flsportscoast.com\/enter-to-win-tampa-bay-lightning-tickets\/#breadcrumb\",\"itemListElement\":[{\"@type\":\"ListItem\",\"position\":1,\"name\":\"Home\",\"item\":\"https:\/\/flsportscoast.com\/\"},{\"@type\":\"ListItem\",\"position\":2,\"name\":\"Enter To Win Tampa Bay Lightning Tickets\"}]},{\"@type\":\"WebSite\",\"@id\":\"https:\/\/flsportscoast.com\/#website\",\"url\":\"https:\/\/flsportscoast.com\/\",\"name\":\"Florida&#039;s Sports Coast\",\"description\":\"\",\"publisher\":{\"@id\":\"https:\/\/flsportscoast.com\/#organization\"},\"potentialAction\":[{\"@type\":\"SearchAction\",\"target\":{\"@type\":\"EntryPoint\",\"urlTemplate\":\"https:\/\/flsportscoast.com\/?s={search_term_string}\"},\"query-input\":{\"@type\":\"PropertyValueSpecification\",\"valueRequired\":true,\"valueName\":\"search_term_string\"}}],\"inLanguage\":\"es-MX\"},{\"@type\":\"Organization\",\"@id\":\"https:\/\/flsportscoast.com\/#organization\",\"name\":\"Florida Sports Coast\",\"url\":\"https:\/\/flsportscoast.com\/\",\"logo\":{\"@type\":\"ImageObject\",\"inLanguage\":\"es-MX\",\"@id\":\"https:\/\/flsportscoast.com\/#\/schema\/logo\/image\/\",\"url\":\"https:\/\/flsportscoast.com\/wp-content\/uploads\/2022\/07\/fl-sports-coast-logo-color.png\",\"contentUrl\":\"https:\/\/flsportscoast.com\/wp-content\/uploads\/2022\/07\/fl-sports-coast-logo-color.png\",\"width\":1028,\"height\":1028,\"caption\":\"Florida Sports Coast\"},\"image\":{\"@id\":\"https:\/\/flsportscoast.com\/#\/schema\/logo\/image\/\"},\"sameAs\":[\"https:\/\/www.facebook.com\/FLSportsCoast\/\",\"https:\/\/x.com\/FLSportsCoast\",\"https:\/\/www.pinterest.com\/FLSportsCoast\/\",\"https:\/\/www.instagram.com\/flsportscoast\/\",\"https:\/\/www.youtube.com\/channel\/UCJNh4zCnO3RPH6D9NPAoyGQ\"]}]}<\/script>\n<!-- \/ Yoast SEO plugin. -->","yoast_head_json":{"title":"Participa para ganar boletos de Tampa Bay Lightning | Costa Deportiva de Florida&#039;s","description":"\u00a1Ingrese para ganar boletos de Tampa Bay Lightning! Sports Coast de Florida est\u00e1 regalando boletos Tampa Bay Lightning para un juego de hockey en casa y tenemos un par con","robots":{"index":"index","follow":"follow","max-snippet":"max-snippet:-1","max-image-preview":"max-image-preview:large","max-video-preview":"max-video-preview:-1"},"canonical":"https:\/\/flsportscoast.com\/es\/enter-to-win-tampa-bay-lightning-tickets\/","og_locale":"es_MX","og_type":"article","og_title":"Enter To Win Tampa Bay Lightning Tickets | Florida&#039;s Sports Coast","og_description":"Enter to Win Tampa Bay Lightning Tickets! Florida\u2019s Sports Coast is giving away Tampa Bay Lightning tickets to ahome hockey game and we have a pair with","og_url":"https:\/\/flsportscoast.com\/es\/enter-to-win-tampa-bay-lightning-tickets\/","og_site_name":"Florida&#039;s Sports Coast","article_publisher":"https:\/\/www.facebook.com\/FLSportsCoast\/","article_modified_time":"2023-02-07T14:14:57+00:00","og_image":[{"url":"https:\/\/flsportscoast.com\/wp-content\/uploads\/TB-Lightning-2.jpg","type":"","width":"","height":""}],"twitter_card":"summary_large_image","twitter_site":"@FLSportsCoast","twitter_misc":{"Est. reading time":"1 minute"},"schema":{"@context":"https:\/\/schema.org","@graph":[{"@type":"WebPage","@id":"https:\/\/flsportscoast.com\/enter-to-win-tampa-bay-lightning-tickets\/","url":"https:\/\/flsportscoast.com\/enter-to-win-tampa-bay-lightning-tickets\/","name":"Participa para ganar boletos de Tampa Bay Lightning | Costa Deportiva de Florida&#039;s","isPartOf":{"@id":"https:\/\/flsportscoast.com\/#website"},"primaryImageOfPage":{"@id":"https:\/\/flsportscoast.com\/enter-to-win-tampa-bay-lightning-tickets\/#primaryimage"},"image":{"@id":"https:\/\/flsportscoast.com\/enter-to-win-tampa-bay-lightning-tickets\/#primaryimage"},"thumbnailUrl":"https:\/\/flsportscoast.com\/wp-content\/uploads\/TB-Lightning-2.jpg","datePublished":"2023-01-31T19:09:02+00:00","dateModified":"2023-02-07T14:14:57+00:00","description":"\u00a1Ingrese para ganar boletos de Tampa Bay Lightning! Sports Coast de Florida est\u00e1 regalando boletos Tampa Bay Lightning para un juego de hockey en casa y tenemos un par con","breadcrumb":{"@id":"https:\/\/flsportscoast.com\/enter-to-win-tampa-bay-lightning-tickets\/#breadcrumb"},"inLanguage":"es-MX","potentialAction":[{"@type":"ReadAction","target":["https:\/\/flsportscoast.com\/enter-to-win-tampa-bay-lightning-tickets\/"]}]},{"@type":"ImageObject","inLanguage":"es-MX","@id":"https:\/\/flsportscoast.com\/enter-to-win-tampa-bay-lightning-tickets\/#primaryimage","url":"https:\/\/flsportscoast.com\/wp-content\/uploads\/TB-Lightning-2.jpg","contentUrl":"https:\/\/flsportscoast.com\/wp-content\/uploads\/TB-Lightning-2.jpg"},{"@type":"BreadcrumbList","@id":"https:\/\/flsportscoast.com\/enter-to-win-tampa-bay-lightning-tickets\/#breadcrumb","itemListElement":[{"@type":"ListItem","position":1,"name":"Home","item":"https:\/\/flsportscoast.com\/"},{"@type":"ListItem","position":2,"name":"Enter To Win Tampa Bay Lightning Tickets"}]},{"@type":"WebSite","@id":"https:\/\/flsportscoast.com\/#website","url":"https:\/\/flsportscoast.com\/","name":"Costa Deportiva de Florida&#039;s","description":"","publisher":{"@id":"https:\/\/flsportscoast.com\/#organization"},"potentialAction":[{"@type":"SearchAction","target":{"@type":"EntryPoint","urlTemplate":"https:\/\/flsportscoast.com\/?s={search_term_string}"},"query-input":{"@type":"PropertyValueSpecification","valueRequired":true,"valueName":"search_term_string"}}],"inLanguage":"es-MX"},{"@type":"Organization","@id":"https:\/\/flsportscoast.com\/#organization","name":"Costa deportiva de Florida","url":"https:\/\/flsportscoast.com\/","logo":{"@type":"ImageObject","inLanguage":"es-MX","@id":"https:\/\/flsportscoast.com\/#\/schema\/logo\/image\/","url":"https:\/\/flsportscoast.com\/wp-content\/uploads\/2022\/07\/fl-sports-coast-logo-color.png","contentUrl":"https:\/\/flsportscoast.com\/wp-content\/uploads\/2022\/07\/fl-sports-coast-logo-color.png","width":1028,"height":1028,"caption":"Florida Sports Coast"},"image":{"@id":"https:\/\/flsportscoast.com\/#\/schema\/logo\/image\/"},"sameAs":["https:\/\/www.facebook.com\/FLSportsCoast\/","https:\/\/x.com\/FLSportsCoast","https:\/\/www.pinterest.com\/FLSportsCoast\/","https:\/\/www.instagram.com\/flsportscoast\/","https:\/\/www.youtube.com\/channel\/UCJNh4zCnO3RPH6D9NPAoyGQ"]}]}},"meta_fields":{"_edit_lock":"1675779418:8","_edit_last":"8","_yoast_wpseo_estimated-reading-time-minutes":"","_yoast_wpseo_wordproof_timestamp":"","_yoast_wpseo_content_score":"90"},"thumb_url":false,"_links":{"self":[{"href":"https:\/\/flsportscoast.com\/es\/wp-json\/wp\/v2\/pages\/230577","targetHints":{"allow":["GET"]}}],"collection":[{"href":"https:\/\/flsportscoast.com\/es\/wp-json\/wp\/v2\/pages"}],"about":[{"href":"https:\/\/flsportscoast.com\/es\/wp-json\/wp\/v2\/types\/page"}],"author":[{"embeddable":true,"href":"https:\/\/flsportscoast.com\/es\/wp-json\/wp\/v2\/users\/1"}],"replies":[{"embeddable":true,"href":"https:\/\/flsportscoast.com\/es\/wp-json\/wp\/v2\/comments?post=230577"}],"version-history":[{"count":26,"href":"https:\/\/flsportscoast.com\/es\/wp-json\/wp\/v2\/pages\/230577\/revisions"}],"predecessor-version":[{"id":230717,"href":"https:\/\/flsportscoast.com\/es\/wp-json\/wp\/v2\/pages\/230577\/revisions\/230717"}],"wp:attachment":[{"href":"https:\/\/flsportscoast.com\/es\/wp-json\/wp\/v2\/media?parent=230577"}],"wp:term":[{"taxonomy":"category","embeddable":true,"href":"https:\/\/flsportscoast.com\/es\/wp-json\/wp\/v2\/categories?post=230577"},{"taxonomy":"post_tag","embeddable":true,"href":"https:\/\/flsportscoast.com\/es\/wp-json\/wp\/v2\/tags?post=230577"}],"curies":[{"name":"wp","href":"https:\/\/api.w.org\/{rel}","templated":true}]}}