{"id":229906,"date":"2022-09-23T15:55:08","date_gmt":"2022-09-23T19:55:08","guid":{"rendered":"https:\/\/flsportscoast.com\/?page_id=229906"},"modified":"2023-08-30T14:35:29","modified_gmt":"2023-08-30T18:35:29","slug":"travel-and-weather","status":"publish","type":"page","link":"https:\/\/flsportscoast.com\/es\/travel-and-weather\/","title":{"rendered":"Viajes y Clima"},"content":{"rendered":"<p><\/p>\n\n\n\n<p><\/p>\n\n\n\n<h1 class=\"has-text-align-center has-deep-blue-color has-text-color wp-block-heading\" id=\"travel-and-weather-update\">Actualizaci\u00f3n de viajes y clima<\/h1>\n\n\n\n<p class=\"has-text-align-center\"><em>Actualizado a las 11:22 am. EST., 28 de agosto de 2023<\/em><\/p>\n\n\n\n<div class=\"wp-block-columns is-layout-flex wp-container-core-columns-is-layout-1 wp-block-columns-is-layout-flex\" style=\"justify-content:center\">\n<div class=\"wp-block-column is-layout-flow wp-block-column-is-layout-flow\" style=\"flex-basis:25%\"><\/div>\n\n\n\n<div class=\"wp-block-column is-layout-flow wp-block-column-is-layout-flow\" style=\"flex-basis:50%\">\n<p><em>Actualizado a las 14:19. EST., 30 de agosto de 2023<\/em><\/p>\n\n\n\n<p><strong>La Costa Deportiva de Florida permanece bajo un Estado de Emergencia Local (LSE) para todo el Condado de Pasco debido al Hurac\u00e1n Idalia.<\/strong><\/p>\n\n\n\n<p>Sports Coast de Florida est\u00e1 monitoreando activamente los efectos del hurac\u00e1n Idalia en todo el condado.<\/p>\n\n\n\n<p>los&nbsp;<a href=\"https:\/\/www.weather.gov\/tbw\/\" rel=\"noreferrer noopener\" target=\"_blank\">Servicio Meteorol\u00f3gico Nacional&nbsp;<\/a>ha colocado la costa del condado de Pasco bajo una advertencia de marejada cicl\u00f3nica y ha degradado la advertencia de hurac\u00e1n a una advertencia de tormenta tropical para la mayor parte del condado de Pasco. Visite el Centro Nacional de Huracanes para obtener actualizaciones continuas sobre el clima y posibles efectos.<\/p>\n\n\n\n<p>Sports Coast de Florida se compromete a garantizar la seguridad personal entre los visitantes y residentes del \u00e1rea. Para tormentas adicionales, visite el sitio oficial del condado de Pasco.&nbsp;<a href=\"https:\/\/www.pascocountyfl.net\/\" rel=\"noreferrer noopener\" target=\"_blank\">sitio<\/a>.<\/p>\n\n\n\n<p>Es importante consultar directamente con su alojamiento o cualquier atracci\u00f3n, etc. sobre cierres, experiencias limitadas y\/o procedimientos de tormenta despu\u00e9s del hurac\u00e1n Idalia. Los enlaces a continuaci\u00f3n brindan informaci\u00f3n sobre alojamiento en el \u00e1rea y actualizaciones clim\u00e1ticas actuales.<\/p>\n<\/div>\n\n\n\n<div class=\"wp-block-column is-layout-flow wp-block-column-is-layout-flow\" style=\"flex-basis:25%\"><\/div>\n<\/div>\n\n\n\n<div class=\"wp-block-columns is-layout-flex wp-container-core-columns-is-layout-2 wp-block-columns-is-layout-flex\" style=\"justify-content:center\">\n<div class=\"wp-block-column is-layout-flow wp-block-column-is-layout-flow\" style=\"flex-basis:25%\"><\/div>\n\n\n\n<div class=\"wp-block-column is-layout-flow wp-block-column-is-layout-flow\" style=\"flex-basis:50%\">\n<ul class=\"wp-block-list\">\n<li><a href=\"https:\/\/flsportscoast.com\/es\/stay\/\">Hoteles en la zona<\/a><\/li>\n\n\n\n<li><a href=\"https:\/\/www.airbnb.com\/s\/all?refinement_paths%5B%5D=%2Ffor_you&amp;query=pasco%2C%20FL%2C%20United%20States&amp;search_type=search_query&amp;place_id=ChIJ39F9Y7uuwogR7V0K7CtewiY\">AirBnB<\/a><\/li>\n<\/ul>\n<\/div>\n\n\n\n<div class=\"wp-block-column is-layout-flow wp-block-column-is-layout-flow\" style=\"flex-basis:25%\"><\/div>\n<\/div>\n\n\n\n<div class=\"wp-block-columns is-layout-flex wp-container-core-columns-is-layout-3 wp-block-columns-is-layout-flex\" style=\"justify-content:center\">\n<div class=\"wp-block-column is-layout-flow wp-block-column-is-layout-flow\" style=\"flex-basis:25%\"><\/div>\n\n\n\n<div class=\"wp-block-column is-layout-flow wp-block-column-is-layout-flow\" style=\"flex-basis:50%\">\n<h3 class=\"has-deep-blue-color has-text-color wp-block-heading\" id=\"other-travel-resources-1\">Otros recursos de viaje<\/h3>\n\n\n\n<ul class=\"wp-block-list\">\n<li><strong><a href=\"https:\/\/www.weather.gov\/\">Informaci\u00f3n meteorol\u00f3gica actual<\/a><\/strong><\/li>\n\n\n\n<li><a href=\"https:\/\/www.nhc.noaa.gov\/\"><strong>Centro Nacional de Huracanes&nbsp;<\/strong><\/a><\/li>\n\n\n\n<li><strong><a href=\"https:\/\/fl511.com\/\">florida511<\/a><\/strong>&nbsp;para lo \u00faltimo sobre las condiciones del tr\u00e1fico<\/li>\n\n\n\n<li><a href=\"http:\/\/egov.pascocountyfl.net\/AlertPasco\"><strong>ALERTA PASCO<\/strong><\/a>&nbsp;para suscribirse a alertas de emergencia y otras notificaciones de seguridad p\u00fablica en su comunidad<\/li>\n\n\n\n<li><a href=\"https:\/\/www.pascocountyfl.net\/\"><strong>Informaci\u00f3n del Condado de Pasco<\/strong><\/a><\/li>\n\n\n\n<li><strong>L\u00ednea directa de informaci\u00f3n de emergencia de Florida las 24 horas:<\/strong>&nbsp;800-342-3557<\/li>\n\n\n\n<li><a href=\"https:\/\/www.visitflorida.org\/resources\/crisis-preparation\/hurricane-information\/\"><strong>VISITA FLORIDA Informaci\u00f3n sobre huracanes<\/strong><\/a><\/li>\n\n\n\n<li><a href=\"https:\/\/www.fema.gov\/\"><strong>FEMA<\/strong><\/a><\/li>\n<\/ul>\n<\/div>\n\n\n\n<div class=\"wp-block-column is-layout-flow wp-block-column-is-layout-flow\" style=\"flex-basis:25%\"><\/div>\n<\/div>","protected":false},"excerpt":{"rendered":"<p>Actualizaci\u00f3n de viajes y clima<\/p>\n<p>Actualizado a las 11:22 am. EST., 28 de agosto de 2023<\/p>\n<p>Actualizado a las 14:19.<\/p>","protected":false},"author":1,"featured_media":0,"parent":0,"menu_order":0,"comment_status":"closed","ping_status":"closed","template":"","meta":{"_acf_changed":false,"wprm-recipe-roundup-name":"","wprm-recipe-roundup-description":"","footnotes":""},"categories":[],"tags":[],"class_list":["post-229906","page","type-page","status-publish","hentry"],"acf":[],"yoast_head":"<!-- This site is optimized with the Yoast SEO plugin v24.1 - https:\/\/yoast.com\/wordpress\/plugins\/seo\/ -->\n<title>Travel and Weather | Florida&#039;s Sports Coast<\/title>\n<meta name=\"description\" content=\"Travel and Weather Update Updated 11:22 am. EST., August 28, 2023 Updated 2:19 pm. EST., August 30, 2023 Florida\u2019s Sports Coast remains under a Local\" \/>\n<meta name=\"robots\" content=\"index, follow, max-snippet:-1, max-image-preview:large, max-video-preview:-1\" \/>\n<link rel=\"canonical\" href=\"https:\/\/flsportscoast.com\/es\/travel-and-weather\/\" \/>\n<meta property=\"og:locale\" content=\"es_MX\" \/>\n<meta property=\"og:type\" content=\"article\" \/>\n<meta property=\"og:title\" content=\"Travel and Weather | Florida&#039;s Sports Coast\" \/>\n<meta property=\"og:description\" content=\"Travel and Weather Update Updated 11:22 am. EST., August 28, 2023 Updated 2:19 pm. EST., August 30, 2023 Florida\u2019s Sports Coast remains under a Local\" \/>\n<meta property=\"og:url\" content=\"https:\/\/flsportscoast.com\/es\/travel-and-weather\/\" \/>\n<meta property=\"og:site_name\" content=\"Florida&#039;s Sports Coast\" \/>\n<meta property=\"article:publisher\" content=\"https:\/\/www.facebook.com\/FLSportsCoast\/\" \/>\n<meta property=\"article:modified_time\" content=\"2023-08-30T18:35:29+00:00\" \/>\n<meta name=\"twitter:card\" content=\"summary_large_image\" \/>\n<meta name=\"twitter:site\" content=\"@FLSportsCoast\" \/>\n<meta name=\"twitter:label1\" content=\"Est. reading time\" \/>\n\t<meta name=\"twitter:data1\" content=\"1 minute\" \/>\n<script type=\"application\/ld+json\" class=\"yoast-schema-graph\">{\"@context\":\"https:\/\/schema.org\",\"@graph\":[{\"@type\":\"WebPage\",\"@id\":\"https:\/\/flsportscoast.com\/travel-and-weather\/\",\"url\":\"https:\/\/flsportscoast.com\/travel-and-weather\/\",\"name\":\"Travel and Weather | Florida&#039;s Sports Coast\",\"isPartOf\":{\"@id\":\"https:\/\/flsportscoast.com\/#website\"},\"datePublished\":\"2022-09-23T19:55:08+00:00\",\"dateModified\":\"2023-08-30T18:35:29+00:00\",\"description\":\"Travel and Weather Update Updated 11:22 am. EST., August 28, 2023 Updated 2:19 pm. EST., August 30, 2023 Florida\u2019s Sports Coast remains under a Local\",\"breadcrumb\":{\"@id\":\"https:\/\/flsportscoast.com\/travel-and-weather\/#breadcrumb\"},\"inLanguage\":\"es-MX\",\"potentialAction\":[{\"@type\":\"ReadAction\",\"target\":[\"https:\/\/flsportscoast.com\/travel-and-weather\/\"]}]},{\"@type\":\"BreadcrumbList\",\"@id\":\"https:\/\/flsportscoast.com\/travel-and-weather\/#breadcrumb\",\"itemListElement\":[{\"@type\":\"ListItem\",\"position\":1,\"name\":\"Home\",\"item\":\"https:\/\/flsportscoast.com\/\"},{\"@type\":\"ListItem\",\"position\":2,\"name\":\"Travel and Weather\"}]},{\"@type\":\"WebSite\",\"@id\":\"https:\/\/flsportscoast.com\/#website\",\"url\":\"https:\/\/flsportscoast.com\/\",\"name\":\"Florida&#039;s Sports Coast\",\"description\":\"\",\"publisher\":{\"@id\":\"https:\/\/flsportscoast.com\/#organization\"},\"potentialAction\":[{\"@type\":\"SearchAction\",\"target\":{\"@type\":\"EntryPoint\",\"urlTemplate\":\"https:\/\/flsportscoast.com\/?s={search_term_string}\"},\"query-input\":{\"@type\":\"PropertyValueSpecification\",\"valueRequired\":true,\"valueName\":\"search_term_string\"}}],\"inLanguage\":\"es-MX\"},{\"@type\":\"Organization\",\"@id\":\"https:\/\/flsportscoast.com\/#organization\",\"name\":\"Florida Sports Coast\",\"url\":\"https:\/\/flsportscoast.com\/\",\"logo\":{\"@type\":\"ImageObject\",\"inLanguage\":\"es-MX\",\"@id\":\"https:\/\/flsportscoast.com\/#\/schema\/logo\/image\/\",\"url\":\"https:\/\/flsportscoast.com\/wp-content\/uploads\/2022\/07\/fl-sports-coast-logo-color.png\",\"contentUrl\":\"https:\/\/flsportscoast.com\/wp-content\/uploads\/2022\/07\/fl-sports-coast-logo-color.png\",\"width\":1028,\"height\":1028,\"caption\":\"Florida Sports Coast\"},\"image\":{\"@id\":\"https:\/\/flsportscoast.com\/#\/schema\/logo\/image\/\"},\"sameAs\":[\"https:\/\/www.facebook.com\/FLSportsCoast\/\",\"https:\/\/x.com\/FLSportsCoast\",\"https:\/\/www.pinterest.com\/FLSportsCoast\/\",\"https:\/\/www.instagram.com\/flsportscoast\/\",\"https:\/\/www.youtube.com\/channel\/UCJNh4zCnO3RPH6D9NPAoyGQ\"]}]}<\/script>\n<!-- \/ Yoast SEO plugin. -->","yoast_head_json":{"title":"Viajes y Tiempo | Costa Deportiva de Florida&#039;s","description":"Actualizaci\u00f3n sobre viajes y clima Actualizado a las 11:22 am. EST., 28 de agosto de 2023 Actualizado a las 2:19 p.m. EST., 30 de agosto de 2023 La Costa Deportiva de Florida permanece bajo un acuerdo local","robots":{"index":"index","follow":"follow","max-snippet":"max-snippet:-1","max-image-preview":"max-image-preview:large","max-video-preview":"max-video-preview:-1"},"canonical":"https:\/\/flsportscoast.com\/es\/travel-and-weather\/","og_locale":"es_MX","og_type":"article","og_title":"Travel and Weather | Florida&#039;s Sports Coast","og_description":"Travel and Weather Update Updated 11:22 am. EST., August 28, 2023 Updated 2:19 pm. EST., August 30, 2023 Florida\u2019s Sports Coast remains under a Local","og_url":"https:\/\/flsportscoast.com\/es\/travel-and-weather\/","og_site_name":"Florida&#039;s Sports Coast","article_publisher":"https:\/\/www.facebook.com\/FLSportsCoast\/","article_modified_time":"2023-08-30T18:35:29+00:00","twitter_card":"summary_large_image","twitter_site":"@FLSportsCoast","twitter_misc":{"Est. reading time":"1 minute"},"schema":{"@context":"https:\/\/schema.org","@graph":[{"@type":"WebPage","@id":"https:\/\/flsportscoast.com\/travel-and-weather\/","url":"https:\/\/flsportscoast.com\/travel-and-weather\/","name":"Viajes y Tiempo | Costa Deportiva de Florida&#039;s","isPartOf":{"@id":"https:\/\/flsportscoast.com\/#website"},"datePublished":"2022-09-23T19:55:08+00:00","dateModified":"2023-08-30T18:35:29+00:00","description":"Actualizaci\u00f3n sobre viajes y clima Actualizado a las 11:22 am. EST., 28 de agosto de 2023 Actualizado a las 2:19 p.m. EST., 30 de agosto de 2023 La Costa Deportiva de Florida permanece bajo un acuerdo local","breadcrumb":{"@id":"https:\/\/flsportscoast.com\/travel-and-weather\/#breadcrumb"},"inLanguage":"es-MX","potentialAction":[{"@type":"ReadAction","target":["https:\/\/flsportscoast.com\/travel-and-weather\/"]}]},{"@type":"BreadcrumbList","@id":"https:\/\/flsportscoast.com\/travel-and-weather\/#breadcrumb","itemListElement":[{"@type":"ListItem","position":1,"name":"Home","item":"https:\/\/flsportscoast.com\/"},{"@type":"ListItem","position":2,"name":"Travel and Weather"}]},{"@type":"WebSite","@id":"https:\/\/flsportscoast.com\/#website","url":"https:\/\/flsportscoast.com\/","name":"Costa Deportiva de Florida&#039;s","description":"","publisher":{"@id":"https:\/\/flsportscoast.com\/#organization"},"potentialAction":[{"@type":"SearchAction","target":{"@type":"EntryPoint","urlTemplate":"https:\/\/flsportscoast.com\/?s={search_term_string}"},"query-input":{"@type":"PropertyValueSpecification","valueRequired":true,"valueName":"search_term_string"}}],"inLanguage":"es-MX"},{"@type":"Organization","@id":"https:\/\/flsportscoast.com\/#organization","name":"Costa deportiva de Florida","url":"https:\/\/flsportscoast.com\/","logo":{"@type":"ImageObject","inLanguage":"es-MX","@id":"https:\/\/flsportscoast.com\/#\/schema\/logo\/image\/","url":"https:\/\/flsportscoast.com\/wp-content\/uploads\/2022\/07\/fl-sports-coast-logo-color.png","contentUrl":"https:\/\/flsportscoast.com\/wp-content\/uploads\/2022\/07\/fl-sports-coast-logo-color.png","width":1028,"height":1028,"caption":"Florida Sports Coast"},"image":{"@id":"https:\/\/flsportscoast.com\/#\/schema\/logo\/image\/"},"sameAs":["https:\/\/www.facebook.com\/FLSportsCoast\/","https:\/\/x.com\/FLSportsCoast","https:\/\/www.pinterest.com\/FLSportsCoast\/","https:\/\/www.instagram.com\/flsportscoast\/","https:\/\/www.youtube.com\/channel\/UCJNh4zCnO3RPH6D9NPAoyGQ"]}]}},"meta_fields":{"_edit_lock":"1748877823:8","_edit_last":"8","_yoast_wpseo_content_score":"90","_yoast_wpseo_estimated-reading-time-minutes":"1"},"thumb_url":false,"_links":{"self":[{"href":"https:\/\/flsportscoast.com\/es\/wp-json\/wp\/v2\/pages\/229906","targetHints":{"allow":["GET"]}}],"collection":[{"href":"https:\/\/flsportscoast.com\/es\/wp-json\/wp\/v2\/pages"}],"about":[{"href":"https:\/\/flsportscoast.com\/es\/wp-json\/wp\/v2\/types\/page"}],"author":[{"embeddable":true,"href":"https:\/\/flsportscoast.com\/es\/wp-json\/wp\/v2\/users\/1"}],"replies":[{"embeddable":true,"href":"https:\/\/flsportscoast.com\/es\/wp-json\/wp\/v2\/comments?post=229906"}],"version-history":[{"count":24,"href":"https:\/\/flsportscoast.com\/es\/wp-json\/wp\/v2\/pages\/229906\/revisions"}],"predecessor-version":[{"id":234016,"href":"https:\/\/flsportscoast.com\/es\/wp-json\/wp\/v2\/pages\/229906\/revisions\/234016"}],"wp:attachment":[{"href":"https:\/\/flsportscoast.com\/es\/wp-json\/wp\/v2\/media?parent=229906"}],"wp:term":[{"taxonomy":"category","embeddable":true,"href":"https:\/\/flsportscoast.com\/es\/wp-json\/wp\/v2\/categories?post=229906"},{"taxonomy":"post_tag","embeddable":true,"href":"https:\/\/flsportscoast.com\/es\/wp-json\/wp\/v2\/tags?post=229906"}],"curies":[{"name":"wp","href":"https:\/\/api.w.org\/{rel}","templated":true}]}}