{"id":229481,"date":"2022-07-12T21:16:16","date_gmt":"2022-07-12T21:16:16","guid":{"rendered":"https:\/\/flsportscoast.com\/?page_id=229481"},"modified":"2024-12-04T13:13:26","modified_gmt":"2024-12-04T18:13:26","slug":"tourism-banquet","status":"publish","type":"page","link":"https:\/\/flsportscoast.com\/es\/tourism-banquet\/","title":{"rendered":"Banquete Tur\u00edstico"},"content":{"rendered":"<div class=\"wp-block-columns is-layout-flex wp-container-core-columns-is-layout-1 wp-block-columns-is-layout-flex\" style=\"justify-content:center\">\n<div class=\"wp-block-column is-layout-flow wp-block-column-is-layout-flow\" style=\"flex-basis:25%\"><\/div>\n\n\n\n<div class=\"wp-block-column is-layout-flow wp-block-column-is-layout-flow\" style=\"flex-basis:50%\">\n<h2 class=\"has-text-align-center has-deep-blue-color has-text-color wp-block-heading\" id=\"join-our-mvp-list-1\">\u00daNETE A NUESTRA LISTA MVP<\/h2>\n\n\n\n<p>En Sports Coast de Florida, nada nos hace m\u00e1s felices que reconocer a nuestros incre\u00edbles socios. Sus incansables esfuerzos han mejorado todos los rincones de nuestro destino de aventuras, y nos gustar\u00eda iluminar su<br>logros y compa\u00f1eros. Para comenzar, consulte las categor\u00edas de premios y complete el formulario a continuaci\u00f3n para nominar a alguien a quien le gustar\u00eda reconocer.<\/p>\n\n\n\n<h3 class=\"has-orange-color has-text-color wp-block-heading\" id=\"florida-s-sports-coast-awards\">PREMIOS DEPORTIVOS DE LA COSTA DE FLORIDA:<\/h3>\n\n\n\n<h4 class=\"has-deep-blue-color has-text-color wp-block-heading\" id=\"hospitality-award\">PREMIO HOSPITALIDAD<\/h4>\n\n\n\n<p>Este premio est\u00e1 dise\u00f1ado para reconocer a una persona que trabaja en primera l\u00ednea en el manejo de la experiencia del hu\u00e9sped y es alguien que repetidamente va m\u00e1s all\u00e1 para hacer que cada hu\u00e9sped se sienta especial. Esta es la persona que los hu\u00e9spedes recuerdan y piden por su nombre cuando regresan para su pr\u00f3xima visita a la Costa Deportiva de Florida.<\/p>\n\n\n\n<h4 class=\"has-deep-blue-color has-text-color wp-block-heading\" id=\"hospitality-award\">PREMIO DE HOSPITALIDAD DEL EMBAJADOR DEL A\u00d1O DE LA COSTA DE DEPORTES DE FLORIDA<\/h4>\n\n\n\n<p>El embajador de la industria del turismo del a\u00f1o ser\u00e1 presentado a una persona cuyo profesionalismo, dedicaci\u00f3n, actitud y calidad de servicio ejemplifican mejor la excelencia en la industria del turismo en el condado de Pasco.<\/p>\n\n\n\n<h4 class=\"has-deep-blue-color has-text-color wp-block-heading\" id=\"hospitality-award\">SOCIO DEL A\u00d1O<\/h4>\n\n\n\n<p>Este premio reconoce a un socio de Florida&#039;s Sports Coast que ha ido m\u00e1s all\u00e1 en el apoyo a la Oficina de Administraci\u00f3n de Destinos y la comunidad circundante. Las nominaciones exitosas incluir\u00e1n cartas de recomendaci\u00f3n y cualquier material de apoyo aplicable (art\u00edculos de noticias, fotos, etc.).<\/p>\n\n\n\n<h4 class=\"has-deep-blue-color has-text-color wp-block-heading\" id=\"hospitality-award\">ATRACCI\u00d3N DEL A\u00d1O<\/h4>\n\n\n\n<p>Este premio es para atracciones cuyo trabajo haya resultado en un a\u00f1o de logros notables (es decir, desarrollo de nuevos mercados comerciales, crecimiento sustancial en ingresos o asistencia, alcance especial). Las nominaciones deben mostrar resultados concretos; las explicaciones pueden incluir descripciones de campa\u00f1as publicitarias\/promocionales, celebraciones especiales o conmemoraciones.<\/p>\n\n\n\n<h4 class=\"has-deep-blue-color has-text-color wp-block-heading\" id=\"hospitality-award\">ESTRELLA NACIENTE<\/h4>\n\n\n\n<p>Este premio reconoce el desempe\u00f1o extraordinario en el trabajo de una persona nueva en la industria de viajes y turismo. El empleo inicial del candidato en la industria debe haber ocurrido entre el 1 de enero de 2015 y el 31 de octubre de 2020. Las nominaciones se evaluar\u00e1n seg\u00fan su liderazgo, entusiasmo por la industria, innovaci\u00f3n, programas o eventos exitosos y otros logros relacionados con el desempe\u00f1o. Se otorga consideraci\u00f3n adicional a los nominados que est\u00e1n involucrados en la industria fuera de su empleo normal. El candidato debe ser un<br>defensor efectivo ante el p\u00fablico, su gobierno y sus pares de turismo, en relaci\u00f3n con la industria de viajes y turismo. Los empleadores, supervisores o colegas pueden nominar personas.<\/p>\n\n\n\n<h4 class=\"has-deep-blue-color has-text-color wp-block-heading\" id=\"hospitality-award\">PREMIO LEGADO<\/h4>\n\n\n\n<p>Presentado a una persona que ha demostrado una contribuci\u00f3n duradera y permanente a la industria tur\u00edstica del condado de Pasco a lo largo de los a\u00f1os. Un candidato para este premio debe tener 10 a\u00f1os o m\u00e1s de servicio distinguido en la industria del turismo.<\/p>\n<\/div>\n\n\n\n<div class=\"wp-block-column is-layout-flow wp-block-column-is-layout-flow\" style=\"flex-basis:25%\"><\/div>\n<\/div>","protected":false},"excerpt":{"rendered":"<p>En Sports Coast de Florida, nada nos hace m\u00e1s felices que reconocer a nuestros incre\u00edbles socios. Tu incansable...<\/p>","protected":false},"author":1,"featured_media":0,"parent":0,"menu_order":0,"comment_status":"closed","ping_status":"closed","template":"","meta":{"_acf_changed":false,"wprm-recipe-roundup-name":"","wprm-recipe-roundup-description":"","footnotes":""},"categories":[],"tags":[],"class_list":["post-229481","page","type-page","status-publish","hentry"],"acf":[],"yoast_head":"<!-- This site is optimized with the Yoast SEO plugin v24.1 - https:\/\/yoast.com\/wordpress\/plugins\/seo\/ -->\n<title>Tourism Banquet | Florida&#039;s Sports Coast<\/title>\n<meta name=\"description\" content=\"JOIN OUR MVP LIST At Florida\u2019s Sports Coast, nothing makes us happier than recognizing our amazing partners. Your tireless efforts have improved every\" \/>\n<meta name=\"robots\" content=\"index, follow, max-snippet:-1, max-image-preview:large, max-video-preview:-1\" \/>\n<link rel=\"canonical\" href=\"https:\/\/flsportscoast.com\/es\/tourism-banquet\/\" \/>\n<meta property=\"og:locale\" content=\"es_MX\" \/>\n<meta property=\"og:type\" content=\"article\" \/>\n<meta property=\"og:title\" content=\"Tourism Banquet | Florida&#039;s Sports Coast\" \/>\n<meta property=\"og:description\" content=\"JOIN OUR MVP LIST At Florida\u2019s Sports Coast, nothing makes us happier than recognizing our amazing partners. Your tireless efforts have improved every\" \/>\n<meta property=\"og:url\" content=\"https:\/\/flsportscoast.com\/es\/tourism-banquet\/\" \/>\n<meta property=\"og:site_name\" content=\"Florida&#039;s Sports Coast\" \/>\n<meta property=\"article:publisher\" content=\"https:\/\/www.facebook.com\/FLSportsCoast\/\" \/>\n<meta property=\"article:modified_time\" content=\"2024-12-04T18:13:26+00:00\" \/>\n<meta name=\"twitter:card\" content=\"summary_large_image\" \/>\n<meta name=\"twitter:site\" content=\"@FLSportsCoast\" \/>\n<meta name=\"twitter:label1\" content=\"Est. reading time\" \/>\n\t<meta name=\"twitter:data1\" content=\"2 minutes\" \/>\n<script type=\"application\/ld+json\" class=\"yoast-schema-graph\">{\"@context\":\"https:\/\/schema.org\",\"@graph\":[{\"@type\":\"WebPage\",\"@id\":\"https:\/\/flsportscoast.com\/tourism-banquet\/\",\"url\":\"https:\/\/flsportscoast.com\/tourism-banquet\/\",\"name\":\"Tourism Banquet | Florida&#039;s Sports Coast\",\"isPartOf\":{\"@id\":\"https:\/\/flsportscoast.com\/#website\"},\"datePublished\":\"2022-07-12T21:16:16+00:00\",\"dateModified\":\"2024-12-04T18:13:26+00:00\",\"description\":\"JOIN OUR MVP LIST At Florida\u2019s Sports Coast, nothing makes us happier than recognizing our amazing partners. Your tireless efforts have improved every\",\"breadcrumb\":{\"@id\":\"https:\/\/flsportscoast.com\/tourism-banquet\/#breadcrumb\"},\"inLanguage\":\"es-MX\",\"potentialAction\":[{\"@type\":\"ReadAction\",\"target\":[\"https:\/\/flsportscoast.com\/tourism-banquet\/\"]}]},{\"@type\":\"BreadcrumbList\",\"@id\":\"https:\/\/flsportscoast.com\/tourism-banquet\/#breadcrumb\",\"itemListElement\":[{\"@type\":\"ListItem\",\"position\":1,\"name\":\"Home\",\"item\":\"https:\/\/flsportscoast.com\/\"},{\"@type\":\"ListItem\",\"position\":2,\"name\":\"Tourism Banquet\"}]},{\"@type\":\"WebSite\",\"@id\":\"https:\/\/flsportscoast.com\/#website\",\"url\":\"https:\/\/flsportscoast.com\/\",\"name\":\"Florida&#039;s Sports Coast\",\"description\":\"\",\"publisher\":{\"@id\":\"https:\/\/flsportscoast.com\/#organization\"},\"potentialAction\":[{\"@type\":\"SearchAction\",\"target\":{\"@type\":\"EntryPoint\",\"urlTemplate\":\"https:\/\/flsportscoast.com\/?s={search_term_string}\"},\"query-input\":{\"@type\":\"PropertyValueSpecification\",\"valueRequired\":true,\"valueName\":\"search_term_string\"}}],\"inLanguage\":\"es-MX\"},{\"@type\":\"Organization\",\"@id\":\"https:\/\/flsportscoast.com\/#organization\",\"name\":\"Florida Sports Coast\",\"url\":\"https:\/\/flsportscoast.com\/\",\"logo\":{\"@type\":\"ImageObject\",\"inLanguage\":\"es-MX\",\"@id\":\"https:\/\/flsportscoast.com\/#\/schema\/logo\/image\/\",\"url\":\"https:\/\/flsportscoast.com\/wp-content\/uploads\/2022\/07\/fl-sports-coast-logo-color.png\",\"contentUrl\":\"https:\/\/flsportscoast.com\/wp-content\/uploads\/2022\/07\/fl-sports-coast-logo-color.png\",\"width\":1028,\"height\":1028,\"caption\":\"Florida Sports Coast\"},\"image\":{\"@id\":\"https:\/\/flsportscoast.com\/#\/schema\/logo\/image\/\"},\"sameAs\":[\"https:\/\/www.facebook.com\/FLSportsCoast\/\",\"https:\/\/x.com\/FLSportsCoast\",\"https:\/\/www.pinterest.com\/FLSportsCoast\/\",\"https:\/\/www.instagram.com\/flsportscoast\/\",\"https:\/\/www.youtube.com\/channel\/UCJNh4zCnO3RPH6D9NPAoyGQ\"]}]}<\/script>\n<!-- \/ Yoast SEO plugin. -->","yoast_head_json":{"title":"Banquete Tur\u00edstico | Costa Deportiva de Florida&#039;s","description":"\u00daNASE A NUESTRA LISTA MVP En Sports Coast de Florida, nada nos hace m\u00e1s felices que reconocer a nuestros incre\u00edbles socios. Sus incansables esfuerzos han mejorado cada","robots":{"index":"index","follow":"follow","max-snippet":"max-snippet:-1","max-image-preview":"max-image-preview:large","max-video-preview":"max-video-preview:-1"},"canonical":"https:\/\/flsportscoast.com\/es\/tourism-banquet\/","og_locale":"es_MX","og_type":"article","og_title":"Tourism Banquet | Florida&#039;s Sports Coast","og_description":"JOIN OUR MVP LIST At Florida\u2019s Sports Coast, nothing makes us happier than recognizing our amazing partners. Your tireless efforts have improved every","og_url":"https:\/\/flsportscoast.com\/es\/tourism-banquet\/","og_site_name":"Florida&#039;s Sports Coast","article_publisher":"https:\/\/www.facebook.com\/FLSportsCoast\/","article_modified_time":"2024-12-04T18:13:26+00:00","twitter_card":"summary_large_image","twitter_site":"@FLSportsCoast","twitter_misc":{"Est. reading time":"2 minutes"},"schema":{"@context":"https:\/\/schema.org","@graph":[{"@type":"WebPage","@id":"https:\/\/flsportscoast.com\/tourism-banquet\/","url":"https:\/\/flsportscoast.com\/tourism-banquet\/","name":"Banquete Tur\u00edstico | Costa Deportiva de Florida&#039;s","isPartOf":{"@id":"https:\/\/flsportscoast.com\/#website"},"datePublished":"2022-07-12T21:16:16+00:00","dateModified":"2024-12-04T18:13:26+00:00","description":"\u00daNASE A NUESTRA LISTA MVP En Sports Coast de Florida, nada nos hace m\u00e1s felices que reconocer a nuestros incre\u00edbles socios. Sus incansables esfuerzos han mejorado cada","breadcrumb":{"@id":"https:\/\/flsportscoast.com\/tourism-banquet\/#breadcrumb"},"inLanguage":"es-MX","potentialAction":[{"@type":"ReadAction","target":["https:\/\/flsportscoast.com\/tourism-banquet\/"]}]},{"@type":"BreadcrumbList","@id":"https:\/\/flsportscoast.com\/tourism-banquet\/#breadcrumb","itemListElement":[{"@type":"ListItem","position":1,"name":"Home","item":"https:\/\/flsportscoast.com\/"},{"@type":"ListItem","position":2,"name":"Tourism Banquet"}]},{"@type":"WebSite","@id":"https:\/\/flsportscoast.com\/#website","url":"https:\/\/flsportscoast.com\/","name":"Costa Deportiva de Florida&#039;s","description":"","publisher":{"@id":"https:\/\/flsportscoast.com\/#organization"},"potentialAction":[{"@type":"SearchAction","target":{"@type":"EntryPoint","urlTemplate":"https:\/\/flsportscoast.com\/?s={search_term_string}"},"query-input":{"@type":"PropertyValueSpecification","valueRequired":true,"valueName":"search_term_string"}}],"inLanguage":"es-MX"},{"@type":"Organization","@id":"https:\/\/flsportscoast.com\/#organization","name":"Costa deportiva de Florida","url":"https:\/\/flsportscoast.com\/","logo":{"@type":"ImageObject","inLanguage":"es-MX","@id":"https:\/\/flsportscoast.com\/#\/schema\/logo\/image\/","url":"https:\/\/flsportscoast.com\/wp-content\/uploads\/2022\/07\/fl-sports-coast-logo-color.png","contentUrl":"https:\/\/flsportscoast.com\/wp-content\/uploads\/2022\/07\/fl-sports-coast-logo-color.png","width":1028,"height":1028,"caption":"Florida Sports Coast"},"image":{"@id":"https:\/\/flsportscoast.com\/#\/schema\/logo\/image\/"},"sameAs":["https:\/\/www.facebook.com\/FLSportsCoast\/","https:\/\/x.com\/FLSportsCoast","https:\/\/www.pinterest.com\/FLSportsCoast\/","https:\/\/www.instagram.com\/flsportscoast\/","https:\/\/www.youtube.com\/channel\/UCJNh4zCnO3RPH6D9NPAoyGQ"]}]}},"meta_fields":{"_edit_lock":"1733336007:8","_edit_last":"8","_yoast_wpseo_content_score":"60","_yoast_wpseo_estimated-reading-time-minutes":"2","_yoast_wpseo_primary_category":""},"thumb_url":false,"_links":{"self":[{"href":"https:\/\/flsportscoast.com\/es\/wp-json\/wp\/v2\/pages\/229481","targetHints":{"allow":["GET"]}}],"collection":[{"href":"https:\/\/flsportscoast.com\/es\/wp-json\/wp\/v2\/pages"}],"about":[{"href":"https:\/\/flsportscoast.com\/es\/wp-json\/wp\/v2\/types\/page"}],"author":[{"embeddable":true,"href":"https:\/\/flsportscoast.com\/es\/wp-json\/wp\/v2\/users\/1"}],"replies":[{"embeddable":true,"href":"https:\/\/flsportscoast.com\/es\/wp-json\/wp\/v2\/comments?post=229481"}],"version-history":[{"count":8,"href":"https:\/\/flsportscoast.com\/es\/wp-json\/wp\/v2\/pages\/229481\/revisions"}],"predecessor-version":[{"id":233320,"href":"https:\/\/flsportscoast.com\/es\/wp-json\/wp\/v2\/pages\/229481\/revisions\/233320"}],"wp:attachment":[{"href":"https:\/\/flsportscoast.com\/es\/wp-json\/wp\/v2\/media?parent=229481"}],"wp:term":[{"taxonomy":"category","embeddable":true,"href":"https:\/\/flsportscoast.com\/es\/wp-json\/wp\/v2\/categories?post=229481"},{"taxonomy":"post_tag","embeddable":true,"href":"https:\/\/flsportscoast.com\/es\/wp-json\/wp\/v2\/tags?post=229481"}],"curies":[{"name":"wp","href":"https:\/\/api.w.org\/{rel}","templated":true}]}}