{"id":229468,"date":"2022-07-12T20:37:04","date_gmt":"2022-07-12T20:37:04","guid":{"rendered":"https:\/\/flsportscoast.com\/?page_id=229468"},"modified":"2024-09-05T13:10:46","modified_gmt":"2024-09-05T17:10:46","slug":"giveaway-terms-conditions","status":"publish","type":"page","link":"https:\/\/flsportscoast.com\/es\/giveaway-terms-conditions\/","title":{"rendered":"T\u00e9rminos y condiciones del sorteo"},"content":{"rendered":"<div class=\"wp-block-cover\" style=\"padding-top:0;padding-bottom:0;min-height:600px;aspect-ratio:unset;\"><span aria-hidden=\"true\" class=\"wp-block-cover__background has-background-dim\" style=\"background-color:#415045\"><\/span><img loading=\"lazy\" decoding=\"async\" width=\"1920\" height=\"1079\" class=\"wp-block-cover__image-background wp-image-232285\" alt=\"\" src=\"https:\/\/flsportscoast.com\/wp-content\/uploads\/Pasco-Scalloping-0136-2-scaled.jpg\" data-object-fit=\"cover\" srcset=\"https:\/\/flsportscoast.com\/wp-content\/uploads\/Pasco-Scalloping-0136-2-scaled.jpg 1920w, https:\/\/flsportscoast.com\/wp-content\/uploads\/Pasco-Scalloping-0136-2-300x169.jpg 300w, https:\/\/flsportscoast.com\/wp-content\/uploads\/Pasco-Scalloping-0136-2-1024x575.jpg 1024w, https:\/\/flsportscoast.com\/wp-content\/uploads\/Pasco-Scalloping-0136-2-768x432.jpg 768w, https:\/\/flsportscoast.com\/wp-content\/uploads\/Pasco-Scalloping-0136-2-1536x863.jpg 1536w, https:\/\/flsportscoast.com\/wp-content\/uploads\/Pasco-Scalloping-0136-2-2048x1151.jpg 2048w, https:\/\/flsportscoast.com\/wp-content\/uploads\/Pasco-Scalloping-0136-2-18x10.jpg 18w, https:\/\/flsportscoast.com\/wp-content\/uploads\/Pasco-Scalloping-0136-2-400x225.jpg 400w, https:\/\/flsportscoast.com\/wp-content\/uploads\/Pasco-Scalloping-0136-2-600x337.jpg 600w, https:\/\/flsportscoast.com\/wp-content\/uploads\/Pasco-Scalloping-0136-2-1068x600.jpg 1068w, https:\/\/flsportscoast.com\/wp-content\/uploads\/Pasco-Scalloping-0136-2-1600x899.jpg 1600w, https:\/\/flsportscoast.com\/wp-content\/uploads\/Pasco-Scalloping-0136-2-250x140.jpg 250w\" sizes=\"auto, (max-width: 1920px) 100vw, 1920px\" \/><div class=\"wp-block-cover__inner-container is-layout-constrained wp-block-cover-is-layout-constrained\">\n<p class=\"has-text-align-center has-large-font-size\"><\/p>\n<\/div><\/div>\n\n\n  <section class=\"madden-block-paragraph-cta\">\n    <div class=\"paragraph-cta\">\n      <div class=\"paragraph-cta__body\">\n        <div class=\"paragraph-cta__banner\"><\/div>\n        <div class=\"paragraph-cta__title-container\">\n          <p>Regla oficial, no es necesaria ninguna compra, nula donde est\u00e9 prohibida.<\/p>\n          <h1>T\u00e9rminos y condiciones del sorteo<\/h1>\n        <\/div>\n        <div class=\"paragraph-cta__body-text\">\n          <p><\/p>\n        <\/div>\n      <\/div>\n    <\/div>\n  <\/section>\n  \n\n\n<div class=\"wp-block-columns is-layout-flex wp-container-core-columns-is-layout-1 wp-block-columns-is-layout-flex\" style=\"justify-content:center\">\n<div class=\"wp-block-column is-layout-flow wp-block-column-is-layout-flow\" style=\"flex-basis:5%\"><\/div>\n\n\n\n<div class=\"wp-block-column is-layout-flow wp-block-column-is-layout-flow\" style=\"padding-top:5%;padding-right:5%;padding-bottom:5%;padding-left:5%;flex-basis:50%\">\n<div class=\"wp-block-group is-vertical is-layout-flex wp-container-core-group-is-layout-1 wp-block-group-is-layout-flex\">\n<p><strong>Esta promoci\u00f3n de Sports Coast de Florida (\u201cPromoci\u00f3n\u201d) es v\u00e1lida para las fechas especificadas en la publicaci\u00f3n correspondiente en las redes sociales.<\/strong> Las inscripciones comienzan a las 12:00 a. m., hora del este (\u201cET\u201d) del primer d\u00eda de la promoci\u00f3n, y finalizan a las 12:00 p. m., ET, de la fecha final de la promoci\u00f3n, como se especifica en la publicaci\u00f3n correspondiente en las redes sociales (\u201cPer\u00edodo de la promoci\u00f3n\u201d) .<\/p>\n\n\n\n<div style=\"height:8px;width:0px\" aria-hidden=\"true\" class=\"wp-block-spacer wp-container-content-1\"><\/div>\n\n\n\n<p><strong>Elegibilidad:<\/strong> Abierto solo para residentes legales de EE. UU. que tengan 21 a\u00f1os de edad o m\u00e1s en la fecha de entrada. Empleados de Florida&#039;s Sports Coast\/Condado de Pasco, Florida (\u201cPatrocinador\u201d), y cualquiera de sus afiliados, matrices, subsidiarias proveedores de premios y agencias de publicidad y promoci\u00f3n asociadas con la Promoci\u00f3n (colectivamente, \u201cEntidades de la Promoci\u00f3n\u201d), y miembros de sus los familiares directos (c\u00f3nyuges, padres, hijos y hermanos y sus c\u00f3nyuges) y\/o aquellos que viven en el mismo hogar de cada uno de dichos empleados no son elegibles. Nulo donde lo proh\u00edba o restrinja la ley. Sujeto a todas las leyes, ordenanzas y regulaciones federales, estatales y locales aplicables. Al participar en la Promoci\u00f3n, los participantes aceptan y aceptan regirse por estas Reglas Oficiales.<\/p>\n\n\n\n<div style=\"height:8px;width:0px\" aria-hidden=\"true\" class=\"wp-block-spacer wp-container-content-2\"><\/div>\n\n\n\n<p><strong>C\u00f3mo entrar: <\/strong>Los participantes deben cumplir con los criterios de inscripci\u00f3n descritos en la publicaci\u00f3n correspondiente en las redes sociales. Cada individuo est\u00e1 restringido a un m\u00e1ximo de cinco (5) Entradas durante la duraci\u00f3n del Per\u00edodo de Promoci\u00f3n.<\/p>\n\n\n\n<div style=\"height:8px;width:0px\" aria-hidden=\"true\" class=\"wp-block-spacer wp-container-content-3\"><\/div>\n\n\n\n<p><strong>Dibujo aleatorio:<\/strong> Luego, el posible ganador del Gran Premio deber\u00e1 firmar y enviar por correo electr\u00f3nico una Declaraci\u00f3n Jurada de Elegibilidad, Responsabilidad y Publicidad dentro de un (1) d\u00eda de la notificaci\u00f3n o el posible ganador ser\u00e1 descalificado y se podr\u00e1 seleccionar un posible ganador alternativo del Gran Premio, en A discreci\u00f3n \u00fanica y absoluta del Patrocinador. El incumplimiento dentro de los per\u00edodos de tiempo prescritos resultar\u00e1 en la descalificaci\u00f3n del posible ganador y en la selecci\u00f3n de un ganador alternativo, a exclusivo y absoluto criterio del Patrocinador. La notificaci\u00f3n del premio devuelta por no poder entregarse o no responder resultar\u00e1 en la descalificaci\u00f3n y se perder\u00e1 el derecho al Gran Premio y se podr\u00e1 seleccionar un ganador alternativo, a exclusivo y absoluto criterio del Patrocinador.<\/p>\n\n\n\n<div style=\"height:8px;width:0px\" aria-hidden=\"true\" class=\"wp-block-spacer wp-container-content-4\"><\/div>\n\n\n\n<p><strong>Notificaci\u00f3n\/verificaci\u00f3n de los ganadores:<\/strong> El posible ganador del Gran Premio ser\u00e1 notificado a trav\u00e9s de un mensaje directo en Facebook, Twitter o Instagram al perfil de red social asociado con su participaci\u00f3n y la informaci\u00f3n de facturaci\u00f3n registrada. El Patrocinador se reserva el derecho de cancelar, suspender y\/o modificar la Promoci\u00f3n, o cualquier parte de la misma, en caso de fraude, fallas t\u00e9cnicas o cualquier otro factor fuera del control razonable del Patrocinador que comprometa la integridad o el funcionamiento adecuado de la Promoci\u00f3n. , seg\u00fan lo determine \u00fanicamente el Patrocinador. En caso de cancelaci\u00f3n, el Gran Premio se otorgar\u00e1 mediante un sorteo aleatorio entre todas las Inscripciones elegibles recibidas de acuerdo con estas Reglas oficiales antes de la cancelaci\u00f3n. El hecho de que el Patrocinador no haga cumplir cualquier disposici\u00f3n de estas Reglas Oficiales no constituir\u00e1 una renuncia a esa disposici\u00f3n. ADVERTENCIA: CUALQUIER INTENTO POR PARTE DE UN PARTICIPANTE O CUALQUIER OTRO INDIVIDUO DE DA\u00d1AR DELIBERADAMENTE CUALQUIER SITIO WEB O P\u00c1GINA DE RED SOCIAL ASOCIADA CON ESTA PROMOCI\u00d3N O SOCAVAR EL FUNCIONAMIENTO LEG\u00cdTIMO DE LA PROMOCI\u00d3N PUEDE SER UNA VIOLACI\u00d3N DEL DERECHO PENAL Y CIVIL; SI SE REALIZA DICHO INTENTO, EL PATROCINADOR SE RESERVA EL DERECHO DE ACTUAR Y SOLICITAR DA\u00d1OS A CUALQUIER PERSONA EN LA MEDIDA M\u00c1XIMA PERMITIDA POR LA LEY. El Patrocinador se reserva el derecho, a su entera discreci\u00f3n, de descalificar a cualquier individuo que considere: que intenta alterar o socavar el proceso de Participaci\u00f3n y\/o el funcionamiento leg\u00edtimo de la Promoci\u00f3n; violar las Reglas Oficiales; o actuar de manera antideportiva o disruptiva o con la intenci\u00f3n de molestar, abusar, amenazar o acosar a cualquier otra persona. Si, por cualquier motivo, la Promoci\u00f3n no puede realizarse seg\u00fan lo planeado, el Patrocinador puede, a su exclusivo criterio, anular cualquier Entrada sospechosa y (a) modificar la Promoci\u00f3n o suspenderla para abordar el impedimento y luego reanudar la Promoci\u00f3n de una manera la manera que mejor se ajuste al esp\u00edritu de estas Reglas Oficiales; o (b) otorgar el Gran Premio al azar entre todas las Inscripciones Elegibles recibidas de acuerdo con estas Reglas Oficiales antes de la cancelaci\u00f3n.<\/p>\n\n\n\n<div style=\"height:8px;width:0px\" aria-hidden=\"true\" class=\"wp-block-spacer wp-container-content-5\"><\/div>\n\n\n\n<p><strong>Garant\u00edas y Representaciones; Liberaci\u00f3n de responsabilidad:<\/strong> Usted (ganador) por la presente exime al Patrocinador y a cada una de las Entidades de la Promoci\u00f3n y a cada uno de sus respectivos funcionarios, directores, miembros, gerentes, empleados, agentes, representantes, sucesores y cesionarios (las \u201cPartes exentas\u201d) de y contra cualquier reclamo de terceros. que surjan del uso de cualquier Entrada y usted renuncia a cualquier derecho de inspeccionar o aprobar los usos de su Entrada por parte del Patrocinador en relaci\u00f3n con la Promoci\u00f3n o de ser compensado por dichos usos. Participar en la Promoci\u00f3n constituye un permiso al Patrocinador para utilizar el nombre y la direcci\u00f3n del ganador y de su invitado en relaci\u00f3n con la administraci\u00f3n de la Promoci\u00f3n \u00fanicamente y seg\u00fan lo exija la ley. Al participar en la Promoci\u00f3n, el participante acepta que las Partes Eximidas no tendr\u00e1n responsabilidad alguna y el participante las eximir\u00e1 de toda responsabilidad por cualquier lesi\u00f3n corporal, p\u00e9rdida o da\u00f1o de cualquier tipo a personas, incluida la muerte y la propiedad, debido en su totalidad o en parte, directa o indirectamente, desde la Entrada, la aceptaci\u00f3n, posesi\u00f3n, uso o mal uso del Gran Premio o componente del mismo, si corresponde, o la participaci\u00f3n en la Promoci\u00f3n o la participaci\u00f3n en cualquier actividad relacionada con la Promoci\u00f3n. Por la presente, usted declara y garantiza que ha le\u00eddo estas Reglas oficiales, est\u00e1 completamente familiarizado con su contenido y acepta estar sujeto a ellas.<\/p>\n\n\n\n<div style=\"height:8px;width:0px\" aria-hidden=\"true\" class=\"wp-block-spacer wp-container-content-6\"><\/div>\n\n\n\n<p><strong>Disputas:<\/strong> LOS PARTICIPANTES\/GANADORES ACEPTAN QUE: TODAS LAS CUESTIONES Y PREGUNTAS RELATIVAS A LA CONSTRUCCI\u00d3N, VALIDEZ, INTERPRETACI\u00d3N Y EJECUCI\u00d3N DE LA PROMOCI\u00d3N O LOS T\u00e9rminos y condiciones de Florida&#039;s Sports Coast.<\/p>\n\n\n\n<div style=\"height:8px;width:0px\" aria-hidden=\"true\" class=\"wp-block-spacer wp-container-content-7\"><\/div>\n\n\n\n<p><strong>Patrocinador\/Administrador:<\/strong> El patrocinador de la promoci\u00f3n es Florida&#039;s Sports Coast\/Condado de Pasco, Florida, 1938 Duck Slough Blvd. Trinidad, Florida 34655.<\/p>\n<\/div>\n\n\n\n<p class=\"has-text-align-center\">Esta Promoci\u00f3n no est\u00e1 patrocinada, respaldada ni administrada de ninguna manera por Facebook, Twitter o Instagram, ni asociada con ellos. Usted comprende que est\u00e1 proporcionando su informaci\u00f3n al Patrocinador y no a Facebook, Twitter o Instagram.<\/p>\n<\/div>\n\n\n\n<div class=\"wp-block-column is-layout-flow wp-block-column-is-layout-flow\" style=\"flex-basis:5%\"><\/div>\n<\/div>","protected":false},"excerpt":{"rendered":"<p>Esta promoci\u00f3n de Florida&#039;s Sports Coast (\u201cPromoci\u00f3n\u201d) es v\u00e1lida para las fechas especificadas en la\u2026<\/p>","protected":false},"author":1,"featured_media":0,"parent":0,"menu_order":0,"comment_status":"closed","ping_status":"closed","template":"","meta":{"_acf_changed":false,"wprm-recipe-roundup-name":"","wprm-recipe-roundup-description":"","footnotes":""},"categories":[],"tags":[],"class_list":["post-229468","page","type-page","status-publish","hentry"],"acf":[],"yoast_head":"<!-- This site is optimized with the Yoast SEO plugin v24.1 - https:\/\/yoast.com\/wordpress\/plugins\/seo\/ -->\n<title>Giveaway Terms and Conditions | Florida&#039;s Sports Coast<\/title>\n<meta name=\"description\" content=\"This Florida\u2019s Sports Coast promotion (&quot;Promotion&quot;) is valid for the dates specified in the relevant social media post. Entries begin at 12:00 AM Eastern\" \/>\n<meta name=\"robots\" content=\"index, follow, max-snippet:-1, max-image-preview:large, max-video-preview:-1\" \/>\n<link rel=\"canonical\" href=\"https:\/\/flsportscoast.com\/es\/giveaway-terms-conditions\/\" \/>\n<meta property=\"og:locale\" content=\"es_MX\" \/>\n<meta property=\"og:type\" content=\"article\" \/>\n<meta property=\"og:title\" content=\"Giveaway Terms and Conditions | Florida&#039;s Sports Coast\" \/>\n<meta property=\"og:description\" content=\"This Florida\u2019s Sports Coast promotion (&quot;Promotion&quot;) is valid for the dates specified in the relevant social media post. Entries begin at 12:00 AM Eastern\" \/>\n<meta property=\"og:url\" content=\"https:\/\/flsportscoast.com\/es\/giveaway-terms-conditions\/\" \/>\n<meta property=\"og:site_name\" content=\"Florida&#039;s Sports Coast\" \/>\n<meta property=\"article:publisher\" content=\"https:\/\/www.facebook.com\/FLSportsCoast\/\" \/>\n<meta property=\"article:modified_time\" content=\"2024-09-05T17:10:46+00:00\" \/>\n<meta property=\"og:image\" content=\"https:\/\/flsportscoast.com\/wp-content\/uploads\/Pasco-Scalloping-0136-2-scaled.jpg\" \/>\n<meta name=\"twitter:card\" content=\"summary_large_image\" \/>\n<meta name=\"twitter:site\" content=\"@FLSportsCoast\" \/>\n<meta name=\"twitter:label1\" content=\"Est. reading time\" \/>\n\t<meta name=\"twitter:data1\" content=\"5 minutes\" \/>\n<script type=\"application\/ld+json\" class=\"yoast-schema-graph\">{\"@context\":\"https:\/\/schema.org\",\"@graph\":[{\"@type\":\"WebPage\",\"@id\":\"https:\/\/flsportscoast.com\/giveaway-terms-conditions\/\",\"url\":\"https:\/\/flsportscoast.com\/giveaway-terms-conditions\/\",\"name\":\"Giveaway Terms and Conditions | Florida&#039;s Sports Coast\",\"isPartOf\":{\"@id\":\"https:\/\/flsportscoast.com\/#website\"},\"primaryImageOfPage\":{\"@id\":\"https:\/\/flsportscoast.com\/giveaway-terms-conditions\/#primaryimage\"},\"image\":{\"@id\":\"https:\/\/flsportscoast.com\/giveaway-terms-conditions\/#primaryimage\"},\"thumbnailUrl\":\"https:\/\/flsportscoast.com\/wp-content\/uploads\/Pasco-Scalloping-0136-2-scaled.jpg\",\"datePublished\":\"2022-07-12T20:37:04+00:00\",\"dateModified\":\"2024-09-05T17:10:46+00:00\",\"description\":\"This Florida\u2019s Sports Coast promotion (\\\"Promotion\\\") is valid for the dates specified in the relevant social media post. Entries begin at 12:00 AM Eastern\",\"breadcrumb\":{\"@id\":\"https:\/\/flsportscoast.com\/giveaway-terms-conditions\/#breadcrumb\"},\"inLanguage\":\"es-MX\",\"potentialAction\":[{\"@type\":\"ReadAction\",\"target\":[\"https:\/\/flsportscoast.com\/giveaway-terms-conditions\/\"]}]},{\"@type\":\"ImageObject\",\"inLanguage\":\"es-MX\",\"@id\":\"https:\/\/flsportscoast.com\/giveaway-terms-conditions\/#primaryimage\",\"url\":\"https:\/\/flsportscoast.com\/wp-content\/uploads\/Pasco-Scalloping-0136-2-scaled.jpg\",\"contentUrl\":\"https:\/\/flsportscoast.com\/wp-content\/uploads\/Pasco-Scalloping-0136-2-scaled.jpg\"},{\"@type\":\"BreadcrumbList\",\"@id\":\"https:\/\/flsportscoast.com\/giveaway-terms-conditions\/#breadcrumb\",\"itemListElement\":[{\"@type\":\"ListItem\",\"position\":1,\"name\":\"Home\",\"item\":\"https:\/\/flsportscoast.com\/\"},{\"@type\":\"ListItem\",\"position\":2,\"name\":\"Giveaway Terms and Conditions\"}]},{\"@type\":\"WebSite\",\"@id\":\"https:\/\/flsportscoast.com\/#website\",\"url\":\"https:\/\/flsportscoast.com\/\",\"name\":\"Florida&#039;s Sports Coast\",\"description\":\"\",\"publisher\":{\"@id\":\"https:\/\/flsportscoast.com\/#organization\"},\"potentialAction\":[{\"@type\":\"SearchAction\",\"target\":{\"@type\":\"EntryPoint\",\"urlTemplate\":\"https:\/\/flsportscoast.com\/?s={search_term_string}\"},\"query-input\":{\"@type\":\"PropertyValueSpecification\",\"valueRequired\":true,\"valueName\":\"search_term_string\"}}],\"inLanguage\":\"es-MX\"},{\"@type\":\"Organization\",\"@id\":\"https:\/\/flsportscoast.com\/#organization\",\"name\":\"Florida Sports Coast\",\"url\":\"https:\/\/flsportscoast.com\/\",\"logo\":{\"@type\":\"ImageObject\",\"inLanguage\":\"es-MX\",\"@id\":\"https:\/\/flsportscoast.com\/#\/schema\/logo\/image\/\",\"url\":\"https:\/\/flsportscoast.com\/wp-content\/uploads\/2022\/07\/fl-sports-coast-logo-color.png\",\"contentUrl\":\"https:\/\/flsportscoast.com\/wp-content\/uploads\/2022\/07\/fl-sports-coast-logo-color.png\",\"width\":1028,\"height\":1028,\"caption\":\"Florida Sports Coast\"},\"image\":{\"@id\":\"https:\/\/flsportscoast.com\/#\/schema\/logo\/image\/\"},\"sameAs\":[\"https:\/\/www.facebook.com\/FLSportsCoast\/\",\"https:\/\/x.com\/FLSportsCoast\",\"https:\/\/www.pinterest.com\/FLSportsCoast\/\",\"https:\/\/www.instagram.com\/flsportscoast\/\",\"https:\/\/www.youtube.com\/channel\/UCJNh4zCnO3RPH6D9NPAoyGQ\"]}]}<\/script>\n<!-- \/ Yoast SEO plugin. -->","yoast_head_json":{"title":"T\u00e9rminos y condiciones del sorteo | La costa deportiva de Florida","description":"Esta promoci\u00f3n de Florida&#039;s Sports Coast (&quot;Promoci\u00f3n&quot;) es v\u00e1lida para las fechas especificadas en la publicaci\u00f3n correspondiente en las redes sociales. Las inscripciones comienzan a las 12:00 a. m., hora del este de EE. UU.","robots":{"index":"index","follow":"follow","max-snippet":"max-snippet:-1","max-image-preview":"max-image-preview:large","max-video-preview":"max-video-preview:-1"},"canonical":"https:\/\/flsportscoast.com\/es\/giveaway-terms-conditions\/","og_locale":"es_MX","og_type":"article","og_title":"Giveaway Terms and Conditions | Florida&#039;s Sports Coast","og_description":"This Florida\u2019s Sports Coast promotion (\"Promotion\") is valid for the dates specified in the relevant social media post. Entries begin at 12:00 AM Eastern","og_url":"https:\/\/flsportscoast.com\/es\/giveaway-terms-conditions\/","og_site_name":"Florida&#039;s Sports Coast","article_publisher":"https:\/\/www.facebook.com\/FLSportsCoast\/","article_modified_time":"2024-09-05T17:10:46+00:00","og_image":[{"url":"https:\/\/flsportscoast.com\/wp-content\/uploads\/Pasco-Scalloping-0136-2-scaled.jpg","type":"","width":"","height":""}],"twitter_card":"summary_large_image","twitter_site":"@FLSportsCoast","twitter_misc":{"Est. reading time":"5 minutes"},"schema":{"@context":"https:\/\/schema.org","@graph":[{"@type":"WebPage","@id":"https:\/\/flsportscoast.com\/giveaway-terms-conditions\/","url":"https:\/\/flsportscoast.com\/giveaway-terms-conditions\/","name":"T\u00e9rminos y condiciones del sorteo | La costa deportiva de Florida","isPartOf":{"@id":"https:\/\/flsportscoast.com\/#website"},"primaryImageOfPage":{"@id":"https:\/\/flsportscoast.com\/giveaway-terms-conditions\/#primaryimage"},"image":{"@id":"https:\/\/flsportscoast.com\/giveaway-terms-conditions\/#primaryimage"},"thumbnailUrl":"https:\/\/flsportscoast.com\/wp-content\/uploads\/Pasco-Scalloping-0136-2-scaled.jpg","datePublished":"2022-07-12T20:37:04+00:00","dateModified":"2024-09-05T17:10:46+00:00","description":"Esta promoci\u00f3n de Florida&#039;s Sports Coast (&quot;Promoci\u00f3n&quot;) es v\u00e1lida para las fechas especificadas en la publicaci\u00f3n correspondiente en las redes sociales. Las inscripciones comienzan a las 12:00 a. m., hora del este de EE. UU.","breadcrumb":{"@id":"https:\/\/flsportscoast.com\/giveaway-terms-conditions\/#breadcrumb"},"inLanguage":"es-MX","potentialAction":[{"@type":"ReadAction","target":["https:\/\/flsportscoast.com\/giveaway-terms-conditions\/"]}]},{"@type":"ImageObject","inLanguage":"es-MX","@id":"https:\/\/flsportscoast.com\/giveaway-terms-conditions\/#primaryimage","url":"https:\/\/flsportscoast.com\/wp-content\/uploads\/Pasco-Scalloping-0136-2-scaled.jpg","contentUrl":"https:\/\/flsportscoast.com\/wp-content\/uploads\/Pasco-Scalloping-0136-2-scaled.jpg"},{"@type":"BreadcrumbList","@id":"https:\/\/flsportscoast.com\/giveaway-terms-conditions\/#breadcrumb","itemListElement":[{"@type":"ListItem","position":1,"name":"Home","item":"https:\/\/flsportscoast.com\/"},{"@type":"ListItem","position":2,"name":"Giveaway Terms and Conditions"}]},{"@type":"WebSite","@id":"https:\/\/flsportscoast.com\/#website","url":"https:\/\/flsportscoast.com\/","name":"Costa Deportiva de Florida&#039;s","description":"","publisher":{"@id":"https:\/\/flsportscoast.com\/#organization"},"potentialAction":[{"@type":"SearchAction","target":{"@type":"EntryPoint","urlTemplate":"https:\/\/flsportscoast.com\/?s={search_term_string}"},"query-input":{"@type":"PropertyValueSpecification","valueRequired":true,"valueName":"search_term_string"}}],"inLanguage":"es-MX"},{"@type":"Organization","@id":"https:\/\/flsportscoast.com\/#organization","name":"Costa deportiva de Florida","url":"https:\/\/flsportscoast.com\/","logo":{"@type":"ImageObject","inLanguage":"es-MX","@id":"https:\/\/flsportscoast.com\/#\/schema\/logo\/image\/","url":"https:\/\/flsportscoast.com\/wp-content\/uploads\/2022\/07\/fl-sports-coast-logo-color.png","contentUrl":"https:\/\/flsportscoast.com\/wp-content\/uploads\/2022\/07\/fl-sports-coast-logo-color.png","width":1028,"height":1028,"caption":"Florida Sports Coast"},"image":{"@id":"https:\/\/flsportscoast.com\/#\/schema\/logo\/image\/"},"sameAs":["https:\/\/www.facebook.com\/FLSportsCoast\/","https:\/\/x.com\/FLSportsCoast","https:\/\/www.pinterest.com\/FLSportsCoast\/","https:\/\/www.instagram.com\/flsportscoast\/","https:\/\/www.youtube.com\/channel\/UCJNh4zCnO3RPH6D9NPAoyGQ"]}]}},"meta_fields":{"_edit_lock":"1725556254:8","_edit_last":"8","_yoast_wpseo_content_score":"30","_yoast_wpseo_estimated-reading-time-minutes":"5","_yoast_wpseo_primary_category":""},"thumb_url":false,"_links":{"self":[{"href":"https:\/\/flsportscoast.com\/es\/wp-json\/wp\/v2\/pages\/229468","targetHints":{"allow":["GET"]}}],"collection":[{"href":"https:\/\/flsportscoast.com\/es\/wp-json\/wp\/v2\/pages"}],"about":[{"href":"https:\/\/flsportscoast.com\/es\/wp-json\/wp\/v2\/types\/page"}],"author":[{"embeddable":true,"href":"https:\/\/flsportscoast.com\/es\/wp-json\/wp\/v2\/users\/1"}],"replies":[{"embeddable":true,"href":"https:\/\/flsportscoast.com\/es\/wp-json\/wp\/v2\/comments?post=229468"}],"version-history":[{"count":18,"href":"https:\/\/flsportscoast.com\/es\/wp-json\/wp\/v2\/pages\/229468\/revisions"}],"predecessor-version":[{"id":232800,"href":"https:\/\/flsportscoast.com\/es\/wp-json\/wp\/v2\/pages\/229468\/revisions\/232800"}],"wp:attachment":[{"href":"https:\/\/flsportscoast.com\/es\/wp-json\/wp\/v2\/media?parent=229468"}],"wp:term":[{"taxonomy":"category","embeddable":true,"href":"https:\/\/flsportscoast.com\/es\/wp-json\/wp\/v2\/categories?post=229468"},{"taxonomy":"post_tag","embeddable":true,"href":"https:\/\/flsportscoast.com\/es\/wp-json\/wp\/v2\/tags?post=229468"}],"curies":[{"name":"wp","href":"https:\/\/api.w.org\/{rel}","templated":true}]}}