{"id":228836,"date":"2022-07-05T00:41:14","date_gmt":"2022-07-05T00:41:14","guid":{"rendered":"https:\/\/main-bvxea6i-4yqud7qos27fo.us-4.platformsh.site\/?page_id=228836"},"modified":"2022-07-06T21:20:49","modified_gmt":"2022-07-06T21:20:49","slug":"story-ideas","status":"publish","type":"page","link":"https:\/\/flsportscoast.com\/es\/press\/story-ideas\/","title":{"rendered":"Ideas para historias"},"content":{"rendered":"<div class=\"wp-block-cover is-light\"><span aria-hidden=\"true\" class=\"has-background-dim-0 wp-block-cover__gradient-background has-background-dim\"><\/span><img loading=\"lazy\" decoding=\"async\" width=\"1000\" height=\"667\" class=\"wp-block-cover__image-background wp-image-228935\" alt=\"\" src=\"https:\/\/flsportscoast.com\/wp-content\/uploads\/2022\/07\/story-ideas-1.jpg\" style=\"object-position:51% 0%\" data-object-fit=\"cover\" data-object-position=\"51% 0%\" srcset=\"https:\/\/flsportscoast.com\/wp-content\/uploads\/2022\/07\/story-ideas-1.jpg 1000w, https:\/\/flsportscoast.com\/wp-content\/uploads\/2022\/07\/story-ideas-1-300x200.jpg 300w, https:\/\/flsportscoast.com\/wp-content\/uploads\/2022\/07\/story-ideas-1-768x512.jpg 768w, https:\/\/flsportscoast.com\/wp-content\/uploads\/2022\/07\/story-ideas-1-18x12.jpg 18w, https:\/\/flsportscoast.com\/wp-content\/uploads\/2022\/07\/story-ideas-1-400x267.jpg 400w, https:\/\/flsportscoast.com\/wp-content\/uploads\/2022\/07\/story-ideas-1-600x400.jpg 600w, https:\/\/flsportscoast.com\/wp-content\/uploads\/2022\/07\/story-ideas-1-900x600.jpg 900w, https:\/\/flsportscoast.com\/wp-content\/uploads\/2022\/07\/story-ideas-1-250x167.jpg 250w\" sizes=\"auto, (max-width: 1000px) 100vw, 1000px\" \/><div class=\"wp-block-cover__inner-container is-layout-flow wp-block-cover-is-layout-flow\">\n<p class=\"has-text-align-center has-large-font-size\"><\/p>\n<\/div><\/div>\n\n\n  <section class=\"madden-block-paragraph-cta\">\n    <div class=\"paragraph-cta\">\n      <div class=\"paragraph-cta__body\">\n        <div class=\"paragraph-cta__banner\"><\/div>\n        <div class=\"paragraph-cta__title-container\">\n          <p>Lo m\u00e1s destacado del deporte<\/p>\n          <h1>Ideas para historias<\/h1>\n        <\/div>\n        <div class=\"paragraph-cta__body-text\">\n          <p>\u00bfNecesita inspirarse un poco para una historia ambientada en la costa deportiva de Florida? Consulte a continuaci\u00f3n para obtener una descripci\u00f3n general \u00fatil de nuestros temas de historias favoritos combinados con recomendaciones sobre d\u00f3nde ir y qu\u00e9 ver.<\/p>\n        <\/div>\n      <\/div>\n    <\/div>\n  <\/section>\n  \n\n  <section class=\"madden-accordion-section one-column\">\n    <div class=\"thecontainer\">\n\n      \n              <div class=\"accordion-section\">\n          <button class=\"accordion\">\n            <span class=\"toggle-text\">\n              fin de semana de chicas            <\/span>\n            <span class=\"toggle-icon\">\n              <span class=\"icon-h\"><\/span>\n              <span class=\"icon-v\"><\/span>\n            <\/span>\n          <\/button>\n          <div class=\"accordion-content\">\n            <div class=\"content-container\">\n                            <p><img decoding=\"async\" src=\"\/wp-content\/uploads\/2022\/06\/deals-hero-300x200.jpg\" style=\"float:left; width: 25vw; height: auto; margin-right: 20px;\">\nLorem ipsum dolor sit amet, consectetur adipiscing elit, sed do eiusmod tempor incididunt ut labore et dolore magna aliqua. Ut pharetra sit amet aliquam. In vitae turpis massa sed elementum tempus egestas sed. Mattis ullamcorper velit sed ullamcorper morbi. Pharetra vel turpis nunc eget. Viverra suspendisse potenti nullam ac tortor vitae purus faucibus ornare. Pulvinar neque laoreet suspendisse interdum consectetur. Sit amet consectetur adipiscing elit pellentesque habitant morbi tristique senectus. Urna molestie en elementum eu. Pharetra et ultrices neque ornare aenean euismod elementum. Tempor commodo ullamcorper a lacus vestibulum sed arcu non odio.\n<br\/><br\/>\nFringilla ut morbi tincidunt augue interdum velit. Egestas pretium aenean pharetra magna ac placerat. Scelerisque varius morbi enim nunc faucibus a pellentesque. Nec tincidunt praesent semper feugiat. Velit laoreet id donec ultrices tincidunt arcu non sodales. Id donec ultrices tincidunt arcu non sodales. En auctor urna nunc id cursus. Natoque penatibus et magnis dis parturient montes nascetur. Consectetur adipiscing elit ut aliquam purus sit. Mauris pellentesque pulvinar pellentesque habitant morbi tristique senectus. Est velit egestas dui id. Posuere ac ut consequat semper viverra nam libero justo laoreet. Morbi tempus iaculis urna id volutpat. Mecenas sed enim ut sem viverra aliquet eget sit.\n\n<\/p>\n                          <\/div>\n          <\/div>\n        <\/div>\n              <div class=\"accordion-section\">\n          <button class=\"accordion\">\n            <span class=\"toggle-text\">\n              Excursiones para perros            <\/span>\n            <span class=\"toggle-icon\">\n              <span class=\"icon-h\"><\/span>\n              <span class=\"icon-v\"><\/span>\n            <\/span>\n          <\/button>\n          <div class=\"accordion-content\">\n            <div class=\"content-container\">\n                            <p><img decoding=\"async\" src=\"\/wp-content\/uploads\/2022\/07\/dog-friendly-300x200.jpg\" style=\"float:left; width: 25vw; height: auto; margin-right: 20px;\">\nLorem ipsum dolor sit amet, consectetur adipiscing elit, sed do eiusmod tempor incididunt ut labore et dolore magna aliqua. Ut pharetra sit amet aliquam. In vitae turpis massa sed elementum tempus egestas sed. Mattis ullamcorper velit sed ullamcorper morbi. Pharetra vel turpis nunc eget. Viverra suspendisse potenti nullam ac tortor vitae purus faucibus ornare. Pulvinar neque laoreet suspendisse interdum consectetur. Sit amet consectetur adipiscing elit pellentesque habitant morbi tristique senectus. Urna molestie en elementum eu. Pharetra et ultrices neque ornare aenean euismod elementum. Tempor commodo ullamcorper a lacus vestibulum sed arcu non odio.\n<br\/><br\/>\nFringilla ut morbi tincidunt augue interdum velit. Egestas pretium aenean pharetra magna ac placerat. Scelerisque varius morbi enim nunc faucibus a pellentesque. Nec tincidunt praesent semper feugiat. Velit laoreet id donec ultrices tincidunt arcu non sodales. Id donec ultrices tincidunt arcu non sodales. En auctor urna nunc id cursus. Natoque penatibus et magnis dis parturient montes nascetur. Consectetur adipiscing elit ut aliquam purus sit. Mauris pellentesque pulvinar pellentesque habitant morbi tristique senectus. Est velit egestas dui id. Posuere ac ut consequat semper viverra nam libero justo laoreet. Morbi tempus iaculis urna id volutpat. Mecenas sed enim ut sem viverra aliquet eget sit.<\/p>\n                          <\/div>\n          <\/div>\n        <\/div>\n              <div class=\"accordion-section\">\n          <button class=\"accordion\">\n            <span class=\"toggle-text\">\n              Sal afuera            <\/span>\n            <span class=\"toggle-icon\">\n              <span class=\"icon-h\"><\/span>\n              <span class=\"icon-v\"><\/span>\n            <\/span>\n          <\/button>\n          <div class=\"accordion-content\">\n            <div class=\"content-container\">\n                            <p><img decoding=\"async\" src=\"\/wp-content\/uploads\/2022\/07\/get-outside-300x200.jpg\" style=\"float:left; width: 25vw; height: auto; margin-right: 20px;\">\nLorem ipsum dolor sit amet, consectetur adipiscing elit, sed do eiusmod tempor incididunt ut labore et dolore magna aliqua. Ut pharetra sit amet aliquam. In vitae turpis massa sed elementum tempus egestas sed. Mattis ullamcorper velit sed ullamcorper morbi. Pharetra vel turpis nunc eget. Viverra suspendisse potenti nullam ac tortor vitae purus faucibus ornare. Pulvinar neque laoreet suspendisse interdum consectetur. Sit amet consectetur adipiscing elit pellentesque habitant morbi tristique senectus. Urna molestie en elementum eu. Pharetra et ultrices neque ornare aenean euismod elementum. Tempor commodo ullamcorper a lacus vestibulum sed arcu non odio.\n<br\/><br\/>\nFringilla ut morbi tincidunt augue interdum velit. Egestas pretium aenean pharetra magna ac placerat. Scelerisque varius morbi enim nunc faucibus a pellentesque. Nec tincidunt praesent semper feugiat. Velit laoreet id donec ultrices tincidunt arcu non sodales. Id donec ultrices tincidunt arcu non sodales. En auctor urna nunc id cursus. Natoque penatibus et magnis dis parturient montes nascetur. Consectetur adipiscing elit ut aliquam purus sit. Mauris pellentesque pulvinar pellentesque habitant morbi tristique senectus. Est velit egestas dui id. Posuere ac ut consequat semper viverra nam libero justo laoreet. Morbi tempus iaculis urna id volutpat. Mecenas sed enim ut sem viverra aliquet eget sit.<\/p>\n                          <\/div>\n          <\/div>\n        <\/div>\n              <div class=\"accordion-section\">\n          <button class=\"accordion\">\n            <span class=\"toggle-text\">\n              Temporada de vieiras            <\/span>\n            <span class=\"toggle-icon\">\n              <span class=\"icon-h\"><\/span>\n              <span class=\"icon-v\"><\/span>\n            <\/span>\n          <\/button>\n          <div class=\"accordion-content\">\n            <div class=\"content-container\">\n                            <p><img decoding=\"async\" src=\"\/wp-content\/uploads\/2022\/07\/bay-scallop-season-300x200.jpg\" style=\"float:left; width: 25vw; height: auto; margin-right: 20px;\">\nLorem ipsum dolor sit amet, consectetur adipiscing elit, sed do eiusmod tempor incididunt ut labore et dolore magna aliqua. Ut pharetra sit amet aliquam. In vitae turpis massa sed elementum tempus egestas sed. Mattis ullamcorper velit sed ullamcorper morbi. Pharetra vel turpis nunc eget. Viverra suspendisse potenti nullam ac tortor vitae purus faucibus ornare. Pulvinar neque laoreet suspendisse interdum consectetur. Sit amet consectetur adipiscing elit pellentesque habitant morbi tristique senectus. Urna molestie en elementum eu. Pharetra et ultrices neque ornare aenean euismod elementum. Tempor commodo ullamcorper a lacus vestibulum sed arcu non odio.\n<br\/><br\/>\nFringilla ut morbi tincidunt augue interdum velit. Egestas pretium aenean pharetra magna ac placerat. Scelerisque varius morbi enim nunc faucibus a pellentesque. Nec tincidunt praesent semper feugiat. Velit laoreet id donec ultrices tincidunt arcu non sodales. Id donec ultrices tincidunt arcu non sodales. En auctor urna nunc id cursus. Natoque penatibus et magnis dis parturient montes nascetur. Consectetur adipiscing elit ut aliquam purus sit. Mauris pellentesque pulvinar pellentesque habitant morbi tristique senectus. Est velit egestas dui id. Posuere ac ut consequat semper viverra nam libero justo laoreet. Morbi tempus iaculis urna id volutpat. Mecenas sed enim ut sem viverra aliquet eget sit.<\/p>\n                          <\/div>\n          <\/div>\n        <\/div>\n              <div class=\"accordion-section\">\n          <button class=\"accordion\">\n            <span class=\"toggle-text\">\n              Productos de cosecha propia            <\/span>\n            <span class=\"toggle-icon\">\n              <span class=\"icon-h\"><\/span>\n              <span class=\"icon-v\"><\/span>\n            <\/span>\n          <\/button>\n          <div class=\"accordion-content\">\n            <div class=\"content-container\">\n                            <p><img decoding=\"async\" src=\"\/wp-content\/uploads\/2022\/07\/homegrown-goods-300x200.jpg\" style=\"float:left; width: 25vw; height: auto; margin-right: 20px;\">\nLorem ipsum dolor sit amet, consectetur adipiscing elit, sed do eiusmod tempor incididunt ut labore et dolore magna aliqua. Ut pharetra sit amet aliquam. In vitae turpis massa sed elementum tempus egestas sed. Mattis ullamcorper velit sed ullamcorper morbi. Pharetra vel turpis nunc eget. Viverra suspendisse potenti nullam ac tortor vitae purus faucibus ornare. Pulvinar neque laoreet suspendisse interdum consectetur. Sit amet consectetur adipiscing elit pellentesque habitant morbi tristique senectus. Urna molestie en elementum eu. Pharetra et ultrices neque ornare aenean euismod elementum. Tempor commodo ullamcorper a lacus vestibulum sed arcu non odio.\n<br\/><br\/>\nFringilla ut morbi tincidunt augue interdum velit. Egestas pretium aenean pharetra magna ac placerat. Scelerisque varius morbi enim nunc faucibus a pellentesque. Nec tincidunt praesent semper feugiat. Velit laoreet id donec ultrices tincidunt arcu non sodales. Id donec ultrices tincidunt arcu non sodales. En auctor urna nunc id cursus. Natoque penatibus et magnis dis parturient montes nascetur. Consectetur adipiscing elit ut aliquam purus sit. Mauris pellentesque pulvinar pellentesque habitant morbi tristique senectus. Est velit egestas dui id. Posuere ac ut consequat semper viverra nam libero justo laoreet. Morbi tempus iaculis urna id volutpat. Mecenas sed enim ut sem viverra aliquet eget sit.<\/p>\n                          <\/div>\n          <\/div>\n        <\/div>\n              <div class=\"accordion-section\">\n          <button class=\"accordion\">\n            <span class=\"toggle-text\">\n              Aventuras acu\u00e1ticas insuperables            <\/span>\n            <span class=\"toggle-icon\">\n              <span class=\"icon-h\"><\/span>\n              <span class=\"icon-v\"><\/span>\n            <\/span>\n          <\/button>\n          <div class=\"accordion-content\">\n            <div class=\"content-container\">\n                            <p><img decoding=\"async\" src=\"\/wp-content\/uploads\/2022\/07\/water-adventure-300x200.jpg\" style=\"float:left; width: 25vw; height: auto; margin-right: 20px;\">\nLorem ipsum dolor sit amet, consectetur adipiscing elit, sed do eiusmod tempor incididunt ut labore et dolore magna aliqua. Ut pharetra sit amet aliquam. In vitae turpis massa sed elementum tempus egestas sed. Mattis ullamcorper velit sed ullamcorper morbi. Pharetra vel turpis nunc eget. Viverra suspendisse potenti nullam ac tortor vitae purus faucibus ornare. Pulvinar neque laoreet suspendisse interdum consectetur. Sit amet consectetur adipiscing elit pellentesque habitant morbi tristique senectus. Urna molestie en elementum eu. Pharetra et ultrices neque ornare aenean euismod elementum. Tempor commodo ullamcorper a lacus vestibulum sed arcu non odio.\n<br\/><br\/>\nFringilla ut morbi tincidunt augue interdum velit. Egestas pretium aenean pharetra magna ac placerat. Scelerisque varius morbi enim nunc faucibus a pellentesque. Nec tincidunt praesent semper feugiat. Velit laoreet id donec ultrices tincidunt arcu non sodales. Id donec ultrices tincidunt arcu non sodales. En auctor urna nunc id cursus. Natoque penatibus et magnis dis parturient montes nascetur. Consectetur adipiscing elit ut aliquam purus sit. Mauris pellentesque pulvinar pellentesque habitant morbi tristique senectus. Est velit egestas dui id. Posuere ac ut consequat semper viverra nam libero justo laoreet. Morbi tempus iaculis urna id volutpat. Mecenas sed enim ut sem viverra aliquet eget sit.<\/p>\n                          <\/div>\n          <\/div>\n        <\/div>\n              <div class=\"accordion-section\">\n          <button class=\"accordion\">\n            <span class=\"toggle-text\">\n              novelas de suspenso            <\/span>\n            <span class=\"toggle-icon\">\n              <span class=\"icon-h\"><\/span>\n              <span class=\"icon-v\"><\/span>\n            <\/span>\n          <\/button>\n          <div class=\"accordion-content\">\n            <div class=\"content-container\">\n                            <p><img decoding=\"async\" src=\"\/wp-content\/uploads\/2022\/07\/thrillers-300x200.jpg\" style=\"float:left; width: 25vw; height: auto; margin-right: 20px;\">\nLorem ipsum dolor sit amet, consectetur adipiscing elit, sed do eiusmod tempor incididunt ut labore et dolore magna aliqua. Ut pharetra sit amet aliquam. In vitae turpis massa sed elementum tempus egestas sed. Mattis ullamcorper velit sed ullamcorper morbi. Pharetra vel turpis nunc eget. Viverra suspendisse potenti nullam ac tortor vitae purus faucibus ornare. Pulvinar neque laoreet suspendisse interdum consectetur. Sit amet consectetur adipiscing elit pellentesque habitant morbi tristique senectus. Urna molestie en elementum eu. Pharetra et ultrices neque ornare aenean euismod elementum. Tempor commodo ullamcorper a lacus vestibulum sed arcu non odio.\n<br\/><br\/>\nFringilla ut morbi tincidunt augue interdum velit. Egestas pretium aenean pharetra magna ac placerat. Scelerisque varius morbi enim nunc faucibus a pellentesque. Nec tincidunt praesent semper feugiat. Velit laoreet id donec ultrices tincidunt arcu non sodales. Id donec ultrices tincidunt arcu non sodales. En auctor urna nunc id cursus. Natoque penatibus et magnis dis parturient montes nascetur. Consectetur adipiscing elit ut aliquam purus sit. Mauris pellentesque pulvinar pellentesque habitant morbi tristique senectus. Est velit egestas dui id. Posuere ac ut consequat semper viverra nam libero justo laoreet. Morbi tempus iaculis urna id volutpat. Mecenas sed enim ut sem viverra aliquet eget sit.<\/p>\n                          <\/div>\n          <\/div>\n        <\/div>\n          <\/div>\n  <\/section>","protected":false},"excerpt":{"rendered":"","protected":false},"author":1,"featured_media":0,"parent":227492,"menu_order":0,"comment_status":"closed","ping_status":"closed","template":"","meta":{"_acf_changed":false,"wprm-recipe-roundup-name":"","wprm-recipe-roundup-description":"","footnotes":""},"categories":[],"tags":[],"class_list":["post-228836","page","type-page","status-publish","hentry"],"acf":[],"yoast_head":"<!-- This site is optimized with the Yoast SEO plugin v24.1 - https:\/\/yoast.com\/wordpress\/plugins\/seo\/ -->\n<title>Story Ideas | Florida&#039;s Sports Coast<\/title>\n<meta name=\"robots\" content=\"index, follow, max-snippet:-1, max-image-preview:large, max-video-preview:-1\" \/>\n<link rel=\"canonical\" href=\"https:\/\/flsportscoast.com\/es\/press\/story-ideas\/\" \/>\n<meta property=\"og:locale\" content=\"es_MX\" \/>\n<meta property=\"og:type\" content=\"article\" \/>\n<meta property=\"og:title\" content=\"Story Ideas | Florida&#039;s Sports Coast\" \/>\n<meta property=\"og:url\" content=\"https:\/\/flsportscoast.com\/es\/press\/story-ideas\/\" \/>\n<meta property=\"og:site_name\" content=\"Florida&#039;s Sports Coast\" \/>\n<meta property=\"article:publisher\" content=\"https:\/\/www.facebook.com\/FLSportsCoast\/\" \/>\n<meta property=\"article:modified_time\" content=\"2022-07-06T21:20:49+00:00\" \/>\n<meta property=\"og:image\" content=\"https:\/\/flsportscoast.com\/wp-content\/uploads\/2022\/07\/story-ideas-1.jpg\" \/>\n\t<meta property=\"og:image:width\" content=\"1000\" \/>\n\t<meta property=\"og:image:height\" content=\"667\" \/>\n\t<meta property=\"og:image:type\" content=\"image\/jpeg\" \/>\n<meta name=\"twitter:card\" content=\"summary_large_image\" \/>\n<meta name=\"twitter:site\" content=\"@FLSportsCoast\" \/>\n<meta name=\"twitter:label1\" content=\"Est. reading time\" \/>\n\t<meta name=\"twitter:data1\" content=\"1 minute\" \/>\n<script type=\"application\/ld+json\" class=\"yoast-schema-graph\">{\"@context\":\"https:\/\/schema.org\",\"@graph\":[{\"@type\":\"WebPage\",\"@id\":\"https:\/\/flsportscoast.com\/press\/story-ideas\/\",\"url\":\"https:\/\/flsportscoast.com\/press\/story-ideas\/\",\"name\":\"Story Ideas | Florida&#039;s Sports Coast\",\"isPartOf\":{\"@id\":\"https:\/\/flsportscoast.com\/#website\"},\"primaryImageOfPage\":{\"@id\":\"https:\/\/flsportscoast.com\/press\/story-ideas\/#primaryimage\"},\"image\":{\"@id\":\"https:\/\/flsportscoast.com\/press\/story-ideas\/#primaryimage\"},\"thumbnailUrl\":\"https:\/\/flsportscoast.com\/wp-content\/uploads\/2022\/07\/story-ideas-1.jpg\",\"datePublished\":\"2022-07-05T00:41:14+00:00\",\"dateModified\":\"2022-07-06T21:20:49+00:00\",\"breadcrumb\":{\"@id\":\"https:\/\/flsportscoast.com\/press\/story-ideas\/#breadcrumb\"},\"inLanguage\":\"es-MX\",\"potentialAction\":[{\"@type\":\"ReadAction\",\"target\":[\"https:\/\/flsportscoast.com\/press\/story-ideas\/\"]}]},{\"@type\":\"ImageObject\",\"inLanguage\":\"es-MX\",\"@id\":\"https:\/\/flsportscoast.com\/press\/story-ideas\/#primaryimage\",\"url\":\"https:\/\/flsportscoast.com\/wp-content\/uploads\/2022\/07\/story-ideas-1.jpg\",\"contentUrl\":\"https:\/\/flsportscoast.com\/wp-content\/uploads\/2022\/07\/story-ideas-1.jpg\"},{\"@type\":\"BreadcrumbList\",\"@id\":\"https:\/\/flsportscoast.com\/press\/story-ideas\/#breadcrumb\",\"itemListElement\":[{\"@type\":\"ListItem\",\"position\":1,\"name\":\"Home\",\"item\":\"https:\/\/flsportscoast.com\/\"},{\"@type\":\"ListItem\",\"position\":2,\"name\":\"Press\",\"item\":\"https:\/\/flsportscoast.com\/press\/\"},{\"@type\":\"ListItem\",\"position\":3,\"name\":\"Story Ideas\"}]},{\"@type\":\"WebSite\",\"@id\":\"https:\/\/flsportscoast.com\/#website\",\"url\":\"https:\/\/flsportscoast.com\/\",\"name\":\"Florida&#039;s Sports Coast\",\"description\":\"\",\"publisher\":{\"@id\":\"https:\/\/flsportscoast.com\/#organization\"},\"potentialAction\":[{\"@type\":\"SearchAction\",\"target\":{\"@type\":\"EntryPoint\",\"urlTemplate\":\"https:\/\/flsportscoast.com\/?s={search_term_string}\"},\"query-input\":{\"@type\":\"PropertyValueSpecification\",\"valueRequired\":true,\"valueName\":\"search_term_string\"}}],\"inLanguage\":\"es-MX\"},{\"@type\":\"Organization\",\"@id\":\"https:\/\/flsportscoast.com\/#organization\",\"name\":\"Florida Sports Coast\",\"url\":\"https:\/\/flsportscoast.com\/\",\"logo\":{\"@type\":\"ImageObject\",\"inLanguage\":\"es-MX\",\"@id\":\"https:\/\/flsportscoast.com\/#\/schema\/logo\/image\/\",\"url\":\"https:\/\/flsportscoast.com\/wp-content\/uploads\/2022\/07\/fl-sports-coast-logo-color.png\",\"contentUrl\":\"https:\/\/flsportscoast.com\/wp-content\/uploads\/2022\/07\/fl-sports-coast-logo-color.png\",\"width\":1028,\"height\":1028,\"caption\":\"Florida Sports Coast\"},\"image\":{\"@id\":\"https:\/\/flsportscoast.com\/#\/schema\/logo\/image\/\"},\"sameAs\":[\"https:\/\/www.facebook.com\/FLSportsCoast\/\",\"https:\/\/x.com\/FLSportsCoast\",\"https:\/\/www.pinterest.com\/FLSportsCoast\/\",\"https:\/\/www.instagram.com\/flsportscoast\/\",\"https:\/\/www.youtube.com\/channel\/UCJNh4zCnO3RPH6D9NPAoyGQ\"]}]}<\/script>\n<!-- \/ Yoast SEO plugin. -->","yoast_head_json":{"title":"Ideas para historias | Costa Deportiva de Florida&#039;s","robots":{"index":"index","follow":"follow","max-snippet":"max-snippet:-1","max-image-preview":"max-image-preview:large","max-video-preview":"max-video-preview:-1"},"canonical":"https:\/\/flsportscoast.com\/es\/press\/story-ideas\/","og_locale":"es_MX","og_type":"article","og_title":"Story Ideas | Florida&#039;s Sports Coast","og_url":"https:\/\/flsportscoast.com\/es\/press\/story-ideas\/","og_site_name":"Florida&#039;s Sports Coast","article_publisher":"https:\/\/www.facebook.com\/FLSportsCoast\/","article_modified_time":"2022-07-06T21:20:49+00:00","og_image":[{"width":1000,"height":667,"url":"https:\/\/flsportscoast.com\/wp-content\/uploads\/2022\/07\/story-ideas-1.jpg","type":"image\/jpeg"}],"twitter_card":"summary_large_image","twitter_site":"@FLSportsCoast","twitter_misc":{"Est. reading time":"1 minute"},"schema":{"@context":"https:\/\/schema.org","@graph":[{"@type":"WebPage","@id":"https:\/\/flsportscoast.com\/press\/story-ideas\/","url":"https:\/\/flsportscoast.com\/press\/story-ideas\/","name":"Ideas para historias | Costa Deportiva de Florida&#039;s","isPartOf":{"@id":"https:\/\/flsportscoast.com\/#website"},"primaryImageOfPage":{"@id":"https:\/\/flsportscoast.com\/press\/story-ideas\/#primaryimage"},"image":{"@id":"https:\/\/flsportscoast.com\/press\/story-ideas\/#primaryimage"},"thumbnailUrl":"https:\/\/flsportscoast.com\/wp-content\/uploads\/2022\/07\/story-ideas-1.jpg","datePublished":"2022-07-05T00:41:14+00:00","dateModified":"2022-07-06T21:20:49+00:00","breadcrumb":{"@id":"https:\/\/flsportscoast.com\/press\/story-ideas\/#breadcrumb"},"inLanguage":"es-MX","potentialAction":[{"@type":"ReadAction","target":["https:\/\/flsportscoast.com\/press\/story-ideas\/"]}]},{"@type":"ImageObject","inLanguage":"es-MX","@id":"https:\/\/flsportscoast.com\/press\/story-ideas\/#primaryimage","url":"https:\/\/flsportscoast.com\/wp-content\/uploads\/2022\/07\/story-ideas-1.jpg","contentUrl":"https:\/\/flsportscoast.com\/wp-content\/uploads\/2022\/07\/story-ideas-1.jpg"},{"@type":"BreadcrumbList","@id":"https:\/\/flsportscoast.com\/press\/story-ideas\/#breadcrumb","itemListElement":[{"@type":"ListItem","position":1,"name":"Home","item":"https:\/\/flsportscoast.com\/"},{"@type":"ListItem","position":2,"name":"Press","item":"https:\/\/flsportscoast.com\/press\/"},{"@type":"ListItem","position":3,"name":"Story Ideas"}]},{"@type":"WebSite","@id":"https:\/\/flsportscoast.com\/#website","url":"https:\/\/flsportscoast.com\/","name":"Costa Deportiva de Florida&#039;s","description":"","publisher":{"@id":"https:\/\/flsportscoast.com\/#organization"},"potentialAction":[{"@type":"SearchAction","target":{"@type":"EntryPoint","urlTemplate":"https:\/\/flsportscoast.com\/?s={search_term_string}"},"query-input":{"@type":"PropertyValueSpecification","valueRequired":true,"valueName":"search_term_string"}}],"inLanguage":"es-MX"},{"@type":"Organization","@id":"https:\/\/flsportscoast.com\/#organization","name":"Costa deportiva de Florida","url":"https:\/\/flsportscoast.com\/","logo":{"@type":"ImageObject","inLanguage":"es-MX","@id":"https:\/\/flsportscoast.com\/#\/schema\/logo\/image\/","url":"https:\/\/flsportscoast.com\/wp-content\/uploads\/2022\/07\/fl-sports-coast-logo-color.png","contentUrl":"https:\/\/flsportscoast.com\/wp-content\/uploads\/2022\/07\/fl-sports-coast-logo-color.png","width":1028,"height":1028,"caption":"Florida Sports Coast"},"image":{"@id":"https:\/\/flsportscoast.com\/#\/schema\/logo\/image\/"},"sameAs":["https:\/\/www.facebook.com\/FLSportsCoast\/","https:\/\/x.com\/FLSportsCoast","https:\/\/www.pinterest.com\/FLSportsCoast\/","https:\/\/www.instagram.com\/flsportscoast\/","https:\/\/www.youtube.com\/channel\/UCJNh4zCnO3RPH6D9NPAoyGQ"]}]}},"meta_fields":{"_yoast_wpseo_content_score":"60","_yoast_wpseo_estimated-reading-time-minutes":"1","_dp_original":"228826","_edit_lock":"1657146207:1","_edit_last":"1"},"thumb_url":false,"_links":{"self":[{"href":"https:\/\/flsportscoast.com\/es\/wp-json\/wp\/v2\/pages\/228836","targetHints":{"allow":["GET"]}}],"collection":[{"href":"https:\/\/flsportscoast.com\/es\/wp-json\/wp\/v2\/pages"}],"about":[{"href":"https:\/\/flsportscoast.com\/es\/wp-json\/wp\/v2\/types\/page"}],"author":[{"embeddable":true,"href":"https:\/\/flsportscoast.com\/es\/wp-json\/wp\/v2\/users\/1"}],"replies":[{"embeddable":true,"href":"https:\/\/flsportscoast.com\/es\/wp-json\/wp\/v2\/comments?post=228836"}],"version-history":[{"count":12,"href":"https:\/\/flsportscoast.com\/es\/wp-json\/wp\/v2\/pages\/228836\/revisions"}],"predecessor-version":[{"id":229039,"href":"https:\/\/flsportscoast.com\/es\/wp-json\/wp\/v2\/pages\/228836\/revisions\/229039"}],"up":[{"embeddable":true,"href":"https:\/\/flsportscoast.com\/es\/wp-json\/wp\/v2\/pages\/227492"}],"wp:attachment":[{"href":"https:\/\/flsportscoast.com\/es\/wp-json\/wp\/v2\/media?parent=228836"}],"wp:term":[{"taxonomy":"category","embeddable":true,"href":"https:\/\/flsportscoast.com\/es\/wp-json\/wp\/v2\/categories?post=228836"},{"taxonomy":"post_tag","embeddable":true,"href":"https:\/\/flsportscoast.com\/es\/wp-json\/wp\/v2\/tags?post=228836"}],"curies":[{"name":"wp","href":"https:\/\/api.w.org\/{rel}","templated":true}]}}