{"id":61,"date":"2022-02-01T13:01:14","date_gmt":"2022-02-01T13:01:14","guid":{"rendered":"http:\/\/localhost:8089\/?page_id=61"},"modified":"2023-02-23T13:15:29","modified_gmt":"2023-02-23T18:15:29","slug":"site-map","status":"publish","type":"page","link":"https:\/\/flsportscoast.com\/de\/site-map\/","title":{"rendered":"Seitenverzeichnis"},"content":{"rendered":"<div class=\"wp-block-columns is-layout-flex wp-container-core-columns-is-layout-1 wp-block-columns-is-layout-flex\" style=\"justify-content:center\">\n<div class=\"wp-block-column is-layout-flow wp-block-column-is-layout-flow\" style=\"padding-top:5%;padding-right:0%;padding-bottom:5%;padding-left:0%;flex-basis:60rem\">\n<h1 class=\"has-text-align-center has-dark-blue-color has-text-color wp-block-heading\" id=\"site-map\">Seitenverzeichnis<\/h1>\n\n\n    <section class=\"madden-block-sitemap\">\n        <div class=\"sitemap-wrapper\"><a name='page' class='post-type-link'><\/a><h2 data-posttype='page' class='post-type-title'>Grundst\u00fcck<\/h2><ul id='sitemap-section-page' class='sitemap-section top-section'><li class='sitemap-link'><a href='https:\/\/flsportscoast.com\/de\/2023-destination-guide-ad-sales\/'>2023 Destination Guide Ad Sales<\/a><\/li><li class='sitemap-link'><a href='https:\/\/flsportscoast.com\/de\/tourism-banquet-sponsorship-2\/'>Sponsoring f\u00fcr das Tourismusbankett 2024<\/a><\/li><li class='sitemap-link'><a href='https:\/\/flsportscoast.com\/de\/2025-tourism-banquet-sponsorship-opportunities\/'>Sponsoring f\u00fcr das Tourismusbankett 2025<\/a><\/li><li class='sitemap-link'><a href='https:\/\/flsportscoast.com\/de\/2026-tourism-banquet-sponsorships\/'>Sponsoring f\u00fcr das Tourismusbankett 2026<\/a><\/li><li class='sitemap-link'><a href='https:\/\/flsportscoast.com\/de\/accessibility-statement\/'>Barrierefreiheit<\/a><\/li><li class='sitemap-link'><a href='https:\/\/flsportscoast.com\/de\/aunt-rosemarys-kumquat-pie\/'>Tante Rosemarys Kumquat-Kuchen<\/a><\/li><li class='sitemap-link'><a href='https:\/\/flsportscoast.com\/de\/become-an-influencer\/'>Werden Sie Influencer<\/a><\/li><li class='sitemap-link'><a href='https:\/\/flsportscoast.com\/de\/blog\/'>Bloggen<\/a><ul id='sitemap-section-page' class='sitemap-section'><li class='sitemap-link'><a href='https:\/\/flsportscoast.com\/de\/blog\/a-guest-in-the-wild\/'>Ein Gast in der Wildnis<\/a><\/li><\/ul><\/li><li class='sitemap-link'><a href='https:\/\/flsportscoast.com\/de\/buccaneers-home-game-ticket-giveaway-terms-and-conditions\/'>Buccaneers-Heimspielticket-Gewinnspiel \u2013 Allgemeine Gesch\u00e4ftsbedingungen<\/a><\/li><li class='sitemap-link'><a href='https:\/\/flsportscoast.com\/de\/experience-floridas-sports-coast-marketing-co-ops\/'>Koop-M\u00f6glichkeiten<\/a><\/li><li class='sitemap-link'><a href='https:\/\/flsportscoast.com\/de\/contact\/'>Kontakt<\/a><\/li><li class='sitemap-link'><a href='https:\/\/flsportscoast.com\/de\/specials\/'>Angebote &amp; Sonderangebote<\/a><\/li><li class='sitemap-link'><a href='https:\/\/flsportscoast.com\/de\/destination\/'>Ziel<\/a><ul id='sitemap-section-page' class='sitemap-section'><li class='sitemap-link'><a href='https:\/\/flsportscoast.com\/de\/destination\/anclote-key-state-park\/'>Anclote Key State Park<\/a><\/li><li class='sitemap-link'><a href='https:\/\/flsportscoast.com\/de\/destination\/dade-city\/'>Dade City<\/a><\/li><li class='sitemap-link'><a href='https:\/\/flsportscoast.com\/de\/destination\/new-port-richey\/'>Neu Port Richey<\/a><\/li><li class='sitemap-link'><a href='https:\/\/flsportscoast.com\/de\/destination\/wesley-chapel\/'>Wesley-Kapelle<\/a><\/li><li class='sitemap-link'><a href='https:\/\/flsportscoast.com\/de\/destination\/zephyrhills\/'>Zephyrh\u00fcgel<\/a><\/li><\/ul><\/li><li class='sitemap-link'><a href='https:\/\/flsportscoast.com\/de\/destination-guide\/'>Zielf\u00fchrer<\/a><\/li><li class='sitemap-link'><a href='https:\/\/flsportscoast.com\/de\/eat-and-drink\/'>Essen trinken<\/a><ul id='sitemap-section-page' class='sitemap-section'><li class='sitemap-link'><a href='https:\/\/flsportscoast.com\/de\/eat-and-drink\/bars\/'>Riegel<\/a><\/li><li class='sitemap-link'><a href='https:\/\/flsportscoast.com\/de\/eat-and-drink\/breweries\/'>Brauereien<\/a><\/li><li class='sitemap-link'><a href='https:\/\/flsportscoast.com\/de\/eat-and-drink\/restaurants\/'>Restaurants<\/a><\/li><\/ul><\/li><li class='sitemap-link'><a href='https:\/\/flsportscoast.com\/de\/enter-to-win-tampa-bay-lightning-tickets\/'>Machen Sie mit, um Tampa Bay Lightning Tickets zu gewinnen<\/a><\/li><li class='sitemap-link'><a href='https:\/\/flsportscoast.com\/de\/events\/'>Veranstaltungen<\/a><ul id='sitemap-section-page' class='sitemap-section'><li class='sitemap-link'><a href='https:\/\/flsportscoast.com\/de\/events\/submit-your-event\/'>Reichen Sie Ihre Veranstaltung ein<\/a><\/li><\/ul><\/li><li class='sitemap-link'><a href='https:\/\/flsportscoast.com\/de\/film\/'>Film<\/a><ul id='sitemap-section-page' class='sitemap-section'><li class='sitemap-link'><a href='https:\/\/flsportscoast.com\/de\/film\/apply-for-a-film-permit\/'>Beantragen Sie eine Filmgenehmigung<\/a><\/li><\/ul><\/li><li class='sitemap-link'><a href='https:\/\/flsportscoast.com\/de\/floridas-sports-coast-designated-as-a-certified-autism-center\/'>Floridas Sportk\u00fcste, die als zertifiziertes Autismuszentrum ausgewiesen ist<\/a><\/li><li class='sitemap-link'><a href='https:\/\/flsportscoast.com\/de\/water-adventures-on-floridas-sports-coast\/'>Steigen Sie an Floridas Sportk\u00fcste aufs Wasser<\/a><\/li><li class='sitemap-link'><a href='https:\/\/flsportscoast.com\/de\/giveaway-terms-conditions\/'>Allgemeine Gesch\u00e4ftsbedingungen f\u00fcr Gewinnspiele<\/a><\/li><li class='sitemap-link'><a href='https:\/\/flsportscoast.com\/de\/health-advisory\/'>Gesundheitsberatung<\/a><\/li><li class='sitemap-link'><a href='https:\/\/flsportscoast.com\/de\/restock-our-guides\/'>Helfen Sie uns, unsere Reisef\u00fchrer stets auf dem neuesten Stand zu halten!<\/a><\/li><li class='sitemap-link'><a href='https:\/\/flsportscoast.com\/de\/'>Heim<\/a><\/li><li class='sitemap-link'><a href='https:\/\/flsportscoast.com\/de\/irresistible-broiled-scallops-in-the-shell\/'>Unwiderstehliche gegrillte Jakobsmuscheln in der Schale<\/a><\/li><li class='sitemap-link'><a href='https:\/\/flsportscoast.com\/de\/july-fun-pack-giveaway-terms-and-conditions\/'>Gewinnspiel \u201eFun Pack\u201c im Juli \u2013 Teilnahmebedingungen<\/a><\/li><li class='sitemap-link'><a href='https:\/\/flsportscoast.com\/de\/listings\/'>Auflistungen<\/a><\/li><li class='sitemap-link'><a href='https:\/\/flsportscoast.com\/de\/meetings\/'>Treffen<\/a><ul id='sitemap-section-page' class='sitemap-section'><li class='sitemap-link'><a href='https:\/\/flsportscoast.com\/de\/meetings\/beyond-the-boardroom\/'>Jenseits des Sitzungssaals<\/a><\/li><li class='sitemap-link'><a href='https:\/\/flsportscoast.com\/de\/meetings\/request-for-proposal\/'>Angebotsanfrage<\/a><\/li><\/ul><\/li><li class='sitemap-link'><a href='https:\/\/flsportscoast.com\/de\/sports-highlights-on-floridas-sports-coast\/'>Nun zu den Highlights an Floridas Sports Coast<\/a><\/li><li class='sitemap-link'><a href='https:\/\/flsportscoast.com\/de\/pan-seared-bay-scallop-dinner\/'>Abendessen mit in der Pfanne gebratenen Jakobsmuscheln<\/a><\/li><li class='sitemap-link'><a href='https:\/\/flsportscoast.com\/de\/partners\/'>Partner<\/a><ul id='sitemap-section-page' class='sitemap-section'><li class='sitemap-link'><a href='https:\/\/flsportscoast.com\/de\/partners\/materials-request\/'>Materialanfrage<\/a><\/li><\/ul><\/li><li class='sitemap-link'><a href='https:\/\/flsportscoast.com\/de\/press\/'>Dr\u00fccken Sie<\/a><ul id='sitemap-section-page' class='sitemap-section'><li class='sitemap-link'><a href='https:\/\/flsportscoast.com\/de\/press\/asset-request\/'>Asset-Anfrage<\/a><\/li><li class='sitemap-link'><a href='https:\/\/flsportscoast.com\/de\/press\/media-request\/'>Medienanfrage<\/a><\/li><li class='sitemap-link'><a href='https:\/\/flsportscoast.com\/de\/press\/media-visit-request\/'>Medienbesuchsanfrage<\/a><\/li><li class='sitemap-link'><a href='https:\/\/flsportscoast.com\/de\/press\/photo-and-video-gallery\/'>Foto- und Videogalerie<\/a><\/li><li class='sitemap-link'><a href='https:\/\/flsportscoast.com\/de\/press\/story-ideas\/'>Story-Ideen<\/a><\/li><\/ul><\/li><li class='sitemap-link'><a href='https:\/\/flsportscoast.com\/de\/privacy-policy\/'>Datenschutz-Bestimmungen<\/a><\/li><li class='sitemap-link'><a href='https:\/\/flsportscoast.com\/de\/recipes\/'>Rezepte<\/a><\/li><li class='sitemap-link'><a href='https:\/\/flsportscoast.com\/de\/savory-scallop-scampi\/'>Pikante Garnelen und Jakobsmuscheln Scampi<\/a><\/li><li class='sitemap-link'><a href='https:\/\/flsportscoast.com\/de\/scallop-sorters-in-pasco-county\/'>Jakobsmuschelsortierer im Pasco County<\/a><\/li><li class='sitemap-link'><a href='https:\/\/flsportscoast.com\/de\/scalloping\/'>\u00dcberbacken<\/a><\/li><li class='sitemap-link'><a href='https:\/\/flsportscoast.com\/de\/scalloping-prep-101\/'>Jakobsmuschel-Vorbereitung 101<\/a><\/li><li class='sitemap-link'><a href='https:\/\/flsportscoast.com\/de\/family-treasure-hunt-on-floridas-sports-coast\/'>Durchsuchen Sie die Gew\u00e4sser von Floridas Sportk\u00fcste bei einer Familienschatzsuche<\/a><\/li><li class='sitemap-link'><a href='https:\/\/flsportscoast.com\/de\/share-your-experience-share-your-pics\/'>Teilen Sie Ihre Erfahrungen | Teilen Sie Ihre Bilder!<\/a><\/li><li class='sitemap-link'><a href='https:\/\/flsportscoast.com\/de\/site-map\/'>Seitenverzeichnis<\/a><\/li><li class='sitemap-link'><a href='https:\/\/flsportscoast.com\/de\/sports-tourism\/'>Sporttourismus<\/a><ul id='sitemap-section-page' class='sitemap-section'><li class='sitemap-link'><a href='https:\/\/flsportscoast.com\/de\/sports-tourism\/essa-elite-soccer\/'>ESSA Elite-Fu\u00dfball<\/a><\/li><li class='sitemap-link'><a href='https:\/\/flsportscoast.com\/de\/sports-tourism\/pasco-county-parks\/'>Pasco County Parks<\/a><\/li><li class='sitemap-link'><a href='https:\/\/flsportscoast.com\/de\/sports-tourism\/the-beach-at-bishop\/'>Der Strand von Bishop<\/a><\/li><li class='sitemap-link'><a href='https:\/\/flsportscoast.com\/de\/sports-tourism\/volunteer-for-floridas-sports-coast\/'>Freiwilliger f\u00fcr Sports County<\/a><\/li><\/ul><\/li><li class='sitemap-link'><a href='https:\/\/flsportscoast.com\/de\/stay\/'>Bleiben<\/a><\/li><li class='sitemap-link'><a href='https:\/\/flsportscoast.com\/de\/thank-you-email-sign-up\/'>Vielen Dank \u2013 E-Mail-Anmeldung<\/a><\/li><li class='sitemap-link'><a href='https:\/\/flsportscoast.com\/de\/thank-you-guide-request\/'>Danke \u2013 Leitfadenanfrage<\/a><\/li><li class='sitemap-link'><a href='https:\/\/flsportscoast.com\/de\/the-remarkable-journey-of-bay-scallops\/'>Die bemerkenswerte Reise der Jakobsmuscheln<\/a><\/li><li class='sitemap-link'><a href='https:\/\/flsportscoast.com\/de\/things-to-do\/'>Dinge die zu tun sind<\/a><ul id='sitemap-section-page' class='sitemap-section'><li class='sitemap-link'><a href='https:\/\/flsportscoast.com\/de\/things-to-do\/agritourism\/'>Agrotourismus<\/a><\/li><li class='sitemap-link'><a href='https:\/\/flsportscoast.com\/de\/things-to-do\/family-friendly\/'>Familienfreundlich<\/a><\/li><li class='sitemap-link'><a href='https:\/\/flsportscoast.com\/de\/things-to-do\/fishing-and-charters\/'>Angeln &amp; Charter<\/a><\/li><li class='sitemap-link'><a href='https:\/\/flsportscoast.com\/de\/things-to-do\/golf-courses-resorts\/'>Golfpl\u00e4tze &amp; Resorts<\/a><\/li><li class='sitemap-link'><a href='https:\/\/flsportscoast.com\/de\/things-to-do\/outdoor-adventures\/'>Outdoor-Abenteuer<\/a><\/li><li class='sitemap-link'><a href='https:\/\/flsportscoast.com\/de\/things-to-do\/shopping\/'>Einkaufen<\/a><\/li><li class='sitemap-link'><a href='https:\/\/flsportscoast.com\/de\/things-to-do\/water-activities\/'>Wasseraktivit\u00e4ten<\/a><\/li><\/ul><\/li><li class='sitemap-link'><a href='https:\/\/flsportscoast.com\/de\/tourism-banquet\/'>Tourismus-Bankett<\/a><\/li><li class='sitemap-link'><a href='https:\/\/flsportscoast.com\/de\/travel-and-weather\/'>Reisen und Wetter<\/a><\/li><li class='sitemap-link'><a href='https:\/\/flsportscoast.com\/de\/live-weather-view\/'>Wetter-Update<\/a><\/li><li class='sitemap-link'><a href='https:\/\/flsportscoast.com\/de\/weddings\/'>Hochzeiten<\/a><\/li><\/ul><\/div><div class=\"sitemap-wrapper\"><a name='post' class='post-type-link'><\/a><h2 data-posttype='post' class='post-type-title'>Bloggen<\/h2><ul id='sitemap-section-post' class='sitemap-section top-section'><li class='sitemap-link'><a href='https:\/\/flsportscoast.com\/de\/getbacktoadventure-with-a-3-day-family-weekend\/'>#GGetBackToAdventure mit einem 3-t\u00e4gigen Familienwochenende<\/a><\/li><li class='sitemap-link'><a href='https:\/\/flsportscoast.com\/de\/2025-floridas-sports-coast-bucket-list\/'>2025 Floridas Sports Coast Bucket List: Spannende Abenteuer in der Tampa Bay Area<\/a><\/li><li class='sitemap-link'><a href='https:\/\/flsportscoast.com\/de\/5-ways-to-plan-a-safe-spring-break-on-floridas-sports-coast\/'>5 M\u00f6glichkeiten, einen sicheren Fr\u00fchlingsurlaub an Floridas Sportk\u00fcste zu planen<\/a><\/li><li class='sitemap-link'><a href='https:\/\/flsportscoast.com\/de\/6-unique-places-to-stay-on-floridas-sports-coast\/'>6 einzigartige Unterk\u00fcnfte an Floridas Sportk\u00fcste<\/a><\/li><li class='sitemap-link'><a href='https:\/\/flsportscoast.com\/de\/a-dinner-to-remember\/'>Ein unvergessliches Abendessen<\/a><\/li><li class='sitemap-link'><a href='https:\/\/flsportscoast.com\/de\/discover-breweries-on-floridas-sports-coast\/'>Entdecken Sie Brauereien entlang des Sports Coast Ale Trail<\/a><\/li><li class='sitemap-link'><a href='https:\/\/flsportscoast.com\/de\/dive-into-your-next-adventure-on-floridas-sports-coast\/'>Tauchen Sie ein in Ihr n\u00e4chstes Abenteuer an Floridas Sports Coast<\/a><\/li><li class='sitemap-link'><a href='https:\/\/flsportscoast.com\/de\/escape-from-boring-beer-experience-floridas-sports-coast\/'>Entfliehen Sie dem langweiligen Bier und erleben Sie Floridas Sportk\u00fcste<\/a><\/li><li class='sitemap-link'><a href='https:\/\/flsportscoast.com\/de\/extreme-adventure-on-floridas-sports-coast\/'>Extremes Abenteuer an Floridas Sportk\u00fcste<\/a><\/li><li class='sitemap-link'><a href='https:\/\/flsportscoast.com\/de\/find-your-adventure-in-floridas-sports-coast\/'>Finden Sie Ihr Abenteuer an Floridas Sportk\u00fcste\u00a0<\/a><\/li><li class='sitemap-link'><a href='https:\/\/flsportscoast.com\/de\/find-your-next-outdoor-adventure-on-floridas-sports-coast\/'>Finden Sie Ihr n\u00e4chstes Outdoor-Abenteuer an Floridas Sports Coast<\/a><\/li><li class='sitemap-link'><a href='https:\/\/flsportscoast.com\/de\/fishing-on-floridas-sports-coast\/'>Angeln an Floridas Sports Coast<\/a><\/li><li class='sitemap-link'><a href='https:\/\/flsportscoast.com\/de\/beyond-the-boardroom\/'>Gehen Sie \u00fcber den Sitzungssaal an Floridas Sports Coast hinaus<\/a><\/li><li class='sitemap-link'><a href='https:\/\/flsportscoast.com\/de\/home-to-world-class-athletes\/'>Heimat von Weltklasse-Athleten<\/a><\/li><li class='sitemap-link'><a href='https:\/\/flsportscoast.com\/de\/join-us-for-a-culinary-tour-of-new-port-richey\/'>Begleiten Sie uns auf einer kulinarischen Tour durch New Port Richey<\/a><\/li><li class='sitemap-link'><a href='https:\/\/flsportscoast.com\/de\/floridas-sports-coasts-bicycle-trails\/'>Routen verkn\u00fcpfen: Entdecken Sie die Radwege an Floridas Sportk\u00fcste!<\/a><\/li><li class='sitemap-link'><a href='https:\/\/flsportscoast.com\/de\/meetings-and-more-in-floridas-sports-coast\/'>Meetings und mehr an der Sports Coast von Florida<\/a><\/li><li class='sitemap-link'><a href='https:\/\/flsportscoast.com\/de\/new-ways-to-play\/'>Neue Spielm\u00f6glichkeiten!<\/a><\/li><li class='sitemap-link'><a href='https:\/\/flsportscoast.com\/de\/outdoor-fun-on-floridas-sports-coast\/'>Outdoor-Spa\u00df an Floridas Sportk\u00fcste<\/a><\/li><li class='sitemap-link'><a href='https:\/\/flsportscoast.com\/de\/pasco-county-a-birdwatching-paradise\/'>Pasco County: Ein Vogelbeobachtungsparadies<\/a><\/li><li class='sitemap-link'><a href='https:\/\/flsportscoast.com\/de\/plan-the-perfect-staycation\/'>Planen Sie den perfekten Aufenthalt<\/a><\/li><li class='sitemap-link'><a href='https:\/\/flsportscoast.com\/de\/scalloping-floridas-sports-coast-is-a-fun-filled-aquatic-adventure\/'>Scalloping an Floridas Sports Coast ist ein spa\u00dfiges Wasserabenteuer<\/a><\/li><li class='sitemap-link'><a href='https:\/\/flsportscoast.com\/de\/score-the-perfect-weekend\/'>Erzielen Sie das perfekte Wochenende an Floridas Sport Coast<\/a><\/li><li class='sitemap-link'><a href='https:\/\/flsportscoast.com\/de\/shopping-on-floridas-sports-coast\/'>Einkaufen an Floridas Sports Coast<\/a><\/li><li class='sitemap-link'><a href='https:\/\/flsportscoast.com\/de\/new-port-richey-blog-post\/'>Der perfekte Tag in der Innenstadt von New Port Richey<\/a><\/li><li class='sitemap-link'><a href='https:\/\/flsportscoast.com\/de\/the-top-water-adventures-on-floridas-sports-coast\/'>Die besten Wasserabenteuer an Floridas Sportk\u00fcste<\/a><\/li><li class='sitemap-link'><a href='https:\/\/flsportscoast.com\/de\/then-and-now-the-hacienda-hotel\/'>Damals und heute: Das Hacienda Hotel<\/a><\/li><li class='sitemap-link'><a href='https:\/\/flsportscoast.com\/de\/top-5-things-to-know-before-your-outdoor-adventure-on-floridas-sports-coast\/'>Die 5 wichtigsten Dinge, die Sie wissen sollten, bevor Sie an Floridas Sportk\u00fcste campen<\/a><\/li><li class='sitemap-link'><a href='https:\/\/flsportscoast.com\/de\/weddings-on-floridas-sports-coast\/'>Hochzeiten an Floridas Sportk\u00fcste<\/a><\/li><li class='sitemap-link'><a href='https:\/\/flsportscoast.com\/de\/what-to-eat-at-dade-citys-kumquat-festival\/'>Was gibt es beim Kumquat Festival in Dade City zu essen?<\/a><\/li><li class='sitemap-link'><a href='https:\/\/flsportscoast.com\/de\/your-ultimate-guide-to-spring-break-on-floridas-sports-coast\/'>Ihr ultimativer Leitfaden f\u00fcr den Spring Break an Floridas Sportk\u00fcste<\/a><\/li><\/ul><\/div>    <\/section>\n    <\/div>\n<\/div>","protected":false},"excerpt":{"rendered":"<p>The Pasco County Tourism verpflichtet sich, Ihre Datenschutzrechte beim Besuch\u2026<\/p>","protected":false},"author":1,"featured_media":0,"parent":0,"menu_order":0,"comment_status":"closed","ping_status":"closed","template":"","meta":{"_acf_changed":false,"wprm-recipe-roundup-name":"","wprm-recipe-roundup-description":"","footnotes":""},"categories":[],"tags":[],"class_list":["post-61","page","type-page","status-publish","hentry"],"acf":[],"yoast_head":"<!-- This site is optimized with the Yoast SEO plugin v24.1 - https:\/\/yoast.com\/wordpress\/plugins\/seo\/ -->\n<title>Site Map | Florida&#039;s Sports Coast<\/title>\n<meta name=\"description\" content=\"Site Map\" \/>\n<meta name=\"robots\" content=\"index, follow, max-snippet:-1, max-image-preview:large, max-video-preview:-1\" \/>\n<link rel=\"canonical\" href=\"https:\/\/flsportscoast.com\/de\/site-map\/\" \/>\n<meta property=\"og:locale\" content=\"de_DE\" \/>\n<meta property=\"og:type\" content=\"article\" \/>\n<meta property=\"og:title\" content=\"Site Map | Florida&#039;s Sports Coast\" \/>\n<meta property=\"og:description\" content=\"Site Map\" \/>\n<meta property=\"og:url\" content=\"https:\/\/flsportscoast.com\/de\/site-map\/\" \/>\n<meta property=\"og:site_name\" content=\"Florida&#039;s Sports Coast\" \/>\n<meta property=\"article:publisher\" content=\"https:\/\/www.facebook.com\/FLSportsCoast\/\" \/>\n<meta property=\"article:modified_time\" content=\"2023-02-23T18:15:29+00:00\" \/>\n<meta name=\"twitter:card\" content=\"summary_large_image\" \/>\n<meta name=\"twitter:site\" content=\"@FLSportsCoast\" \/>\n<meta name=\"twitter:label1\" content=\"Est. reading time\" \/>\n\t<meta name=\"twitter:data1\" content=\"1 minute\" \/>\n<script type=\"application\/ld+json\" class=\"yoast-schema-graph\">{\"@context\":\"https:\/\/schema.org\",\"@graph\":[{\"@type\":\"WebPage\",\"@id\":\"https:\/\/flsportscoast.com\/site-map\/\",\"url\":\"https:\/\/flsportscoast.com\/site-map\/\",\"name\":\"Site Map | Florida&#039;s Sports Coast\",\"isPartOf\":{\"@id\":\"https:\/\/flsportscoast.com\/#website\"},\"datePublished\":\"2022-02-01T13:01:14+00:00\",\"dateModified\":\"2023-02-23T18:15:29+00:00\",\"description\":\"Site Map\",\"breadcrumb\":{\"@id\":\"https:\/\/flsportscoast.com\/site-map\/#breadcrumb\"},\"inLanguage\":\"de-DE\",\"potentialAction\":[{\"@type\":\"ReadAction\",\"target\":[\"https:\/\/flsportscoast.com\/site-map\/\"]}]},{\"@type\":\"BreadcrumbList\",\"@id\":\"https:\/\/flsportscoast.com\/site-map\/#breadcrumb\",\"itemListElement\":[{\"@type\":\"ListItem\",\"position\":1,\"name\":\"Home\",\"item\":\"https:\/\/flsportscoast.com\/\"},{\"@type\":\"ListItem\",\"position\":2,\"name\":\"Site Map\"}]},{\"@type\":\"WebSite\",\"@id\":\"https:\/\/flsportscoast.com\/#website\",\"url\":\"https:\/\/flsportscoast.com\/\",\"name\":\"Florida&#039;s Sports Coast\",\"description\":\"\",\"publisher\":{\"@id\":\"https:\/\/flsportscoast.com\/#organization\"},\"potentialAction\":[{\"@type\":\"SearchAction\",\"target\":{\"@type\":\"EntryPoint\",\"urlTemplate\":\"https:\/\/flsportscoast.com\/?s={search_term_string}\"},\"query-input\":{\"@type\":\"PropertyValueSpecification\",\"valueRequired\":true,\"valueName\":\"search_term_string\"}}],\"inLanguage\":\"de-DE\"},{\"@type\":\"Organization\",\"@id\":\"https:\/\/flsportscoast.com\/#organization\",\"name\":\"Florida Sports Coast\",\"url\":\"https:\/\/flsportscoast.com\/\",\"logo\":{\"@type\":\"ImageObject\",\"inLanguage\":\"de-DE\",\"@id\":\"https:\/\/flsportscoast.com\/#\/schema\/logo\/image\/\",\"url\":\"https:\/\/flsportscoast.com\/wp-content\/uploads\/2022\/07\/fl-sports-coast-logo-color.png\",\"contentUrl\":\"https:\/\/flsportscoast.com\/wp-content\/uploads\/2022\/07\/fl-sports-coast-logo-color.png\",\"width\":1028,\"height\":1028,\"caption\":\"Florida Sports Coast\"},\"image\":{\"@id\":\"https:\/\/flsportscoast.com\/#\/schema\/logo\/image\/\"},\"sameAs\":[\"https:\/\/www.facebook.com\/FLSportsCoast\/\",\"https:\/\/x.com\/FLSportsCoast\",\"https:\/\/www.pinterest.com\/FLSportsCoast\/\",\"https:\/\/www.instagram.com\/flsportscoast\/\",\"https:\/\/www.youtube.com\/channel\/UCJNh4zCnO3RPH6D9NPAoyGQ\"]}]}<\/script>\n<!-- \/ Yoast SEO plugin. -->","yoast_head_json":{"title":"Sitemap | Floridas Sportk\u00fcste","description":"Seitenverzeichnis","robots":{"index":"index","follow":"follow","max-snippet":"max-snippet:-1","max-image-preview":"max-image-preview:large","max-video-preview":"max-video-preview:-1"},"canonical":"https:\/\/flsportscoast.com\/de\/site-map\/","og_locale":"de_DE","og_type":"article","og_title":"Site Map | Florida&#039;s Sports Coast","og_description":"Site Map","og_url":"https:\/\/flsportscoast.com\/de\/site-map\/","og_site_name":"Florida&#039;s Sports Coast","article_publisher":"https:\/\/www.facebook.com\/FLSportsCoast\/","article_modified_time":"2023-02-23T18:15:29+00:00","twitter_card":"summary_large_image","twitter_site":"@FLSportsCoast","twitter_misc":{"Est. reading time":"1 minute"},"schema":{"@context":"https:\/\/schema.org","@graph":[{"@type":"WebPage","@id":"https:\/\/flsportscoast.com\/site-map\/","url":"https:\/\/flsportscoast.com\/site-map\/","name":"Sitemap | Floridas Sportk\u00fcste","isPartOf":{"@id":"https:\/\/flsportscoast.com\/#website"},"datePublished":"2022-02-01T13:01:14+00:00","dateModified":"2023-02-23T18:15:29+00:00","description":"Seitenverzeichnis","breadcrumb":{"@id":"https:\/\/flsportscoast.com\/site-map\/#breadcrumb"},"inLanguage":"de-DE","potentialAction":[{"@type":"ReadAction","target":["https:\/\/flsportscoast.com\/site-map\/"]}]},{"@type":"BreadcrumbList","@id":"https:\/\/flsportscoast.com\/site-map\/#breadcrumb","itemListElement":[{"@type":"ListItem","position":1,"name":"Home","item":"https:\/\/flsportscoast.com\/"},{"@type":"ListItem","position":2,"name":"Site Map"}]},{"@type":"WebSite","@id":"https:\/\/flsportscoast.com\/#website","url":"https:\/\/flsportscoast.com\/","name":"Floridas Sportk\u00fcste","description":"","publisher":{"@id":"https:\/\/flsportscoast.com\/#organization"},"potentialAction":[{"@type":"SearchAction","target":{"@type":"EntryPoint","urlTemplate":"https:\/\/flsportscoast.com\/?s={search_term_string}"},"query-input":{"@type":"PropertyValueSpecification","valueRequired":true,"valueName":"search_term_string"}}],"inLanguage":"de-DE"},{"@type":"Organization","@id":"https:\/\/flsportscoast.com\/#organization","name":"Floridas Sportk\u00fcste","url":"https:\/\/flsportscoast.com\/","logo":{"@type":"ImageObject","inLanguage":"de-DE","@id":"https:\/\/flsportscoast.com\/#\/schema\/logo\/image\/","url":"https:\/\/flsportscoast.com\/wp-content\/uploads\/2022\/07\/fl-sports-coast-logo-color.png","contentUrl":"https:\/\/flsportscoast.com\/wp-content\/uploads\/2022\/07\/fl-sports-coast-logo-color.png","width":1028,"height":1028,"caption":"Florida Sports Coast"},"image":{"@id":"https:\/\/flsportscoast.com\/#\/schema\/logo\/image\/"},"sameAs":["https:\/\/www.facebook.com\/FLSportsCoast\/","https:\/\/x.com\/FLSportsCoast","https:\/\/www.pinterest.com\/FLSportsCoast\/","https:\/\/www.instagram.com\/flsportscoast\/","https:\/\/www.youtube.com\/channel\/UCJNh4zCnO3RPH6D9NPAoyGQ"]}]}},"meta_fields":{"_edit_lock":"1704834951:1","_edit_last":"1","_yoast_wpseo_estimated-reading-time-minutes":"1","_yoast_wpseo_wordproof_timestamp":""},"thumb_url":false,"_links":{"self":[{"href":"https:\/\/flsportscoast.com\/de\/wp-json\/wp\/v2\/pages\/61","targetHints":{"allow":["GET"]}}],"collection":[{"href":"https:\/\/flsportscoast.com\/de\/wp-json\/wp\/v2\/pages"}],"about":[{"href":"https:\/\/flsportscoast.com\/de\/wp-json\/wp\/v2\/types\/page"}],"author":[{"embeddable":true,"href":"https:\/\/flsportscoast.com\/de\/wp-json\/wp\/v2\/users\/1"}],"replies":[{"embeddable":true,"href":"https:\/\/flsportscoast.com\/de\/wp-json\/wp\/v2\/comments?post=61"}],"version-history":[{"count":6,"href":"https:\/\/flsportscoast.com\/de\/wp-json\/wp\/v2\/pages\/61\/revisions"}],"predecessor-version":[{"id":230824,"href":"https:\/\/flsportscoast.com\/de\/wp-json\/wp\/v2\/pages\/61\/revisions\/230824"}],"wp:attachment":[{"href":"https:\/\/flsportscoast.com\/de\/wp-json\/wp\/v2\/media?parent=61"}],"wp:term":[{"taxonomy":"category","embeddable":true,"href":"https:\/\/flsportscoast.com\/de\/wp-json\/wp\/v2\/categories?post=61"},{"taxonomy":"post_tag","embeddable":true,"href":"https:\/\/flsportscoast.com\/de\/wp-json\/wp\/v2\/tags?post=61"}],"curies":[{"name":"wp","href":"https:\/\/api.w.org\/{rel}","templated":true}]}}