{"id":232083,"date":"2024-06-11T15:58:10","date_gmt":"2024-06-11T19:58:10","guid":{"rendered":"https:\/\/flsportscoast.com\/?page_id=232083"},"modified":"2024-06-11T16:03:32","modified_gmt":"2024-06-11T20:03:32","slug":"july-fun-pack-giveaway-terms-and-conditions","status":"publish","type":"page","link":"https:\/\/flsportscoast.com\/de\/july-fun-pack-giveaway-terms-and-conditions\/","title":{"rendered":"Gewinnspiel \u201eFun Pack\u201c im Juli \u2013 Teilnahmebedingungen"},"content":{"rendered":"<h2 class=\"wp-block-heading has-text-align-center has-deep-blue-color has-text-color\" id=\"official-rule\">Offizielle Regeln <\/h2>\n\n\n\n<h2 class=\"wp-block-heading has-text-align-center has-deep-blue-color has-text-color\" id=\"official-rule\">Kein Kauf erforderlich<\/h2>\n\n\n\n<h2 class=\"wp-block-heading has-text-align-center has-deep-blue-color has-text-color\" id=\"official-rule\">Ung\u00fcltig, wenn verboten<\/h2>\n\n\n\n<div class=\"wp-block-columns is-layout-flex wp-container-core-columns-is-layout-1 wp-block-columns-is-layout-flex\" style=\"justify-content:center\">\n<div class=\"wp-block-column is-layout-flow wp-block-column-is-layout-flow\" style=\"flex-basis:5%\"><\/div>\n\n\n\n<div class=\"wp-block-column is-layout-flow wp-block-column-is-layout-flow\" style=\"padding-top:5%;padding-right:5%;padding-bottom:5%;padding-left:5%;flex-basis:50%\">\n<ol class=\"wp-block-list\">\n<li>Aktionszeitraum: Diese Florida&#039;s Sports Coast-Aktion (\u201eAktion\u201c) beginnt um 12:00 Uhr Eastern<br>Zeit (\u201eET\u201c) am 12. Juni 2024 und endet um 23:59 Uhr ET am oder um den 21. Juni 2024 (\u201eAktionszeitraum\u201c).<\/li>\n\n\n\n<li>Teilnahmeberechtigung: Nur f\u00fcr legale Einwohner der USA, die zum Zeitpunkt der Teilnahme mindestens 21 Jahre alt sind. Mitarbeiter von Florida&#039;s Sports Coast\/Pasco County, Florida (\u201eSponsor\u201c) und aller seiner Partner, Muttergesellschaften, Tochtergesellschaften, Preisanbieter sowie Werbe- und Promotionagenturen, die mit der Aktion in Verbindung stehen (zusammen \u201eWerbeunternehmen\u201c), sowie Mitglieder ihrer unmittelbaren Familienangeh\u00f6rigen (Ehepartner, Eltern, Kinder und Geschwister und deren Ehepartner) und\/oder Personen, die im selben Haushalt wie die jeweiligen Mitarbeiter leben, sind nicht teilnahmeberechtigt. Ung\u00fcltig, wo gesetzlich verboten oder eingeschr\u00e4nkt. Vorbehaltlich aller anwendbaren Bundes-, Staats- und Kommunalgesetze, Verordnungen und Vorschriften. Um den Pilsner-Preis zu erhalten, m\u00fcssen Sie mindestens 21 Jahre alt sein. Mit der Teilnahme an der Aktion akzeptieren die Teilnehmer diese offiziellen Regeln und stimmen ihnen zu.<\/li>\n\n\n\n<li>So nehmen Sie teil: Um teilzunehmen, muss eine Person w\u00e4hrend des Aktionszeitraums den offiziellen Beitrag f\u00fcr das Gewinnspiel auf Facebook liken und: 1) spannende Pl\u00e4ne f\u00fcr den 4. Juli in den Kommentaren teilen. 2) ZWEI Freunde in den Kommentaren markieren. 3) Uns auf Facebook UND Instagram folgen. 4) BONUSTEILNAHME: F\u00fcgen Sie diesen Beitrag zu Ihrer Story hinzu. Jeder Social-Media-Beitrag nimmt an der zuf\u00e4lligen Ziehung teil und bietet die Chance, den Hauptpreis zu gewinnen. W\u00e4hrend des Aktionszeitraums sind maximal f\u00fcnf (5) Teilnahmen pro Person m\u00f6glich.<\/li>\n\n\n\n<li>Benachrichtigung\/Verifizierung der Gewinner: Der potenzielle Gewinner des Hauptpreises wird per Facebook-Story benachrichtigt. Der Sponsor beh\u00e4lt sich das Recht vor, die Aktion oder Teile davon abzubrechen, auszusetzen und\/oder zu \u00e4ndern, wenn Betrug, technische Fehler oder andere Faktoren au\u00dferhalb der angemessenen Kontrolle des Sponsors die Integrit\u00e4t oder den ordnungsgem\u00e4\u00dfen Ablauf der Aktion beeintr\u00e4chtigen, wie vom Sponsor nach eigenem Ermessen bestimmt. Im Falle einer Stornierung wird der Hauptpreis in einer zuf\u00e4lligen Ziehung unter allen g\u00fcltigen Einsendungen vergeben, die vor der Stornierung gem\u00e4\u00df diesen offiziellen Regeln eingegangen sind. Die Nichtdurchsetzung einer Bestimmung dieser offiziellen Regeln durch den Sponsor stellt keinen Verzicht auf diese Bestimmung dar.<br>WARNUNG: JEDER VERSUCH EINES TEILNEHMERS ODER EINER ANDEREN PERSON, EINE WEBSITE ODER SOCIAL-MEDIA-SEITE, DIE MIT DIESER AKTION VERBUNDEN IST, VORS\u00c4TZLICH ZU BESCH\u00c4DIGEN ODER DIE RECHTM\u00c4SSIGE DURCHF\u00dcHRUNG DER AKTION ZU UNTERGRABEN, KANN EINE VERLETZUNG DES STRAF- UND ZIVILRECHTS DARSTELLEN; SOLLTE EIN SOLCHER VERSUCH UNTERNEHMEN WERDEN, BEH\u00c4LT SICH DER SPONSOR DAS RECHT VOR, EINE SOLCHE PERSON IM VOLLEN GESETZLICH ZUL\u00c4SSIGEN UMFANG ZU VERFOLGEN UND SCHADENSERSATZ ZU VERLANGEN. Der Sponsor beh\u00e4lt sich das Recht vor, nach eigenem Ermessen Personen zu disqualifizieren, die: versuchen, den Teilnahmeprozess und\/oder den rechtm\u00e4\u00dfigen Ablauf der Werbeaktion zu manipulieren oder zu untergraben; gegen die offiziellen Regeln versto\u00dfen; oder auf unsportliche oder st\u00f6rende Weise oder mit der Absicht zu handeln, eine andere Person zu \u00e4rgern, zu beschimpfen, zu bedrohen oder zu bel\u00e4stigen. Wenn die Aktion aus irgendeinem Grund nicht wie geplant durchgef\u00fchrt werden kann, kann der Sponsor nach eigenem Ermessen alle verd\u00e4chtigen Beitr\u00e4ge f\u00fcr ung\u00fcltig erkl\u00e4ren und (a) die Aktion \u00e4ndern oder die Aktion aussetzen, um die Beeintr\u00e4chtigung zu beheben, und die Aktion dann in a Weise, die dem Geist von am besten entspricht<br>diese offiziellen Regeln; oder (b) den Hauptpreis nach dem Zufallsprinzip unter allen teilnahmeberechtigten Einsendungen vergeben, die in \u00dcbereinstimmung mit wit<br>diese offiziellen Regeln vor der Stornierung.<\/li>\n\n\n\n<li>Gew\u00e4hrleistungen und Zusicherungen; Haftungsfreistellung: Sie (Gewinner) halten hiermit den Sponsor und jeden der<br>Bef\u00f6rderungsunternehmen und jeder ihrer jeweiligen leitenden Angestellten, Direktoren, Mitglieder, Manager, Mitarbeiter, Vertreter,<br>Vertreter, Rechtsnachfolger und Abtretungsempf\u00e4nger (die \u201efreigestellten Parteien\u201c) von und gegen Anspr\u00fcche Dritter schadlos zu halten<br>die sich aus der Nutzung eines Beitrags ergeben, und Sie verzichten auf das Recht, die Nutzung Ihres Beitrags durch den Sponsor zu pr\u00fcfen oder zu genehmigen<br>Verbindung mit der Werbeaktion oder um f\u00fcr solche Nutzungen entsch\u00e4digt zu werden. Die Teilnahme an der Werbeaktion stellt dar<br>Erlaubnis an den Sponsor, den Namen und die Adresse eines Gewinners und seines\/ihres Gastes im Zusammenhang mit der Verwaltung zu verwenden<br>der Aktion und wie gesetzlich vorgeschrieben. Durch die Teilnahme an der Aktion erkl\u00e4rt sich der Teilnehmer damit einverstanden, dass die freigestellten Parteien keinerlei Haftung \u00fcbernehmen und vom Teilnehmer schadlos gehalten werden f\u00fcr jegliche Haftung f\u00fcr K\u00f6rperverletzungen, Verluste oder Sch\u00e4den jeglicher Art an Personen, einschlie\u00dflich Tod, und Eigentum, die ganz oder teilweise, direkt oder indirekt, aus der Teilnahme, der Annahme, dem Besitz, der Verwendung oder dem Missbrauch des Hauptpreises oder eines Teils davon, falls zutreffend, oder der Teilnahme an der Aktion oder der Teilnahme an einer mit der Aktion verbundenen Aktivit\u00e4t resultieren. Sie erkl\u00e4ren und garantieren hiermit, dass Sie diese offiziellen Regeln gelesen haben und vollst\u00e4ndig vertraut sind mit<br>ihre Inhalte und erkl\u00e4ren sich damit einverstanden, an sie gebunden zu sein.<\/li>\n\n\n\n<li>Streitigkeiten: Teilnehmer und Gewinner erkl\u00e4ren sich damit einverstanden, dass alle Probleme und Fragen bez\u00fcglich der Gestaltung, G\u00fcltigkeit, Auslegung und Durchsetzbarkeit der Werbeaktion oder des \u201eJuly Fun Pack Giveaway\u201c den Gesch\u00e4ftsbedingungen von Florida&#039;s Sports Coast unterliegen und mit diesen \u00fcbereinstimmen.<\/li>\n\n\n\n<li>Sponsor\/Administrator: Sponsor der Aktion ist Florida&#039;s Sports Coast\/Pasco County, Florida,<br>1938 Duck Slough Blvd. Trinity, Florida 34655. <\/li>\n<\/ol>\n\n\n\n<p class=\"has-text-align-center\">Diese Werbeaktion wird in keiner Weise von Facebook, Twitter oder Instagram gesponsert, unterst\u00fctzt oder verwaltet oder ist damit verbunden. Sie verstehen, dass Sie Ihre Informationen dem Sponsor und nicht Facebook, Twitter oder Instagram zur Verf\u00fcgung stellen<\/p>\n<\/div>\n\n\n\n<div class=\"wp-block-column is-layout-flow wp-block-column-is-layout-flow\" style=\"flex-basis:5%\"><\/div>\n<\/div>","protected":false},"excerpt":{"rendered":"<p>Diese Werbeaktion wird in keiner Weise von Facebook, Twitter\u2026 gesponsert, unterst\u00fctzt oder verwaltet oder ist damit verbunden.<\/p>","protected":false},"author":8,"featured_media":0,"parent":0,"menu_order":0,"comment_status":"closed","ping_status":"closed","template":"","meta":{"_acf_changed":false,"wprm-recipe-roundup-name":"","wprm-recipe-roundup-description":"","footnotes":""},"categories":[],"tags":[],"class_list":["post-232083","page","type-page","status-publish","hentry"],"acf":[],"yoast_head":"<!-- This site is optimized with the Yoast SEO plugin v24.1 - https:\/\/yoast.com\/wordpress\/plugins\/seo\/ -->\n<title>July Fun Pack Giveaway - Terms and Conditions | Florida&#039;s Sports Coast<\/title>\n<meta name=\"description\" content=\"Official Rules No Purchase Necessary Void Where Prohibited Promotion Period: This Florida\u2019s Sports Coast promotion (\u201cPromotion\u201d) begins at 12:00 AM\" \/>\n<meta name=\"robots\" content=\"index, follow, max-snippet:-1, max-image-preview:large, max-video-preview:-1\" \/>\n<link rel=\"canonical\" href=\"https:\/\/flsportscoast.com\/de\/july-fun-pack-giveaway-terms-and-conditions\/\" \/>\n<meta property=\"og:locale\" content=\"de_DE\" \/>\n<meta property=\"og:type\" content=\"article\" \/>\n<meta property=\"og:title\" content=\"July Fun Pack Giveaway - Terms and Conditions | Florida&#039;s Sports Coast\" \/>\n<meta property=\"og:description\" content=\"Official Rules No Purchase Necessary Void Where Prohibited Promotion Period: This Florida\u2019s Sports Coast promotion (\u201cPromotion\u201d) begins at 12:00 AM\" \/>\n<meta property=\"og:url\" content=\"https:\/\/flsportscoast.com\/de\/july-fun-pack-giveaway-terms-and-conditions\/\" \/>\n<meta property=\"og:site_name\" content=\"Florida&#039;s Sports Coast\" \/>\n<meta property=\"article:publisher\" content=\"https:\/\/www.facebook.com\/FLSportsCoast\/\" \/>\n<meta property=\"article:modified_time\" content=\"2024-06-11T20:03:32+00:00\" \/>\n<meta name=\"twitter:card\" content=\"summary_large_image\" \/>\n<meta name=\"twitter:site\" content=\"@FLSportsCoast\" \/>\n<meta name=\"twitter:label1\" content=\"Est. reading time\" \/>\n\t<meta name=\"twitter:data1\" content=\"5 minutes\" \/>\n<script type=\"application\/ld+json\" class=\"yoast-schema-graph\">{\"@context\":\"https:\/\/schema.org\",\"@graph\":[{\"@type\":\"WebPage\",\"@id\":\"https:\/\/flsportscoast.com\/july-fun-pack-giveaway-terms-and-conditions\/\",\"url\":\"https:\/\/flsportscoast.com\/july-fun-pack-giveaway-terms-and-conditions\/\",\"name\":\"July Fun Pack Giveaway - Terms and Conditions | Florida&#039;s Sports Coast\",\"isPartOf\":{\"@id\":\"https:\/\/flsportscoast.com\/#website\"},\"datePublished\":\"2024-06-11T19:58:10+00:00\",\"dateModified\":\"2024-06-11T20:03:32+00:00\",\"description\":\"Official Rules No Purchase Necessary Void Where Prohibited Promotion Period: This Florida\u2019s Sports Coast promotion (\u201cPromotion\u201d) begins at 12:00 AM\",\"breadcrumb\":{\"@id\":\"https:\/\/flsportscoast.com\/july-fun-pack-giveaway-terms-and-conditions\/#breadcrumb\"},\"inLanguage\":\"de-DE\",\"potentialAction\":[{\"@type\":\"ReadAction\",\"target\":[\"https:\/\/flsportscoast.com\/july-fun-pack-giveaway-terms-and-conditions\/\"]}]},{\"@type\":\"BreadcrumbList\",\"@id\":\"https:\/\/flsportscoast.com\/july-fun-pack-giveaway-terms-and-conditions\/#breadcrumb\",\"itemListElement\":[{\"@type\":\"ListItem\",\"position\":1,\"name\":\"Home\",\"item\":\"https:\/\/flsportscoast.com\/\"},{\"@type\":\"ListItem\",\"position\":2,\"name\":\"July Fun Pack Giveaway &#8211; Terms and Conditions\"}]},{\"@type\":\"WebSite\",\"@id\":\"https:\/\/flsportscoast.com\/#website\",\"url\":\"https:\/\/flsportscoast.com\/\",\"name\":\"Florida&#039;s Sports Coast\",\"description\":\"\",\"publisher\":{\"@id\":\"https:\/\/flsportscoast.com\/#organization\"},\"potentialAction\":[{\"@type\":\"SearchAction\",\"target\":{\"@type\":\"EntryPoint\",\"urlTemplate\":\"https:\/\/flsportscoast.com\/?s={search_term_string}\"},\"query-input\":{\"@type\":\"PropertyValueSpecification\",\"valueRequired\":true,\"valueName\":\"search_term_string\"}}],\"inLanguage\":\"de-DE\"},{\"@type\":\"Organization\",\"@id\":\"https:\/\/flsportscoast.com\/#organization\",\"name\":\"Florida Sports Coast\",\"url\":\"https:\/\/flsportscoast.com\/\",\"logo\":{\"@type\":\"ImageObject\",\"inLanguage\":\"de-DE\",\"@id\":\"https:\/\/flsportscoast.com\/#\/schema\/logo\/image\/\",\"url\":\"https:\/\/flsportscoast.com\/wp-content\/uploads\/2022\/07\/fl-sports-coast-logo-color.png\",\"contentUrl\":\"https:\/\/flsportscoast.com\/wp-content\/uploads\/2022\/07\/fl-sports-coast-logo-color.png\",\"width\":1028,\"height\":1028,\"caption\":\"Florida Sports Coast\"},\"image\":{\"@id\":\"https:\/\/flsportscoast.com\/#\/schema\/logo\/image\/\"},\"sameAs\":[\"https:\/\/www.facebook.com\/FLSportsCoast\/\",\"https:\/\/x.com\/FLSportsCoast\",\"https:\/\/www.pinterest.com\/FLSportsCoast\/\",\"https:\/\/www.instagram.com\/flsportscoast\/\",\"https:\/\/www.youtube.com\/channel\/UCJNh4zCnO3RPH6D9NPAoyGQ\"]}]}<\/script>\n<!-- \/ Yoast SEO plugin. -->","yoast_head_json":{"title":"Verlosung von Fun Packs im Juli \u2013 Teilnahmebedingungen | Florida\u2019s Sports Coast","description":"Offizielle Regeln Kein Kauf erforderlich Ung\u00fcltig, wo verboten Aktionszeitraum: Diese Florida&#039;s Sports Coast-Aktion (\u201eAktion\u201c) beginnt um 12:00 Uhr","robots":{"index":"index","follow":"follow","max-snippet":"max-snippet:-1","max-image-preview":"max-image-preview:large","max-video-preview":"max-video-preview:-1"},"canonical":"https:\/\/flsportscoast.com\/de\/july-fun-pack-giveaway-terms-and-conditions\/","og_locale":"de_DE","og_type":"article","og_title":"July Fun Pack Giveaway - Terms and Conditions | Florida&#039;s Sports Coast","og_description":"Official Rules No Purchase Necessary Void Where Prohibited Promotion Period: This Florida\u2019s Sports Coast promotion (\u201cPromotion\u201d) begins at 12:00 AM","og_url":"https:\/\/flsportscoast.com\/de\/july-fun-pack-giveaway-terms-and-conditions\/","og_site_name":"Florida&#039;s Sports Coast","article_publisher":"https:\/\/www.facebook.com\/FLSportsCoast\/","article_modified_time":"2024-06-11T20:03:32+00:00","twitter_card":"summary_large_image","twitter_site":"@FLSportsCoast","twitter_misc":{"Est. reading time":"5 minutes"},"schema":{"@context":"https:\/\/schema.org","@graph":[{"@type":"WebPage","@id":"https:\/\/flsportscoast.com\/july-fun-pack-giveaway-terms-and-conditions\/","url":"https:\/\/flsportscoast.com\/july-fun-pack-giveaway-terms-and-conditions\/","name":"Verlosung von Fun Packs im Juli \u2013 Teilnahmebedingungen | Florida\u2019s Sports Coast","isPartOf":{"@id":"https:\/\/flsportscoast.com\/#website"},"datePublished":"2024-06-11T19:58:10+00:00","dateModified":"2024-06-11T20:03:32+00:00","description":"Offizielle Regeln Kein Kauf erforderlich Ung\u00fcltig, wo verboten Aktionszeitraum: Diese Florida&#039;s Sports Coast-Aktion (\u201eAktion\u201c) beginnt um 12:00 Uhr","breadcrumb":{"@id":"https:\/\/flsportscoast.com\/july-fun-pack-giveaway-terms-and-conditions\/#breadcrumb"},"inLanguage":"de-DE","potentialAction":[{"@type":"ReadAction","target":["https:\/\/flsportscoast.com\/july-fun-pack-giveaway-terms-and-conditions\/"]}]},{"@type":"BreadcrumbList","@id":"https:\/\/flsportscoast.com\/july-fun-pack-giveaway-terms-and-conditions\/#breadcrumb","itemListElement":[{"@type":"ListItem","position":1,"name":"Home","item":"https:\/\/flsportscoast.com\/"},{"@type":"ListItem","position":2,"name":"July Fun Pack Giveaway &#8211; Terms and Conditions"}]},{"@type":"WebSite","@id":"https:\/\/flsportscoast.com\/#website","url":"https:\/\/flsportscoast.com\/","name":"Floridas Sportk\u00fcste","description":"","publisher":{"@id":"https:\/\/flsportscoast.com\/#organization"},"potentialAction":[{"@type":"SearchAction","target":{"@type":"EntryPoint","urlTemplate":"https:\/\/flsportscoast.com\/?s={search_term_string}"},"query-input":{"@type":"PropertyValueSpecification","valueRequired":true,"valueName":"search_term_string"}}],"inLanguage":"de-DE"},{"@type":"Organization","@id":"https:\/\/flsportscoast.com\/#organization","name":"Floridas Sportk\u00fcste","url":"https:\/\/flsportscoast.com\/","logo":{"@type":"ImageObject","inLanguage":"de-DE","@id":"https:\/\/flsportscoast.com\/#\/schema\/logo\/image\/","url":"https:\/\/flsportscoast.com\/wp-content\/uploads\/2022\/07\/fl-sports-coast-logo-color.png","contentUrl":"https:\/\/flsportscoast.com\/wp-content\/uploads\/2022\/07\/fl-sports-coast-logo-color.png","width":1028,"height":1028,"caption":"Florida Sports Coast"},"image":{"@id":"https:\/\/flsportscoast.com\/#\/schema\/logo\/image\/"},"sameAs":["https:\/\/www.facebook.com\/FLSportsCoast\/","https:\/\/x.com\/FLSportsCoast","https:\/\/www.pinterest.com\/FLSportsCoast\/","https:\/\/www.instagram.com\/flsportscoast\/","https:\/\/www.youtube.com\/channel\/UCJNh4zCnO3RPH6D9NPAoyGQ"]}]}},"meta_fields":{"_yoast_wpseo_content_score":"30","_yoast_wpseo_estimated-reading-time-minutes":"5","_dp_original":"229468","_edit_lock":"1718136118:8","_edit_last":"8","_yoast_wpseo_primary_category":""},"thumb_url":false,"_links":{"self":[{"href":"https:\/\/flsportscoast.com\/de\/wp-json\/wp\/v2\/pages\/232083","targetHints":{"allow":["GET"]}}],"collection":[{"href":"https:\/\/flsportscoast.com\/de\/wp-json\/wp\/v2\/pages"}],"about":[{"href":"https:\/\/flsportscoast.com\/de\/wp-json\/wp\/v2\/types\/page"}],"author":[{"embeddable":true,"href":"https:\/\/flsportscoast.com\/de\/wp-json\/wp\/v2\/users\/8"}],"replies":[{"embeddable":true,"href":"https:\/\/flsportscoast.com\/de\/wp-json\/wp\/v2\/comments?post=232083"}],"version-history":[{"count":1,"href":"https:\/\/flsportscoast.com\/de\/wp-json\/wp\/v2\/pages\/232083\/revisions"}],"predecessor-version":[{"id":232084,"href":"https:\/\/flsportscoast.com\/de\/wp-json\/wp\/v2\/pages\/232083\/revisions\/232084"}],"wp:attachment":[{"href":"https:\/\/flsportscoast.com\/de\/wp-json\/wp\/v2\/media?parent=232083"}],"wp:term":[{"taxonomy":"category","embeddable":true,"href":"https:\/\/flsportscoast.com\/de\/wp-json\/wp\/v2\/categories?post=232083"},{"taxonomy":"post_tag","embeddable":true,"href":"https:\/\/flsportscoast.com\/de\/wp-json\/wp\/v2\/tags?post=232083"}],"curies":[{"name":"wp","href":"https:\/\/api.w.org\/{rel}","templated":true}]}}