{"id":231498,"date":"2023-10-06T13:43:20","date_gmt":"2023-10-06T17:43:20","guid":{"rendered":"https:\/\/flsportscoast.com\/?page_id=231498"},"modified":"2023-10-06T14:41:41","modified_gmt":"2023-10-06T18:41:41","slug":"buccaneers-home-game-ticket-giveaway-terms-and-conditions","status":"publish","type":"page","link":"https:\/\/flsportscoast.com\/de\/buccaneers-home-game-ticket-giveaway-terms-and-conditions\/","title":{"rendered":"Buccaneers-Heimspielticket-Gewinnspiel \u2013 Allgemeine Gesch\u00e4ftsbedingungen"},"content":{"rendered":"<div style=\"height:30px\" aria-hidden=\"true\" class=\"wp-block-spacer\"><\/div>\n\n\n\n<div class=\"wp-block-group is-layout-constrained wp-block-group-is-layout-constrained\">\n<figure class=\"wp-block-image aligncenter size-large is-resized\"><img loading=\"lazy\" decoding=\"async\" src=\"https:\/\/flsportscoast.com\/wp-content\/uploads\/Bucanneers-Giveaway-2023-1024x768.png\" alt=\"\" class=\"wp-image-231512\" width=\"512\" height=\"384\" srcset=\"https:\/\/flsportscoast.com\/wp-content\/uploads\/Bucanneers-Giveaway-2023-1024x768.png 1024w, https:\/\/flsportscoast.com\/wp-content\/uploads\/Bucanneers-Giveaway-2023-300x225.png 300w, https:\/\/flsportscoast.com\/wp-content\/uploads\/Bucanneers-Giveaway-2023-768x576.png 768w, https:\/\/flsportscoast.com\/wp-content\/uploads\/Bucanneers-Giveaway-2023-1536x1152.png 1536w, https:\/\/flsportscoast.com\/wp-content\/uploads\/Bucanneers-Giveaway-2023-2048x1536.png 2048w, https:\/\/flsportscoast.com\/wp-content\/uploads\/Bucanneers-Giveaway-2023-16x12.png 16w, https:\/\/flsportscoast.com\/wp-content\/uploads\/Bucanneers-Giveaway-2023-400x300.png 400w, https:\/\/flsportscoast.com\/wp-content\/uploads\/Bucanneers-Giveaway-2023-600x450.png 600w, https:\/\/flsportscoast.com\/wp-content\/uploads\/Bucanneers-Giveaway-2023-800x600.png 800w, https:\/\/flsportscoast.com\/wp-content\/uploads\/Bucanneers-Giveaway-2023-1333x1000.png 1333w, https:\/\/flsportscoast.com\/wp-content\/uploads\/Bucanneers-Giveaway-2023-250x188.png 250w\" sizes=\"auto, (max-width: 512px) 100vw, 512px\" \/><\/figure>\n\n\n\n<h2 class=\"has-text-align-center wp-block-heading\">Heimspiel der Buccaneers<\/h2>\n\n\n\n<h2 class=\"has-text-align-center wp-block-heading\">Ticketverlosung<\/h2>\n<\/div>\n\n\n\n<div style=\"height:14px\" aria-hidden=\"true\" class=\"wp-block-spacer\"><\/div>\n\n\n\n<p class=\"has-text-align-center has-deep-blue-color has-text-color\">Offizielle Regeln <\/p>\n\n\n\n<p class=\"has-text-align-center has-deep-blue-color has-text-color\">Kein Kauf erforderlich<\/p>\n\n\n\n<p class=\"has-text-align-center has-deep-blue-color has-text-color\">Ung\u00fcltig, wenn verboten<\/p>\n\n\n\n<div class=\"wp-block-columns is-layout-flex wp-container-core-columns-is-layout-1 wp-block-columns-is-layout-flex\" style=\"justify-content:center\">\n<div class=\"wp-block-column is-layout-flow wp-block-column-is-layout-flow\" style=\"flex-basis:25%\"><\/div>\n\n\n\n<div class=\"wp-block-column is-layout-flow wp-block-column-is-layout-flow\" style=\"flex-basis:50%\">\n<p>1. Aktionszeitraum: Diese Florida&#039;s Sports Coast-Aktion (\u201eAktion\u201c) beginnt um 15:00 Uhr Eastern Time (\u201eET\u201c) am 6. Oktober 2023 und endet um 17:00 Uhr ET am oder um den 20. Oktober 2023 (\u201e Aktionszeitraum\u201c).<\/p>\n\n\n\n<div style=\"height:15px\" aria-hidden=\"true\" class=\"wp-block-spacer\"><\/div>\n\n\n\n<p>2. Teilnahmeberechtigung: Nur f\u00fcr rechtm\u00e4\u00dfige Einwohner der USA zug\u00e4nglich, die zum Zeitpunkt der Einreise mindestens 18 Jahre alt sind. Mitarbeiter von Florida&#039;s Sports Coast\/Pasco County, Florida (\u201eSponsor\u201c) und allen seinen verbundenen Unternehmen, Eltern, Tochtergesellschaften, Preisanbietern und Werbe- und Verkaufsf\u00f6rderungsagenturen, die mit der Aktion verbunden sind (zusammen \u201eWerbeunternehmen\u201c), sowie deren Mitglieder Unmittelbare Familienangeh\u00f6rige (Ehepartner, Eltern, Kinder sowie Geschwister und deren Ehegatten) und\/oder Personen, die im selben Haushalt jedes dieser Mitarbeiter leben, sind nicht anspruchsberechtigt. Nichtig, wenn dies gesetzlich verboten oder eingeschr\u00e4nkt ist. Vorbehaltlich aller geltenden Gesetze, Verordnungen und Vorschriften auf Bundes-, Landes- und lokaler Ebene. Durch die Teilnahme an der Aktion akzeptieren die Teilnehmer diese offiziellen Regeln und stimmen ihnen zu, an sie gebunden zu sein.<\/p>\n\n\n\n<div style=\"height:15px\" aria-hidden=\"true\" class=\"wp-block-spacer\"><\/div>\n\n\n\n<p>3. So nehmen Sie teil: 1\ufe0f) Liken Sie diesen Beitrag und teilen Sie ihn mit Ihren Freunden. 2) Kommentieren Sie unten und markieren Sie den Freund, den Sie gerne zum Spiel mitbringen w\u00fcrden. 3) Folgen Sie der Facebook-Seite von Florida&#039;s Sports Coast. Jeder Social-Media-Beitrag nimmt an der zuf\u00e4lligen Verlosung teil und hat die Chance, ein kostenloses Paar Tickets f\u00fcr das Heimspiel der Buccaneers 2023 zu gewinnen. W\u00e4hrend des Aktionszeitraums sind pro Person f\u00fcnf (5) Teilnahmen begrenzt.<\/p>\n\n\n\n<div style=\"height:15px\" aria-hidden=\"true\" class=\"wp-block-spacer\"><\/div>\n\n\n\n<p>4. Benachrichtigung\/Verifizierung der Gewinner: Die potenziellen Gewinner des Preises werden \u00fcber den Facebook Messenger benachrichtigt, wo die E-Mail-Adresse des Gewinners zur Bereitstellung digitaler Tickets abgefragt wird. Der Sponsor beh\u00e4lt sich das Recht vor, die Aktion oder einen Teil davon abzubrechen, auszusetzen und\/oder zu \u00e4ndern, wenn Betrug, technische Ausf\u00e4lle oder andere Faktoren au\u00dferhalb der angemessenen Kontrolle des Sponsors die Integrit\u00e4t oder das ordnungsgem\u00e4\u00dfe Funktionieren der Aktion beeintr\u00e4chtigen, wie vom Sponsor in festgestellt Es liegt in ihrem alleinigen Ermessen, und im Falle einer Stornierung wird der Preis in einer zuf\u00e4lligen Ziehung unter allen teilnahmeberechtigten Einsendungen vergeben, die gem\u00e4\u00df diesen offiziellen Regeln vor der Stornierung eingegangen sind. Das Vers\u00e4umnis des Sponsors, eine Bestimmung dieser offiziellen Regeln durchzusetzen, stellt keinen Verzicht auf diese Bestimmung dar. WARNUNG: JEGLICHER VERSUCH EINES TEILNEHMERS ODER EINER ANDEREN PERSON, VORS\u00c4TZLICH EINE MIT DIESER AKTION VERBUNDENE WEBSITE ODER SOCIAL-MEDIEN-SEITE ZU BESCH\u00c4DIGEN ODER DEN RECHTM\u00c4\u00dfIGEN DURCHF\u00dcHRUNG DER AKTION ZU UNTERGRUNDEN, KANN EINEN VERSTOSS GEGEN STRAFRECHT UND ZIVILRECHT DARSTELLEN; SOLLTE EIN SOLCHER VERSUCH UNTERNOMMEN WERDEN, BEH\u00c4LT SICH DER SPONSOR DAS RECHT VOR, JEDE SOLCHE PERSON strafrechtlich zu verfolgen und Schadensersatz im gr\u00f6\u00dftm\u00f6glichen gesetzlich zul\u00e4ssigen Umfang zu fordern. Der Sponsor beh\u00e4lt sich das Recht vor, nach eigenem Ermessen jede Person zu disqualifizieren, die seiner Ansicht nach versucht, den Teilnahmevorgang und\/oder den rechtm\u00e4\u00dfigen Ablauf der Werbeaktion zu manipulieren oder zu untergraben; gegen die offiziellen Regeln versto\u00dfen; oder unsportlich oder st\u00f6rend zu handeln oder mit der Absicht, eine andere Person zu bel\u00e4stigen, zu beleidigen, zu bedrohen oder zu bel\u00e4stigen. Wenn die Aktion aus irgendeinem Grund nicht wie geplant durchgef\u00fchrt werden kann, kann der Sponsor nach eigenem Ermessen alle verd\u00e4chtigen Einsendungen f\u00fcr ung\u00fcltig erkl\u00e4ren und (a) die Aktion \u00e4ndern oder die Aktion aussetzen, um die Beeintr\u00e4chtigung zu beheben, und die Aktion dann wieder aufnehmen auf eine Art und Weise, die dem Geist dieser offiziellen Regeln am besten entspricht; oder (b) den Preis vor der Stornierung nach dem Zufallsprinzip unter allen berechtigten Einsendungen vergeben, die gem\u00e4\u00df diesen offiziellen Regeln eingegangen sind.<\/p>\n\n\n\n<div style=\"height:15px\" aria-hidden=\"true\" class=\"wp-block-spacer\"><\/div>\n\n\n\n<p>5. Gew\u00e4hrleistungen und Zusicherungen; Haftungsfreistellung: Sie (Gewinner) halten hiermit den Sponsor und jede der Promotion-Organisationen und ihre jeweiligen leitenden Angestellten, Direktoren, Mitglieder, Manager, Mitarbeiter, Agenten, Vertreter, Nachfolger und Beauftragten (die \u201efreigestellten Parteien\u201c) von und gegen sie schadlos jegliche Anspr\u00fcche Dritter, die sich aus der Nutzung eines Beitrags ergeben, und Sie verzichten auf das Recht, die Nutzung Ihres Beitrags durch den Sponsor im Zusammenhang mit der Werbeaktion zu pr\u00fcfen oder zu genehmigen oder eine Verg\u00fctung f\u00fcr eine solche Nutzung zu erhalten. Die Teilnahme an der Werbeaktion stellt die Erlaubnis des Sponsors dar, den Namen und die Adresse eines Gewinners und seines\/ihres Gastes nur im Zusammenhang mit der Verwaltung der Werbeaktion und soweit anderweitig gesetzlich vorgeschrieben zu verwenden. Durch die Teilnahme an der Aktion erkl\u00e4rt sich der Teilnehmer damit einverstanden, dass die freigestellten Parteien keinerlei Haftung f\u00fcr K\u00f6rperverletzungen, Verluste oder Sch\u00e4den jeglicher Art an Personen, einschlie\u00dflich Tod und Eigentum, \u00fcbernehmen und vom Teilnehmer schadlos gehalten werden ganz oder teilweise, direkt oder indirekt, aus der Teilnahme, der Annahme, dem Besitz, der Nutzung oder dem Missbrauch des Preises oder eines Teils davon, falls zutreffend, oder der Teilnahme an der Werbeaktion oder der Teilnahme an Aktivit\u00e4ten im Zusammenhang mit der Werbeaktion. Hiermit erkl\u00e4ren und garantieren Sie, dass Sie diese offiziellen Regeln gelesen haben, mit deren Inhalt vollst\u00e4ndig vertraut sind und sich damit einverstanden erkl\u00e4ren, an sie gebunden zu sein.<\/p>\n\n\n\n<div style=\"height:15px\" aria-hidden=\"true\" class=\"wp-block-spacer\"><\/div>\n\n\n\n<p>6. Streitigkeiten: TEILNEHMER\/GEWINNER STIMMEN ZU, DASS: ALLE FRAGEN UND FRAGEN ZUR KONSTRUKTIONSG\u00dcLTIGKEIT, AUSLEGUNG UND DURCHSETZBARKEIT DER AKTION ODER DEN Allgemeinen Gesch\u00e4ftsbedingungen \u201eBuccaneers Home Game Ticket Giveaway\u201c von Florida&#039;s Sports Coast am 10.06.23, 15:00 Uhr \u2013 Floridas Sportk\u00fcste<\/p>\n\n\n\n<div style=\"height:15px\" aria-hidden=\"true\" class=\"wp-block-spacer\"><\/div>\n\n\n\n<p>7. Sponsor\/Administrator: Sponsor der Aktion ist Florida&#039;s Sports Coast\/Pasco County, Florida, 1938 Duck Slough Blvd. Trinity, Florida 34655.<\/p>\n\n\n\n<div style=\"height:15px\" aria-hidden=\"true\" class=\"wp-block-spacer\"><\/div>\n\n\n\n<p class=\"has-text-align-center\"><strong>Diese Werbeaktion wird in keiner Weise von Facebook, Twitter oder Instagram gesponsert, unterst\u00fctzt oder verwaltet und steht auch nicht mit diesen in Verbindung. Sie verstehen, dass Sie Ihre Daten dem Sponsor und nicht Facebook, Twitter oder Instagram zur Verf\u00fcgung stellen.<\/strong><\/p>\n<\/div>\n\n\n\n<div class=\"wp-block-column is-layout-flow wp-block-column-is-layout-flow\" style=\"flex-basis:25%\"><\/div>\n<\/div>","protected":false},"excerpt":{"rendered":"<p>Offizielle Regeln <\/p>\n<p>Kein Kauf erforderlich<\/p>\n<p>Ung\u00fcltig, wenn verboten<\/p>\n<p>1. Aktionszeitraum: Dies\u2026<\/p>","protected":false},"author":8,"featured_media":0,"parent":0,"menu_order":0,"comment_status":"closed","ping_status":"closed","template":"","meta":{"_acf_changed":false,"wprm-recipe-roundup-name":"","wprm-recipe-roundup-description":"","footnotes":""},"categories":[],"tags":[],"class_list":["post-231498","page","type-page","status-publish","hentry"],"acf":[],"yoast_head":"<!-- This site is optimized with the Yoast SEO plugin v24.1 - https:\/\/yoast.com\/wordpress\/plugins\/seo\/ -->\n<title>Buccaneers Home Game Ticket Giveaway - Terms and Conditions | Florida&#039;s Sports Coast<\/title>\n<meta name=\"description\" content=\"Buccaneers Home Game Ticket Giveaway Official Rules No Purchase Necessary Void Where Prohibited 1. Promotion Period: This Florida\u2019s Sports Coast promotion\" \/>\n<meta name=\"robots\" content=\"index, follow, max-snippet:-1, max-image-preview:large, max-video-preview:-1\" \/>\n<link rel=\"canonical\" href=\"https:\/\/flsportscoast.com\/de\/buccaneers-home-game-ticket-giveaway-terms-and-conditions\/\" \/>\n<meta property=\"og:locale\" content=\"de_DE\" \/>\n<meta property=\"og:type\" content=\"article\" \/>\n<meta property=\"og:title\" content=\"Buccaneers Home Game Ticket Giveaway - Terms and Conditions | Florida&#039;s Sports Coast\" \/>\n<meta property=\"og:description\" content=\"Buccaneers Home Game Ticket Giveaway Official Rules No Purchase Necessary Void Where Prohibited 1. Promotion Period: This Florida\u2019s Sports Coast promotion\" \/>\n<meta property=\"og:url\" content=\"https:\/\/flsportscoast.com\/de\/buccaneers-home-game-ticket-giveaway-terms-and-conditions\/\" \/>\n<meta property=\"og:site_name\" content=\"Florida&#039;s Sports Coast\" \/>\n<meta property=\"article:publisher\" content=\"https:\/\/www.facebook.com\/FLSportsCoast\/\" \/>\n<meta property=\"article:modified_time\" content=\"2023-10-06T18:41:41+00:00\" \/>\n<meta property=\"og:image\" content=\"https:\/\/flsportscoast.com\/wp-content\/uploads\/Bucanneers-Giveaway-2023-1024x768.png\" \/>\n<meta name=\"twitter:card\" content=\"summary_large_image\" \/>\n<meta name=\"twitter:site\" content=\"@FLSportsCoast\" \/>\n<meta name=\"twitter:label1\" content=\"Est. reading time\" \/>\n\t<meta name=\"twitter:data1\" content=\"5 minutes\" \/>\n<script type=\"application\/ld+json\" class=\"yoast-schema-graph\">{\"@context\":\"https:\/\/schema.org\",\"@graph\":[{\"@type\":\"WebPage\",\"@id\":\"https:\/\/flsportscoast.com\/buccaneers-home-game-ticket-giveaway-terms-and-conditions\/\",\"url\":\"https:\/\/flsportscoast.com\/buccaneers-home-game-ticket-giveaway-terms-and-conditions\/\",\"name\":\"Buccaneers Home Game Ticket Giveaway - Terms and Conditions | Florida&#039;s Sports Coast\",\"isPartOf\":{\"@id\":\"https:\/\/flsportscoast.com\/#website\"},\"primaryImageOfPage\":{\"@id\":\"https:\/\/flsportscoast.com\/buccaneers-home-game-ticket-giveaway-terms-and-conditions\/#primaryimage\"},\"image\":{\"@id\":\"https:\/\/flsportscoast.com\/buccaneers-home-game-ticket-giveaway-terms-and-conditions\/#primaryimage\"},\"thumbnailUrl\":\"https:\/\/flsportscoast.com\/wp-content\/uploads\/Bucanneers-Giveaway-2023-1024x768.png\",\"datePublished\":\"2023-10-06T17:43:20+00:00\",\"dateModified\":\"2023-10-06T18:41:41+00:00\",\"description\":\"Buccaneers Home Game Ticket Giveaway Official Rules No Purchase Necessary Void Where Prohibited 1. Promotion Period: This Florida\u2019s Sports Coast promotion\",\"breadcrumb\":{\"@id\":\"https:\/\/flsportscoast.com\/buccaneers-home-game-ticket-giveaway-terms-and-conditions\/#breadcrumb\"},\"inLanguage\":\"de-DE\",\"potentialAction\":[{\"@type\":\"ReadAction\",\"target\":[\"https:\/\/flsportscoast.com\/buccaneers-home-game-ticket-giveaway-terms-and-conditions\/\"]}]},{\"@type\":\"ImageObject\",\"inLanguage\":\"de-DE\",\"@id\":\"https:\/\/flsportscoast.com\/buccaneers-home-game-ticket-giveaway-terms-and-conditions\/#primaryimage\",\"url\":\"https:\/\/flsportscoast.com\/wp-content\/uploads\/Bucanneers-Giveaway-2023-1024x768.png\",\"contentUrl\":\"https:\/\/flsportscoast.com\/wp-content\/uploads\/Bucanneers-Giveaway-2023-1024x768.png\"},{\"@type\":\"BreadcrumbList\",\"@id\":\"https:\/\/flsportscoast.com\/buccaneers-home-game-ticket-giveaway-terms-and-conditions\/#breadcrumb\",\"itemListElement\":[{\"@type\":\"ListItem\",\"position\":1,\"name\":\"Home\",\"item\":\"https:\/\/flsportscoast.com\/\"},{\"@type\":\"ListItem\",\"position\":2,\"name\":\"Buccaneers Home Game Ticket Giveaway &#8211; Terms and Conditions\"}]},{\"@type\":\"WebSite\",\"@id\":\"https:\/\/flsportscoast.com\/#website\",\"url\":\"https:\/\/flsportscoast.com\/\",\"name\":\"Florida&#039;s Sports Coast\",\"description\":\"\",\"publisher\":{\"@id\":\"https:\/\/flsportscoast.com\/#organization\"},\"potentialAction\":[{\"@type\":\"SearchAction\",\"target\":{\"@type\":\"EntryPoint\",\"urlTemplate\":\"https:\/\/flsportscoast.com\/?s={search_term_string}\"},\"query-input\":{\"@type\":\"PropertyValueSpecification\",\"valueRequired\":true,\"valueName\":\"search_term_string\"}}],\"inLanguage\":\"de-DE\"},{\"@type\":\"Organization\",\"@id\":\"https:\/\/flsportscoast.com\/#organization\",\"name\":\"Florida Sports Coast\",\"url\":\"https:\/\/flsportscoast.com\/\",\"logo\":{\"@type\":\"ImageObject\",\"inLanguage\":\"de-DE\",\"@id\":\"https:\/\/flsportscoast.com\/#\/schema\/logo\/image\/\",\"url\":\"https:\/\/flsportscoast.com\/wp-content\/uploads\/2022\/07\/fl-sports-coast-logo-color.png\",\"contentUrl\":\"https:\/\/flsportscoast.com\/wp-content\/uploads\/2022\/07\/fl-sports-coast-logo-color.png\",\"width\":1028,\"height\":1028,\"caption\":\"Florida Sports Coast\"},\"image\":{\"@id\":\"https:\/\/flsportscoast.com\/#\/schema\/logo\/image\/\"},\"sameAs\":[\"https:\/\/www.facebook.com\/FLSportsCoast\/\",\"https:\/\/x.com\/FLSportsCoast\",\"https:\/\/www.pinterest.com\/FLSportsCoast\/\",\"https:\/\/www.instagram.com\/flsportscoast\/\",\"https:\/\/www.youtube.com\/channel\/UCJNh4zCnO3RPH6D9NPAoyGQ\"]}]}<\/script>\n<!-- \/ Yoast SEO plugin. -->","yoast_head_json":{"title":"Ticketverlosung f\u00fcr das Buccaneers-Heimspiel \u2013 Allgemeine Gesch\u00e4ftsbedingungen | Floridas Sportk\u00fcste","description":"Buccaneers-Heimspiel-Ticket-Gewinnspiel Offizielle Regeln Kein Kauf erforderlich, ung\u00fcltig bei Verboten 1. Aktionszeitraum: Diese Florida&#039;s Sports Coast-Aktion","robots":{"index":"index","follow":"follow","max-snippet":"max-snippet:-1","max-image-preview":"max-image-preview:large","max-video-preview":"max-video-preview:-1"},"canonical":"https:\/\/flsportscoast.com\/de\/buccaneers-home-game-ticket-giveaway-terms-and-conditions\/","og_locale":"de_DE","og_type":"article","og_title":"Buccaneers Home Game Ticket Giveaway - Terms and Conditions | Florida&#039;s Sports Coast","og_description":"Buccaneers Home Game Ticket Giveaway Official Rules No Purchase Necessary Void Where Prohibited 1. Promotion Period: This Florida\u2019s Sports Coast promotion","og_url":"https:\/\/flsportscoast.com\/de\/buccaneers-home-game-ticket-giveaway-terms-and-conditions\/","og_site_name":"Florida&#039;s Sports Coast","article_publisher":"https:\/\/www.facebook.com\/FLSportsCoast\/","article_modified_time":"2023-10-06T18:41:41+00:00","og_image":[{"url":"https:\/\/flsportscoast.com\/wp-content\/uploads\/Bucanneers-Giveaway-2023-1024x768.png","type":"","width":"","height":""}],"twitter_card":"summary_large_image","twitter_site":"@FLSportsCoast","twitter_misc":{"Est. reading time":"5 minutes"},"schema":{"@context":"https:\/\/schema.org","@graph":[{"@type":"WebPage","@id":"https:\/\/flsportscoast.com\/buccaneers-home-game-ticket-giveaway-terms-and-conditions\/","url":"https:\/\/flsportscoast.com\/buccaneers-home-game-ticket-giveaway-terms-and-conditions\/","name":"Ticketverlosung f\u00fcr das Buccaneers-Heimspiel \u2013 Allgemeine Gesch\u00e4ftsbedingungen | Floridas Sportk\u00fcste","isPartOf":{"@id":"https:\/\/flsportscoast.com\/#website"},"primaryImageOfPage":{"@id":"https:\/\/flsportscoast.com\/buccaneers-home-game-ticket-giveaway-terms-and-conditions\/#primaryimage"},"image":{"@id":"https:\/\/flsportscoast.com\/buccaneers-home-game-ticket-giveaway-terms-and-conditions\/#primaryimage"},"thumbnailUrl":"https:\/\/flsportscoast.com\/wp-content\/uploads\/Bucanneers-Giveaway-2023-1024x768.png","datePublished":"2023-10-06T17:43:20+00:00","dateModified":"2023-10-06T18:41:41+00:00","description":"Buccaneers-Heimspiel-Ticket-Gewinnspiel Offizielle Regeln Kein Kauf erforderlich, ung\u00fcltig bei Verboten 1. Aktionszeitraum: Diese Florida&#039;s Sports Coast-Aktion","breadcrumb":{"@id":"https:\/\/flsportscoast.com\/buccaneers-home-game-ticket-giveaway-terms-and-conditions\/#breadcrumb"},"inLanguage":"de-DE","potentialAction":[{"@type":"ReadAction","target":["https:\/\/flsportscoast.com\/buccaneers-home-game-ticket-giveaway-terms-and-conditions\/"]}]},{"@type":"ImageObject","inLanguage":"de-DE","@id":"https:\/\/flsportscoast.com\/buccaneers-home-game-ticket-giveaway-terms-and-conditions\/#primaryimage","url":"https:\/\/flsportscoast.com\/wp-content\/uploads\/Bucanneers-Giveaway-2023-1024x768.png","contentUrl":"https:\/\/flsportscoast.com\/wp-content\/uploads\/Bucanneers-Giveaway-2023-1024x768.png"},{"@type":"BreadcrumbList","@id":"https:\/\/flsportscoast.com\/buccaneers-home-game-ticket-giveaway-terms-and-conditions\/#breadcrumb","itemListElement":[{"@type":"ListItem","position":1,"name":"Home","item":"https:\/\/flsportscoast.com\/"},{"@type":"ListItem","position":2,"name":"Buccaneers Home Game Ticket Giveaway &#8211; Terms and Conditions"}]},{"@type":"WebSite","@id":"https:\/\/flsportscoast.com\/#website","url":"https:\/\/flsportscoast.com\/","name":"Floridas Sportk\u00fcste","description":"","publisher":{"@id":"https:\/\/flsportscoast.com\/#organization"},"potentialAction":[{"@type":"SearchAction","target":{"@type":"EntryPoint","urlTemplate":"https:\/\/flsportscoast.com\/?s={search_term_string}"},"query-input":{"@type":"PropertyValueSpecification","valueRequired":true,"valueName":"search_term_string"}}],"inLanguage":"de-DE"},{"@type":"Organization","@id":"https:\/\/flsportscoast.com\/#organization","name":"Floridas Sportk\u00fcste","url":"https:\/\/flsportscoast.com\/","logo":{"@type":"ImageObject","inLanguage":"de-DE","@id":"https:\/\/flsportscoast.com\/#\/schema\/logo\/image\/","url":"https:\/\/flsportscoast.com\/wp-content\/uploads\/2022\/07\/fl-sports-coast-logo-color.png","contentUrl":"https:\/\/flsportscoast.com\/wp-content\/uploads\/2022\/07\/fl-sports-coast-logo-color.png","width":1028,"height":1028,"caption":"Florida Sports Coast"},"image":{"@id":"https:\/\/flsportscoast.com\/#\/schema\/logo\/image\/"},"sameAs":["https:\/\/www.facebook.com\/FLSportsCoast\/","https:\/\/x.com\/FLSportsCoast","https:\/\/www.pinterest.com\/FLSportsCoast\/","https:\/\/www.instagram.com\/flsportscoast\/","https:\/\/www.youtube.com\/channel\/UCJNh4zCnO3RPH6D9NPAoyGQ"]}]}},"meta_fields":{"_yoast_wpseo_content_score":"30","_yoast_wpseo_estimated-reading-time-minutes":"5","_dp_original":"229468","_edit_lock":"1696971192:8","_edit_last":"8","_wp_page_template":"default"},"thumb_url":false,"_links":{"self":[{"href":"https:\/\/flsportscoast.com\/de\/wp-json\/wp\/v2\/pages\/231498","targetHints":{"allow":["GET"]}}],"collection":[{"href":"https:\/\/flsportscoast.com\/de\/wp-json\/wp\/v2\/pages"}],"about":[{"href":"https:\/\/flsportscoast.com\/de\/wp-json\/wp\/v2\/types\/page"}],"author":[{"embeddable":true,"href":"https:\/\/flsportscoast.com\/de\/wp-json\/wp\/v2\/users\/8"}],"replies":[{"embeddable":true,"href":"https:\/\/flsportscoast.com\/de\/wp-json\/wp\/v2\/comments?post=231498"}],"version-history":[{"count":25,"href":"https:\/\/flsportscoast.com\/de\/wp-json\/wp\/v2\/pages\/231498\/revisions"}],"predecessor-version":[{"id":231529,"href":"https:\/\/flsportscoast.com\/de\/wp-json\/wp\/v2\/pages\/231498\/revisions\/231529"}],"wp:attachment":[{"href":"https:\/\/flsportscoast.com\/de\/wp-json\/wp\/v2\/media?parent=231498"}],"wp:term":[{"taxonomy":"category","embeddable":true,"href":"https:\/\/flsportscoast.com\/de\/wp-json\/wp\/v2\/categories?post=231498"},{"taxonomy":"post_tag","embeddable":true,"href":"https:\/\/flsportscoast.com\/de\/wp-json\/wp\/v2\/tags?post=231498"}],"curies":[{"name":"wp","href":"https:\/\/api.w.org\/{rel}","templated":true}]}}