{"id":229906,"date":"2022-09-23T15:55:08","date_gmt":"2022-09-23T19:55:08","guid":{"rendered":"https:\/\/flsportscoast.com\/?page_id=229906"},"modified":"2023-08-30T14:35:29","modified_gmt":"2023-08-30T18:35:29","slug":"travel-and-weather","status":"publish","type":"page","link":"https:\/\/flsportscoast.com\/de\/travel-and-weather\/","title":{"rendered":"Reisen und Wetter"},"content":{"rendered":"<p><\/p>\n\n\n\n<p><\/p>\n\n\n\n<h1 class=\"has-text-align-center has-deep-blue-color has-text-color wp-block-heading\" id=\"travel-and-weather-update\">Reise- und Wetter-Update<\/h1>\n\n\n\n<p class=\"has-text-align-center\"><em>Aktualisiert um 11:22 Uhr. EST., 28. August 2023<\/em><\/p>\n\n\n\n<div class=\"wp-block-columns is-layout-flex wp-container-core-columns-is-layout-1 wp-block-columns-is-layout-flex\" style=\"justify-content:center\">\n<div class=\"wp-block-column is-layout-flow wp-block-column-is-layout-flow\" style=\"flex-basis:25%\"><\/div>\n\n\n\n<div class=\"wp-block-column is-layout-flow wp-block-column-is-layout-flow\" style=\"flex-basis:50%\">\n<p><em>Aktualisiert um 14:19 Uhr. EST., 30. August 2023<\/em><\/p>\n\n\n\n<p><strong>Aufgrund des Hurrikans Idalia gilt f\u00fcr Floridas Sports Coast weiterhin der lokale Ausnahmezustand (LSE) f\u00fcr den gesamten Pasco County.<\/strong><\/p>\n\n\n\n<p>Floridas Sports Coast \u00fcberwacht aktiv die Auswirkungen des Hurrikans Idalia im gesamten Landkreis.<\/p>\n\n\n\n<p>Der&nbsp;<a href=\"https:\/\/www.weather.gov\/tbw\/\" rel=\"noreferrer noopener\" target=\"_blank\">Nationaler Wetterdienst&nbsp;<\/a>hat die K\u00fcste von Pasco County unter eine Sturmflutwarnung gestellt und die Hurrikanwarnung f\u00fcr den gr\u00f6\u00dften Teil von Pasco County auf eine Tropensturmwarnung herabgestuft. Bitte besuchen Sie das National Hurricane Center f\u00fcr weitere Wetteraktualisierungen und m\u00f6gliche Auswirkungen.<\/p>\n\n\n\n<p>Floridas Sports Coast setzt sich daf\u00fcr ein, die pers\u00f6nliche Sicherheit der Besucher und Bewohner der Region zu gew\u00e4hrleisten. F\u00fcr weitere Informationen zum Sturm wenden Sie sich bitte an den Beamten von Pasco County&nbsp;<a href=\"https:\/\/www.pascocountyfl.net\/\" rel=\"noreferrer noopener\" target=\"_blank\">Grundst\u00fcck<\/a>.<\/p>\n\n\n\n<p>Es ist wichtig, sich direkt bei Ihrer Unterkunft oder Attraktionen usw. \u00fcber Schlie\u00dfungen, eingeschr\u00e4nkte Erlebnisse und\/oder Sturmma\u00dfnahmen nach dem Hurrikan Idalia zu informieren. Die folgenden Links bieten Informationen zu Unterk\u00fcnften in der Umgebung und aktuelle Wetterinformationen.<\/p>\n<\/div>\n\n\n\n<div class=\"wp-block-column is-layout-flow wp-block-column-is-layout-flow\" style=\"flex-basis:25%\"><\/div>\n<\/div>\n\n\n\n<div class=\"wp-block-columns is-layout-flex wp-container-core-columns-is-layout-2 wp-block-columns-is-layout-flex\" style=\"justify-content:center\">\n<div class=\"wp-block-column is-layout-flow wp-block-column-is-layout-flow\" style=\"flex-basis:25%\"><\/div>\n\n\n\n<div class=\"wp-block-column is-layout-flow wp-block-column-is-layout-flow\" style=\"flex-basis:50%\">\n<ul class=\"wp-block-list\">\n<li><a href=\"https:\/\/flsportscoast.com\/de\/stay\/\">Hotels in der Umgebung<\/a><\/li>\n\n\n\n<li><a href=\"https:\/\/www.airbnb.com\/s\/all?refinement_paths%5B%5D=%2Ffor_you&amp;query=pasco%2C%20FL%2C%20United%20States&amp;search_type=search_query&amp;place_id=ChIJ39F9Y7uuwogR7V0K7CtewiY\">AirBnB<\/a><\/li>\n<\/ul>\n<\/div>\n\n\n\n<div class=\"wp-block-column is-layout-flow wp-block-column-is-layout-flow\" style=\"flex-basis:25%\"><\/div>\n<\/div>\n\n\n\n<div class=\"wp-block-columns is-layout-flex wp-container-core-columns-is-layout-3 wp-block-columns-is-layout-flex\" style=\"justify-content:center\">\n<div class=\"wp-block-column is-layout-flow wp-block-column-is-layout-flow\" style=\"flex-basis:25%\"><\/div>\n\n\n\n<div class=\"wp-block-column is-layout-flow wp-block-column-is-layout-flow\" style=\"flex-basis:50%\">\n<h3 class=\"has-deep-blue-color has-text-color wp-block-heading\" id=\"other-travel-resources-1\">Andere Reiseressourcen<\/h3>\n\n\n\n<ul class=\"wp-block-list\">\n<li><strong><a href=\"https:\/\/www.weather.gov\/\">Aktuelle Wetterinformationen<\/a><\/strong><\/li>\n\n\n\n<li><a href=\"https:\/\/www.nhc.noaa.gov\/\"><strong>Nationales Hurrikanzentrum&nbsp;<\/strong><\/a><\/li>\n\n\n\n<li><strong><a href=\"https:\/\/fl511.com\/\">Florida 511<\/a><\/strong>&nbsp;f\u00fcr die neuesten Verkehrsbedingungen<\/li>\n\n\n\n<li><a href=\"http:\/\/egov.pascocountyfl.net\/AlertPasco\"><strong>ALARM PASCO<\/strong><\/a>&nbsp;um sich f\u00fcr Notfallwarnungen und andere Benachrichtigungen zur \u00f6ffentlichen Sicherheit in Ihrer Gemeinde anzumelden<\/li>\n\n\n\n<li><a href=\"https:\/\/www.pascocountyfl.net\/\"><strong>Pasco County-Informationen<\/strong><\/a><\/li>\n\n\n\n<li><strong>Florida Notfallinformationen 24-Stunden-Hotline:<\/strong>&nbsp;800-342-3557<\/li>\n\n\n\n<li><a href=\"https:\/\/www.visitflorida.org\/resources\/crisis-preparation\/hurricane-information\/\"><strong>BESUCHEN SIE FLORIDA Hurricane Information<\/strong><\/a><\/li>\n\n\n\n<li><a href=\"https:\/\/www.fema.gov\/\"><strong>FEMA<\/strong><\/a><\/li>\n<\/ul>\n<\/div>\n\n\n\n<div class=\"wp-block-column is-layout-flow wp-block-column-is-layout-flow\" style=\"flex-basis:25%\"><\/div>\n<\/div>","protected":false},"excerpt":{"rendered":"<p>Reise- und Wetter-Update<\/p>\n<p>Aktualisiert um 11:22 Uhr. EST., 28. August 2023<\/p>\n<p>Aktualisiert um 14:19 Uhr.<\/p>","protected":false},"author":1,"featured_media":0,"parent":0,"menu_order":0,"comment_status":"closed","ping_status":"closed","template":"","meta":{"_acf_changed":false,"wprm-recipe-roundup-name":"","wprm-recipe-roundup-description":"","footnotes":""},"categories":[],"tags":[],"class_list":["post-229906","page","type-page","status-publish","hentry"],"acf":[],"yoast_head":"<!-- This site is optimized with the Yoast SEO plugin v24.1 - https:\/\/yoast.com\/wordpress\/plugins\/seo\/ -->\n<title>Travel and Weather | Florida&#039;s Sports Coast<\/title>\n<meta name=\"description\" content=\"Travel and Weather Update Updated 11:22 am. EST., August 28, 2023 Updated 2:19 pm. EST., August 30, 2023 Florida\u2019s Sports Coast remains under a Local\" \/>\n<meta name=\"robots\" content=\"index, follow, max-snippet:-1, max-image-preview:large, max-video-preview:-1\" \/>\n<link rel=\"canonical\" href=\"https:\/\/flsportscoast.com\/de\/travel-and-weather\/\" \/>\n<meta property=\"og:locale\" content=\"de_DE\" \/>\n<meta property=\"og:type\" content=\"article\" \/>\n<meta property=\"og:title\" content=\"Travel and Weather | Florida&#039;s Sports Coast\" \/>\n<meta property=\"og:description\" content=\"Travel and Weather Update Updated 11:22 am. EST., August 28, 2023 Updated 2:19 pm. EST., August 30, 2023 Florida\u2019s Sports Coast remains under a Local\" \/>\n<meta property=\"og:url\" content=\"https:\/\/flsportscoast.com\/de\/travel-and-weather\/\" \/>\n<meta property=\"og:site_name\" content=\"Florida&#039;s Sports Coast\" \/>\n<meta property=\"article:publisher\" content=\"https:\/\/www.facebook.com\/FLSportsCoast\/\" \/>\n<meta property=\"article:modified_time\" content=\"2023-08-30T18:35:29+00:00\" \/>\n<meta name=\"twitter:card\" content=\"summary_large_image\" \/>\n<meta name=\"twitter:site\" content=\"@FLSportsCoast\" \/>\n<meta name=\"twitter:label1\" content=\"Est. reading time\" \/>\n\t<meta name=\"twitter:data1\" content=\"1 minute\" \/>\n<script type=\"application\/ld+json\" class=\"yoast-schema-graph\">{\"@context\":\"https:\/\/schema.org\",\"@graph\":[{\"@type\":\"WebPage\",\"@id\":\"https:\/\/flsportscoast.com\/travel-and-weather\/\",\"url\":\"https:\/\/flsportscoast.com\/travel-and-weather\/\",\"name\":\"Travel and Weather | Florida&#039;s Sports Coast\",\"isPartOf\":{\"@id\":\"https:\/\/flsportscoast.com\/#website\"},\"datePublished\":\"2022-09-23T19:55:08+00:00\",\"dateModified\":\"2023-08-30T18:35:29+00:00\",\"description\":\"Travel and Weather Update Updated 11:22 am. EST., August 28, 2023 Updated 2:19 pm. EST., August 30, 2023 Florida\u2019s Sports Coast remains under a Local\",\"breadcrumb\":{\"@id\":\"https:\/\/flsportscoast.com\/travel-and-weather\/#breadcrumb\"},\"inLanguage\":\"de-DE\",\"potentialAction\":[{\"@type\":\"ReadAction\",\"target\":[\"https:\/\/flsportscoast.com\/travel-and-weather\/\"]}]},{\"@type\":\"BreadcrumbList\",\"@id\":\"https:\/\/flsportscoast.com\/travel-and-weather\/#breadcrumb\",\"itemListElement\":[{\"@type\":\"ListItem\",\"position\":1,\"name\":\"Home\",\"item\":\"https:\/\/flsportscoast.com\/\"},{\"@type\":\"ListItem\",\"position\":2,\"name\":\"Travel and Weather\"}]},{\"@type\":\"WebSite\",\"@id\":\"https:\/\/flsportscoast.com\/#website\",\"url\":\"https:\/\/flsportscoast.com\/\",\"name\":\"Florida&#039;s Sports Coast\",\"description\":\"\",\"publisher\":{\"@id\":\"https:\/\/flsportscoast.com\/#organization\"},\"potentialAction\":[{\"@type\":\"SearchAction\",\"target\":{\"@type\":\"EntryPoint\",\"urlTemplate\":\"https:\/\/flsportscoast.com\/?s={search_term_string}\"},\"query-input\":{\"@type\":\"PropertyValueSpecification\",\"valueRequired\":true,\"valueName\":\"search_term_string\"}}],\"inLanguage\":\"de-DE\"},{\"@type\":\"Organization\",\"@id\":\"https:\/\/flsportscoast.com\/#organization\",\"name\":\"Florida Sports Coast\",\"url\":\"https:\/\/flsportscoast.com\/\",\"logo\":{\"@type\":\"ImageObject\",\"inLanguage\":\"de-DE\",\"@id\":\"https:\/\/flsportscoast.com\/#\/schema\/logo\/image\/\",\"url\":\"https:\/\/flsportscoast.com\/wp-content\/uploads\/2022\/07\/fl-sports-coast-logo-color.png\",\"contentUrl\":\"https:\/\/flsportscoast.com\/wp-content\/uploads\/2022\/07\/fl-sports-coast-logo-color.png\",\"width\":1028,\"height\":1028,\"caption\":\"Florida Sports Coast\"},\"image\":{\"@id\":\"https:\/\/flsportscoast.com\/#\/schema\/logo\/image\/\"},\"sameAs\":[\"https:\/\/www.facebook.com\/FLSportsCoast\/\",\"https:\/\/x.com\/FLSportsCoast\",\"https:\/\/www.pinterest.com\/FLSportsCoast\/\",\"https:\/\/www.instagram.com\/flsportscoast\/\",\"https:\/\/www.youtube.com\/channel\/UCJNh4zCnO3RPH6D9NPAoyGQ\"]}]}<\/script>\n<!-- \/ Yoast SEO plugin. -->","yoast_head_json":{"title":"Reisen und Wetter | Floridas Sportk\u00fcste","description":"Reise- und Wetter-Update aktualisiert um 11:22 Uhr. EST., 28. August 2023, aktualisiert um 14:19 Uhr. EST., 30. August 2023 Floridas Sports Coast bleibt unter einem Local","robots":{"index":"index","follow":"follow","max-snippet":"max-snippet:-1","max-image-preview":"max-image-preview:large","max-video-preview":"max-video-preview:-1"},"canonical":"https:\/\/flsportscoast.com\/de\/travel-and-weather\/","og_locale":"de_DE","og_type":"article","og_title":"Travel and Weather | Florida&#039;s Sports Coast","og_description":"Travel and Weather Update Updated 11:22 am. EST., August 28, 2023 Updated 2:19 pm. EST., August 30, 2023 Florida\u2019s Sports Coast remains under a Local","og_url":"https:\/\/flsportscoast.com\/de\/travel-and-weather\/","og_site_name":"Florida&#039;s Sports Coast","article_publisher":"https:\/\/www.facebook.com\/FLSportsCoast\/","article_modified_time":"2023-08-30T18:35:29+00:00","twitter_card":"summary_large_image","twitter_site":"@FLSportsCoast","twitter_misc":{"Est. reading time":"1 minute"},"schema":{"@context":"https:\/\/schema.org","@graph":[{"@type":"WebPage","@id":"https:\/\/flsportscoast.com\/travel-and-weather\/","url":"https:\/\/flsportscoast.com\/travel-and-weather\/","name":"Reisen und Wetter | Floridas Sportk\u00fcste","isPartOf":{"@id":"https:\/\/flsportscoast.com\/#website"},"datePublished":"2022-09-23T19:55:08+00:00","dateModified":"2023-08-30T18:35:29+00:00","description":"Reise- und Wetter-Update aktualisiert um 11:22 Uhr. EST., 28. August 2023, aktualisiert um 14:19 Uhr. EST., 30. August 2023 Floridas Sports Coast bleibt unter einem Local","breadcrumb":{"@id":"https:\/\/flsportscoast.com\/travel-and-weather\/#breadcrumb"},"inLanguage":"de-DE","potentialAction":[{"@type":"ReadAction","target":["https:\/\/flsportscoast.com\/travel-and-weather\/"]}]},{"@type":"BreadcrumbList","@id":"https:\/\/flsportscoast.com\/travel-and-weather\/#breadcrumb","itemListElement":[{"@type":"ListItem","position":1,"name":"Home","item":"https:\/\/flsportscoast.com\/"},{"@type":"ListItem","position":2,"name":"Travel and Weather"}]},{"@type":"WebSite","@id":"https:\/\/flsportscoast.com\/#website","url":"https:\/\/flsportscoast.com\/","name":"Floridas Sportk\u00fcste","description":"","publisher":{"@id":"https:\/\/flsportscoast.com\/#organization"},"potentialAction":[{"@type":"SearchAction","target":{"@type":"EntryPoint","urlTemplate":"https:\/\/flsportscoast.com\/?s={search_term_string}"},"query-input":{"@type":"PropertyValueSpecification","valueRequired":true,"valueName":"search_term_string"}}],"inLanguage":"de-DE"},{"@type":"Organization","@id":"https:\/\/flsportscoast.com\/#organization","name":"Floridas Sportk\u00fcste","url":"https:\/\/flsportscoast.com\/","logo":{"@type":"ImageObject","inLanguage":"de-DE","@id":"https:\/\/flsportscoast.com\/#\/schema\/logo\/image\/","url":"https:\/\/flsportscoast.com\/wp-content\/uploads\/2022\/07\/fl-sports-coast-logo-color.png","contentUrl":"https:\/\/flsportscoast.com\/wp-content\/uploads\/2022\/07\/fl-sports-coast-logo-color.png","width":1028,"height":1028,"caption":"Florida Sports Coast"},"image":{"@id":"https:\/\/flsportscoast.com\/#\/schema\/logo\/image\/"},"sameAs":["https:\/\/www.facebook.com\/FLSportsCoast\/","https:\/\/x.com\/FLSportsCoast","https:\/\/www.pinterest.com\/FLSportsCoast\/","https:\/\/www.instagram.com\/flsportscoast\/","https:\/\/www.youtube.com\/channel\/UCJNh4zCnO3RPH6D9NPAoyGQ"]}]}},"meta_fields":{"_edit_lock":"1748877823:8","_edit_last":"8","_yoast_wpseo_content_score":"90","_yoast_wpseo_estimated-reading-time-minutes":"1"},"thumb_url":false,"_links":{"self":[{"href":"https:\/\/flsportscoast.com\/de\/wp-json\/wp\/v2\/pages\/229906","targetHints":{"allow":["GET"]}}],"collection":[{"href":"https:\/\/flsportscoast.com\/de\/wp-json\/wp\/v2\/pages"}],"about":[{"href":"https:\/\/flsportscoast.com\/de\/wp-json\/wp\/v2\/types\/page"}],"author":[{"embeddable":true,"href":"https:\/\/flsportscoast.com\/de\/wp-json\/wp\/v2\/users\/1"}],"replies":[{"embeddable":true,"href":"https:\/\/flsportscoast.com\/de\/wp-json\/wp\/v2\/comments?post=229906"}],"version-history":[{"count":24,"href":"https:\/\/flsportscoast.com\/de\/wp-json\/wp\/v2\/pages\/229906\/revisions"}],"predecessor-version":[{"id":234016,"href":"https:\/\/flsportscoast.com\/de\/wp-json\/wp\/v2\/pages\/229906\/revisions\/234016"}],"wp:attachment":[{"href":"https:\/\/flsportscoast.com\/de\/wp-json\/wp\/v2\/media?parent=229906"}],"wp:term":[{"taxonomy":"category","embeddable":true,"href":"https:\/\/flsportscoast.com\/de\/wp-json\/wp\/v2\/categories?post=229906"},{"taxonomy":"post_tag","embeddable":true,"href":"https:\/\/flsportscoast.com\/de\/wp-json\/wp\/v2\/tags?post=229906"}],"curies":[{"name":"wp","href":"https:\/\/api.w.org\/{rel}","templated":true}]}}