{"id":229481,"date":"2022-07-12T21:16:16","date_gmt":"2022-07-12T21:16:16","guid":{"rendered":"https:\/\/flsportscoast.com\/?page_id=229481"},"modified":"2024-12-04T13:13:26","modified_gmt":"2024-12-04T18:13:26","slug":"tourism-banquet","status":"publish","type":"page","link":"https:\/\/flsportscoast.com\/de\/tourism-banquet\/","title":{"rendered":"Tourismus-Bankett"},"content":{"rendered":"<div class=\"wp-block-columns is-layout-flex wp-container-core-columns-is-layout-1 wp-block-columns-is-layout-flex\" style=\"justify-content:center\">\n<div class=\"wp-block-column is-layout-flow wp-block-column-is-layout-flow\" style=\"flex-basis:25%\"><\/div>\n\n\n\n<div class=\"wp-block-column is-layout-flow wp-block-column-is-layout-flow\" style=\"flex-basis:50%\">\n<h2 class=\"has-text-align-center has-deep-blue-color has-text-color wp-block-heading\" id=\"join-our-mvp-list-1\">Treten Sie unserer MVP-LISTE bei<\/h2>\n\n\n\n<p>An Floridas Sports Coast macht uns nichts gl\u00fccklicher, als unsere gro\u00dfartigen Partner zu erkennen. Ihre unerm\u00fcdlichen Bem\u00fchungen haben jeden Winkel unseres abenteuerlichen Reiseziels verbessert, und wir m\u00f6chten Sie ins Rampenlicht r\u00fccken<br>Leistungen und Partner. Sehen Sie sich zun\u00e4chst die Preiskategorien an und f\u00fcllen Sie das folgende Formular aus, um jemanden zu nominieren, den Sie auszeichnen m\u00f6chten.<\/p>\n\n\n\n<h3 class=\"has-orange-color has-text-color wp-block-heading\" id=\"florida-s-sports-coast-awards\">FLORIDAS SPORTS COAST AWARDS:<\/h3>\n\n\n\n<h4 class=\"has-deep-blue-color has-text-color wp-block-heading\" id=\"hospitality-award\">GASTFREUNDSCHAFTSPREIS<\/h4>\n\n\n\n<p>Diese Auszeichnung soll eine Person w\u00fcrdigen, die an vorderster Front im Umgang mit G\u00e4steerlebnissen arbeitet und immer wieder alles daran setzt, jedem Gast das Gef\u00fchl zu geben, etwas Besonderes zu sein. Dies ist die Person, an die sich die G\u00e4ste erinnern und nach deren Namen sie fragen, wenn sie f\u00fcr ihren n\u00e4chsten Besuch an Floridas Sports Coast zur\u00fcckkehren.<\/p>\n\n\n\n<h4 class=\"has-deep-blue-color has-text-color wp-block-heading\" id=\"hospitality-award\">FLORIDA&#039;S SPORTS COAST BOTSCHAFTER DES JAHRES GASTFREUNDSCHAFTAUSZEICHNUNG<\/h4>\n\n\n\n<p>Der Botschafter des Jahres f\u00fcr die Tourismusbranche wird an eine Person verliehen, deren Professionalit\u00e4t, Hingabe, Einstellung und Servicequalit\u00e4t am besten beispielhaft f\u00fcr herausragende Leistungen in der Tourismusbranche in Pasco County stehen.<\/p>\n\n\n\n<h4 class=\"has-deep-blue-color has-text-color wp-block-heading\" id=\"hospitality-award\">PARTNER DES JAHRES<\/h4>\n\n\n\n<p>Diese Auszeichnung w\u00fcrdigt einen Partner von Floridas Sports Coast, der bei der Unterst\u00fctzung des Destination Management Office und der umliegenden Gemeinde alles getan hat. Erfolgreiche Nominierungen umfassen Empfehlungsschreiben und alle anwendbaren unterst\u00fctzenden Materialien (Nachrichtenartikel, Fotos usw.).<\/p>\n\n\n\n<h4 class=\"has-deep-blue-color has-text-color wp-block-heading\" id=\"hospitality-award\">ATTRAKTION DES JAHRES<\/h4>\n\n\n\n<p>Diese Auszeichnung wird Attraktionen verliehen, deren Arbeit zu bemerkenswerten Leistungen in einem Jahr gef\u00fchrt hat (z. B. Entwicklung neuer Gesch\u00e4ftsm\u00e4rkte, erhebliches Umsatz- oder Besucherwachstum, besondere \u00d6ffentlichkeitsarbeit). Nominierungen sollten konkrete Ergebnisse zeigen; Erkl\u00e4rungen k\u00f6nnen Beschreibungen von Werbe-\/Werbeaktionen, besonderen Feiern oder Gedenkfeiern umfassen.<\/p>\n\n\n\n<h4 class=\"has-deep-blue-color has-text-color wp-block-heading\" id=\"hospitality-award\">AUFGEHENDER STERN<\/h4>\n\n\n\n<p>Diese Auszeichnung w\u00fcrdigt au\u00dfergew\u00f6hnliche Leistungen am Arbeitsplatz einer Person, die neu in der Reise- und Tourismusbranche ist. Die anf\u00e4ngliche Besch\u00e4ftigung des Kandidaten in der Branche muss zwischen dem 1. Januar 2015 und dem 31. Oktober 2020 stattgefunden haben. Nominierungen werden nach F\u00fchrungsqualit\u00e4ten, Enthusiasmus f\u00fcr die Branche, Innovation, erfolgreichen Programmen oder Veranstaltungen und anderen leistungsbezogenen Leistungen bewertet. Besondere Ber\u00fccksichtigung finden Nominierte, die au\u00dferhalb ihrer normalen Besch\u00e4ftigung in der Branche t\u00e4tig sind. Der Kandidat sollte ein sein<br>effektiver F\u00fcrsprecher gegen\u00fcber der \u00d6ffentlichkeit, ihrer Regierung und ihren Tourismuskollegen in Bezug auf die Reise- und Tourismusbranche. Arbeitgeber, Vorgesetzte oder Kollegen k\u00f6nnen Personen benennen.<\/p>\n\n\n\n<h4 class=\"has-deep-blue-color has-text-color wp-block-heading\" id=\"hospitality-award\">LEGACY-AUSZEICHNUNG<\/h4>\n\n\n\n<p>\u00dcberreicht an eine Person, die im Laufe der Jahre einen lang anhaltenden und dauerhaften Beitrag zur Tourismusbranche von Pasco County geleistet hat. Ein Nominierter f\u00fcr diese Auszeichnung sollte mindestens 10 Jahre herausragende Dienste in der Tourismusbranche geleistet haben.<\/p>\n<\/div>\n\n\n\n<div class=\"wp-block-column is-layout-flow wp-block-column-is-layout-flow\" style=\"flex-basis:25%\"><\/div>\n<\/div>","protected":false},"excerpt":{"rendered":"<p>An Floridas Sports Coast macht uns nichts gl\u00fccklicher, als unsere gro\u00dfartigen Partner anzuerkennen. Dein unerm\u00fcdlicher\u2026<\/p>","protected":false},"author":1,"featured_media":0,"parent":0,"menu_order":0,"comment_status":"closed","ping_status":"closed","template":"","meta":{"_acf_changed":false,"wprm-recipe-roundup-name":"","wprm-recipe-roundup-description":"","footnotes":""},"categories":[],"tags":[],"class_list":["post-229481","page","type-page","status-publish","hentry"],"acf":[],"yoast_head":"<!-- This site is optimized with the Yoast SEO plugin v24.1 - https:\/\/yoast.com\/wordpress\/plugins\/seo\/ -->\n<title>Tourism Banquet | Florida&#039;s Sports Coast<\/title>\n<meta name=\"description\" content=\"JOIN OUR MVP LIST At Florida\u2019s Sports Coast, nothing makes us happier than recognizing our amazing partners. Your tireless efforts have improved every\" \/>\n<meta name=\"robots\" content=\"index, follow, max-snippet:-1, max-image-preview:large, max-video-preview:-1\" \/>\n<link rel=\"canonical\" href=\"https:\/\/flsportscoast.com\/de\/tourism-banquet\/\" \/>\n<meta property=\"og:locale\" content=\"de_DE\" \/>\n<meta property=\"og:type\" content=\"article\" \/>\n<meta property=\"og:title\" content=\"Tourism Banquet | Florida&#039;s Sports Coast\" \/>\n<meta property=\"og:description\" content=\"JOIN OUR MVP LIST At Florida\u2019s Sports Coast, nothing makes us happier than recognizing our amazing partners. Your tireless efforts have improved every\" \/>\n<meta property=\"og:url\" content=\"https:\/\/flsportscoast.com\/de\/tourism-banquet\/\" \/>\n<meta property=\"og:site_name\" content=\"Florida&#039;s Sports Coast\" \/>\n<meta property=\"article:publisher\" content=\"https:\/\/www.facebook.com\/FLSportsCoast\/\" \/>\n<meta property=\"article:modified_time\" content=\"2024-12-04T18:13:26+00:00\" \/>\n<meta name=\"twitter:card\" content=\"summary_large_image\" \/>\n<meta name=\"twitter:site\" content=\"@FLSportsCoast\" \/>\n<meta name=\"twitter:label1\" content=\"Est. reading time\" \/>\n\t<meta name=\"twitter:data1\" content=\"2 minutes\" \/>\n<script type=\"application\/ld+json\" class=\"yoast-schema-graph\">{\"@context\":\"https:\/\/schema.org\",\"@graph\":[{\"@type\":\"WebPage\",\"@id\":\"https:\/\/flsportscoast.com\/tourism-banquet\/\",\"url\":\"https:\/\/flsportscoast.com\/tourism-banquet\/\",\"name\":\"Tourism Banquet | Florida&#039;s Sports Coast\",\"isPartOf\":{\"@id\":\"https:\/\/flsportscoast.com\/#website\"},\"datePublished\":\"2022-07-12T21:16:16+00:00\",\"dateModified\":\"2024-12-04T18:13:26+00:00\",\"description\":\"JOIN OUR MVP LIST At Florida\u2019s Sports Coast, nothing makes us happier than recognizing our amazing partners. Your tireless efforts have improved every\",\"breadcrumb\":{\"@id\":\"https:\/\/flsportscoast.com\/tourism-banquet\/#breadcrumb\"},\"inLanguage\":\"de-DE\",\"potentialAction\":[{\"@type\":\"ReadAction\",\"target\":[\"https:\/\/flsportscoast.com\/tourism-banquet\/\"]}]},{\"@type\":\"BreadcrumbList\",\"@id\":\"https:\/\/flsportscoast.com\/tourism-banquet\/#breadcrumb\",\"itemListElement\":[{\"@type\":\"ListItem\",\"position\":1,\"name\":\"Home\",\"item\":\"https:\/\/flsportscoast.com\/\"},{\"@type\":\"ListItem\",\"position\":2,\"name\":\"Tourism Banquet\"}]},{\"@type\":\"WebSite\",\"@id\":\"https:\/\/flsportscoast.com\/#website\",\"url\":\"https:\/\/flsportscoast.com\/\",\"name\":\"Florida&#039;s Sports Coast\",\"description\":\"\",\"publisher\":{\"@id\":\"https:\/\/flsportscoast.com\/#organization\"},\"potentialAction\":[{\"@type\":\"SearchAction\",\"target\":{\"@type\":\"EntryPoint\",\"urlTemplate\":\"https:\/\/flsportscoast.com\/?s={search_term_string}\"},\"query-input\":{\"@type\":\"PropertyValueSpecification\",\"valueRequired\":true,\"valueName\":\"search_term_string\"}}],\"inLanguage\":\"de-DE\"},{\"@type\":\"Organization\",\"@id\":\"https:\/\/flsportscoast.com\/#organization\",\"name\":\"Florida Sports Coast\",\"url\":\"https:\/\/flsportscoast.com\/\",\"logo\":{\"@type\":\"ImageObject\",\"inLanguage\":\"de-DE\",\"@id\":\"https:\/\/flsportscoast.com\/#\/schema\/logo\/image\/\",\"url\":\"https:\/\/flsportscoast.com\/wp-content\/uploads\/2022\/07\/fl-sports-coast-logo-color.png\",\"contentUrl\":\"https:\/\/flsportscoast.com\/wp-content\/uploads\/2022\/07\/fl-sports-coast-logo-color.png\",\"width\":1028,\"height\":1028,\"caption\":\"Florida Sports Coast\"},\"image\":{\"@id\":\"https:\/\/flsportscoast.com\/#\/schema\/logo\/image\/\"},\"sameAs\":[\"https:\/\/www.facebook.com\/FLSportsCoast\/\",\"https:\/\/x.com\/FLSportsCoast\",\"https:\/\/www.pinterest.com\/FLSportsCoast\/\",\"https:\/\/www.instagram.com\/flsportscoast\/\",\"https:\/\/www.youtube.com\/channel\/UCJNh4zCnO3RPH6D9NPAoyGQ\"]}]}<\/script>\n<!-- \/ Yoast SEO plugin. -->","yoast_head_json":{"title":"Tourismus-Bankett | Floridas Sportk\u00fcste","description":"WERDEN SIE AUF UNSERER MVP-LISTE TRETEN An Floridas Sports Coast macht uns nichts gl\u00fccklicher, als unsere gro\u00dfartigen Partner zu erkennen. Ihre unerm\u00fcdlichen Bem\u00fchungen haben sich alle verbessert","robots":{"index":"index","follow":"follow","max-snippet":"max-snippet:-1","max-image-preview":"max-image-preview:large","max-video-preview":"max-video-preview:-1"},"canonical":"https:\/\/flsportscoast.com\/de\/tourism-banquet\/","og_locale":"de_DE","og_type":"article","og_title":"Tourism Banquet | Florida&#039;s Sports Coast","og_description":"JOIN OUR MVP LIST At Florida\u2019s Sports Coast, nothing makes us happier than recognizing our amazing partners. Your tireless efforts have improved every","og_url":"https:\/\/flsportscoast.com\/de\/tourism-banquet\/","og_site_name":"Florida&#039;s Sports Coast","article_publisher":"https:\/\/www.facebook.com\/FLSportsCoast\/","article_modified_time":"2024-12-04T18:13:26+00:00","twitter_card":"summary_large_image","twitter_site":"@FLSportsCoast","twitter_misc":{"Est. reading time":"2 minutes"},"schema":{"@context":"https:\/\/schema.org","@graph":[{"@type":"WebPage","@id":"https:\/\/flsportscoast.com\/tourism-banquet\/","url":"https:\/\/flsportscoast.com\/tourism-banquet\/","name":"Tourismus-Bankett | Floridas Sportk\u00fcste","isPartOf":{"@id":"https:\/\/flsportscoast.com\/#website"},"datePublished":"2022-07-12T21:16:16+00:00","dateModified":"2024-12-04T18:13:26+00:00","description":"WERDEN SIE AUF UNSERER MVP-LISTE TRETEN An Floridas Sports Coast macht uns nichts gl\u00fccklicher, als unsere gro\u00dfartigen Partner zu erkennen. Ihre unerm\u00fcdlichen Bem\u00fchungen haben sich alle verbessert","breadcrumb":{"@id":"https:\/\/flsportscoast.com\/tourism-banquet\/#breadcrumb"},"inLanguage":"de-DE","potentialAction":[{"@type":"ReadAction","target":["https:\/\/flsportscoast.com\/tourism-banquet\/"]}]},{"@type":"BreadcrumbList","@id":"https:\/\/flsportscoast.com\/tourism-banquet\/#breadcrumb","itemListElement":[{"@type":"ListItem","position":1,"name":"Home","item":"https:\/\/flsportscoast.com\/"},{"@type":"ListItem","position":2,"name":"Tourism Banquet"}]},{"@type":"WebSite","@id":"https:\/\/flsportscoast.com\/#website","url":"https:\/\/flsportscoast.com\/","name":"Floridas Sportk\u00fcste","description":"","publisher":{"@id":"https:\/\/flsportscoast.com\/#organization"},"potentialAction":[{"@type":"SearchAction","target":{"@type":"EntryPoint","urlTemplate":"https:\/\/flsportscoast.com\/?s={search_term_string}"},"query-input":{"@type":"PropertyValueSpecification","valueRequired":true,"valueName":"search_term_string"}}],"inLanguage":"de-DE"},{"@type":"Organization","@id":"https:\/\/flsportscoast.com\/#organization","name":"Floridas Sportk\u00fcste","url":"https:\/\/flsportscoast.com\/","logo":{"@type":"ImageObject","inLanguage":"de-DE","@id":"https:\/\/flsportscoast.com\/#\/schema\/logo\/image\/","url":"https:\/\/flsportscoast.com\/wp-content\/uploads\/2022\/07\/fl-sports-coast-logo-color.png","contentUrl":"https:\/\/flsportscoast.com\/wp-content\/uploads\/2022\/07\/fl-sports-coast-logo-color.png","width":1028,"height":1028,"caption":"Florida Sports Coast"},"image":{"@id":"https:\/\/flsportscoast.com\/#\/schema\/logo\/image\/"},"sameAs":["https:\/\/www.facebook.com\/FLSportsCoast\/","https:\/\/x.com\/FLSportsCoast","https:\/\/www.pinterest.com\/FLSportsCoast\/","https:\/\/www.instagram.com\/flsportscoast\/","https:\/\/www.youtube.com\/channel\/UCJNh4zCnO3RPH6D9NPAoyGQ"]}]}},"meta_fields":{"_edit_lock":"1733336007:8","_edit_last":"8","_yoast_wpseo_content_score":"60","_yoast_wpseo_estimated-reading-time-minutes":"2","_yoast_wpseo_primary_category":""},"thumb_url":false,"_links":{"self":[{"href":"https:\/\/flsportscoast.com\/de\/wp-json\/wp\/v2\/pages\/229481","targetHints":{"allow":["GET"]}}],"collection":[{"href":"https:\/\/flsportscoast.com\/de\/wp-json\/wp\/v2\/pages"}],"about":[{"href":"https:\/\/flsportscoast.com\/de\/wp-json\/wp\/v2\/types\/page"}],"author":[{"embeddable":true,"href":"https:\/\/flsportscoast.com\/de\/wp-json\/wp\/v2\/users\/1"}],"replies":[{"embeddable":true,"href":"https:\/\/flsportscoast.com\/de\/wp-json\/wp\/v2\/comments?post=229481"}],"version-history":[{"count":8,"href":"https:\/\/flsportscoast.com\/de\/wp-json\/wp\/v2\/pages\/229481\/revisions"}],"predecessor-version":[{"id":233320,"href":"https:\/\/flsportscoast.com\/de\/wp-json\/wp\/v2\/pages\/229481\/revisions\/233320"}],"wp:attachment":[{"href":"https:\/\/flsportscoast.com\/de\/wp-json\/wp\/v2\/media?parent=229481"}],"wp:term":[{"taxonomy":"category","embeddable":true,"href":"https:\/\/flsportscoast.com\/de\/wp-json\/wp\/v2\/categories?post=229481"},{"taxonomy":"post_tag","embeddable":true,"href":"https:\/\/flsportscoast.com\/de\/wp-json\/wp\/v2\/tags?post=229481"}],"curies":[{"name":"wp","href":"https:\/\/api.w.org\/{rel}","templated":true}]}}