{"id":229468,"date":"2022-07-12T20:37:04","date_gmt":"2022-07-12T20:37:04","guid":{"rendered":"https:\/\/flsportscoast.com\/?page_id=229468"},"modified":"2024-09-05T13:10:46","modified_gmt":"2024-09-05T17:10:46","slug":"giveaway-terms-conditions","status":"publish","type":"page","link":"https:\/\/flsportscoast.com\/de\/giveaway-terms-conditions\/","title":{"rendered":"Allgemeine Gesch\u00e4ftsbedingungen f\u00fcr Gewinnspiele"},"content":{"rendered":"<div class=\"wp-block-cover\" style=\"padding-top:0;padding-bottom:0;min-height:600px;aspect-ratio:unset;\"><span aria-hidden=\"true\" class=\"wp-block-cover__background has-background-dim\" style=\"background-color:#415045\"><\/span><img loading=\"lazy\" decoding=\"async\" width=\"1920\" height=\"1079\" class=\"wp-block-cover__image-background wp-image-232285\" alt=\"\" src=\"https:\/\/flsportscoast.com\/wp-content\/uploads\/Pasco-Scalloping-0136-2-scaled.jpg\" data-object-fit=\"cover\" srcset=\"https:\/\/flsportscoast.com\/wp-content\/uploads\/Pasco-Scalloping-0136-2-scaled.jpg 1920w, https:\/\/flsportscoast.com\/wp-content\/uploads\/Pasco-Scalloping-0136-2-300x169.jpg 300w, https:\/\/flsportscoast.com\/wp-content\/uploads\/Pasco-Scalloping-0136-2-1024x575.jpg 1024w, https:\/\/flsportscoast.com\/wp-content\/uploads\/Pasco-Scalloping-0136-2-768x432.jpg 768w, https:\/\/flsportscoast.com\/wp-content\/uploads\/Pasco-Scalloping-0136-2-1536x863.jpg 1536w, https:\/\/flsportscoast.com\/wp-content\/uploads\/Pasco-Scalloping-0136-2-2048x1151.jpg 2048w, https:\/\/flsportscoast.com\/wp-content\/uploads\/Pasco-Scalloping-0136-2-18x10.jpg 18w, https:\/\/flsportscoast.com\/wp-content\/uploads\/Pasco-Scalloping-0136-2-400x225.jpg 400w, https:\/\/flsportscoast.com\/wp-content\/uploads\/Pasco-Scalloping-0136-2-600x337.jpg 600w, https:\/\/flsportscoast.com\/wp-content\/uploads\/Pasco-Scalloping-0136-2-1068x600.jpg 1068w, https:\/\/flsportscoast.com\/wp-content\/uploads\/Pasco-Scalloping-0136-2-1600x899.jpg 1600w, https:\/\/flsportscoast.com\/wp-content\/uploads\/Pasco-Scalloping-0136-2-250x140.jpg 250w\" sizes=\"auto, (max-width: 1920px) 100vw, 1920px\" \/><div class=\"wp-block-cover__inner-container is-layout-constrained wp-block-cover-is-layout-constrained\">\n<p class=\"has-text-align-center has-large-font-size\"><\/p>\n<\/div><\/div>\n\n\n  <section class=\"madden-block-paragraph-cta\">\n    <div class=\"paragraph-cta\">\n      <div class=\"paragraph-cta__body\">\n        <div class=\"paragraph-cta__banner\"><\/div>\n        <div class=\"paragraph-cta__title-container\">\n          <p>Offizielle Regel: Kein Kauf erforderlich. Ung\u00fcltig, wo verboten.<\/p>\n          <h1>Allgemeine Gesch\u00e4ftsbedingungen f\u00fcr Gewinnspiele<\/h1>\n        <\/div>\n        <div class=\"paragraph-cta__body-text\">\n          <p><\/p>\n        <\/div>\n      <\/div>\n    <\/div>\n  <\/section>\n  \n\n\n<div class=\"wp-block-columns is-layout-flex wp-container-core-columns-is-layout-1 wp-block-columns-is-layout-flex\" style=\"justify-content:center\">\n<div class=\"wp-block-column is-layout-flow wp-block-column-is-layout-flow\" style=\"flex-basis:5%\"><\/div>\n\n\n\n<div class=\"wp-block-column is-layout-flow wp-block-column-is-layout-flow\" style=\"padding-top:5%;padding-right:5%;padding-bottom:5%;padding-left:5%;flex-basis:50%\">\n<div class=\"wp-block-group is-vertical is-layout-flex wp-container-core-group-is-layout-1 wp-block-group-is-layout-flex\">\n<p><strong>Diese Aktion von Florida&#039;s Sports Coast (\u201eAktion\u201c) ist f\u00fcr die im jeweiligen Social-Media-Beitrag angegebenen Daten g\u00fcltig.<\/strong> Die Anmeldung beginnt um 00:00 Uhr Eastern Time (\u201eET\u201c) am ersten Tag der Aktion und endet um 12:00 Uhr ET am letzten Tag der Aktion, wie im entsprechenden Social-Media-Beitrag angegeben (\u201eAktionszeitraum\u201c).<\/p>\n\n\n\n<div style=\"height:8px;width:0px\" aria-hidden=\"true\" class=\"wp-block-spacer wp-container-content-1\"><\/div>\n\n\n\n<p><strong>Teilnahmeberechtigung:<\/strong> Teilnahmeberechtigt sind ausschlie\u00dflich Personen mit legalem Wohnsitz in den USA, die zum Zeitpunkt der Teilnahme mindestens 21 Jahre alt sind. Mitarbeiter von Florida&#039;s Sports Coast \/Pasco County, Florida (\u201eSponsor\u201c) und aller seiner Partner, Muttergesellschaften, Tochtergesellschaften, Preisanbieter sowie Werbe- und Promotionagenturen, die mit der Aktion in Verbindung stehen (zusammen \u201eWerbeunternehmen\u201c), sowie deren unmittelbare Familienangeh\u00f6rige (Ehepartner, Eltern, Kinder und Geschwister und deren Ehepartner) und\/oder Personen, die im selben Haushalt wie die jeweiligen Mitarbeiter leben, sind nicht teilnahmeberechtigt. Ung\u00fcltig, wenn gesetzlich verboten oder eingeschr\u00e4nkt. Vorbehaltlich aller anwendbaren Bundes-, Staats- und Kommunalgesetze, Verordnungen und Vorschriften. Mit der Teilnahme an der Aktion akzeptieren die Teilnehmer diese offiziellen Regeln und erkl\u00e4ren sich damit einverstanden, an sie gebunden zu sein.<\/p>\n\n\n\n<div style=\"height:8px;width:0px\" aria-hidden=\"true\" class=\"wp-block-spacer wp-container-content-2\"><\/div>\n\n\n\n<p><strong>So nehmen Sie teil: <\/strong>Die Teilnehmer m\u00fcssen die im jeweiligen Social-Media-Beitrag beschriebenen Teilnahmekriterien einhalten. Jede Person ist w\u00e4hrend des gesamten Aktionszeitraums auf maximal f\u00fcnf (5) Teilnahmen beschr\u00e4nkt.<\/p>\n\n\n\n<div style=\"height:8px;width:0px\" aria-hidden=\"true\" class=\"wp-block-spacer wp-container-content-3\"><\/div>\n\n\n\n<p><strong>Zuf\u00e4llige Ziehung:<\/strong> Der potenzielle Gewinner des Hauptpreises muss dann innerhalb von einem (1) Tag nach der Benachrichtigung eine eidesstattliche Erkl\u00e4rung zu Teilnahmeberechtigung, Haftung und Ver\u00f6ffentlichungsfreigabe unterzeichnen und per E-Mail zur\u00fccksenden. Andernfalls wird der potenzielle Gewinner disqualifiziert und es kann nach alleinigem Ermessen des Sponsors ein anderer potenzieller Gewinner des Hauptpreises ausgew\u00e4hlt werden. Die Nichteinhaltung innerhalb der vorgeschriebenen Fristen f\u00fchrt zur Disqualifikation des potenziellen Gewinners und zur Auswahl eines anderen Gewinners nach alleinigem Ermessen des Sponsors. Eine als nicht zustellbar oder ohne Antwort zur\u00fcckgesandte Gewinnbenachrichtigung f\u00fchrt zur Disqualifikation und zum Verlust des Hauptpreises. Es kann nach alleinigem Ermessen des Sponsors ein anderer Gewinner ausgew\u00e4hlt werden.<\/p>\n\n\n\n<div style=\"height:8px;width:0px\" aria-hidden=\"true\" class=\"wp-block-spacer wp-container-content-4\"><\/div>\n\n\n\n<p><strong>Benachrichtigung\/Verifizierung der Gewinner:<\/strong> Der potenzielle Gewinner des Hauptpreises wird per Direktnachricht auf Facebook, Twitter oder Instagram an das mit seiner Teilnahme verkn\u00fcpfte Social-Media-Profil und die registrierten Rechnungsinformationen benachrichtigt. Der Sponsor beh\u00e4lt sich das Recht vor, die Werbeaktion oder Teile davon im Falle von Betrug, technischen St\u00f6rungen oder anderen Faktoren au\u00dferhalb der angemessenen Kontrolle des Sponsors, die die Integrit\u00e4t oder den ordnungsgem\u00e4\u00dfen Ablauf der Werbeaktion beeintr\u00e4chtigen, abzubrechen, auszusetzen und\/oder zu \u00e4ndern, wie ausschlie\u00dflich vom Sponsor bestimmt. Im Falle einer Abbruchs wird der Hauptpreis per Zufallsprinzip aus allen berechtigten Teilnahmen vergeben, die vor der Abbruchsfrist gem\u00e4\u00df diesen offiziellen Regeln eingegangen sind. Die Nichtdurchsetzung einer Bestimmung dieser offiziellen Regeln durch den Sponsor stellt keinen Verzicht auf diese Bestimmung dar. WARNUNG: JEDER VERSUCH EINES TEILNEHMERS ODER EINER ANDEREN PERSON, EINE MIT DIESER WERBEAKTION VERBUNDENE WEBSITE ODER SOZIALE MEDIENSEITE ABSICHTLICH ZU BESCH\u00c4DIGEN ODER DEN RECHTM\u00c4SSIGEN ABLAUF DER WERBEAKTION ZU UNTERGRABEN, KANN EINEN VERSTOSS GEGEN DAS STRAF- UND ZIVILRECHT DARSTELLEN; SOLLTE EIN SOLCHER VERSUCH UNTERNOMMEN WERDEN, BEH\u00c4LT SICH DER SPONSOR DAS RECHT VOR, EINE SOLCHE PERSON IM GR\u00d6SSTM\u00d6GLICHEN GESETZLICH ZUL\u00c4SSIGEN UMFANG STRAFBAR ZU VERFOLGEN UND SCHADENSERSATZ ZU VERLANGEN. Der Sponsor beh\u00e4lt sich das Recht vor, nach eigenem Ermessen jede Person zu disqualifizieren, die versucht, den Anmeldevorgang und\/oder den rechtm\u00e4\u00dfigen Ablauf der Werbeaktion zu manipulieren oder zu untergraben; die gegen die offiziellen Regeln verst\u00f6\u00dft; oder sich unsportlich oder st\u00f6rend verh\u00e4lt oder die Absicht hat, eine andere Person zu bel\u00e4stigen, zu beleidigen, zu bedrohen oder zu schikanieren. Wenn die Werbeaktion aus irgendeinem Grund nicht wie geplant durchgef\u00fchrt werden kann, kann der Sponsor nach eigenem Ermessen verd\u00e4chtige Anmeldungen f\u00fcr ung\u00fcltig erkl\u00e4ren und (a) die Werbeaktion \u00e4ndern oder aussetzen, um die Beeintr\u00e4chtigung zu beheben, und die Werbeaktion dann in einer Weise fortsetzen, die dem Geist dieser offiziellen Regeln am besten entspricht; oder (b) den Hauptpreis nach dem Zufallsprinzip unter allen g\u00fcltigen Anmeldungen vergeben, die vor der Absage gem\u00e4\u00df diesen offiziellen Regeln eingegangen sind.<\/p>\n\n\n\n<div style=\"height:8px;width:0px\" aria-hidden=\"true\" class=\"wp-block-spacer wp-container-content-5\"><\/div>\n\n\n\n<p><strong>Garantien und Zusicherungen; Haftungsausschluss:<\/strong> Sie (Gewinner) stellen hiermit den Sponsor und alle an der Promotion beteiligten Unternehmen und deren jeweilige F\u00fchrungskr\u00e4fte, Direktoren, Mitglieder, Manager, Mitarbeiter, Agenten, Vertreter, Rechtsnachfolger und Bevollm\u00e4chtigte (die \u201efreigestellten Parteien\u201c) von allen Anspr\u00fcchen Dritter frei, die sich aus der Verwendung eines Beitrags ergeben, und Sie verzichten auf das Recht, die Verwendung Ihres Beitrags durch den Sponsor im Zusammenhang mit der Promotion zu pr\u00fcfen oder zu genehmigen oder f\u00fcr eine solche Verwendung entsch\u00e4digt zu werden. Die Teilnahme an der Promotion stellt eine Erlaubnis f\u00fcr den Sponsor dar, den Namen und die Adresse eines Gewinners und seines Gastes ausschlie\u00dflich im Zusammenhang mit der Durchf\u00fchrung der Promotion und wie gesetzlich vorgeschrieben zu verwenden. Durch die Teilnahme an der Promotion erkl\u00e4rt sich der Teilnehmer damit einverstanden, dass die freigestellten Parteien keinerlei Haftung \u00fcbernehmen und vom Teilnehmer f\u00fcr jegliche Haftung f\u00fcr K\u00f6rperverletzungen, Verluste oder Sch\u00e4den jeglicher Art an Personen, einschlie\u00dflich Tod, und Eigentum schadlos gehalten werden, die ganz oder teilweise, direkt oder indirekt, aus der Teilnahme, der Annahme, dem Besitz, der Verwendung oder dem Missbrauch des Hauptpreises oder eines Teils davon, falls zutreffend, oder der Teilnahme an der Promotion oder der Teilnahme an einer mit der Promotion verbundenen Aktivit\u00e4t resultieren. Sie erkl\u00e4ren und gew\u00e4hrleisten hiermit, dass Sie diese offiziellen Regeln gelesen haben, mit deren Inhalt vollst\u00e4ndig vertraut sind und sich mit deren Verbindlichkeit einverstanden erkl\u00e4ren.<\/p>\n\n\n\n<div style=\"height:8px;width:0px\" aria-hidden=\"true\" class=\"wp-block-spacer wp-container-content-6\"><\/div>\n\n\n\n<p><strong>Streitigkeiten:<\/strong> TEILNEHMER\/GEWINNER STIMMEN FOLGENDEM ZU: ALLE PROBLEME UND FRAGEN BEZ\u00dcGLICH DER KONSTRUKTION, G\u00dcLTIGKEIT, AUSLEGUNG UND DURCHSETZBARKEIT DER AKTION ODER DER AGB von Florida&#039;s Sports Coast.<\/p>\n\n\n\n<div style=\"height:8px;width:0px\" aria-hidden=\"true\" class=\"wp-block-spacer wp-container-content-7\"><\/div>\n\n\n\n<p><strong>Sponsor\/Administrator:<\/strong> Sponsor der Aktion ist Florida&#039;s Sports Coast\/Pasco County, Florida, 1938 Duck Slough Blvd. Trinity, Florida 34655.<\/p>\n<\/div>\n\n\n\n<p class=\"has-text-align-center\">Diese Werbeaktion wird in keiner Weise von Facebook, Twitter oder Instagram gesponsert, unterst\u00fctzt oder verwaltet und steht auch nicht mit diesen in Verbindung. Sie verstehen, dass Sie Ihre Daten dem Sponsor und nicht Facebook, Twitter oder Instagram zur Verf\u00fcgung stellen.<\/p>\n<\/div>\n\n\n\n<div class=\"wp-block-column is-layout-flow wp-block-column-is-layout-flow\" style=\"flex-basis:5%\"><\/div>\n<\/div>","protected":false},"excerpt":{"rendered":"<p>Diese Aktion von Florida&#039;s Sports Coast (\u201eAktion\u201c) ist f\u00fcr die in der jeweiligen \u2026 angegebenen Daten g\u00fcltig.<\/p>","protected":false},"author":1,"featured_media":0,"parent":0,"menu_order":0,"comment_status":"closed","ping_status":"closed","template":"","meta":{"_acf_changed":false,"wprm-recipe-roundup-name":"","wprm-recipe-roundup-description":"","footnotes":""},"categories":[],"tags":[],"class_list":["post-229468","page","type-page","status-publish","hentry"],"acf":[],"yoast_head":"<!-- This site is optimized with the Yoast SEO plugin v24.1 - https:\/\/yoast.com\/wordpress\/plugins\/seo\/ -->\n<title>Giveaway Terms and Conditions | Florida&#039;s Sports Coast<\/title>\n<meta name=\"description\" content=\"This Florida\u2019s Sports Coast promotion (&quot;Promotion&quot;) is valid for the dates specified in the relevant social media post. Entries begin at 12:00 AM Eastern\" \/>\n<meta name=\"robots\" content=\"index, follow, max-snippet:-1, max-image-preview:large, max-video-preview:-1\" \/>\n<link rel=\"canonical\" href=\"https:\/\/flsportscoast.com\/de\/giveaway-terms-conditions\/\" \/>\n<meta property=\"og:locale\" content=\"de_DE\" \/>\n<meta property=\"og:type\" content=\"article\" \/>\n<meta property=\"og:title\" content=\"Giveaway Terms and Conditions | Florida&#039;s Sports Coast\" \/>\n<meta property=\"og:description\" content=\"This Florida\u2019s Sports Coast promotion (&quot;Promotion&quot;) is valid for the dates specified in the relevant social media post. Entries begin at 12:00 AM Eastern\" \/>\n<meta property=\"og:url\" content=\"https:\/\/flsportscoast.com\/de\/giveaway-terms-conditions\/\" \/>\n<meta property=\"og:site_name\" content=\"Florida&#039;s Sports Coast\" \/>\n<meta property=\"article:publisher\" content=\"https:\/\/www.facebook.com\/FLSportsCoast\/\" \/>\n<meta property=\"article:modified_time\" content=\"2024-09-05T17:10:46+00:00\" \/>\n<meta property=\"og:image\" content=\"https:\/\/flsportscoast.com\/wp-content\/uploads\/Pasco-Scalloping-0136-2-scaled.jpg\" \/>\n<meta name=\"twitter:card\" content=\"summary_large_image\" \/>\n<meta name=\"twitter:site\" content=\"@FLSportsCoast\" \/>\n<meta name=\"twitter:label1\" content=\"Est. reading time\" \/>\n\t<meta name=\"twitter:data1\" content=\"5 minutes\" \/>\n<script type=\"application\/ld+json\" class=\"yoast-schema-graph\">{\"@context\":\"https:\/\/schema.org\",\"@graph\":[{\"@type\":\"WebPage\",\"@id\":\"https:\/\/flsportscoast.com\/giveaway-terms-conditions\/\",\"url\":\"https:\/\/flsportscoast.com\/giveaway-terms-conditions\/\",\"name\":\"Giveaway Terms and Conditions | Florida&#039;s Sports Coast\",\"isPartOf\":{\"@id\":\"https:\/\/flsportscoast.com\/#website\"},\"primaryImageOfPage\":{\"@id\":\"https:\/\/flsportscoast.com\/giveaway-terms-conditions\/#primaryimage\"},\"image\":{\"@id\":\"https:\/\/flsportscoast.com\/giveaway-terms-conditions\/#primaryimage\"},\"thumbnailUrl\":\"https:\/\/flsportscoast.com\/wp-content\/uploads\/Pasco-Scalloping-0136-2-scaled.jpg\",\"datePublished\":\"2022-07-12T20:37:04+00:00\",\"dateModified\":\"2024-09-05T17:10:46+00:00\",\"description\":\"This Florida\u2019s Sports Coast promotion (\\\"Promotion\\\") is valid for the dates specified in the relevant social media post. Entries begin at 12:00 AM Eastern\",\"breadcrumb\":{\"@id\":\"https:\/\/flsportscoast.com\/giveaway-terms-conditions\/#breadcrumb\"},\"inLanguage\":\"de-DE\",\"potentialAction\":[{\"@type\":\"ReadAction\",\"target\":[\"https:\/\/flsportscoast.com\/giveaway-terms-conditions\/\"]}]},{\"@type\":\"ImageObject\",\"inLanguage\":\"de-DE\",\"@id\":\"https:\/\/flsportscoast.com\/giveaway-terms-conditions\/#primaryimage\",\"url\":\"https:\/\/flsportscoast.com\/wp-content\/uploads\/Pasco-Scalloping-0136-2-scaled.jpg\",\"contentUrl\":\"https:\/\/flsportscoast.com\/wp-content\/uploads\/Pasco-Scalloping-0136-2-scaled.jpg\"},{\"@type\":\"BreadcrumbList\",\"@id\":\"https:\/\/flsportscoast.com\/giveaway-terms-conditions\/#breadcrumb\",\"itemListElement\":[{\"@type\":\"ListItem\",\"position\":1,\"name\":\"Home\",\"item\":\"https:\/\/flsportscoast.com\/\"},{\"@type\":\"ListItem\",\"position\":2,\"name\":\"Giveaway Terms and Conditions\"}]},{\"@type\":\"WebSite\",\"@id\":\"https:\/\/flsportscoast.com\/#website\",\"url\":\"https:\/\/flsportscoast.com\/\",\"name\":\"Florida&#039;s Sports Coast\",\"description\":\"\",\"publisher\":{\"@id\":\"https:\/\/flsportscoast.com\/#organization\"},\"potentialAction\":[{\"@type\":\"SearchAction\",\"target\":{\"@type\":\"EntryPoint\",\"urlTemplate\":\"https:\/\/flsportscoast.com\/?s={search_term_string}\"},\"query-input\":{\"@type\":\"PropertyValueSpecification\",\"valueRequired\":true,\"valueName\":\"search_term_string\"}}],\"inLanguage\":\"de-DE\"},{\"@type\":\"Organization\",\"@id\":\"https:\/\/flsportscoast.com\/#organization\",\"name\":\"Florida Sports Coast\",\"url\":\"https:\/\/flsportscoast.com\/\",\"logo\":{\"@type\":\"ImageObject\",\"inLanguage\":\"de-DE\",\"@id\":\"https:\/\/flsportscoast.com\/#\/schema\/logo\/image\/\",\"url\":\"https:\/\/flsportscoast.com\/wp-content\/uploads\/2022\/07\/fl-sports-coast-logo-color.png\",\"contentUrl\":\"https:\/\/flsportscoast.com\/wp-content\/uploads\/2022\/07\/fl-sports-coast-logo-color.png\",\"width\":1028,\"height\":1028,\"caption\":\"Florida Sports Coast\"},\"image\":{\"@id\":\"https:\/\/flsportscoast.com\/#\/schema\/logo\/image\/\"},\"sameAs\":[\"https:\/\/www.facebook.com\/FLSportsCoast\/\",\"https:\/\/x.com\/FLSportsCoast\",\"https:\/\/www.pinterest.com\/FLSportsCoast\/\",\"https:\/\/www.instagram.com\/flsportscoast\/\",\"https:\/\/www.youtube.com\/channel\/UCJNh4zCnO3RPH6D9NPAoyGQ\"]}]}<\/script>\n<!-- \/ Yoast SEO plugin. -->","yoast_head_json":{"title":"Teilnahmebedingungen f\u00fcr Gewinnspiele | Floridas Sports Coast","description":"Diese Florida&#039;s Sports Coast-Aktion (\u201eAktion\u201c) ist g\u00fcltig f\u00fcr die im jeweiligen Social-Media-Beitrag angegebenen Daten. Anmeldungen beginnen um 12:00 Uhr Eastern Time","robots":{"index":"index","follow":"follow","max-snippet":"max-snippet:-1","max-image-preview":"max-image-preview:large","max-video-preview":"max-video-preview:-1"},"canonical":"https:\/\/flsportscoast.com\/de\/giveaway-terms-conditions\/","og_locale":"de_DE","og_type":"article","og_title":"Giveaway Terms and Conditions | Florida&#039;s Sports Coast","og_description":"This Florida\u2019s Sports Coast promotion (\"Promotion\") is valid for the dates specified in the relevant social media post. Entries begin at 12:00 AM Eastern","og_url":"https:\/\/flsportscoast.com\/de\/giveaway-terms-conditions\/","og_site_name":"Florida&#039;s Sports Coast","article_publisher":"https:\/\/www.facebook.com\/FLSportsCoast\/","article_modified_time":"2024-09-05T17:10:46+00:00","og_image":[{"url":"https:\/\/flsportscoast.com\/wp-content\/uploads\/Pasco-Scalloping-0136-2-scaled.jpg","type":"","width":"","height":""}],"twitter_card":"summary_large_image","twitter_site":"@FLSportsCoast","twitter_misc":{"Est. reading time":"5 minutes"},"schema":{"@context":"https:\/\/schema.org","@graph":[{"@type":"WebPage","@id":"https:\/\/flsportscoast.com\/giveaway-terms-conditions\/","url":"https:\/\/flsportscoast.com\/giveaway-terms-conditions\/","name":"Teilnahmebedingungen f\u00fcr Gewinnspiele | Floridas Sports Coast","isPartOf":{"@id":"https:\/\/flsportscoast.com\/#website"},"primaryImageOfPage":{"@id":"https:\/\/flsportscoast.com\/giveaway-terms-conditions\/#primaryimage"},"image":{"@id":"https:\/\/flsportscoast.com\/giveaway-terms-conditions\/#primaryimage"},"thumbnailUrl":"https:\/\/flsportscoast.com\/wp-content\/uploads\/Pasco-Scalloping-0136-2-scaled.jpg","datePublished":"2022-07-12T20:37:04+00:00","dateModified":"2024-09-05T17:10:46+00:00","description":"Diese Florida&#039;s Sports Coast-Aktion (\u201eAktion\u201c) ist g\u00fcltig f\u00fcr die im jeweiligen Social-Media-Beitrag angegebenen Daten. Anmeldungen beginnen um 12:00 Uhr Eastern Time","breadcrumb":{"@id":"https:\/\/flsportscoast.com\/giveaway-terms-conditions\/#breadcrumb"},"inLanguage":"de-DE","potentialAction":[{"@type":"ReadAction","target":["https:\/\/flsportscoast.com\/giveaway-terms-conditions\/"]}]},{"@type":"ImageObject","inLanguage":"de-DE","@id":"https:\/\/flsportscoast.com\/giveaway-terms-conditions\/#primaryimage","url":"https:\/\/flsportscoast.com\/wp-content\/uploads\/Pasco-Scalloping-0136-2-scaled.jpg","contentUrl":"https:\/\/flsportscoast.com\/wp-content\/uploads\/Pasco-Scalloping-0136-2-scaled.jpg"},{"@type":"BreadcrumbList","@id":"https:\/\/flsportscoast.com\/giveaway-terms-conditions\/#breadcrumb","itemListElement":[{"@type":"ListItem","position":1,"name":"Home","item":"https:\/\/flsportscoast.com\/"},{"@type":"ListItem","position":2,"name":"Giveaway Terms and Conditions"}]},{"@type":"WebSite","@id":"https:\/\/flsportscoast.com\/#website","url":"https:\/\/flsportscoast.com\/","name":"Floridas Sportk\u00fcste","description":"","publisher":{"@id":"https:\/\/flsportscoast.com\/#organization"},"potentialAction":[{"@type":"SearchAction","target":{"@type":"EntryPoint","urlTemplate":"https:\/\/flsportscoast.com\/?s={search_term_string}"},"query-input":{"@type":"PropertyValueSpecification","valueRequired":true,"valueName":"search_term_string"}}],"inLanguage":"de-DE"},{"@type":"Organization","@id":"https:\/\/flsportscoast.com\/#organization","name":"Floridas Sportk\u00fcste","url":"https:\/\/flsportscoast.com\/","logo":{"@type":"ImageObject","inLanguage":"de-DE","@id":"https:\/\/flsportscoast.com\/#\/schema\/logo\/image\/","url":"https:\/\/flsportscoast.com\/wp-content\/uploads\/2022\/07\/fl-sports-coast-logo-color.png","contentUrl":"https:\/\/flsportscoast.com\/wp-content\/uploads\/2022\/07\/fl-sports-coast-logo-color.png","width":1028,"height":1028,"caption":"Florida Sports Coast"},"image":{"@id":"https:\/\/flsportscoast.com\/#\/schema\/logo\/image\/"},"sameAs":["https:\/\/www.facebook.com\/FLSportsCoast\/","https:\/\/x.com\/FLSportsCoast","https:\/\/www.pinterest.com\/FLSportsCoast\/","https:\/\/www.instagram.com\/flsportscoast\/","https:\/\/www.youtube.com\/channel\/UCJNh4zCnO3RPH6D9NPAoyGQ"]}]}},"meta_fields":{"_edit_lock":"1725556254:8","_edit_last":"8","_yoast_wpseo_content_score":"30","_yoast_wpseo_estimated-reading-time-minutes":"5","_yoast_wpseo_primary_category":""},"thumb_url":false,"_links":{"self":[{"href":"https:\/\/flsportscoast.com\/de\/wp-json\/wp\/v2\/pages\/229468","targetHints":{"allow":["GET"]}}],"collection":[{"href":"https:\/\/flsportscoast.com\/de\/wp-json\/wp\/v2\/pages"}],"about":[{"href":"https:\/\/flsportscoast.com\/de\/wp-json\/wp\/v2\/types\/page"}],"author":[{"embeddable":true,"href":"https:\/\/flsportscoast.com\/de\/wp-json\/wp\/v2\/users\/1"}],"replies":[{"embeddable":true,"href":"https:\/\/flsportscoast.com\/de\/wp-json\/wp\/v2\/comments?post=229468"}],"version-history":[{"count":18,"href":"https:\/\/flsportscoast.com\/de\/wp-json\/wp\/v2\/pages\/229468\/revisions"}],"predecessor-version":[{"id":232800,"href":"https:\/\/flsportscoast.com\/de\/wp-json\/wp\/v2\/pages\/229468\/revisions\/232800"}],"wp:attachment":[{"href":"https:\/\/flsportscoast.com\/de\/wp-json\/wp\/v2\/media?parent=229468"}],"wp:term":[{"taxonomy":"category","embeddable":true,"href":"https:\/\/flsportscoast.com\/de\/wp-json\/wp\/v2\/categories?post=229468"},{"taxonomy":"post_tag","embeddable":true,"href":"https:\/\/flsportscoast.com\/de\/wp-json\/wp\/v2\/tags?post=229468"}],"curies":[{"name":"wp","href":"https:\/\/api.w.org\/{rel}","templated":true}]}}