{"id":228745,"date":"2022-07-04T22:34:21","date_gmt":"2022-07-04T22:34:21","guid":{"rendered":"https:\/\/main-bvxea6i-4yqud7qos27fo.us-4.platformsh.site\/?page_id=228745"},"modified":"2023-04-03T16:47:47","modified_gmt":"2023-04-03T20:47:47","slug":"experience-floridas-sports-coast-marketing-co-ops","status":"publish","type":"page","link":"https:\/\/flsportscoast.com\/de\/experience-floridas-sports-coast-marketing-co-ops\/","title":{"rendered":"Koop-M\u00f6glichkeiten"},"content":{"rendered":"<div class=\"wp-block-columns is-layout-flex wp-container-core-columns-is-layout-2 wp-block-columns-is-layout-flex\" style=\"justify-content:center\">\n<div class=\"wp-block-column is-layout-flow wp-block-column-is-layout-flow\" style=\"padding-top:5%;padding-right:5%;padding-bottom:5%;padding-left:5%;flex-basis:70%\">\n<h1 class=\"has-text-align-center has-dark-blue-color has-text-color wp-block-heading\" id=\"co-op-opportunities-1\">Koop-M\u00f6glichkeiten<\/h1>\n\n\n\n<div class=\"wp-block-columns is-layout-flex wp-container-core-columns-is-layout-1 wp-block-columns-is-layout-flex\" style=\"justify-content:center\">\n<div class=\"wp-block-column is-layout-flow wp-block-column-is-layout-flow\" style=\"flex-basis:70%\">\n<p>Wenn Sie Ihr Gesch\u00e4ft f\u00f6rdern und gleichzeitig Ihr Geld ausgeben m\u00f6chten, sehen Sie sich unsere Kooperationsm\u00f6glichkeiten an. Indem Sie Ihr Unternehmen mit anderen Partnern in einem gemeinsam genutzten Bereich ausrichten, k\u00f6nnen Sie Ihren Medienkauf optimal nutzen.<\/p>\n\n\n\n<hr style=\"height:10px;\" class=\"wp-block-separator has-text-color has-background has-orange-background-color has-orange-color is-style-wide\"\/>\n<\/div>\n<\/div>\n\n\n  <section class=\"madden-accordion-section one-column\">\n    <div class=\"thecontainer\">\n\n      \n              <div class=\"accordion-section\">\n          <button class=\"accordion\">\n            <span class=\"toggle-text\">\n              EPRO DIRECT: TAGUNGSPLANER E-MAIL-MARKETING            <\/span>\n            <span class=\"toggle-icon\">\n              <span class=\"icon-h\"><\/span>\n              <span class=\"icon-v\"><\/span>\n            <\/span>\n          <\/button>\n          <div class=\"accordion-content\">\n            <div class=\"content-container\">\n                            <p><img decoding=\"async\" src=\"\/wp-content\/uploads\/2022\/07\/eprodirect.png\" style=\"float:left; width: 200px; height: auto; margin-right: 20px;\">\nVerbinden Sie sich direkt mit \u00fcber 14.000 Tagungsplanern durch direktes E-Mail-Marketing mit EPro Direct. Diese Gelegenheit ist perfekt f\u00fcr Partner mit Veranstaltungsorten, Catering-Services und Freizeitattraktionen (Bleisure).<\/p>\n                          <\/div>\n          <\/div>\n        <\/div>\n              <div class=\"accordion-section\">\n          <button class=\"accordion\">\n            <span class=\"toggle-text\">\n              M\u00d6GLICHKEITEN, AN FLORIDAS SPORTK\u00dcSTE ZU SPIELEN: CO-MARKETING-VIDEO            <\/span>\n            <span class=\"toggle-icon\">\n              <span class=\"icon-h\"><\/span>\n              <span class=\"icon-v\"><\/span>\n            <\/span>\n          <\/button>\n          <div class=\"accordion-content\">\n            <div class=\"content-container\">\n                            <p><img decoding=\"async\" src=\"\/wp-content\/uploads\/2022\/07\/jl-video.jpg\" style=\"float:left; width: 200px; height: auto; margin-right: 20px;\">\nWerden Sie Teil unserer preisgekr\u00f6nten Erstellung von Videoinhalten mit unserem neuesten Marketingvideo f\u00fcr Reiseziele: \u201eWays to Play on Florida&#039;s Sports Coast\u201c. Dieses Video wird von Experience Florida&#039;s Sports Coast f\u00fcr bezahlte digitale Marketingma\u00dfnahmen verwendet, darunter ConnectTV, Youtube TrueView, Social Media Marketing und mehr.\n\n<\/p>\n                          <\/div>\n          <\/div>\n        <\/div>\n          <\/div>\n  <\/section>\n  <\/div>\n<\/div>\n\n\n\n<h3 class=\"has-text-align-center is-style-narrow_header has-dark-blue-color has-text-color wp-block-heading\" id=\"advertise-with-us\">Werben Sie mit uns!<\/h3>\n\n\n\n<div class=\"wp-block-buttons is-layout-flex wp-block-buttons-is-layout-flex\">\n<div class=\"wp-block-button aligncenter is-style-outline is-style-outline--1\"><a class=\"wp-block-button__link has-dark-blue-color has-white-background-color has-text-color has-background wp-element-button\" href=\"https:\/\/flsportscoast.com\/de\/contact\/\">Kontaktiere uns<\/a><\/div>\n<\/div>\n\n\n\n<div style=\"height:100px\" aria-hidden=\"true\" class=\"wp-block-spacer\"><\/div>","protected":false},"excerpt":{"rendered":"<p>Wenn Sie Ihr Unternehmen f\u00f6rdern und gleichzeitig Ihr Budget aussch\u00f6pfen m\u00f6chten, schauen Sie sich unsere Kooperationsm\u00f6glichkeiten an.\u2026<\/p>","protected":false},"author":1,"featured_media":0,"parent":0,"menu_order":0,"comment_status":"closed","ping_status":"closed","template":"","meta":{"_acf_changed":false,"wprm-recipe-roundup-name":"","wprm-recipe-roundup-description":"","footnotes":""},"categories":[],"tags":[],"class_list":["post-228745","page","type-page","status-publish","hentry"],"acf":[],"yoast_head":"<!-- This site is optimized with the Yoast SEO plugin v24.1 - https:\/\/yoast.com\/wordpress\/plugins\/seo\/ -->\n<title>Co-Op Opportunities | Florida&#039;s Sports Coast<\/title>\n<meta name=\"description\" content=\"Co-Op Opportunities If you\u2019re looking to promote your business while stretching your dollar, check out our co-op opportunities. By aligning your business\" \/>\n<meta name=\"robots\" content=\"index, follow, max-snippet:-1, max-image-preview:large, max-video-preview:-1\" \/>\n<link rel=\"canonical\" href=\"https:\/\/flsportscoast.com\/de\/experience-floridas-sports-coast-marketing-co-ops\/\" \/>\n<meta property=\"og:locale\" content=\"de_DE\" \/>\n<meta property=\"og:type\" content=\"article\" \/>\n<meta property=\"og:title\" content=\"Co-Op Opportunities | Florida&#039;s Sports Coast\" \/>\n<meta property=\"og:description\" content=\"Co-Op Opportunities If you\u2019re looking to promote your business while stretching your dollar, check out our co-op opportunities. By aligning your business\" \/>\n<meta property=\"og:url\" content=\"https:\/\/flsportscoast.com\/de\/experience-floridas-sports-coast-marketing-co-ops\/\" \/>\n<meta property=\"og:site_name\" content=\"Florida&#039;s Sports Coast\" \/>\n<meta property=\"article:publisher\" content=\"https:\/\/www.facebook.com\/FLSportsCoast\/\" \/>\n<meta property=\"article:modified_time\" content=\"2023-04-03T20:47:47+00:00\" \/>\n<meta name=\"twitter:card\" content=\"summary_large_image\" \/>\n<meta name=\"twitter:site\" content=\"@FLSportsCoast\" \/>\n<meta name=\"twitter:label1\" content=\"Est. reading time\" \/>\n\t<meta name=\"twitter:data1\" content=\"1 minute\" \/>\n<script type=\"application\/ld+json\" class=\"yoast-schema-graph\">{\"@context\":\"https:\/\/schema.org\",\"@graph\":[{\"@type\":\"WebPage\",\"@id\":\"https:\/\/flsportscoast.com\/nl\/experience-floridas-sports-coast-marketing-co-ops\/\",\"url\":\"https:\/\/flsportscoast.com\/nl\/experience-floridas-sports-coast-marketing-co-ops\/\",\"name\":\"Co-Op Opportunities | Florida&#039;s Sports Coast\",\"isPartOf\":{\"@id\":\"https:\/\/flsportscoast.com\/#website\"},\"datePublished\":\"2022-07-04T22:34:21+00:00\",\"dateModified\":\"2023-04-03T20:47:47+00:00\",\"description\":\"Co-Op Opportunities If you\u2019re looking to promote your business while stretching your dollar, check out our co-op opportunities. By aligning your business\",\"breadcrumb\":{\"@id\":\"https:\/\/flsportscoast.com\/nl\/experience-floridas-sports-coast-marketing-co-ops\/#breadcrumb\"},\"inLanguage\":\"de-DE\",\"potentialAction\":[{\"@type\":\"ReadAction\",\"target\":[\"https:\/\/flsportscoast.com\/nl\/experience-floridas-sports-coast-marketing-co-ops\/\"]}]},{\"@type\":\"BreadcrumbList\",\"@id\":\"https:\/\/flsportscoast.com\/nl\/experience-floridas-sports-coast-marketing-co-ops\/#breadcrumb\",\"itemListElement\":[{\"@type\":\"ListItem\",\"position\":1,\"name\":\"Home\",\"item\":\"https:\/\/flsportscoast.com\/\"},{\"@type\":\"ListItem\",\"position\":2,\"name\":\"Co-Op Opportunities\"}]},{\"@type\":\"WebSite\",\"@id\":\"https:\/\/flsportscoast.com\/#website\",\"url\":\"https:\/\/flsportscoast.com\/\",\"name\":\"Florida&#039;s Sports Coast\",\"description\":\"\",\"publisher\":{\"@id\":\"https:\/\/flsportscoast.com\/#organization\"},\"potentialAction\":[{\"@type\":\"SearchAction\",\"target\":{\"@type\":\"EntryPoint\",\"urlTemplate\":\"https:\/\/flsportscoast.com\/?s={search_term_string}\"},\"query-input\":{\"@type\":\"PropertyValueSpecification\",\"valueRequired\":true,\"valueName\":\"search_term_string\"}}],\"inLanguage\":\"de-DE\"},{\"@type\":\"Organization\",\"@id\":\"https:\/\/flsportscoast.com\/#organization\",\"name\":\"Florida Sports Coast\",\"url\":\"https:\/\/flsportscoast.com\/\",\"logo\":{\"@type\":\"ImageObject\",\"inLanguage\":\"de-DE\",\"@id\":\"https:\/\/flsportscoast.com\/#\/schema\/logo\/image\/\",\"url\":\"https:\/\/flsportscoast.com\/wp-content\/uploads\/2022\/07\/fl-sports-coast-logo-color.png\",\"contentUrl\":\"https:\/\/flsportscoast.com\/wp-content\/uploads\/2022\/07\/fl-sports-coast-logo-color.png\",\"width\":1028,\"height\":1028,\"caption\":\"Florida Sports Coast\"},\"image\":{\"@id\":\"https:\/\/flsportscoast.com\/#\/schema\/logo\/image\/\"},\"sameAs\":[\"https:\/\/www.facebook.com\/FLSportsCoast\/\",\"https:\/\/x.com\/FLSportsCoast\",\"https:\/\/www.pinterest.com\/FLSportsCoast\/\",\"https:\/\/www.instagram.com\/flsportscoast\/\",\"https:\/\/www.youtube.com\/channel\/UCJNh4zCnO3RPH6D9NPAoyGQ\"]}]}<\/script>\n<!-- \/ Yoast SEO plugin. -->","yoast_head_json":{"title":"Koop-M\u00f6glichkeiten | Floridas Sportk\u00fcste","description":"Koop-M\u00f6glichkeiten Wenn Sie Ihr Gesch\u00e4ft f\u00f6rdern und gleichzeitig Ihr Geld ausgeben m\u00f6chten, sehen Sie sich unsere Koop-M\u00f6glichkeiten an. Indem Sie Ihr Unternehmen ausrichten","robots":{"index":"index","follow":"follow","max-snippet":"max-snippet:-1","max-image-preview":"max-image-preview:large","max-video-preview":"max-video-preview:-1"},"canonical":"https:\/\/flsportscoast.com\/de\/experience-floridas-sports-coast-marketing-co-ops\/","og_locale":"de_DE","og_type":"article","og_title":"Co-Op Opportunities | Florida&#039;s Sports Coast","og_description":"Co-Op Opportunities If you\u2019re looking to promote your business while stretching your dollar, check out our co-op opportunities. By aligning your business","og_url":"https:\/\/flsportscoast.com\/de\/experience-floridas-sports-coast-marketing-co-ops\/","og_site_name":"Florida&#039;s Sports Coast","article_publisher":"https:\/\/www.facebook.com\/FLSportsCoast\/","article_modified_time":"2023-04-03T20:47:47+00:00","twitter_card":"summary_large_image","twitter_site":"@FLSportsCoast","twitter_misc":{"Est. reading time":"1 minute"},"schema":{"@context":"https:\/\/schema.org","@graph":[{"@type":"WebPage","@id":"https:\/\/flsportscoast.com\/nl\/experience-floridas-sports-coast-marketing-co-ops\/","url":"https:\/\/flsportscoast.com\/nl\/experience-floridas-sports-coast-marketing-co-ops\/","name":"Koop-M\u00f6glichkeiten | Floridas Sportk\u00fcste","isPartOf":{"@id":"https:\/\/flsportscoast.com\/#website"},"datePublished":"2022-07-04T22:34:21+00:00","dateModified":"2023-04-03T20:47:47+00:00","description":"Koop-M\u00f6glichkeiten Wenn Sie Ihr Gesch\u00e4ft f\u00f6rdern und gleichzeitig Ihr Geld ausgeben m\u00f6chten, sehen Sie sich unsere Koop-M\u00f6glichkeiten an. Indem Sie Ihr Unternehmen ausrichten","breadcrumb":{"@id":"https:\/\/flsportscoast.com\/nl\/experience-floridas-sports-coast-marketing-co-ops\/#breadcrumb"},"inLanguage":"de-DE","potentialAction":[{"@type":"ReadAction","target":["https:\/\/flsportscoast.com\/nl\/experience-floridas-sports-coast-marketing-co-ops\/"]}]},{"@type":"BreadcrumbList","@id":"https:\/\/flsportscoast.com\/nl\/experience-floridas-sports-coast-marketing-co-ops\/#breadcrumb","itemListElement":[{"@type":"ListItem","position":1,"name":"Home","item":"https:\/\/flsportscoast.com\/"},{"@type":"ListItem","position":2,"name":"Co-Op Opportunities"}]},{"@type":"WebSite","@id":"https:\/\/flsportscoast.com\/#website","url":"https:\/\/flsportscoast.com\/","name":"Floridas Sportk\u00fcste","description":"","publisher":{"@id":"https:\/\/flsportscoast.com\/#organization"},"potentialAction":[{"@type":"SearchAction","target":{"@type":"EntryPoint","urlTemplate":"https:\/\/flsportscoast.com\/?s={search_term_string}"},"query-input":{"@type":"PropertyValueSpecification","valueRequired":true,"valueName":"search_term_string"}}],"inLanguage":"de-DE"},{"@type":"Organization","@id":"https:\/\/flsportscoast.com\/#organization","name":"Floridas Sportk\u00fcste","url":"https:\/\/flsportscoast.com\/","logo":{"@type":"ImageObject","inLanguage":"de-DE","@id":"https:\/\/flsportscoast.com\/#\/schema\/logo\/image\/","url":"https:\/\/flsportscoast.com\/wp-content\/uploads\/2022\/07\/fl-sports-coast-logo-color.png","contentUrl":"https:\/\/flsportscoast.com\/wp-content\/uploads\/2022\/07\/fl-sports-coast-logo-color.png","width":1028,"height":1028,"caption":"Florida Sports Coast"},"image":{"@id":"https:\/\/flsportscoast.com\/#\/schema\/logo\/image\/"},"sameAs":["https:\/\/www.facebook.com\/FLSportsCoast\/","https:\/\/x.com\/FLSportsCoast","https:\/\/www.pinterest.com\/FLSportsCoast\/","https:\/\/www.instagram.com\/flsportscoast\/","https:\/\/www.youtube.com\/channel\/UCJNh4zCnO3RPH6D9NPAoyGQ"]}]}},"meta_fields":{"_edit_lock":"1680554868:8","_edit_last":"8","_yoast_wpseo_content_score":"90","_yoast_wpseo_estimated-reading-time-minutes":"1"},"thumb_url":false,"_links":{"self":[{"href":"https:\/\/flsportscoast.com\/de\/wp-json\/wp\/v2\/pages\/228745","targetHints":{"allow":["GET"]}}],"collection":[{"href":"https:\/\/flsportscoast.com\/de\/wp-json\/wp\/v2\/pages"}],"about":[{"href":"https:\/\/flsportscoast.com\/de\/wp-json\/wp\/v2\/types\/page"}],"author":[{"embeddable":true,"href":"https:\/\/flsportscoast.com\/de\/wp-json\/wp\/v2\/users\/1"}],"replies":[{"embeddable":true,"href":"https:\/\/flsportscoast.com\/de\/wp-json\/wp\/v2\/comments?post=228745"}],"version-history":[{"count":22,"href":"https:\/\/flsportscoast.com\/de\/wp-json\/wp\/v2\/pages\/228745\/revisions"}],"predecessor-version":[{"id":231041,"href":"https:\/\/flsportscoast.com\/de\/wp-json\/wp\/v2\/pages\/228745\/revisions\/231041"}],"wp:attachment":[{"href":"https:\/\/flsportscoast.com\/de\/wp-json\/wp\/v2\/media?parent=228745"}],"wp:term":[{"taxonomy":"category","embeddable":true,"href":"https:\/\/flsportscoast.com\/de\/wp-json\/wp\/v2\/categories?post=228745"},{"taxonomy":"post_tag","embeddable":true,"href":"https:\/\/flsportscoast.com\/de\/wp-json\/wp\/v2\/tags?post=228745"}],"curies":[{"name":"wp","href":"https:\/\/api.w.org\/{rel}","templated":true}]}}